{"id":113,"date":"2018-02-17T21:38:38","date_gmt":"2018-02-17T23:38:38","guid":{"rendered":"http:\/\/corecon-se.org.br\/transparencia\/?page_id=113"},"modified":"2026-02-21T01:02:38","modified_gmt":"2026-02-21T04:02:38","slug":"comissoes-e-grupos-de-trabalho","status":"publish","type":"page","link":"https:\/\/corecon-se.org.br\/transparencia\/comissoes-e-grupos-de-trabalho\/","title":{"rendered":"Comiss\u00f5es de Trabalho 2026"},"content":{"rendered":"<p><strong>COMISS\u00c3O DE TOMADA DE CONTAS \u2013 CTC:<br \/>\n<\/strong><span style=\"text-decoration: underline;\">MEMBROS TITULARES:<\/span><br \/>\n&#8211; MARIA AUXILIADORA A. DA S. MENDON\u00c7A (Presidenta)<br \/>\n&#8211; WAGNER NOBREGA<br \/>\n&#8211; JOS\u00c9 ROBERTO DE L. ANDRADE<br \/>\n<span style=\"text-decoration: underline;\">MEMBROS SUPLENTES:<\/span><br \/>\n&#8211; JUSSARA CARVALHO B. ESTEVES<br \/>\n&#8211; ANTONIO MARCOS A. NASCIMENTO<br \/>\n&#8211; MARIA AUXILIADORA S. FEITOSA<\/p>\n<p><strong>COMISS\u00c3O DE LICITA\u00c7\u00c3O:<br \/>\n<\/strong><span style=\"text-decoration: underline;\">MEMBROS TITULARES:<\/span><br \/>\n&#8211; RUBENS DIAS (Presidente)<br \/>\n&#8211; ALEXSANDRA DE O. SOUZA ALMEIDA<br \/>\n&#8211; Rob\u00e9rio do N. Bernardo (Funcion\u00e1rio)<br \/>\n<span style=\"text-decoration: underline;\">MEMBROS SUPLENTES:<\/span><br \/>\n&#8211; CLERISTON DE LIMA RIBEIRO<br \/>\n&#8211; MARCIO DA ROCHA SANTOS<\/p>\n<p><strong>COMISS\u00c3O DE FISCALIZA\u00c7\u00c3O E REGISTRO:<br \/>\n<\/strong><span style=\"text-decoration: underline;\">MEMBROS:<\/span><br \/>\n&#8211; FERNANDO MONTEIRO MARCELINO (Presidente)<br \/>\n&#8211; MARIA AUXILIADORA S. FEITOSA<br \/>\n&#8211; RODRIGO ROCHA PEREIRA LIMA<\/p>\n<p><strong>COMISS\u00c3O DA MULHER ECONOMISTA:<br \/>\n<\/strong><span style=\"text-decoration: underline;\">MEMBROS:<\/span><br \/>\n&#8211; MARIA AUXILIADORA S. FEITOSA (Presidenta)<br \/>\n&#8211; JUSSARA CARVALHO BATISTA ESTEVES<br \/>\n&#8211; ANA GENI PAES FREITAS<\/p>\n<p><strong>EQUIPE ADMINISTRATIVA<\/strong><br \/>\nCOLABORADOR:<br \/>\n&#8211; Rob\u00e9rio do N. Bernardo &#8211; Profissional de Assist\u00eancia ao Economista<br \/>\nASSESSORIA:<br \/>\n&#8211; Rosa Maria Mateus Feitosa (CRC\/SE 4763) &#8211; Cont\u00e1bil<\/p>\n","protected":false},"excerpt":{"rendered":"<p>COMISS\u00c3O DE TOMADA DE CONTAS \u2013 CTC: MEMBROS TITULARES: &#8211; MARIA AUXILIADORA A. DA S. MENDON\u00c7A (Presidenta) &#8211; WAGNER NOBREGA &#8211; JOS\u00c9 ROBERTO DE L. ANDRADE MEMBROS SUPLENTES: &#8211; JUSSARA CARVALHO B. ESTEVES &#8211; ANTONIO MARCOS A. NASCIMENTO &#8211; MARIA AUXILIADORA S. FEITOSA COMISS\u00c3O DE LICITA\u00c7\u00c3O: MEMBROS TITULARES: &#8211; RUBENS DIAS (Presidente) &#8211; ALEXSANDRA DE &hellip; <a href=\"https:\/\/corecon-se.org.br\/transparencia\/comissoes-e-grupos-de-trabalho\/\" class=\"more-link\">Continue reading <span class=\"screen-reader-text\">Comiss\u00f5es de Trabalho 2026<\/span><\/a><\/p>\n","protected":false},"author":2,"featured_media":0,"parent":0,"menu_order":0,"comment_status":"closed","ping_status":"closed","template":"","meta":{"footnotes":""},"class_list":["post-113","page","type-page","status-publish","hentry"],"_links":{"self":[{"href":"https:\/\/corecon-se.org.br\/transparencia\/wp-json\/wp\/v2\/pages\/113","targetHints":{"allow":["GET"]}}],"collection":[{"href":"https:\/\/corecon-se.org.br\/transparencia\/wp-json\/wp\/v2\/pages"}],"about":[{"href":"https:\/\/corecon-se.org.br\/transparencia\/wp-json\/wp\/v2\/types\/page"}],"author":[{"embeddable":true,"href":"https:\/\/corecon-se.org.br\/transparencia\/wp-json\/wp\/v2\/users\/2"}],"replies":[{"embeddable":true,"href":"https:\/\/corecon-se.org.br\/transparencia\/wp-json\/wp\/v2\/comments?post=113"}],"version-history":[{"count":69,"href":"https:\/\/corecon-se.org.br\/transparencia\/wp-json\/wp\/v2\/pages\/113\/revisions"}],"predecessor-version":[{"id":3842,"href":"https:\/\/corecon-se.org.br\/transparencia\/wp-json\/wp\/v2\/pages\/113\/revisions\/3842"}],"wp:attachment":[{"href":"https:\/\/corecon-se.org.br\/transparencia\/wp-json\/wp\/v2\/media?parent=113"}],"curies":[{"name":"wp","href":"https:\/\/api.w.org\/{rel}","templated":true}]}}