{"id":1268,"date":"2022-01-31T19:59:28","date_gmt":"2022-01-31T22:59:28","guid":{"rendered":"https:\/\/corecon-se.org.br\/transparencia\/?page_id=1268"},"modified":"2023-02-25T12:28:38","modified_gmt":"2023-02-25T15:28:38","slug":"portarias-2022","status":"publish","type":"page","link":"https:\/\/corecon-se.org.br\/transparencia\/atos-normativos\/portarias-2022\/","title":{"rendered":"Portarias 2022"},"content":{"rendered":"<table style=\"width: 100%;\" border=\"0\" align=\"center\">\r\n<tbody>\r\n<tr style=\"height: 70px;\">\r\n<th style=\"background-color: #333399; color: #ffffff; height: 70px; text-align: center;\">\r\n<p align=\"center\"><strong>PORTARIAS<\/strong><\/p>\r\n<\/th>\r\n<\/tr>\r\n<tr style=\"height: 486px;\">\r\n<td style=\"height: 486px; background-color: #f5f5f5; vertical-align: text-top;\">\r\n<p align=\"center\"><span style=\"color: #008080;\"><strong>2022<\/strong><\/span><\/p>\r\n\r\n<table style=\"height: 626px;\">\r\n<tbody>\r\n<tr>\r\n<td style=\"width: 70px;\"><strong><span style=\"color: #666699;\">N\u00b0<\/span><\/strong><\/td>\r\n<td><span style=\"color: #666699;\"><strong>Descri\u00e7\u00e3o<\/strong><\/span><\/td>\r\n<\/tr>\r\n<tr>\r\n<td>001<\/td>\r\n<td><a href=\"https:\/\/corecon-se.org.br\/transparencia\/wp-content\/uploads\/2022\/02\/Portaria-001-2022.pdf\">Nomeia Gerente Executiva.<\/a><\/td>\r\n<\/tr>\r\n<tr>\r\n<td>002<\/td>\r\n<td><a href=\"https:\/\/corecon-se.org.br\/transparencia\/wp-content\/uploads\/2022\/02\/Portaria-002-2022.pdf\">Designa funcion\u00e1rio respons\u00e1vel pela tesouraria em 2022.<\/a><\/td>\r\n<\/tr>\r\n<tr>\r\n<td>003<\/td>\r\n<td><a href=\"https:\/\/corecon-se.org.br\/transparencia\/wp-content\/uploads\/2022\/02\/Portaria-003-2022.pdf\">Disp\u00f5e sobre a Designa\u00e7\u00e3o da Comiss\u00e3o de Tomada de Contas.<\/a><\/td>\r\n<\/tr>\r\n<tr>\r\n<td>004<\/td>\r\n<td><a href=\"https:\/\/corecon-se.org.br\/transparencia\/wp-content\/uploads\/2022\/02\/Portaria-004-2022.pdf\">Nomeia Comiss\u00e3o de Licita\u00e7\u00e3o.<\/a><\/td>\r\n<\/tr>\r\n<tr>\r\n<td>005<\/td>\r\n<td><a href=\"https:\/\/corecon-se.org.br\/transparencia\/wp-content\/uploads\/2022\/02\/Portaria-005-2022.pdf\">Nomeia Comiss\u00e3o de Pol\u00edtica Econ\u00f4mica.<\/a><\/td>\r\n<\/tr>\r\n<tr>\r\n<td>006<\/td>\r\n<td><a href=\"https:\/\/corecon-se.org.br\/transparencia\/wp-content\/uploads\/2022\/02\/Portaria-006-2022.pdf\">Nomeia Comiss\u00e3o de Avalia\u00e7\u00e3o do Plano de Cargos e Sal\u00e1rios &#8211; PCS.<\/a><\/td>\r\n<\/tr>\r\n<tr>\r\n<td>007<\/td>\r\n<td><a href=\"https:\/\/corecon-se.org.br\/transparencia\/wp-content\/uploads\/2022\/02\/Portaria-007-2022.pdf\">Nomeia Comiss\u00e3o de Fiscaliza\u00e7\u00e3o e Registro.<\/a><\/td>\r\n<\/tr>\r\n<tr>\r\n<td>008<\/td>\r\n<td><a href=\"https:\/\/corecon-se.org.br\/transparencia\/wp-content\/uploads\/2022\/02\/Portaria-008-2022.pdf\">Nomeia Comiss\u00e3o de Educa\u00e7\u00e3o.<\/a><\/td>\r\n<\/tr>\r\n<tr>\r\n<td>009<\/td>\r\n<td><a href=\"https:\/\/corecon-se.org.br\/transparencia\/wp-content\/uploads\/2022\/02\/Portaria-009-2022.pdf\">Nomeia Comiss\u00e3o da Mulher Economista.<\/a><\/td>\r\n<\/tr>\r\n<tr>\r\n<td>010<\/td>\r\n<td><a href=\"https:\/\/corecon-se.org.br\/transparencia\/wp-content\/uploads\/2022\/02\/Portaria-010-2022.pdf\">Concede, a pedido, licen\u00e7a do cargo de Conselheiro Titular do CORECON-SE ao Econ. Ariovaldo Menezes de Souza.<\/a><\/td>\r\n<\/tr>\r\n<tr>\r\n<td>011<\/td>\r\n<td><a href=\"https:\/\/corecon-se.org.br\/transparencia\/wp-content\/uploads\/2022\/05\/Portaria-011-2022.pdf\">Nomeia Coordenadora do XXI Pr\u00eamio Sergipe de Economia \u201cProf. Jos\u00e9 Alo\u00edsio de Campos\u201d \u2013 vers\u00e3o 2022.<\/a><\/td>\r\n<\/tr>\r\n<tr>\r\n<td>012<\/td>\r\n<td><a href=\"https:\/\/corecon-se.org.br\/transparencia\/wp-content\/uploads\/2022\/05\/Portaria-012-2022.pdf\">Nomeia Comiss\u00e3o Julgadora do XXI Pr\u00eamio Sergipe de Economia \u201cProf. Jos\u00e9 Alo\u00edsio de Campos\u201d \u2013 vers\u00e3o 2022.<\/a><\/td>\r\n<\/tr>\r\n<tr>\r\n<td>013<\/td>\r\n<td><a href=\"https:\/\/corecon-se.org.br\/transparencia\/wp-content\/uploads\/2022\/07\/Portaria-013-2022.pdf\">Altera a Comiss\u00e3o de Fiscaliza\u00e7\u00e3o e Registro.<\/a><\/td>\r\n<\/tr>\r\n<tr>\r\n<td>014<\/td>\r\n<td><a href=\"https:\/\/corecon-se.org.br\/transparencia\/wp-content\/uploads\/2022\/08\/Portaria-014-2022.pdf\">Concede, a pedido, renova\u00e7\u00e3o de licen\u00e7a do cargo de Conselheiro Titular do CORECON-SE ao Econ. Ariovaldo Menezes de Souza.<\/a><\/td>\r\n<\/tr>\r\n<tr>\r\n<td>015<\/td>\r\n<td><a href=\"https:\/\/corecon-se.org.br\/transparencia\/wp-content\/uploads\/2022\/08\/Portaria-015-2022.pdf\">Altera a Comiss\u00e3o Julgadora do XXI Pr\u00eamio Sergipe de Economia \u201cProf. Jos\u00e9 Alo\u00edsio de Campos\u201d \u2013 vers\u00e3o 2022.<\/a><\/td>\r\n<\/tr>\r\n<tr>\r\n<td>016<\/td>\r\n<td><a href=\"https:\/\/corecon-se.org.br\/transparencia\/wp-content\/uploads\/2022\/09\/Portaria-016-2022.pdf\">Concede, a pedido, licen\u00e7a do cargo de Conselheiro Titular do CORECON-SE ao Econ. Ivandro Mendes de Oliveira.<\/a><\/td>\r\n<\/tr>\r\n<\/tbody>\r\n<\/table>\r\n<\/td>\r\n<\/tr>\r\n<\/tbody>\r\n<\/table><!-- \/wp:post-content -->","protected":false},"excerpt":{"rendered":"<p>PORTARIAS 2022 N\u00b0 Descri\u00e7\u00e3o 001 Nomeia Gerente Executiva. 002 Designa funcion\u00e1rio respons\u00e1vel pela tesouraria em 2022. 003 Disp\u00f5e sobre a Designa\u00e7\u00e3o da Comiss\u00e3o de Tomada de Contas. 004 Nomeia Comiss\u00e3o de Licita\u00e7\u00e3o. 005 Nomeia Comiss\u00e3o de Pol\u00edtica Econ\u00f4mica. 006 Nomeia Comiss\u00e3o de Avalia\u00e7\u00e3o do Plano de Cargos e Sal\u00e1rios &#8211; PCS. 007 Nomeia Comiss\u00e3o de &hellip; <a href=\"https:\/\/corecon-se.org.br\/transparencia\/atos-normativos\/portarias-2022\/\" class=\"more-link\">Continue reading <span class=\"screen-reader-text\">Portarias 2022<\/span><\/a><\/p>\n","protected":false},"author":2,"featured_media":0,"parent":34,"menu_order":0,"comment_status":"closed","ping_status":"closed","template":"","meta":{"footnotes":""},"class_list":["post-1268","page","type-page","status-publish","hentry"],"_links":{"self":[{"href":"https:\/\/corecon-se.org.br\/transparencia\/wp-json\/wp\/v2\/pages\/1268","targetHints":{"allow":["GET"]}}],"collection":[{"href":"https:\/\/corecon-se.org.br\/transparencia\/wp-json\/wp\/v2\/pages"}],"about":[{"href":"https:\/\/corecon-se.org.br\/transparencia\/wp-json\/wp\/v2\/types\/page"}],"author":[{"embeddable":true,"href":"https:\/\/corecon-se.org.br\/transparencia\/wp-json\/wp\/v2\/users\/2"}],"replies":[{"embeddable":true,"href":"https:\/\/corecon-se.org.br\/transparencia\/wp-json\/wp\/v2\/comments?post=1268"}],"version-history":[{"count":19,"href":"https:\/\/corecon-se.org.br\/transparencia\/wp-json\/wp\/v2\/pages\/1268\/revisions"}],"predecessor-version":[{"id":2056,"href":"https:\/\/corecon-se.org.br\/transparencia\/wp-json\/wp\/v2\/pages\/1268\/revisions\/2056"}],"up":[{"embeddable":true,"href":"https:\/\/corecon-se.org.br\/transparencia\/wp-json\/wp\/v2\/pages\/34"}],"wp:attachment":[{"href":"https:\/\/corecon-se.org.br\/transparencia\/wp-json\/wp\/v2\/media?parent=1268"}],"curies":[{"name":"wp","href":"https:\/\/api.w.org\/{rel}","templated":true}]}}