{"id":1270,"date":"2022-01-31T20:02:08","date_gmt":"2022-01-31T23:02:08","guid":{"rendered":"https:\/\/corecon-se.org.br\/transparencia\/?page_id=1270"},"modified":"2023-02-25T12:29:17","modified_gmt":"2023-02-25T15:29:17","slug":"resolucoes-2022","status":"publish","type":"page","link":"https:\/\/corecon-se.org.br\/transparencia\/atos-normativos\/resolucoes-2022\/","title":{"rendered":"Resolu\u00e7\u00f5es 2022"},"content":{"rendered":"<p>&nbsp;<\/p>\n<table style=\"width: 100%;\" border=\"0\" align=\"center\">\n<tbody>\n<tr style=\"height: 70px;\">\n<th style=\"background-color: #333399; color: #ffffff; height: 70px; text-align: center;\">\n<p align=\"center\"><strong>RESOLU\u00c7\u00d5ES<\/strong><\/p>\n<\/th>\n<\/tr>\n<tr style=\"height: 486px;\">\n<td style=\"height: 486px; background-color: #f5f5f5; vertical-align: text-top;\">\n<p align=\"center\"><span style=\"color: #008080;\"><strong>2022<\/strong><\/span><\/p>\n<table style=\"height: 626px;\">\n<tbody>\n<tr>\n<td style=\"width: 70px;\"><strong><span style=\"color: #666699;\">N\u00b0<\/span><\/strong><\/td>\n<td><span style=\"color: #666699;\"><strong>Descri\u00e7\u00e3o<\/strong><\/span><\/td>\n<\/tr>\n<tr>\n<td>001<\/td>\n<td><a href=\"https:\/\/corecon-se.org.br\/transparencia\/wp-content\/uploads\/2022\/02\/Resolucao-001-2022.pdf\">Renova\u00e7\u00e3o de Ter\u00e7o de Conselheiros e Composi\u00e7\u00e3o do Plen\u00e1rio do CORECON-SE.<\/a><\/td>\n<\/tr>\n<tr>\n<td>002<\/td>\n<td><a href=\"https:\/\/corecon-se.org.br\/transparencia\/wp-content\/uploads\/2022\/02\/Resolucao-002-2022.pdf\">Disp\u00f5e sobre a Administra\u00e7\u00e3o do CORECON-SE.<\/a><\/td>\n<\/tr>\n<tr>\n<td>003<\/td>\n<td><a href=\"https:\/\/corecon-se.org.br\/transparencia\/wp-content\/uploads\/2022\/05\/Resolucao-003-2022.pdf\">Disp\u00f5e sobre Cancelamento de Registro Definitivo de Pessoa F\u00edsica.<\/a><\/td>\n<\/tr>\n<tr>\n<td>004<\/td>\n<td><a href=\"https:\/\/corecon-se.org.br\/transparencia\/wp-content\/uploads\/2022\/03\/Resolucao-004-2022-Prestacao-de-Contas.pdf\">Aprova Presta\u00e7\u00e3o de Contas de 2021.<\/a><\/td>\n<\/tr>\n<tr>\n<td>005<\/td>\n<td><a href=\"https:\/\/corecon-se.org.br\/transparencia\/wp-content\/uploads\/2022\/05\/Resolucao-005-2022-Terceira-Prorrogacao-VIII-Recred.pdf\">Terceira prorroga\u00e7\u00e3o do prazo para ades\u00e3o ao VIII Programa Nacional de Recupera\u00e7\u00e3o de Cr\u00e9ditos no Conselho Regional de Economia da 16\u00aa Regi\u00e3o &#8211; Sergipe e d\u00e1 outras provid\u00eancias.<\/a><\/td>\n<\/tr>\n<tr>\n<td>006<\/td>\n<td><a href=\"https:\/\/corecon-se.org.br\/transparencia\/wp-content\/uploads\/2022\/05\/Resolucao-006-2022-Balancete-1o-Trimestre.pdf\">Aprova Balancete do 1\u00ba Trimestre de 2022.<\/a><\/td>\n<\/tr>\n<tr>\n<td>007<\/td>\n<td><a href=\"https:\/\/corecon-se.org.br\/transparencia\/wp-content\/uploads\/2022\/08\/Resolucao-007-2022-Forma-de-eleicao-Vice-Presidente.pdf\">Disp\u00f5e sobre a forma de realiza\u00e7\u00e3o das elei\u00e7\u00f5es, em 2022, do Conselho Regional de Economia da 16\u00aa Regi\u00e3o &#8211; SE.<\/a><\/td>\n<\/tr>\n<tr>\n<td>008<\/td>\n<td><a href=\"https:\/\/corecon-se.org.br\/transparencia\/wp-content\/uploads\/2022\/08\/Resolucao-008-2022-Comissao-Eleitoral.pdf\">Nomeia Comiss\u00e3o Eleitoral para renova\u00e7\u00e3o de ter\u00e7o de Conselheiros Efetivos e Suplentes deste CORECON, e de Delegado Eleitor Efetivo e Suplente junto ao Conselho Federal de Economia.<\/a><\/td>\n<\/tr>\n<tr>\n<td>009<\/td>\n<td><a href=\"https:\/\/corecon-se.org.br\/transparencia\/wp-content\/uploads\/2022\/08\/Resolucao-009-2022-Balancete-2o-Trimestre.pdf\">Aprova Balancete do 2\u00ba Trimestre de 2022.<\/a><\/td>\n<\/tr>\n<tr>\n<td>010<\/td>\n<td><a href=\"https:\/\/corecon-se.org.br\/transparencia\/wp-content\/uploads\/2022\/08\/Resolucao-010-2022-Cancelamentos-PF.pdf\">Disp\u00f5e sobre Cancelamento de Registro Definitivo de Pessoa F\u00edsica.<\/a><\/td>\n<\/tr>\n<tr>\n<td>011<\/td>\n<td><a href=\"https:\/\/corecon-se.org.br\/transparencia\/wp-content\/uploads\/2022\/08\/Resolucao-011-2022-Medalha-do-Merito-Economico.pdf\">Confere Medalha do M\u00e9rito Econ\u00f4mico \u00e0 personalidade indicada, Econ. Ana Geni P. Freitas.<\/a><\/td>\n<\/tr>\n<tr>\n<td>012<\/td>\n<td><a href=\"https:\/\/corecon-se.org.br\/transparencia\/wp-content\/uploads\/2022\/08\/Resolucao-012-2022-Medalha-do-Merito-Economico.pdf\">Confere Medalha do M\u00e9rito Econ\u00f4mico \u00e0 personalidade indicada, Econ. Josenito O. Santos.<\/a><\/td>\n<\/tr>\n<tr>\n<td>013<\/td>\n<td><a href=\"https:\/\/corecon-se.org.br\/transparencia\/wp-content\/uploads\/2022\/08\/Resolucao-013-2022-Medalha-do-Merito-Economico.pdf\">Confere Medalha do M\u00e9rito Econ\u00f4mico \u00e0 personalidade indicada, Econ. Jos\u00e9 Roberto de L. Andrade.<\/a><\/td>\n<\/tr>\n<tr>\n<td>014<\/td>\n<td><a href=\"https:\/\/corecon-se.org.br\/transparencia\/wp-content\/uploads\/2022\/08\/Resolucao-014-2022-Medalha-do-Merito-Economico.pdf\">Confere Medalha do M\u00e9rito Econ\u00f4mico \u00e0 personalidade indicada, Econ. M\u00aa Auxiliadora S. Feitosa.<\/a><\/td>\n<\/tr>\n<tr>\n<td>015<\/td>\n<td><a href=\"https:\/\/corecon-se.org.br\/transparencia\/wp-content\/uploads\/2022\/09\/Resolucao-015-2022-Cancelamento-PF.pdf\">Disp\u00f5e sobre Cancelamento de Registro Definitivo de Pessoa F\u00edsica.<\/a><\/td>\n<\/tr>\n<tr>\n<td>016<\/td>\n<td><a href=\"https:\/\/corecon-se.org.br\/transparencia\/wp-content\/uploads\/2022\/10\/Resolucao-016-2022-Quarta-Prorrogacao-VIII-Recred.pdf\">Quarta prorroga\u00e7\u00e3o do prazo para ades\u00e3o ao VIII Programa Nacional de Recupera\u00e7\u00e3o de Cr\u00e9ditos no Conselho Regional de Economia da 16\u00aa Regi\u00e3o &#8211; Sergipe e d\u00e1 outras provid\u00eancias.<\/a><\/td>\n<\/tr>\n<tr>\n<td>017<\/td>\n<td><a href=\"https:\/\/corecon-se.org.br\/transparencia\/wp-content\/uploads\/2022\/11\/Resolucao-017-2022-Balancete-3o-Trimestre.pdf\">Aprova Balancete do 3\u00ba Trimestre de 2022.<\/a><\/td>\n<\/tr>\n<tr>\n<td>018<\/td>\n<td><a href=\"https:\/\/corecon-se.org.br\/transparencia\/wp-content\/uploads\/2022\/11\/Resolucao-018-2022-Dossie-Eleitoral-2022.pdf\">Aprova o Dossi\u00ea Eleitoral de 2022 relativo ao pleito realizado de 27 a 31 de outubro de 2022, do CORECON-SE.<\/a><\/td>\n<\/tr>\n<tr>\n<td>019<\/td>\n<td><a href=\"https:\/\/corecon-se.org.br\/transparencia\/wp-content\/uploads\/2022\/11\/Resolucao-019-2022-Proposta-Orcamentaria-2023.pdf\">Aprova a Proposta Or\u00e7ament\u00e1ria do Conselho Regional de Economia da 16\u00aa Regi\u00e3o \u2013 Sergipe, para o exerc\u00edcio de 2023.<\/a><\/td>\n<\/tr>\n<tr>\n<td>020<\/td>\n<td><a href=\"https:\/\/corecon-se.org.br\/transparencia\/wp-content\/uploads\/2022\/11\/Resolucao-020-2022-Anuidades-e-Emolumentos-2023.pdf\">Fixa os valores e formas de pagamento das anuidades, bem como dos emolumentos e multas devidos pelas pessoas f\u00edsicas e jur\u00eddicas inscritas no CORECON-SE, para o exerc\u00edcio de 2023, e d\u00e1 outras provid\u00eancias.<\/a><\/td>\n<\/tr>\n<tr>\n<td>021<\/td>\n<td><a href=\"https:\/\/corecon-se.org.br\/transparencia\/wp-content\/uploads\/2022\/12\/Resolucao-021-2022-Cancelamentos-PF.pdf\">Disp\u00f5e sobre Cancelamento de Registro Definitivo de Pessoa F\u00edsica.<\/a><\/td>\n<\/tr>\n<tr>\n<td>022<\/td>\n<td><a href=\"https:\/\/corecon-se.org.br\/transparencia\/wp-content\/uploads\/2022\/12\/Resolucao-022-2022-Registro-PF.pdf\">Disp\u00f5e sobre Registro Definitivo de Pessoa F\u00edsica.<\/a><\/td>\n<\/tr>\n<tr>\n<td>023<\/td>\n<td><a href=\"https:\/\/corecon-se.org.br\/transparencia\/wp-content\/uploads\/2022\/12\/Resolucao-023-2022-Registro-PF.pdf\">Disp\u00f5e sobre Registro Definitivo de Pessoa F\u00edsica.<\/a><\/td>\n<\/tr>\n<\/tbody>\n<\/table>\n<\/td>\n<\/tr>\n<\/tbody>\n<\/table>\n","protected":false},"excerpt":{"rendered":"<p>&nbsp; RESOLU\u00c7\u00d5ES 2022 N\u00b0 Descri\u00e7\u00e3o 001 Renova\u00e7\u00e3o de Ter\u00e7o de Conselheiros e Composi\u00e7\u00e3o do Plen\u00e1rio do CORECON-SE. 002 Disp\u00f5e sobre a Administra\u00e7\u00e3o do CORECON-SE. 003 Disp\u00f5e sobre Cancelamento de Registro Definitivo de Pessoa F\u00edsica. 004 Aprova Presta\u00e7\u00e3o de Contas de 2021. 005 Terceira prorroga\u00e7\u00e3o do prazo para ades\u00e3o ao VIII Programa Nacional de Recupera\u00e7\u00e3o de &hellip; <a href=\"https:\/\/corecon-se.org.br\/transparencia\/atos-normativos\/resolucoes-2022\/\" class=\"more-link\">Continue reading <span class=\"screen-reader-text\">Resolu\u00e7\u00f5es 2022<\/span><\/a><\/p>\n","protected":false},"author":2,"featured_media":0,"parent":34,"menu_order":0,"comment_status":"closed","ping_status":"closed","template":"","meta":{"footnotes":""},"class_list":["post-1270","page","type-page","status-publish","hentry"],"_links":{"self":[{"href":"https:\/\/corecon-se.org.br\/transparencia\/wp-json\/wp\/v2\/pages\/1270","targetHints":{"allow":["GET"]}}],"collection":[{"href":"https:\/\/corecon-se.org.br\/transparencia\/wp-json\/wp\/v2\/pages"}],"about":[{"href":"https:\/\/corecon-se.org.br\/transparencia\/wp-json\/wp\/v2\/types\/page"}],"author":[{"embeddable":true,"href":"https:\/\/corecon-se.org.br\/transparencia\/wp-json\/wp\/v2\/users\/2"}],"replies":[{"embeddable":true,"href":"https:\/\/corecon-se.org.br\/transparencia\/wp-json\/wp\/v2\/comments?post=1270"}],"version-history":[{"count":35,"href":"https:\/\/corecon-se.org.br\/transparencia\/wp-json\/wp\/v2\/pages\/1270\/revisions"}],"predecessor-version":[{"id":2057,"href":"https:\/\/corecon-se.org.br\/transparencia\/wp-json\/wp\/v2\/pages\/1270\/revisions\/2057"}],"up":[{"embeddable":true,"href":"https:\/\/corecon-se.org.br\/transparencia\/wp-json\/wp\/v2\/pages\/34"}],"wp:attachment":[{"href":"https:\/\/corecon-se.org.br\/transparencia\/wp-json\/wp\/v2\/media?parent=1270"}],"curies":[{"name":"wp","href":"https:\/\/api.w.org\/{rel}","templated":true}]}}