{"id":133,"date":"2018-03-31T23:31:20","date_gmt":"2018-04-01T02:31:20","guid":{"rendered":"http:\/\/corecon-se.org.br\/transparencia\/?page_id=133"},"modified":"2026-04-03T15:37:03","modified_gmt":"2026-04-03T18:37:03","slug":"pagamentos","status":"publish","type":"page","link":"https:\/\/corecon-se.org.br\/transparencia\/pagamentos\/","title":{"rendered":"Pagamentos"},"content":{"rendered":"<h3>2026<\/h3>\n<h4>Fevereiro<\/h4>\n<ul>\n<li><a href=\"https:\/\/corecon-se.org.br\/transparencia\/wp-content\/uploads\/documentos\/pagamentos\/2026\/pag02.pdf\" target=\"_blank\">Rela&ccedil;&atilde;o de Empenhos ou Pagamentos<\/a><\/li>\n<\/ul>\n<h4>Janeiro<\/h4>\n<ul>\n<li><a href=\"https:\/\/corecon-se.org.br\/transparencia\/wp-content\/uploads\/documentos\/pagamentos\/2026\/pag01.pdf\" target=\"_blank\">Rela&ccedil;&atilde;o de Empenhos ou Pagamentos<\/a><\/li>\n<\/ul>\n<p><strong>2024<\/strong><br \/>\n<a href=\"https:\/\/corecon-se.org.br\/transparencia\/wp-content\/uploads\/2024\/03\/Relacao-de-Pagamentos-012024.xls\">Lan\u00e7amentos.xls &#8211; Janeiro<\/a><br \/>\n<a href=\"https:\/\/corecon-se.org.br\/transparencia\/wp-content\/uploads\/2024\/06\/Relacao-de-Pagamentos-012024.pdf\">Lan\u00e7amentos.pdf &#8211; Janeiro<\/a><br \/>\n<a href=\"https:\/\/corecon-se.org.br\/transparencia\/wp-content\/uploads\/2024\/04\/Relacao-de-Pagamentos-022024.xls\">Lan\u00e7amentos.xls &#8211; Fevereiro<\/a><br \/>\n<a href=\"https:\/\/corecon-se.org.br\/transparencia\/wp-content\/uploads\/2024\/06\/Relacao-de-Pagamentos-022024.pdf\">Lan\u00e7amentos.pdf &#8211; Fevereiro<\/a><br \/>\n<a href=\"https:\/\/corecon-se.org.br\/transparencia\/wp-content\/uploads\/2024\/05\/Relacao-de-Pagamentos-032024.xls\">Lan\u00e7amentos.xls &#8211; Mar\u00e7o<\/a><br \/>\n<a href=\"https:\/\/corecon-se.org.br\/transparencia\/wp-content\/uploads\/2024\/06\/Relacao-de-Pagamentos-032024.pdf\">Lan\u00e7amentos.pdf &#8211; Mar\u00e7o<\/a><br \/>\n<a href=\"https:\/\/corecon-se.org.br\/transparencia\/wp-content\/uploads\/2024\/05\/Relacao-de-Pagamentos-1o-Trim-2024.xls\">Lan\u00e7amentos.xls &#8211; 1\u00ba Trim<\/a><br \/>\n<a href=\"https:\/\/corecon-se.org.br\/transparencia\/wp-content\/uploads\/2024\/06\/Relacao-de-Pagamentos-1o-Trim-2024.pdf\">Lan\u00e7amentos.pdf &#8211; 1\u00ba Trim<\/a><br \/>\n<a href=\"https:\/\/corecon-se.org.br\/transparencia\/wp-content\/uploads\/2024\/06\/Relacao-de-Pagamentos-042024.xls\">Lan\u00e7amentos.xls &#8211; Abril<\/a><br \/>\n<a href=\"https:\/\/corecon-se.org.br\/transparencia\/wp-content\/uploads\/2024\/06\/Relacao-de-Pagamentos-042024.pdf\">Lan\u00e7amentos.pdf &#8211; Abril<\/a><br \/>\n<a href=\"https:\/\/corecon-se.org.br\/transparencia\/wp-content\/uploads\/2024\/08\/Relacao-de-Pagamentos-052024.xls\">Lan\u00e7amentos.xls &#8211; Maio<\/a><br \/>\n<a href=\"https:\/\/corecon-se.org.br\/transparencia\/wp-content\/uploads\/2024\/08\/Relacao-de-Pagamentos-052024.pdf\">Lan\u00e7amentos.pdf &#8211; Maio<\/a><br \/>\n<a href=\"https:\/\/corecon-se.org.br\/transparencia\/wp-content\/uploads\/2024\/08\/Relacao-de-Pagamentos-062024.xls\">Lan\u00e7amentos.xls &#8211; Junho<\/a><br \/>\n<a href=\"https:\/\/corecon-se.org.br\/transparencia\/wp-content\/uploads\/2024\/08\/Relacao-de-Pagamentos-062024.pdf\">Lan\u00e7amentos.pdf &#8211; Junho<\/a><br \/>\n<a href=\"https:\/\/corecon-se.org.br\/transparencia\/wp-content\/uploads\/2024\/08\/Relacao-de-Pagamentos-2o-Trimestre-2024.xls\">Lan\u00e7amentos.xls &#8211; 2\u00ba Trim<\/a><br \/>\n<a href=\"https:\/\/corecon-se.org.br\/transparencia\/wp-content\/uploads\/2024\/08\/Relacao-de-Pagamentos-2o-Trimestre-2024.pdf\">Lan\u00e7amentos.pdf &#8211; 2\u00ba Trim<\/a><br \/>\n<a href=\"https:\/\/corecon-se.org.br\/transparencia\/wp-content\/uploads\/2024\/09\/Relacao-de-Pagamentos-072024.xls\">Lan\u00e7amentos.xls &#8211; Julho<\/a><br \/>\n<a href=\"https:\/\/corecon-se.org.br\/transparencia\/wp-content\/uploads\/2024\/09\/Relacao-de-Pagamentos-072024.pdf\">Lan\u00e7amentos.pdf &#8211; Julho<\/a><br \/>\n<a href=\"https:\/\/corecon-se.org.br\/transparencia\/wp-content\/uploads\/2024\/10\/Relacao-de-Pagamentos-082024.xls\">Lan\u00e7amentos.xls &#8211; Agosto<\/a><br \/>\n<a href=\"https:\/\/corecon-se.org.br\/transparencia\/wp-content\/uploads\/2024\/10\/Relacao-de-Pagamentos-082024.pdf\">Lan\u00e7amentos.pdf &#8211; Agosto<\/a><br \/>\n<a href=\"https:\/\/corecon-se.org.br\/transparencia\/wp-content\/uploads\/2025\/01\/Relacao-de-Pagamentos-092024.xls\">Lan\u00e7amentos.xls &#8211; Setembro<\/a><br \/>\n<a href=\"https:\/\/corecon-se.org.br\/transparencia\/wp-content\/uploads\/2025\/01\/Relacao-de-Pagamentos-092024.pdf\">Lan\u00e7amentos.pdf &#8211; Setembro<\/a><br \/>\n<a href=\"https:\/\/corecon-se.org.br\/transparencia\/wp-content\/uploads\/2025\/01\/Relacao-de-Pagamentos-3o-Trimestre-2024.xls\">Lan\u00e7amentos.xls &#8211; 3\u00ba Trim<\/a><br \/>\n<a href=\"https:\/\/corecon-se.org.br\/transparencia\/wp-content\/uploads\/2025\/01\/Relacao-de-Pagamentos-3o-Trimestre-2024.pdf\">Lan\u00e7amentos.pdf &#8211; 3\u00ba Trim<\/a><br \/>\n<a href=\"https:\/\/corecon-se.org.br\/transparencia\/wp-content\/uploads\/2025\/01\/Relacao-de-Pagamentos-102024.xls\">Lan\u00e7amentos.xls &#8211; Outubro<\/a><br \/>\n<a href=\"https:\/\/corecon-se.org.br\/transparencia\/wp-content\/uploads\/2025\/01\/Relacao-de-Pagamentos-102024.pdf\">Lan\u00e7amentos.pdf &#8211; Outubro<\/a><br \/>\n<a href=\"https:\/\/corecon-se.org.br\/transparencia\/wp-content\/uploads\/2025\/01\/Relacao-de-Pagamentos-112024.xls\">Lan\u00e7amentos.xls &#8211; Novembro<\/a><br \/>\n<a href=\"https:\/\/corecon-se.org.br\/transparencia\/wp-content\/uploads\/2025\/01\/Relacao-de-Pagamentos-112024.pdf\">Lan\u00e7amentos.pdf &#8211; Novembro<\/a><br \/>\n<a href=\"https:\/\/corecon-se.org.br\/transparencia\/wp-content\/uploads\/2025\/02\/Relacao-de-Pagamentos-122024.xls\">Lan\u00e7amentos.xls &#8211; Dezembro<\/a><br \/>\n<a href=\"https:\/\/corecon-se.org.br\/transparencia\/wp-content\/uploads\/2025\/02\/Relacao-de-Pagamentos-122024.pdf\">Lan\u00e7amentos.pdf &#8211; Dezembro<\/a><br \/>\n<a href=\"\/transparencia\/wp-content\/uploads\/documentos\/pagamentos\/2024\/2024.xls\">Lan\u00e7amentos.xls &#8211; 2024<\/a><br \/>\n<a href=\"\/transparencia\/wp-content\/uploads\/documentos\/pagamentos\/2024\/2024.pdf\" target=\"_blank\" rel=\"noopener noreferer\">Lan\u00e7amentos.pdf &#8211; 2024<\/a><\/p>\n<p><strong>2023<br \/>\n<\/strong><a href=\"https:\/\/corecon-se.org.br\/transparencia\/wp-content\/uploads\/2024\/03\/Relacao-de-Pagamentos-2023.xls\">Lan\u00e7amentos.xls<\/a><br \/>\n<a href=\"https:\/\/corecon-se.org.br\/transparencia\/wp-content\/uploads\/2024\/06\/Relacao-de-Pagamentos-2023-2.pdf\">Lan\u00e7amentos.pdf<\/a><\/p>\n<p><strong>2022<br \/>\n<\/strong><a href=\"https:\/\/corecon-se.org.br\/transparencia\/wp-content\/uploads\/2023\/05\/Relacao-de-Pagamentos-2022.xls\">Lan\u00e7amentos.xls<\/a><br \/>\n<a href=\"https:\/\/corecon-se.org.br\/transparencia\/wp-content\/uploads\/2024\/06\/Relacao-de-Pagamentos-2022.pdf\">Lan\u00e7amentos.pdf<\/a><\/p>\n<p><strong>2021<br \/>\n<\/strong><a href=\"https:\/\/corecon-se.org.br\/transparencia\/wp-content\/uploads\/2023\/05\/Despesa-Realizada-2021-1.xls\">Lan\u00e7amentos.xls<\/a><br \/>\n<a href=\"https:\/\/corecon-se.org.br\/transparencia\/wp-content\/uploads\/2024\/06\/Relacao-de-Pagamentos-2021.pdf\">Lan\u00e7amentos.pdf<\/a><\/p>\n<p><strong>2020<br \/>\n<\/strong><a href=\"https:\/\/corecon-se.org.br\/transparencia\/wp-content\/uploads\/2023\/05\/Relacao-de-Pagamentos-2020.xls\">Lan\u00e7amentos.xls<\/a><br \/>\n<a href=\"https:\/\/corecon-se.org.br\/transparencia\/wp-content\/uploads\/2024\/06\/Relacao-de-Pagamentos-2020.pdf\">Lan\u00e7amentos.pdf<\/a><\/p>\n<p><strong>2019<br \/>\n<\/strong>Lan\u00e7amentos.xls<\/p>\n","protected":false},"excerpt":{"rendered":"<p>2026 Fevereiro Rela&ccedil;&atilde;o de Empenhos ou Pagamentos Janeiro Rela&ccedil;&atilde;o de Empenhos ou Pagamentos 2024 Lan\u00e7amentos.xls &#8211; Janeiro Lan\u00e7amentos.pdf &#8211; Janeiro Lan\u00e7amentos.xls &#8211; Fevereiro Lan\u00e7amentos.pdf &#8211; Fevereiro Lan\u00e7amentos.xls &#8211; Mar\u00e7o Lan\u00e7amentos.pdf &#8211; Mar\u00e7o Lan\u00e7amentos.xls &#8211; 1\u00ba Trim Lan\u00e7amentos.pdf &#8211; 1\u00ba Trim Lan\u00e7amentos.xls &#8211; Abril Lan\u00e7amentos.pdf &#8211; Abril Lan\u00e7amentos.xls &#8211; Maio Lan\u00e7amentos.pdf &#8211; Maio Lan\u00e7amentos.xls &#8211; Junho &hellip; <a href=\"https:\/\/corecon-se.org.br\/transparencia\/pagamentos\/\" class=\"more-link\">Continue reading <span class=\"screen-reader-text\">Pagamentos<\/span><\/a><\/p>\n","protected":false},"author":2,"featured_media":0,"parent":0,"menu_order":0,"comment_status":"closed","ping_status":"closed","template":"","meta":{"footnotes":""},"class_list":["post-133","page","type-page","status-publish","hentry"],"_links":{"self":[{"href":"https:\/\/corecon-se.org.br\/transparencia\/wp-json\/wp\/v2\/pages\/133","targetHints":{"allow":["GET"]}}],"collection":[{"href":"https:\/\/corecon-se.org.br\/transparencia\/wp-json\/wp\/v2\/pages"}],"about":[{"href":"https:\/\/corecon-se.org.br\/transparencia\/wp-json\/wp\/v2\/types\/page"}],"author":[{"embeddable":true,"href":"https:\/\/corecon-se.org.br\/transparencia\/wp-json\/wp\/v2\/users\/2"}],"replies":[{"embeddable":true,"href":"https:\/\/corecon-se.org.br\/transparencia\/wp-json\/wp\/v2\/comments?post=133"}],"version-history":[{"count":129,"href":"https:\/\/corecon-se.org.br\/transparencia\/wp-json\/wp\/v2\/pages\/133\/revisions"}],"predecessor-version":[{"id":3862,"href":"https:\/\/corecon-se.org.br\/transparencia\/wp-json\/wp\/v2\/pages\/133\/revisions\/3862"}],"wp:attachment":[{"href":"https:\/\/corecon-se.org.br\/transparencia\/wp-json\/wp\/v2\/media?parent=133"}],"curies":[{"name":"wp","href":"https:\/\/api.w.org\/{rel}","templated":true}]}}