{"id":156,"date":"2022-05-12T15:00:10","date_gmt":"2022-05-12T18:00:10","guid":{"rendered":"http:\/\/corecon-se.org.br\/transparencia\/?page_id=156"},"modified":"2025-02-03T17:42:42","modified_gmt":"2025-02-03T20:42:42","slug":"rol-de-responsaveis","status":"publish","type":"page","link":"https:\/\/corecon-se.org.br\/transparencia\/rol-de-responsaveis\/","title":{"rendered":"Rol de Respons\u00e1veis"},"content":{"rendered":"<p><strong>GEST\u00c3O 2025:<br \/>\n<\/strong>ANTONIO PORF\u00cdRIO DE MATOS NETO<br \/>\nCPF: XXX.644.205-XX<br \/>\nPresidente do Corecon-SE (presidencia@corecon-se.org.br)<br \/>\nMARIA AUXILIADORA SOBRAL FEITOSA<br \/>\nCPF: XXX.522.875-XX<br \/>\nVice-presidente do Corecon-SE (vicepresidencia@corecon-se.org.br)<br \/>\nARTEMISA RIBEIRO BATISTA &#8211; <strong>Exonerada no dia 29\/01\/2025<\/strong><br \/>\nCPF: XXX.840.425-XX<br \/>\nGerente Executiva (gerenciaexecutiva@corecon-se.org.br)<br \/>\n<a href=\"https:\/\/corecon-se.org.br\/transparencia\/wp-content\/uploads\/2025\/02\/Ata-1a-Sessao-Extraordinaria-06012025-Site.pdf\">Ata Elei\u00e7\u00e3o e Posse da Diretoria 2025<\/a><br \/>\n<a href=\"https:\/\/corecon-se.org.br\/transparencia\/wp-content\/uploads\/2025\/01\/Portaria-001-2025.pdf\">Portaria 001\/2025, de 6 de janeiro de 2025.<\/a><\/p>\n<p><strong>GEST\u00c3O 2024:<br \/>\n<\/strong>JOS\u00c9 ROBERTO DE LIMA ANDRADE<br \/>\nCPF: XXX.822.435-XX<br \/>\nPresidente do Corecon-SE (presidencia@corecon-se.org.br)<br \/>\nMARIA AUXILIADORA SOBRAL FEITOSA<br \/>\nCPF: XXX.522.875-XX<br \/>\nVice-presidente do Corecon-SE (vicepresidencia@corecon-se.org.br)<br \/>\nARTEMISA RIBEIRO BATISTA<br \/>\nCPF: XXX.840.425-XX<br \/>\nGerente Executiva (gerenciaexecutiva@corecon-se.org.br)<br \/>\n<a href=\"https:\/\/corecon-se.org.br\/transparencia\/wp-content\/uploads\/2024\/01\/Ata-1a-Sessao-Extraordinaria-04012024-Site-1.pdf\">Ata Elei\u00e7\u00e3o e Posse da Diretoria 2024<\/a><br \/>\n<a href=\"https:\/\/corecon-se.org.br\/transparencia\/wp-content\/uploads\/2024\/01\/Portaria-001-2024-2.pdf\">Portaria 001\/2024, de 4 de janeiro de 2024.<\/a><\/p>\n<p><strong>GEST\u00c3O 2023:<br \/>\n<\/strong>JOS\u00c9LIA SOUZA DE BRITO<br \/>\nCPF: XXX.305.185-XX<br \/>\nPresidente do Corecon-SE (presidencia@corecon-se.org.br)<br \/>\nADEN\u00cdSIA CARVALHO DE A. VASCONCELOS<br \/>\nCPF: XXX.576.425-XX<br \/>\nVice-presidente do Corecon-SE (adenisiav@hotmail.com)<br \/>\nARTEMISA RIBEIRO BATISTA<br \/>\nCPF: XXX.840.425-XX<br \/>\nGerente Executiva (gerenciaexecutiva@corecon-se.org.br)<br \/>\n<a href=\"https:\/\/corecon-se.org.br\/transparencia\/wp-content\/uploads\/2024\/01\/Ata-1a-Sessao-Extraordinaria-03012023-Site.pdf\">Ata Elei\u00e7\u00e3o e Posse da Diretoria 2023<\/a><br \/>\n<a href=\"https:\/\/corecon-se.org.br\/transparencia\/wp-content\/uploads\/2023\/01\/Portaria-001-2023-Assinada.pdf\">Portaria 001\/2023, de 4 de janeiro de 2023.<\/a><\/p>\n<p><strong>GEST\u00c3O 2022:<br \/>\n<\/strong>SAUM\u00cdNEO DA SILVA NASCIMENTO<br \/>\nCPF: XXX.094.495-XX<br \/>\nPresidente do Corecon-SE (presidencia@corecon-se.org.br)<br \/>\nADEN\u00cdSIA CARVALHO DE A. VASCONCELOS<br \/>\nCPF: XXX.576.425-XX<br \/>\nVice-presidente do Corecon-SE (adenisiav@hotmail.com)<br \/>\nARTEMISA RIBEIRO BATISTA<br \/>\nCPF: XXX.840.425-XX<br \/>\nGerente Executiva (gerenciaexecutiva@corecon-se.org.br)<br \/>\nAta Elei\u00e7\u00e3o e Posse da Diretoria 2022<br \/>\n<a href=\"https:\/\/corecon-se.org.br\/transparencia\/wp-content\/uploads\/2022\/06\/Portaria-001-2022-Assinada.pdf\">Portaria 001\/2022, de 4 de janeiro de 2022.<\/a><\/p>\n<p><strong>GEST\u00c3O 2021:<br \/>\n<\/strong>ABEL RAMOS SANTOS<br \/>\nCPF: XXX.774.535-XX<br \/>\nPresidente do Corecon-SE (presidencia@corecon-se.org.br)<br \/>\nJOS\u00c9LIA SOUZA DE BRITO<br \/>\nCPF: XXX.305.185-XX<br \/>\nVice-presidente do Corecon-SE (joseliasouzadebrito@gmail.com)<br \/>\nARTEMISA RIBEIRO BATISTA<br \/>\nCPF: XXX.840.425-XX<br \/>\nGerente Executiva (gerenciaexecutiva@corecon-se.org.br)<br \/>\nAta Elei\u00e7\u00e3o e Posse da Diretoria 2021<br \/>\n<a href=\"https:\/\/corecon-se.org.br\/transparencia\/wp-content\/uploads\/2022\/06\/Portaria-001-2021-Assinada.pdf\">Portaria 001\/2021, de 4 de janeiro de 2021.<\/a><\/p>\n<p><strong>GEST\u00c3O 2020:<br \/>\n<\/strong>ALDO ALVES VASCONCELOS<br \/>\nCPF: XXX.536.715-XX<br \/>\nPresidente do Corecon-SE (aldo.economista@hotmail.com)<br \/>\nADEN\u00cdSIA CARVALHO DE A. VASCONCELOS<br \/>\nCPF: XXX.576.425-XX<br \/>\nVice-presidente do Corecon-SE (adenisiav@hotmail.com)<br \/>\nARTEMISA RIBEIRO BATISTA<br \/>\nCPF: XXX.840.425-XX<br \/>\nGerente Executiva (gerenciaexecutiva@corecon-se.org.br)<br \/>\nAta Elei\u00e7\u00e3o e Posse da Diretoria 2020<br \/>\n<a href=\"https:\/\/corecon-se.org.br\/transparencia\/wp-content\/uploads\/2022\/06\/Portaria-001-2020-Assinada.pdf\">Portaria 001\/2020, de 7 de janeiro de 2020.<\/a><\/p>\n<p><strong>GEST\u00c3O 2019:<br \/>\n<\/strong>EDUARDO ALVES BASTOS<br \/>\nCPF: XXX.429.578-XX<br \/>\nPresidente do Corecon-SE (eabastos@terra.com.br)<br \/>\nALDO ALVES VASCONCELOS (*)<br \/>\nCPF: XXX.536.715-XX<br \/>\nVice-presidente do Corecon-SE (aldo.economista@hotmail.com)<br \/>\nARTEMISA RIBEIRO BATISTA<br \/>\nCPF: XXX.840.425-XX<br \/>\nGerente Executiva (gerenciaexecutiva@corecon-se.org.br)<br \/>\nAta Elei\u00e7\u00e3o e Posse da Diretoria 2019<br \/>\n<a href=\"https:\/\/corecon-se.org.br\/transparencia\/wp-content\/uploads\/2023\/04\/Portaria-001-2019-Assinada.pdf\">Portaria 001\/2019, de 3 de janeiro de 2019.<\/a><br \/>\n<a href=\"https:\/\/corecon-se.org.br\/transparencia\/wp-content\/uploads\/2023\/03\/Portaria-016-2019-Substituicao-Presidente.pdf\">Portaria 016\/2019, de 31 de julho de 2019.<\/a><br \/>\n(*) Assumiu interinamente a presid\u00eancia, no per\u00edodo de 02.08 a 31.12.2019, em virtude do pedido de licen\u00e7a do presidente para tratamento de sa\u00fade.<\/p>\n","protected":false},"excerpt":{"rendered":"<p>GEST\u00c3O 2025: ANTONIO PORF\u00cdRIO DE MATOS NETO CPF: XXX.644.205-XX Presidente do Corecon-SE (presidencia@corecon-se.org.br) MARIA AUXILIADORA SOBRAL FEITOSA CPF: XXX.522.875-XX Vice-presidente do Corecon-SE (vicepresidencia@corecon-se.org.br) ARTEMISA RIBEIRO BATISTA &#8211; Exonerada no dia 29\/01\/2025 CPF: XXX.840.425-XX Gerente Executiva (gerenciaexecutiva@corecon-se.org.br) Ata Elei\u00e7\u00e3o e Posse da Diretoria 2025 Portaria 001\/2025, de 6 de janeiro de 2025. GEST\u00c3O 2024: JOS\u00c9 ROBERTO &hellip; <a href=\"https:\/\/corecon-se.org.br\/transparencia\/rol-de-responsaveis\/\" class=\"more-link\">Continue reading <span class=\"screen-reader-text\">Rol de Respons\u00e1veis<\/span><\/a><\/p>\n","protected":false},"author":5,"featured_media":0,"parent":0,"menu_order":0,"comment_status":"closed","ping_status":"closed","template":"","meta":{"footnotes":""},"class_list":["post-156","page","type-page","status-publish","hentry"],"_links":{"self":[{"href":"https:\/\/corecon-se.org.br\/transparencia\/wp-json\/wp\/v2\/pages\/156","targetHints":{"allow":["GET"]}}],"collection":[{"href":"https:\/\/corecon-se.org.br\/transparencia\/wp-json\/wp\/v2\/pages"}],"about":[{"href":"https:\/\/corecon-se.org.br\/transparencia\/wp-json\/wp\/v2\/types\/page"}],"author":[{"embeddable":true,"href":"https:\/\/corecon-se.org.br\/transparencia\/wp-json\/wp\/v2\/users\/5"}],"replies":[{"embeddable":true,"href":"https:\/\/corecon-se.org.br\/transparencia\/wp-json\/wp\/v2\/comments?post=156"}],"version-history":[{"count":41,"href":"https:\/\/corecon-se.org.br\/transparencia\/wp-json\/wp\/v2\/pages\/156\/revisions"}],"predecessor-version":[{"id":3704,"href":"https:\/\/corecon-se.org.br\/transparencia\/wp-json\/wp\/v2\/pages\/156\/revisions\/3704"}],"wp:attachment":[{"href":"https:\/\/corecon-se.org.br\/transparencia\/wp-json\/wp\/v2\/media?parent=156"}],"curies":[{"name":"wp","href":"https:\/\/api.w.org\/{rel}","templated":true}]}}