{"id":1935,"date":"2023-01-07T15:01:14","date_gmt":"2023-01-07T18:01:14","guid":{"rendered":"https:\/\/corecon-se.org.br\/transparencia\/?page_id=1935"},"modified":"2024-08-23T11:44:40","modified_gmt":"2024-08-23T14:44:40","slug":"portarias-2023","status":"publish","type":"page","link":"https:\/\/corecon-se.org.br\/transparencia\/atos-normativos\/portarias-2023\/","title":{"rendered":"Portarias 2023"},"content":{"rendered":"<table style=\"width: 100%;\" border=\"0\" align=\"center\">\r\n<tbody>\r\n<tr style=\"height: 70px;\">\r\n<th style=\"background-color: #333399; color: #ffffff; height: 70px; text-align: center;\">\r\n<p align=\"center\"><strong>PORTARIAS<\/strong><\/p>\r\n<\/th>\r\n<\/tr>\r\n<tr style=\"height: 486px;\">\r\n<td style=\"height: 486px; background-color: #f5f5f5; vertical-align: text-top;\">\r\n<p align=\"center\"><span style=\"color: #008080;\"><strong>2023<\/strong><\/span><\/p>\r\n\r\n<table style=\"height: 626px;\">\r\n<tbody>\r\n<tr>\r\n<td style=\"width: 70px;\"><strong><span style=\"color: #666699;\">N\u00b0<\/span><\/strong><\/td>\r\n<td><span style=\"color: #666699;\"><strong>Descri\u00e7\u00e3o<\/strong><\/span><\/td>\r\n<\/tr>\r\n<tr>\r\n<td>001<\/td>\r\n<td><a href=\"https:\/\/corecon-se.org.br\/transparencia\/wp-content\/uploads\/2023\/12\/Portaria-001-2023-Site.pdf\">Nomeia Gerente Executiva.<\/a><\/td>\r\n<\/tr>\r\n<tr>\r\n<td>002<\/td>\r\n<td><a href=\"https:\/\/corecon-se.org.br\/transparencia\/wp-content\/uploads\/2023\/01\/Portaria-002-2023.pdf\">Designa funcion\u00e1rio respons\u00e1vel pela tesouraria em 2023.<\/a><\/td>\r\n<\/tr>\r\n<tr>\r\n<td>003<\/td>\r\n<td><a href=\"https:\/\/corecon-se.org.br\/transparencia\/wp-content\/uploads\/2023\/01\/Portaria-003-2023.pdf\">Disp\u00f5e sobre a Designa\u00e7\u00e3o da Comiss\u00e3o de Tomada de Contas.<\/a><\/td>\r\n<\/tr>\r\n<tr>\r\n<td>004<\/td>\r\n<td><a href=\"https:\/\/corecon-se.org.br\/transparencia\/wp-content\/uploads\/2023\/01\/Portaria-004-2023.pdf\">Nomeia Comiss\u00e3o de Licita\u00e7\u00e3o.<\/a><\/td>\r\n<\/tr>\r\n<tr>\r\n<td>005<\/td>\r\n<td><a href=\"https:\/\/corecon-se.org.br\/transparencia\/wp-content\/uploads\/2023\/01\/Portaria-005-2023.pdf\">Nomeia Comiss\u00e3o de Pol\u00edtica Econ\u00f4mica.<\/a><\/td>\r\n<\/tr>\r\n<tr>\r\n<td>006<\/td>\r\n<td><a href=\"https:\/\/corecon-se.org.br\/transparencia\/wp-content\/uploads\/2023\/01\/Portaria-006-2023.pdf\">Nomeia Comiss\u00e3o de Avalia\u00e7\u00e3o do Plano de Cargos e Sal\u00e1rios &#8211; PCS.<\/a><\/td>\r\n<\/tr>\r\n<tr>\r\n<td>007<\/td>\r\n<td><a href=\"https:\/\/corecon-se.org.br\/transparencia\/wp-content\/uploads\/2023\/01\/Portaria-007-2023.pdf\">Nomeia Comiss\u00e3o de Fiscaliza\u00e7\u00e3o e Registro.<\/a><\/td>\r\n<\/tr>\r\n<tr>\r\n<td>008<\/td>\r\n<td><a href=\"https:\/\/corecon-se.org.br\/transparencia\/wp-content\/uploads\/2023\/01\/Portaria-008-2023.pdf\">Nomeia Comiss\u00e3o de Educa\u00e7\u00e3o.<\/a><\/td>\r\n<\/tr>\r\n<tr>\r\n<td>009<\/td>\r\n<td><a href=\"https:\/\/corecon-se.org.br\/transparencia\/wp-content\/uploads\/2023\/01\/Portaria-009-2023.pdf\">Nomeia Comiss\u00e3o da Mulher Economista.<\/a><\/td>\r\n<\/tr>\r\n<tr>\r\n<td>010<\/td>\r\n<td><a href=\"https:\/\/corecon-se.org.br\/transparencia\/wp-content\/uploads\/2023\/01\/Portaria-010-2023.pdf\">Nomeia Representante do Corecon-SE junto \u00e0 UFS.<\/a><\/td>\r\n<\/tr>\r\n<tr>\r\n<td>011<\/td>\r\n<td><a href=\"https:\/\/corecon-se.org.br\/transparencia\/wp-content\/uploads\/2023\/01\/Portaria-011-2023.pdf\">Nomeia Grupo de Trabalhos de Conv\u00eanios do Corecon-SE.<\/a><\/td>\r\n<\/tr>\r\n<tr>\r\n<td>012<\/td>\r\n<td><a href=\"https:\/\/corecon-se.org.br\/transparencia\/wp-content\/uploads\/2023\/01\/Portaria-012-2023.pdf\">Nomeia Comiss\u00e3o de Transpar\u00eancia do Corecon-SE.<\/a><\/td>\r\n<\/tr>\r\n<tr>\r\n<td>013<\/td>\r\n<td><a href=\"https:\/\/corecon-se.org.br\/transparencia\/wp-content\/uploads\/2023\/05\/Portaria-013-2023.pdf\">Autoriza o reajuste salarial para os servidores do Corecon-SE.<\/a><\/td>\r\n<\/tr>\r\n<tr>\r\n<td>014<\/td>\r\n<td><a href=\"https:\/\/corecon-se.org.br\/transparencia\/wp-content\/uploads\/2023\/05\/Portaria-014-2023.pdf\">Nomeia Coordenadora do XXII Pr\u00eamio Sergipe de Economia \u201cProf. Jos\u00e9 Alo\u00edsio de Campos\u201d \u2013 vers\u00e3o 2023.<\/a><\/td>\r\n<\/tr>\r\n<tr>\r\n<td>015<\/td>\r\n<td><a href=\"https:\/\/corecon-se.org.br\/transparencia\/wp-content\/uploads\/2023\/05\/Portaria-015-2023.pdf\">Nomeia Comiss\u00e3o Julgadora do XXII Pr\u00eamio Sergipe de Economia \u201cProf. Jos\u00e9 Alo\u00edsio de Campos\u201d \u2013 vers\u00e3o 2023.<\/a><\/td>\r\n<\/tr>\r\n<tr>\r\n<td><\/td>\r\n<td><\/td>\r\n<\/tr>\r\n<tr>\r\n<td><\/td>\r\n<td><\/td>\r\n<\/tr>\r\n<tr>\r\n<td><\/td>\r\n<td><\/td>\r\n<\/tr>\r\n<tr>\r\n<td><\/td>\r\n<td><\/td>\r\n<\/tr>\r\n<tr>\r\n<td><\/td>\r\n<td><\/td>\r\n<\/tr>\r\n<\/tbody>\r\n<\/table>\r\n<\/td>\r\n<\/tr>\r\n<\/tbody>\r\n<\/table><!-- \/wp:post-content -->","protected":false},"excerpt":{"rendered":"<p>PORTARIAS 2023 N\u00b0 Descri\u00e7\u00e3o 001 Nomeia Gerente Executiva. 002 Designa funcion\u00e1rio respons\u00e1vel pela tesouraria em 2023. 003 Disp\u00f5e sobre a Designa\u00e7\u00e3o da Comiss\u00e3o de Tomada de Contas. 004 Nomeia Comiss\u00e3o de Licita\u00e7\u00e3o. 005 Nomeia Comiss\u00e3o de Pol\u00edtica Econ\u00f4mica. 006 Nomeia Comiss\u00e3o de Avalia\u00e7\u00e3o do Plano de Cargos e Sal\u00e1rios &#8211; PCS. 007 Nomeia Comiss\u00e3o de &hellip; <a href=\"https:\/\/corecon-se.org.br\/transparencia\/atos-normativos\/portarias-2023\/\" class=\"more-link\">Continue reading <span class=\"screen-reader-text\">Portarias 2023<\/span><\/a><\/p>\n","protected":false},"author":2,"featured_media":0,"parent":34,"menu_order":0,"comment_status":"closed","ping_status":"closed","template":"","meta":{"footnotes":""},"class_list":["post-1935","page","type-page","status-publish","hentry"],"_links":{"self":[{"href":"https:\/\/corecon-se.org.br\/transparencia\/wp-json\/wp\/v2\/pages\/1935","targetHints":{"allow":["GET"]}}],"collection":[{"href":"https:\/\/corecon-se.org.br\/transparencia\/wp-json\/wp\/v2\/pages"}],"about":[{"href":"https:\/\/corecon-se.org.br\/transparencia\/wp-json\/wp\/v2\/types\/page"}],"author":[{"embeddable":true,"href":"https:\/\/corecon-se.org.br\/transparencia\/wp-json\/wp\/v2\/users\/2"}],"replies":[{"embeddable":true,"href":"https:\/\/corecon-se.org.br\/transparencia\/wp-json\/wp\/v2\/comments?post=1935"}],"version-history":[{"count":17,"href":"https:\/\/corecon-se.org.br\/transparencia\/wp-json\/wp\/v2\/pages\/1935\/revisions"}],"predecessor-version":[{"id":3387,"href":"https:\/\/corecon-se.org.br\/transparencia\/wp-json\/wp\/v2\/pages\/1935\/revisions\/3387"}],"up":[{"embeddable":true,"href":"https:\/\/corecon-se.org.br\/transparencia\/wp-json\/wp\/v2\/pages\/34"}],"wp:attachment":[{"href":"https:\/\/corecon-se.org.br\/transparencia\/wp-json\/wp\/v2\/media?parent=1935"}],"curies":[{"name":"wp","href":"https:\/\/api.w.org\/{rel}","templated":true}]}}