{"id":1937,"date":"2023-01-07T15:03:48","date_gmt":"2023-01-07T18:03:48","guid":{"rendered":"https:\/\/corecon-se.org.br\/transparencia\/?page_id=1937"},"modified":"2024-03-21T09:56:04","modified_gmt":"2024-03-21T12:56:04","slug":"resolucoes-2023","status":"publish","type":"page","link":"https:\/\/corecon-se.org.br\/transparencia\/atos-normativos\/resolucoes-2023\/","title":{"rendered":"Resolu\u00e7\u00f5es 2023"},"content":{"rendered":"<p>&nbsp;<\/p>\n<table style=\"width: 100%;\" border=\"0\" align=\"center\">\n<tbody>\n<tr style=\"height: 70px;\">\n<th style=\"background-color: #333399; color: #ffffff; height: 70px; text-align: center;\">\n<p align=\"center\"><strong>RESOLU\u00c7\u00d5ES<\/strong><\/p>\n<\/th>\n<\/tr>\n<tr style=\"height: 486px;\">\n<td style=\"height: 486px; background-color: #f5f5f5; vertical-align: text-top;\">\n<p align=\"center\"><span style=\"color: #008080;\"><strong>2023<\/strong><\/span><\/p>\n<table style=\"height: 626px;\">\n<tbody>\n<tr>\n<td style=\"width: 70px;\"><strong><span style=\"color: #666699;\">N\u00b0<\/span><\/strong><\/td>\n<td><span style=\"color: #666699;\"><strong>Descri\u00e7\u00e3o<\/strong><\/span><\/td>\n<\/tr>\n<tr>\n<td>001<\/td>\n<td><a href=\"https:\/\/corecon-se.org.br\/transparencia\/wp-content\/uploads\/2023\/01\/Resolucao-001-2023.pdf\">Renova\u00e7\u00e3o de Ter\u00e7o de Conselheiros e Composi\u00e7\u00e3o do Plen\u00e1rio do CORECON-SE.<\/a><\/td>\n<\/tr>\n<tr>\n<td>002<\/td>\n<td><a href=\"https:\/\/corecon-se.org.br\/transparencia\/wp-content\/uploads\/2023\/01\/Resolucao-002-2023.pdf\">Disp\u00f5e sobre a Administra\u00e7\u00e3o do CORECON-SE.<\/a><\/td>\n<\/tr>\n<tr>\n<td>003<\/td>\n<td><a href=\"https:\/\/corecon-se.org.br\/transparencia\/wp-content\/uploads\/2023\/02\/Resolucao-003-2023-Cancelamento-PF.pdf\">Disp\u00f5e sobre Cancelamento de Registro Definitivo de Pessoa F\u00edsica.<\/a><\/td>\n<\/tr>\n<tr>\n<td>004<\/td>\n<td><a href=\"https:\/\/corecon-se.org.br\/transparencia\/wp-content\/uploads\/2023\/02\/Resolucao-004-2023-Registro-PF.pdf\">Disp\u00f5e sobre Registro Definitivo de Pessoa F\u00edsica.<\/a><\/td>\n<\/tr>\n<tr>\n<td>005<\/td>\n<td><a href=\"https:\/\/corecon-se.org.br\/transparencia\/wp-content\/uploads\/2023\/02\/Resolucao-005-2023-Ativo-com-desconto.pdf\">Disp\u00f5e sobre Tratamento Especial em Fun\u00e7\u00e3o da Idade de Pessoa F\u00edsica.<\/a><\/td>\n<\/tr>\n<tr>\n<td>006<\/td>\n<td><a href=\"https:\/\/corecon-se.org.br\/transparencia\/wp-content\/uploads\/2023\/02\/Resolucao-006-2023-Prestacao-de-Contas.pdf\">Aprova Presta\u00e7\u00e3o de Contas de 2022.<\/a><\/td>\n<\/tr>\n<tr>\n<td>007<\/td>\n<td><a href=\"https:\/\/corecon-se.org.br\/transparencia\/wp-content\/uploads\/2023\/11\/Resolucao-007-2023-Desconto-Anuidade-Primeiro-Registro.pdf\">Disp\u00f5e sobre concess\u00e3o de desconto na anuidade para o rec\u00e9m formado.<\/a><\/td>\n<\/tr>\n<tr>\n<td>008<\/td>\n<td><a href=\"https:\/\/corecon-se.org.br\/transparencia\/wp-content\/uploads\/2023\/05\/Resolucao-008-2023-Cancelamento-PF.pdf\">Disp\u00f5e sobre Cancelamento de Registro Definitivo de Pessoa F\u00edsica.<\/a><\/td>\n<\/tr>\n<tr>\n<td>009<\/td>\n<td><a href=\"https:\/\/corecon-se.org.br\/transparencia\/wp-content\/uploads\/2023\/05\/Resolucao-009-2023-Ativo-com-desconto.pdf\">Disp\u00f5e sobre Tratamento Especial em Fun\u00e7\u00e3o da Idade de Pessoa F\u00edsica.<\/a><\/td>\n<\/tr>\n<tr>\n<td>010<\/td>\n<td><\/td>\n<\/tr>\n<tr>\n<td>011<\/td>\n<td><a href=\"https:\/\/corecon-se.org.br\/transparencia\/wp-content\/uploads\/2023\/05\/Resolucao-011-2023-Cancelamento-PF.pdf\">Disp\u00f5e sobre Cancelamento de Registro Definitivo de Pessoa F\u00edsica.<\/a><\/td>\n<\/tr>\n<tr>\n<td>012<\/td>\n<td><\/td>\n<\/tr>\n<tr>\n<td>013<\/td>\n<td><a href=\"https:\/\/corecon-se.org.br\/transparencia\/wp-content\/uploads\/2023\/05\/Resolucao-013-2023-Balancete-1o-Trimestre.pdf\">Aprova Balancete do 1\u00ba Trimestre de 2023.<\/a><\/td>\n<\/tr>\n<tr>\n<td>014<\/td>\n<td><a href=\"https:\/\/corecon-se.org.br\/transparencia\/wp-content\/uploads\/2023\/05\/Resolucao-014-2023-Registro-PF.pdf\">Disp\u00f5e sobre Registro Definitivo de Pessoa F\u00edsica.<\/a><\/td>\n<\/tr>\n<tr>\n<td>015<\/td>\n<td><a href=\"https:\/\/corecon-se.org.br\/transparencia\/wp-content\/uploads\/2023\/06\/Resolucao-015-2023-Ativo-com-desconto.pdf\">Disp\u00f5e sobre Tratamento Especial em Fun\u00e7\u00e3o da Idade de Pessoa F\u00edsica.<\/a><\/td>\n<\/tr>\n<tr>\n<td>016<\/td>\n<td><a href=\"https:\/\/corecon-se.org.br\/transparencia\/wp-content\/uploads\/2023\/06\/Resolucao-016-2023-Registro-PF.pdf\">Disp\u00f5e sobre Registro Definitivo de Pessoa F\u00edsica.<\/a><\/td>\n<\/tr>\n<tr>\n<td>017<\/td>\n<td><\/td>\n<\/tr>\n<tr>\n<td>018<\/td>\n<td><\/td>\n<\/tr>\n<tr>\n<td>019<\/td>\n<td><\/td>\n<\/tr>\n<tr>\n<td>020<\/td>\n<td><\/td>\n<\/tr>\n<tr>\n<td>021<\/td>\n<td><\/td>\n<\/tr>\n<tr>\n<td>022<\/td>\n<td><a href=\"https:\/\/corecon-se.org.br\/transparencia\/wp-content\/uploads\/2023\/09\/Resolucao-022-2023-Ativo-com-desconto.pdf\">Disp\u00f5e sobre Tratamento Especial em Fun\u00e7\u00e3o da Idade de Pessoa F\u00edsica.<\/a><\/td>\n<\/tr>\n<tr>\n<td>023<\/td>\n<td><a href=\"https:\/\/corecon-se.org.br\/transparencia\/wp-content\/uploads\/2023\/09\/Resolucao-023-2023-Balancete-2o-Trimestre.pdf\">Aprova Balancete do 2\u00ba Trimestre de 2023.<\/a><\/td>\n<\/tr>\n<tr>\n<td>024<\/td>\n<td><a href=\"https:\/\/corecon-se.org.br\/transparencia\/wp-content\/uploads\/2024\/03\/Resolucao-024-2023-Cancelamento-PF.pdf\">Disp\u00f5e sobre Cancelamento de Registro Definitivo de Pessoa F\u00edsica.<\/a><\/td>\n<\/tr>\n<tr>\n<td>025<\/td>\n<td><a href=\"https:\/\/corecon-se.org.br\/transparencia\/wp-content\/uploads\/2024\/03\/Resolucao-025-2023-Reativacao-PF.pdf\">Disp\u00f5e sobre Reativa\u00e7\u00e3o de Registro Definitivo de Pessoa F\u00edsica.<\/a><\/td>\n<\/tr>\n<tr>\n<td>026<\/td>\n<td><a href=\"https:\/\/corecon-se.org.br\/transparencia\/wp-content\/uploads\/2023\/09\/Resolucao-026-2023-Comissao-Eleitoral.pdf\">Nomeia Comiss\u00e3o Eleitoral para renova\u00e7\u00e3o de ter\u00e7o de Conselheiros Efetivos e Suplentes deste CORECON, e de Delegado Eleitor Efetivo e Suplente junto ao Conselho Federal de Economia.<\/a><\/td>\n<\/tr>\n<tr>\n<td>027<\/td>\n<td><a href=\"https:\/\/corecon-se.org.br\/transparencia\/wp-content\/uploads\/2023\/09\/Resolucao-027-2023-Medalha-do-Merito-Economico-Fernando-M.-Marcelino.pdf\">Confere Medalha do M\u00e9rito Econ\u00f4mico \u00e0 personalidade indicada, Econ. Fernando M. Marcelino.<\/a><\/td>\n<\/tr>\n<tr>\n<td>028<\/td>\n<td><a href=\"https:\/\/corecon-se.org.br\/transparencia\/wp-content\/uploads\/2023\/09\/Resolucao-028-2023-Medalha-do-Merito-Economico-Idalino-Souza.pdf\">Confere Medalha do M\u00e9rito Econ\u00f4mico \u00e0 personalidade indicada, Econ. Idalino Souza.<\/a><\/td>\n<\/tr>\n<tr>\n<td>029<\/td>\n<td><a href=\"https:\/\/corecon-se.org.br\/transparencia\/wp-content\/uploads\/2023\/09\/Resolucao-029-2023-Medalha-do-Merito-Economico-Marco-Antonio-Queiroz.pdf\">Confere Medalha do M\u00e9rito Econ\u00f4mico \u00e0 personalidade indicada, Econ. Marco Antonio Queiroz.<\/a><\/td>\n<\/tr>\n<tr>\n<td>030<\/td>\n<td><a href=\"https:\/\/corecon-se.org.br\/transparencia\/wp-content\/uploads\/2023\/09\/Resolucao-030-2023-Medalha-do-Merito-Economico-Maria-Julia-B.-Vasconcelos.pdf\">Confere Medalha do M\u00e9rito Econ\u00f4mico \u00e0 personalidade indicada, Econ. Maria J\u00falia B. Vasconcelos.<\/a><\/td>\n<\/tr>\n<tr>\n<td>031<\/td>\n<td><a href=\"https:\/\/corecon-se.org.br\/transparencia\/wp-content\/uploads\/2023\/09\/Resolucao-031-2023-IX-Recred.pdf\" target=\"_blank\" rel=\"noopener\">IX Programa Nacional de Recupera\u00e7\u00e3o de Cr\u00e9ditos &#8211; Recred.<\/a><\/td>\n<\/tr>\n<tr>\n<td>032<\/td>\n<td><a href=\"https:\/\/corecon-se.org.br\/transparencia\/wp-content\/uploads\/2023\/09\/Resolucao-032-2023-Cancelamento-PF.pdf\">Disp\u00f5e sobre Cancelamento de Registro Definitivo de Pessoa F\u00edsica.<\/a><\/td>\n<\/tr>\n<tr>\n<td>033<\/td>\n<td><a href=\"https:\/\/corecon-se.org.br\/transparencia\/wp-content\/uploads\/2023\/11\/Resolucao-033-2023-Cancelamento-PJ.pdf\">Disp\u00f5e sobre Cancelamento de Pessoa Jur\u00eddica.<\/a><\/td>\n<\/tr>\n<tr>\n<td>034<\/td>\n<td><a href=\"https:\/\/corecon-se.org.br\/transparencia\/wp-content\/uploads\/2023\/11\/Resolucao-034-2023-Registro-PF.pdf\">Disp\u00f5e sobre Registro Definitivo de Pessoa F\u00edsica.<\/a><\/td>\n<\/tr>\n<tr>\n<td>035<\/td>\n<td><a href=\"https:\/\/corecon-se.org.br\/transparencia\/wp-content\/uploads\/2024\/03\/Resolucao-035-2023-Ativo-com-desconto.pdf\">Disp\u00f5e sobre Tratamento Especial Dispensado em Fun\u00e7\u00e3o da Idade.<\/a><\/td>\n<\/tr>\n<tr>\n<td>036<\/td>\n<td><a href=\"https:\/\/corecon-se.org.br\/transparencia\/wp-content\/uploads\/2024\/03\/Resolucao-036-2023-Cancelamento-PF.pdf\">Disp\u00f5e sobre Registro Definitivo de Pessoa F\u00edsica.<\/a><\/td>\n<\/tr>\n<tr>\n<td>037<\/td>\n<td><a href=\"https:\/\/corecon-se.org.br\/transparencia\/wp-content\/uploads\/2023\/11\/Resolucao-037-2023-Balancete-3o-Trimestre.pdf\">Aprova Balancete do 3\u00ba Trimestre de 2023.<\/a><\/td>\n<\/tr>\n<tr>\n<td>038<\/td>\n<td><a href=\"https:\/\/corecon-se.org.br\/transparencia\/wp-content\/uploads\/2023\/11\/Resolucao-038-2023-Proposta-Orcamentaria-2024.pdf\">Aprova a Proposta Or\u00e7ament\u00e1ria do Conselho Regional de Economia da 16\u00aa Regi\u00e3o \u2013 Sergipe, para o exerc\u00edcio de 2024.<\/a><\/td>\n<\/tr>\n<tr>\n<td>039<\/td>\n<td><a href=\"https:\/\/corecon-se.org.br\/transparencia\/wp-content\/uploads\/2023\/11\/Resolucao-039-2023-Anuidades-e-Emolumentos-2024.pdf\">Fixa os valores e formas de pagamento das anuidades, bem como dos emolumentos e multas devidos pelas pessoas f\u00edsicas e jur\u00eddicas inscritas no CORECON-SE, para o exerc\u00edcio de 2024, e d\u00e1 outras provid\u00eancias.<\/a><\/td>\n<\/tr>\n<tr>\n<td>040<\/td>\n<td><a href=\"https:\/\/corecon-se.org.br\/transparencia\/wp-content\/uploads\/2023\/11\/Resolucao-040-2023-Dossie-Eleitoral-2023.pdf\">Aprova o Dossi\u00ea Eleitoral de 2023 relativo ao pleito realizado de 30 a 31 de outubro de 2023, do CORECON-SE.<\/a><\/td>\n<\/tr>\n<tr>\n<td>041<\/td>\n<td><\/td>\n<\/tr>\n<tr>\n<td>042<\/td>\n<td><\/td>\n<\/tr>\n<tr>\n<td>043<\/td>\n<td><\/td>\n<\/tr>\n<tr>\n<td>044<\/td>\n<td><\/td>\n<\/tr>\n<tr>\n<td>045<\/td>\n<td><\/td>\n<\/tr>\n<tr>\n<td>046<\/td>\n<td><\/td>\n<\/tr>\n<tr>\n<td>047<\/td>\n<td><\/td>\n<\/tr>\n<tr>\n<td>048<\/td>\n<td><\/td>\n<\/tr>\n<tr>\n<td>049<\/td>\n<td><\/td>\n<\/tr>\n<tr>\n<td>050<\/td>\n<td><\/td>\n<\/tr>\n<\/tbody>\n<\/table>\n<\/td>\n<\/tr>\n<\/tbody>\n<\/table>\n","protected":false},"excerpt":{"rendered":"<p>&nbsp; RESOLU\u00c7\u00d5ES 2023 N\u00b0 Descri\u00e7\u00e3o 001 Renova\u00e7\u00e3o de Ter\u00e7o de Conselheiros e Composi\u00e7\u00e3o do Plen\u00e1rio do CORECON-SE. 002 Disp\u00f5e sobre a Administra\u00e7\u00e3o do CORECON-SE. 003 Disp\u00f5e sobre Cancelamento de Registro Definitivo de Pessoa F\u00edsica. 004 Disp\u00f5e sobre Registro Definitivo de Pessoa F\u00edsica. 005 Disp\u00f5e sobre Tratamento Especial em Fun\u00e7\u00e3o da Idade de Pessoa F\u00edsica. 006 &hellip; <a href=\"https:\/\/corecon-se.org.br\/transparencia\/atos-normativos\/resolucoes-2023\/\" class=\"more-link\">Continue reading <span class=\"screen-reader-text\">Resolu\u00e7\u00f5es 2023<\/span><\/a><\/p>\n","protected":false},"author":2,"featured_media":0,"parent":34,"menu_order":0,"comment_status":"closed","ping_status":"closed","template":"","meta":{"footnotes":""},"class_list":["post-1937","page","type-page","status-publish","hentry"],"_links":{"self":[{"href":"https:\/\/corecon-se.org.br\/transparencia\/wp-json\/wp\/v2\/pages\/1937","targetHints":{"allow":["GET"]}}],"collection":[{"href":"https:\/\/corecon-se.org.br\/transparencia\/wp-json\/wp\/v2\/pages"}],"about":[{"href":"https:\/\/corecon-se.org.br\/transparencia\/wp-json\/wp\/v2\/types\/page"}],"author":[{"embeddable":true,"href":"https:\/\/corecon-se.org.br\/transparencia\/wp-json\/wp\/v2\/users\/2"}],"replies":[{"embeddable":true,"href":"https:\/\/corecon-se.org.br\/transparencia\/wp-json\/wp\/v2\/comments?post=1937"}],"version-history":[{"count":42,"href":"https:\/\/corecon-se.org.br\/transparencia\/wp-json\/wp\/v2\/pages\/1937\/revisions"}],"predecessor-version":[{"id":2588,"href":"https:\/\/corecon-se.org.br\/transparencia\/wp-json\/wp\/v2\/pages\/1937\/revisions\/2588"}],"up":[{"embeddable":true,"href":"https:\/\/corecon-se.org.br\/transparencia\/wp-json\/wp\/v2\/pages\/34"}],"wp:attachment":[{"href":"https:\/\/corecon-se.org.br\/transparencia\/wp-json\/wp\/v2\/media?parent=1937"}],"curies":[{"name":"wp","href":"https:\/\/api.w.org\/{rel}","templated":true}]}}