{"id":1939,"date":"2023-01-07T15:04:44","date_gmt":"2023-01-07T18:04:44","guid":{"rendered":"https:\/\/corecon-se.org.br\/transparencia\/?page_id=1939"},"modified":"2024-02-15T13:39:50","modified_gmt":"2024-02-15T16:39:50","slug":"atas-2023","status":"publish","type":"page","link":"https:\/\/corecon-se.org.br\/transparencia\/atas\/atas-2023\/","title":{"rendered":"Atas 2023"},"content":{"rendered":"<p><a href=\"https:\/\/corecon-se.org.br\/transparencia\/wp-content\/uploads\/2023\/01\/Termo-de-Posse-Terco-Conselheiros-03012023.pdf\">Ata de Posse 2\u00ba Ter\u00e7o Conselheiros &#8211; 03.01.2023<\/a><\/p>\n<p><a href=\"https:\/\/corecon-se.org.br\/transparencia\/wp-content\/uploads\/2023\/01\/Termo-de-Eleicao-Diretoria-03012023.pdf\">Ata de Elei\u00e7\u00e3o e Posse Diretoria &#8211; 03.01.2023<\/a><\/p>\n<p><a href=\"https:\/\/corecon-se.org.br\/transparencia\/wp-content\/uploads\/2023\/12\/Ata-1a-Sessao-Extraordinaria-03012023-Site.pdf\">Ata 1\u00aa Sess\u00e3o Extraordin\u00e1ria &#8211; 03.01.2023<\/a><\/p>\n<p><a href=\"https:\/\/corecon-se.org.br\/transparencia\/wp-content\/uploads\/2023\/02\/Ata-1a-Sessao-Ordinaria-17012023.pdf\">Ata 1\u00aa Sess\u00e3o Ordin\u00e1ria &#8211; 17.01.2023<\/a><\/p>\n<p><a href=\"https:\/\/corecon-se.org.br\/transparencia\/wp-content\/uploads\/2023\/02\/Ata-2a-Sessao-Extraordinaria-23012023.pdf\">Ata 2\u00aa Sess\u00e3o Extraordin\u00e1ria &#8211; 23.01.2023<\/a><\/p>\n<p><a href=\"https:\/\/corecon-se.org.br\/transparencia\/wp-content\/uploads\/2023\/03\/Ata-2a-Sessao-Ordinaria-23022023-Corrigida.pdf\">Ata 2\u00aa Sess\u00e3o Ordin\u00e1ria &#8211; 23.02.2023<\/a><\/p>\n<p><a href=\"https:\/\/corecon-se.org.br\/transparencia\/wp-content\/uploads\/2023\/05\/Ata-3a-Sessao-Ordinaria-22032023.pdf\">Ata 3\u00aa Sess\u00e3o Ordin\u00e1ria &#8211; 22.03.2023<\/a><\/p>\n<p><a href=\"https:\/\/corecon-se.org.br\/transparencia\/wp-content\/uploads\/2023\/05\/Ata-4a-Sessao-Ordinaria-26042023.pdf\">Ata 4\u00aa Sess\u00e3o Ordin\u00e1ria &#8211; 26.04.2023<\/a><\/p>\n<p><a href=\"https:\/\/corecon-se.org.br\/transparencia\/wp-content\/uploads\/2023\/06\/Ata-5a-Sessao-Ordinaria-25052023.pdf\">Ata 5\u00aa Sess\u00e3o Ordin\u00e1ria &#8211; 25.05.2023<\/a><\/p>\n<p><a href=\"https:\/\/corecon-se.org.br\/transparencia\/wp-content\/uploads\/2023\/07\/Ata-6a-Sessao-Ordinaria-21062023.pdf\">Ata 6\u00aa Sess\u00e3o Ordin\u00e1ria &#8211; 21.06.2023<\/a><\/p>\n<p><a href=\"https:\/\/corecon-se.org.br\/transparencia\/wp-content\/uploads\/2023\/09\/Ata-7a-Sessao-Ordinaria-26072023.pdf\">Ata 7\u00aa Sess\u00e3o Ordin\u00e1ria &#8211; 26.07.2023<\/a><\/p>\n<p><a href=\"https:\/\/corecon-se.org.br\/transparencia\/wp-content\/uploads\/2023\/10\/Ata-8a-Sessao-Ordinaria-30082023.pdf\">Ata 8\u00aa Sess\u00e3o Ordin\u00e1ria &#8211; 30.08.2023<\/a><\/p>\n<p><a href=\"https:\/\/corecon-se.org.br\/transparencia\/wp-content\/uploads\/2023\/11\/Ata-9a-Sessao-Ordinaria-28092023-1.pdf\">Ata 9\u00aa Sess\u00e3o Ordin\u00e1ria &#8211; 28.09.2023<\/a><\/p>\n<p><a href=\"https:\/\/corecon-se.org.br\/transparencia\/wp-content\/uploads\/2023\/11\/Ata-10a-Sessao-Ordinaria-26102023.pdf\">Ata 10\u00aa Sess\u00e3o Ordin\u00e1ria &#8211; 26.10.2023<\/a><\/p>\n<p><a href=\"https:\/\/corecon-se.org.br\/transparencia\/wp-content\/uploads\/2024\/01\/Ata-11a-Sessao-Ordinaria-30112023.pdf\">Ata 11\u00aa Sess\u00e3o Ordin\u00e1ria &#8211; 30.11.2023<\/a><\/p>\n<p><a href=\"https:\/\/corecon-se.org.br\/transparencia\/wp-content\/uploads\/2024\/02\/Ata-12a-Sessao-Ordinaria-14122023.pdf\">Ata 12\u00aa Sess\u00e3o Ordin\u00e1ria &#8211; 14.12.2023<\/a><\/p>\n","protected":false},"excerpt":{"rendered":"<p>Ata de Posse 2\u00ba Ter\u00e7o Conselheiros &#8211; 03.01.2023 Ata de Elei\u00e7\u00e3o e Posse Diretoria &#8211; 03.01.2023 Ata 1\u00aa Sess\u00e3o Extraordin\u00e1ria &#8211; 03.01.2023 Ata 1\u00aa Sess\u00e3o Ordin\u00e1ria &#8211; 17.01.2023 Ata 2\u00aa Sess\u00e3o Extraordin\u00e1ria &#8211; 23.01.2023 Ata 2\u00aa Sess\u00e3o Ordin\u00e1ria &#8211; 23.02.2023 Ata 3\u00aa Sess\u00e3o Ordin\u00e1ria &#8211; 22.03.2023 Ata 4\u00aa Sess\u00e3o Ordin\u00e1ria &#8211; 26.04.2023 Ata 5\u00aa Sess\u00e3o &hellip; <a href=\"https:\/\/corecon-se.org.br\/transparencia\/atas\/atas-2023\/\" class=\"more-link\">Continue reading <span class=\"screen-reader-text\">Atas 2023<\/span><\/a><\/p>\n","protected":false},"author":2,"featured_media":0,"parent":32,"menu_order":0,"comment_status":"closed","ping_status":"closed","template":"","meta":{"footnotes":""},"class_list":["post-1939","page","type-page","status-publish","hentry"],"_links":{"self":[{"href":"https:\/\/corecon-se.org.br\/transparencia\/wp-json\/wp\/v2\/pages\/1939","targetHints":{"allow":["GET"]}}],"collection":[{"href":"https:\/\/corecon-se.org.br\/transparencia\/wp-json\/wp\/v2\/pages"}],"about":[{"href":"https:\/\/corecon-se.org.br\/transparencia\/wp-json\/wp\/v2\/types\/page"}],"author":[{"embeddable":true,"href":"https:\/\/corecon-se.org.br\/transparencia\/wp-json\/wp\/v2\/users\/2"}],"replies":[{"embeddable":true,"href":"https:\/\/corecon-se.org.br\/transparencia\/wp-json\/wp\/v2\/comments?post=1939"}],"version-history":[{"count":21,"href":"https:\/\/corecon-se.org.br\/transparencia\/wp-json\/wp\/v2\/pages\/1939\/revisions"}],"predecessor-version":[{"id":2920,"href":"https:\/\/corecon-se.org.br\/transparencia\/wp-json\/wp\/v2\/pages\/1939\/revisions\/2920"}],"up":[{"embeddable":true,"href":"https:\/\/corecon-se.org.br\/transparencia\/wp-json\/wp\/v2\/pages\/32"}],"wp:attachment":[{"href":"https:\/\/corecon-se.org.br\/transparencia\/wp-json\/wp\/v2\/media?parent=1939"}],"curies":[{"name":"wp","href":"https:\/\/api.w.org\/{rel}","templated":true}]}}