{"id":2058,"date":"2023-02-25T12:33:01","date_gmt":"2023-02-25T15:33:01","guid":{"rendered":"https:\/\/corecon-se.org.br\/transparencia\/?page_id=2058"},"modified":"2025-04-05T16:26:05","modified_gmt":"2025-04-05T19:26:05","slug":"livro-diario","status":"publish","type":"page","link":"https:\/\/corecon-se.org.br\/transparencia\/livro-diario\/","title":{"rendered":"Livro Di\u00e1rio"},"content":{"rendered":"<p><strong>2024<\/strong><br \/>\n<a href=\"\/transparencia\/wp-content\/uploads\/documentos\/livros-diario\/2024\/2024.xls\">Livro Di\u00e1rio.xls<\/a><br \/>\n<a href=\"\/transparencia\/wp-content\/uploads\/documentos\/livros-diario\/2024\/2024.pdf\" target=\"_blank\" rel=\"noopener noreferer\">Livro Di\u00e1rio.pdf<\/a><\/p>\n<p><strong>2023<\/strong><br \/>\n<a href=\"https:\/\/corecon-se.org.br\/transparencia\/wp-content\/uploads\/2024\/06\/Livro-Diario-2023.xls\">Livro Di\u00e1rio.xls<\/a><br \/>\n<a href=\"https:\/\/corecon-se.org.br\/transparencia\/wp-content\/uploads\/2024\/06\/Livro-Diario-2023.pdf\">Livro Di\u00e1rio.pdf<\/a><\/p>\n<p><strong>2022<\/strong><br \/>\n<a href=\"https:\/\/corecon-se.org.br\/transparencia\/wp-content\/uploads\/2024\/06\/Livro-Diario-2020-1.xls\">Livro Di\u00e1rio.xls<\/a><br \/>\n<a href=\"https:\/\/corecon-se.org.br\/transparencia\/wp-content\/uploads\/2024\/06\/Livro-Diario-2022.pdf\">Livro Di\u00e1rio.pdf<\/a><\/p>\n<p><strong>2021<\/strong><br \/>\n<a href=\"https:\/\/corecon-se.org.br\/transparencia\/wp-content\/uploads\/2024\/06\/Livro-Diario-2021.xls\">Livro Di\u00e1rio.xls<\/a><br \/>\n<a href=\"https:\/\/corecon-se.org.br\/transparencia\/wp-content\/uploads\/2024\/06\/Livro-Diario-2021.pdf\">Livro Di\u00e1rio.pdf<\/a><\/p>\n<p><strong>2020<\/strong><br \/>\n<a href=\"https:\/\/corecon-se.org.br\/transparencia\/wp-content\/uploads\/2024\/06\/Livro-Diario-2020.xls\">Livro Di\u00e1rio.xls<\/a><br \/>\n<a href=\"https:\/\/corecon-se.org.br\/transparencia\/wp-content\/uploads\/2024\/06\/Livro-Diario-2020.pdf\">Livro Di\u00e1rio.pdf<\/a><\/p>\n<p><strong>2019<\/strong><br \/>\n<a href=\"https:\/\/corecon-se.org.br\/transparencia\/wp-content\/uploads\/2024\/06\/Livro-Diario-2019.xls\">Livro Di\u00e1rio.xls<\/a><br \/>\n<a href=\"https:\/\/corecon-se.org.br\/transparencia\/wp-content\/uploads\/2024\/06\/Livro-Diario-2019.pdf\">Livro Di\u00e1rio.pdf<\/a><\/p>\n","protected":false},"excerpt":{"rendered":"<p>2024 Livro Di\u00e1rio.xls Livro Di\u00e1rio.pdf 2023 Livro Di\u00e1rio.xls Livro Di\u00e1rio.pdf 2022 Livro Di\u00e1rio.xls Livro Di\u00e1rio.pdf 2021 Livro Di\u00e1rio.xls Livro Di\u00e1rio.pdf 2020 Livro Di\u00e1rio.xls Livro Di\u00e1rio.pdf 2019 Livro Di\u00e1rio.xls Livro Di\u00e1rio.pdf<\/p>\n","protected":false},"author":2,"featured_media":0,"parent":0,"menu_order":0,"comment_status":"closed","ping_status":"closed","template":"","meta":{"footnotes":""},"class_list":["post-2058","page","type-page","status-publish","hentry"],"_links":{"self":[{"href":"https:\/\/corecon-se.org.br\/transparencia\/wp-json\/wp\/v2\/pages\/2058","targetHints":{"allow":["GET"]}}],"collection":[{"href":"https:\/\/corecon-se.org.br\/transparencia\/wp-json\/wp\/v2\/pages"}],"about":[{"href":"https:\/\/corecon-se.org.br\/transparencia\/wp-json\/wp\/v2\/types\/page"}],"author":[{"embeddable":true,"href":"https:\/\/corecon-se.org.br\/transparencia\/wp-json\/wp\/v2\/users\/2"}],"replies":[{"embeddable":true,"href":"https:\/\/corecon-se.org.br\/transparencia\/wp-json\/wp\/v2\/comments?post=2058"}],"version-history":[{"count":17,"href":"https:\/\/corecon-se.org.br\/transparencia\/wp-json\/wp\/v2\/pages\/2058\/revisions"}],"predecessor-version":[{"id":3729,"href":"https:\/\/corecon-se.org.br\/transparencia\/wp-json\/wp\/v2\/pages\/2058\/revisions\/3729"}],"wp:attachment":[{"href":"https:\/\/corecon-se.org.br\/transparencia\/wp-json\/wp\/v2\/media?parent=2058"}],"curies":[{"name":"wp","href":"https:\/\/api.w.org\/{rel}","templated":true}]}}