{"id":215,"date":"2018-04-12T21:07:32","date_gmt":"2018-04-13T00:07:32","guid":{"rendered":"http:\/\/corecon-se.org.br\/transparencia\/?page_id=215"},"modified":"2023-01-09T09:38:24","modified_gmt":"2023-01-09T12:38:24","slug":"resolucoes-2018","status":"publish","type":"page","link":"https:\/\/corecon-se.org.br\/transparencia\/atos-normativos\/resolucoes-2018\/","title":{"rendered":"Resolu\u00e7\u00f5es 2018"},"content":{"rendered":"<p>&nbsp;<\/p>\n<table style=\"width: 100%;\" border=\"0\" align=\"center\">\n<tbody>\n<tr style=\"height: 70px;\">\n<th style=\"background-color: #333399; color: #ffffff; height: 70px; text-align: center;\">\n<p align=\"center\"><strong>RESOLU\u00c7\u00d5ES<\/strong><\/p>\n<\/th>\n<\/tr>\n<tr style=\"height: 486px;\">\n<td style=\"height: 486px; background-color: #f5f5f5; vertical-align: text-top;\">\n<p align=\"center\"><span style=\"color: #008080;\"><strong>2018<\/strong><\/span><\/p>\n<table style=\"height: 626px;\">\n<tbody>\n<tr>\n<td style=\"width: 70px;\"><strong><span style=\"color: #666699;\">N\u00b0<\/span><\/strong><\/td>\n<td><span style=\"color: #666699;\"><strong>Descri\u00e7\u00e3o<\/strong><\/span><\/td>\n<\/tr>\n<tr>\n<td>001<\/td>\n<td><a href=\"..\/..\/wp-content\/uploads\/documentos\/atos-normativos\/resolucoes\/2018\/Res001-2018.pdf\" target=\"_blank\" rel=\"noopener noreferrer\">Renova\u00e7\u00e3o de Ter\u00e7o de Conselheiros e Composi\u00e7\u00e3o do Plen\u00e1rio do CORECON-SE.<\/a><\/td>\n<\/tr>\n<tr>\n<td>002<\/td>\n<td><a href=\"..\/..\/wp-content\/uploads\/documentos\/atos-normativos\/resolucoes\/2018\/Res002-2018.pdf\" target=\"_blank\" rel=\"noopener noreferrer\">Disp\u00f5e sobre a Administra\u00e7\u00e3o do CORECON-SE.<\/a><\/td>\n<\/tr>\n<tr>\n<td>003<\/td>\n<td><a href=\"..\/..\/wp-content\/uploads\/documentos\/atos-normativos\/resolucoes\/2018\/Res003-2018.pdf\" target=\"_blank\" rel=\"noopener noreferrer\">Disp\u00f5e sobre Cancelamento de Registro Definitivo de Pessoa F\u00edsica do CORECON-SE.<\/a><\/td>\n<\/tr>\n<tr>\n<td>004<\/td>\n<td><a href=\"..\/..\/wp-content\/uploads\/documentos\/atos-normativos\/resolucoes\/2018\/Res004-2018.pdf\" target=\"_blank\" rel=\"noopener noreferrer\">Disp\u00f5e sobre Cancelamento de Registro Definitivo de Pessoa F\u00edsica do CORECON-SE.<\/a><\/td>\n<\/tr>\n<tr>\n<td>005<\/td>\n<td><a href=\"..\/..\/wp-content\/uploads\/documentos\/atos-normativos\/resolucoes\/2018\/Res005-2018.pdf\" target=\"_blank\" rel=\"noopener noreferrer\">Aprova Presta\u00e7\u00e3o de Contas referente ao exerc\u00edcio de 2017.<\/a><\/td>\n<\/tr>\n<tr>\n<td>006<\/td>\n<td><a href=\"..\/..\/wp-content\/uploads\/documentos\/atos-normativos\/resolucoes\/2018\/Res006-2018.pdf\" target=\"_blank\" rel=\"noopener noreferrer\">Disp\u00f5e sobre de Registro Definitivo de Pessoa F\u00edsica.<\/a><\/td>\n<\/tr>\n<tr>\n<td>007<\/td>\n<td><a href=\"..\/..\/wp-content\/uploads\/documentos\/atos-normativos\/resolucoes\/2018\/Res007-2018.pdf\" target=\"_blank\" rel=\"noopener noreferrer\">Disp\u00f5e sobre Cancelamento de Registro Definitivo de Pessoa F\u00edsica.<\/a><\/td>\n<\/tr>\n<tr>\n<td>008<\/td>\n<td><a href=\"..\/..\/wp-content\/uploads\/documentos\/atos-normativos\/resolucoes\/2018\/Res008-2018.pdf\" target=\"_blank\" rel=\"noopener noreferrer\">Disp\u00f5e sobre Tratamento Especial Dispensado em Fun\u00e7\u00e3o da Idade.<\/a><\/td>\n<\/tr>\n<tr>\n<td>009<\/td>\n<td><a href=\"..\/..\/wp-content\/uploads\/documentos\/atos-normativos\/resolucoes\/2018\/Res009-2018.pdf\" target=\"_blank\" rel=\"noopener noreferrer\">Aprova Balancete e demais pe\u00e7as cont\u00e1beis, referente ao 1\u00ba Trimestre de 2018.<\/a><\/td>\n<\/tr>\n<tr>\n<td>010<\/td>\n<td><a href=\"..\/..\/wp-content\/uploads\/documentos\/atos-normativos\/resolucoes\/2018\/Res010-2018.pdf\" target=\"_blank\" rel=\"noopener noreferrer\">Disp\u00f5e sobre Cancelamento de Registro Definitivo de Pessoa F\u00edsica.<\/a><\/td>\n<\/tr>\n<tr>\n<td>011<\/td>\n<td><a href=\"..\/..\/wp-content\/uploads\/documentos\/atos-normativos\/resolucoes\/2018\/Res011-2018.pdf\" target=\"_blank\" rel=\"noopener noreferrer\">Disp\u00f5e sobre a forma de realiza\u00e7\u00e3o das elei\u00e7\u00f5es em 2018.<\/a><\/td>\n<\/tr>\n<tr>\n<td>012<\/td>\n<td><a href=\"..\/..\/wp-content\/uploads\/documentos\/atos-normativos\/resolucoes\/2018\/Res012-2018.pdf\" target=\"_blank\" rel=\"noopener noreferrer\">Nomeia Comiss\u00e3o Eleitoral de 2018.<\/a><\/td>\n<\/tr>\n<tr>\n<td>013<\/td>\n<td><a href=\"..\/..\/wp-content\/uploads\/documentos\/atos-normativos\/resolucoes\/2018\/Res013-2018.pdf\" target=\"_blank\" rel=\"noopener noreferrer\">Disp\u00f5e sobre Cancelamento de Registro Definitivo de Pessoa F\u00edsica.<\/a><\/td>\n<\/tr>\n<tr>\n<td>014<\/td>\n<td><a href=\"..\/..\/wp-content\/uploads\/documentos\/atos-normativos\/resolucoes\/2018\/Res014-2018.pdf\" target=\"_blank\" rel=\"noopener noreferrer\">Disp\u00f5e sobre Tratamento Especial Dispensado em Fun\u00e7\u00e3o da Idade.<\/a><\/td>\n<\/tr>\n<tr>\n<td>015<\/td>\n<td><a href=\"..\/..\/wp-content\/uploads\/documentos\/atos-normativos\/resolucoes\/2018\/Res015-2018.pdf\" target=\"_blank\" rel=\"noopener noreferrer\">Aprova Balancete e demais pe\u00e7as cont\u00e1beis, referente ao 2\u00ba Trimestre de 2018.<\/a><\/td>\n<\/tr>\n<tr>\n<td>016<\/td>\n<td><a href=\"..\/..\/wp-content\/uploads\/documentos\/atos-normativos\/resolucoes\/2018\/Res016-2018.pdf\" target=\"_blank\" rel=\"noopener noreferrer\">Disp\u00f5e sobre Cancelamento de Registro Definitivo de Pessoa F\u00edsica.<\/a><\/td>\n<\/tr>\n<tr>\n<td>017<\/td>\n<td><a href=\"..\/..\/wp-content\/uploads\/documentos\/atos-normativos\/resolucoes\/2018\/Res017-2018.pdf\" target=\"_blank\" rel=\"noopener noreferrer\">Fixa os valores e formas de pagamento das anuidades, bem como dos emolumentos e multas devidos pelas pessoas f\u00edsicas e jur\u00eddicas inscritas no CORECON-SE, para o exerc\u00edcio de 2019.<\/a><\/td>\n<\/tr>\n<tr>\n<td>018<\/td>\n<td><a href=\"..\/..\/wp-content\/uploads\/documentos\/atos-normativos\/resolucoes\/2018\/Res018-2018.pdf\" target=\"_blank\" rel=\"noopener noreferrer\">Aprova Balancete e demais pe\u00e7as cont\u00e1beis, referente ao 3\u00ba Trimestre de 2018.<\/a><\/td>\n<\/tr>\n<tr>\n<td>019<\/td>\n<td><a href=\"..\/..\/wp-content\/uploads\/documentos\/atos-normativos\/resolucoes\/2018\/Res019-2018.pdf\" target=\"_blank\" rel=\"noopener noreferrer\">Disp\u00f5e sobre Tratamento Especial Dispensado em Fun\u00e7\u00e3o da Idade.<\/a><\/td>\n<\/tr>\n<tr>\n<td>020<\/td>\n<td><a href=\"..\/..\/wp-content\/uploads\/documentos\/atos-normativos\/resolucoes\/2018\/Res020-2018.pdf\" target=\"_blank\" rel=\"noopener noreferrer\">Disp\u00f5e sobre Cancelamento de Registro Definitivo de Pessoa F\u00edsica.<\/a><\/td>\n<\/tr>\n<tr>\n<td>021<\/td>\n<td><a href=\"..\/..\/wp-content\/uploads\/documentos\/atos-normativos\/resolucoes\/2018\/Res021-2018.pdf\" target=\"_blank\" rel=\"noopener noreferrer\">Aprova Dossi\u00ea relativo ao Processo Eleitoral de 2018.<\/a><\/td>\n<\/tr>\n<tr>\n<td>022<\/td>\n<td><a href=\"..\/..\/wp-content\/uploads\/documentos\/atos-normativos\/resolucoes\/2018\/Res022-2018.pdf\" target=\"_blank\" rel=\"noopener noreferrer\">Aprova Proposta Or\u00e7ament\u00e1ria para o exerc\u00edcio de 2019.<\/a><\/td>\n<\/tr>\n<tr>\n<td>023<\/td>\n<td><a href=\"..\/..\/wp-content\/uploads\/documentos\/atos-normativos\/resolucoes\/2018\/Res023-2018.pdf\" target=\"_blank\" rel=\"noopener noreferrer\">Disp\u00f5e sobre Cancelamento de Registro Definitivo de Pessoa F\u00edsica.<\/a><\/td>\n<\/tr>\n<tr>\n<td>024<\/td>\n<td><a href=\"..\/..\/wp-content\/uploads\/documentos\/atos-normativos\/resolucoes\/2018\/Res024-2018.pdf\" target=\"_blank\" rel=\"noopener noreferrer\">Disp\u00f5e sobre Tratamento Especial Dispensado em Fun\u00e7\u00e3o da Idade.<\/a><\/td>\n<\/tr>\n<tr>\n<td>025<\/td>\n<td><a href=\"..\/..\/wp-content\/uploads\/documentos\/atos-normativos\/resolucoes\/2018\/Res025-2018.pdf\" target=\"_blank\" rel=\"noopener noreferrer\">Disp\u00f5e sobre Tratamento Especial Dispensado em Fun\u00e7\u00e3o da Idade.<\/a><\/td>\n<\/tr>\n<tr>\n<td>026<\/td>\n<td><a href=\"..\/..\/wp-content\/uploads\/documentos\/atos-normativos\/resolucoes\/2018\/Res026-2018.pdf\" target=\"_blank\" rel=\"noopener noreferrer\">Disp\u00f5e sobre Registro Definitivo de Pessoa F\u00edsica.<\/a><\/td>\n<\/tr>\n<\/tbody>\n<\/table>\n<\/td>\n<\/tr>\n<\/tbody>\n<\/table>\n","protected":false},"excerpt":{"rendered":"<p>&nbsp; RESOLU\u00c7\u00d5ES 2018 N\u00b0 Descri\u00e7\u00e3o 001 Renova\u00e7\u00e3o de Ter\u00e7o de Conselheiros e Composi\u00e7\u00e3o do Plen\u00e1rio do CORECON-SE. 002 Disp\u00f5e sobre a Administra\u00e7\u00e3o do CORECON-SE. 003 Disp\u00f5e sobre Cancelamento de Registro Definitivo de Pessoa F\u00edsica do CORECON-SE. 004 Disp\u00f5e sobre Cancelamento de Registro Definitivo de Pessoa F\u00edsica do CORECON-SE. 005 Aprova Presta\u00e7\u00e3o de Contas referente ao &hellip; <a href=\"https:\/\/corecon-se.org.br\/transparencia\/atos-normativos\/resolucoes-2018\/\" class=\"more-link\">Continue reading <span class=\"screen-reader-text\">Resolu\u00e7\u00f5es 2018<\/span><\/a><\/p>\n","protected":false},"author":2,"featured_media":0,"parent":34,"menu_order":0,"comment_status":"closed","ping_status":"closed","template":"","meta":{"footnotes":""},"class_list":["post-215","page","type-page","status-publish","hentry"],"_links":{"self":[{"href":"https:\/\/corecon-se.org.br\/transparencia\/wp-json\/wp\/v2\/pages\/215","targetHints":{"allow":["GET"]}}],"collection":[{"href":"https:\/\/corecon-se.org.br\/transparencia\/wp-json\/wp\/v2\/pages"}],"about":[{"href":"https:\/\/corecon-se.org.br\/transparencia\/wp-json\/wp\/v2\/types\/page"}],"author":[{"embeddable":true,"href":"https:\/\/corecon-se.org.br\/transparencia\/wp-json\/wp\/v2\/users\/2"}],"replies":[{"embeddable":true,"href":"https:\/\/corecon-se.org.br\/transparencia\/wp-json\/wp\/v2\/comments?post=215"}],"version-history":[{"count":11,"href":"https:\/\/corecon-se.org.br\/transparencia\/wp-json\/wp\/v2\/pages\/215\/revisions"}],"predecessor-version":[{"id":1965,"href":"https:\/\/corecon-se.org.br\/transparencia\/wp-json\/wp\/v2\/pages\/215\/revisions\/1965"}],"up":[{"embeddable":true,"href":"https:\/\/corecon-se.org.br\/transparencia\/wp-json\/wp\/v2\/pages\/34"}],"wp:attachment":[{"href":"https:\/\/corecon-se.org.br\/transparencia\/wp-json\/wp\/v2\/media?parent=215"}],"curies":[{"name":"wp","href":"https:\/\/api.w.org\/{rel}","templated":true}]}}