{"id":219,"date":"2018-04-12T21:17:48","date_gmt":"2018-04-13T00:17:48","guid":{"rendered":"http:\/\/corecon-se.org.br\/transparencia\/?page_id=219"},"modified":"2023-01-09T09:38:54","modified_gmt":"2023-01-09T12:38:54","slug":"resolucoes-2017","status":"publish","type":"page","link":"https:\/\/corecon-se.org.br\/transparencia\/atos-normativos\/resolucoes-2017\/","title":{"rendered":"Resolu\u00e7\u00f5es 2017"},"content":{"rendered":"<p>&nbsp;<\/p>\n<table style=\"width: 100%;\" border=\"0\" align=\"center\">\n<tbody>\n<tr style=\"height: 70px;\">\n<th style=\"background-color: #333399; color: #ffffff; height: 70px; text-align: center;\">\n<p align=\"center\"><strong>RESOLU\u00c7\u00d5ES<\/strong><\/p>\n<\/th>\n<\/tr>\n<tr style=\"height: 486px;\">\n<td style=\"height: 486px; background-color: #f5f5f5; vertical-align: text-top;\">\n<p align=\"center\"><span style=\"color: #008080;\"><strong>2017<\/strong><\/span><\/p>\n<table style=\"height: 626px;\">\n<tbody>\n<tr>\n<td style=\"width: 70px;\"><strong><span style=\"color: #666699;\">N\u00b0<\/span><\/strong><\/td>\n<td><span style=\"color: #666699;\"><strong>Descri\u00e7\u00e3o<\/strong><\/span><\/td>\n<\/tr>\n<tr>\n<td>001<\/td>\n<td><a href=\"..\/..\/wp-content\/uploads\/documentos\/atos-normativos\/resolucoes\/2017\/Res001-2017.pdf\" target=\"_blank\" rel=\"noopener\">Renova\u00e7\u00e3o de Ter\u00e7o de Conselheiros e Composi\u00e7\u00e3o do Plen\u00e1rio do CORECON-SE.<\/a><\/td>\n<\/tr>\n<tr>\n<td>002<\/td>\n<td><a href=\"..\/..\/wp-content\/uploads\/documentos\/atos-normativos\/resolucoes\/2017\/Res002-2017.pdf\" target=\"_blank\" rel=\"noopener\">Disp\u00f5e sobre a Administra\u00e7\u00e3o do CORECON-SE.<\/a><\/td>\n<\/tr>\n<tr>\n<td>003<\/td>\n<td><a href=\"..\/..\/wp-content\/uploads\/documentos\/atos-normativos\/resolucoes\/2017\/Res003-2017.pdf\" target=\"_blank\" rel=\"noopener\">Disp\u00f5e sobre o Tratamento Especial Dispensado em Fun\u00e7\u00e3o da Idade de Pessoa F\u00edsica do CORECON-SE.<\/a><\/td>\n<\/tr>\n<tr>\n<td>004<\/td>\n<td><a href=\"..\/..\/wp-content\/uploads\/documentos\/atos-normativos\/resolucoes\/2017\/Res004-2017.pdf\" target=\"_blank\" rel=\"noopener\">Disp\u00f5e sobre Cancelamento de Registro Definitivo de Pessoa F\u00edsica do CORECON-SE.<\/a><\/td>\n<\/tr>\n<tr>\n<td>005<\/td>\n<td><a href=\"..\/..\/wp-content\/uploads\/documentos\/atos-normativos\/resolucoes\/2017\/Res005-2017.pdf\" target=\"_blank\" rel=\"noopener\">Disp\u00f5e sobre Cancelamento de Registro Definitivo de Pessoa F\u00edsica do CORECON-SE.<\/a><\/td>\n<\/tr>\n<tr>\n<td>006<\/td>\n<td><a href=\"..\/..\/wp-content\/uploads\/documentos\/atos-normativos\/resolucoes\/2017\/Res006-2017.pdf\" target=\"_blank\" rel=\"noopener\">Disp\u00f5e sobre a altera\u00e7\u00e3o da Tabela de Valores dos Servi\u00e7os pertinentes ao recolhimento da Taxa de Emiss\u00e3o da Certid\u00e3o de Registro da Anota\u00e7\u00e3o de Responsabilidade T\u00e9cnica &#8211; ART de Projetos Econ\u00f4mico-Financeiros do CORECON-SE.<\/a><\/td>\n<\/tr>\n<tr>\n<td>007<\/td>\n<td><a href=\"..\/..\/wp-content\/uploads\/documentos\/atos-normativos\/resolucoes\/2017\/Res007-2017.pdf\" target=\"_blank\" rel=\"noopener\">Disp\u00f5e sobre Cancelamento de Registro Definitivo de Pessoa F\u00edsica do CORECON-SE.<\/a><\/td>\n<\/tr>\n<tr>\n<td>008<\/td>\n<td><a href=\"..\/..\/wp-content\/uploads\/documentos\/atos-normativos\/resolucoes\/2017\/Res008-2017.pdf\" target=\"_blank\" rel=\"noopener\">Disp\u00f5e sobre Tratamento Especial Dispensado em Fun\u00e7\u00e3o da Idade no CORECON-SE.<\/a><\/td>\n<\/tr>\n<tr>\n<td>009<\/td>\n<td><a href=\"#\" target=\"_blank\" rel=\"noopener\">&#8211;<\/a><\/td>\n<\/tr>\n<tr>\n<td>010<\/td>\n<td><a href=\"..\/..\/wp-content\/uploads\/documentos\/atos-normativos\/resolucoes\/2017\/Res010-2017.pdf\" target=\"_blank\" rel=\"noopener\">Aprova Presta\u00e7\u00e3o de Contas referente ao exerc\u00edcio de 2016.<\/a><\/td>\n<\/tr>\n<tr>\n<td>011<\/td>\n<td><a href=\"..\/..\/wp-content\/uploads\/documentos\/atos-normativos\/resolucoes\/2017\/Res011-2017.pdf\" target=\"_blank\" rel=\"noopener\">Disp\u00f5e sobre Registro Definitivo de Pessoa F\u00edsica do CORECON-SE.<\/a><\/td>\n<\/tr>\n<tr>\n<td>012<\/td>\n<td><a href=\"..\/..\/wp-content\/uploads\/documentos\/atos-normativos\/resolucoes\/2017\/Res012-2017.pdf\" target=\"_blank\" rel=\"noopener\">Aprova Balancete e demais pe\u00e7as cont\u00e1beis, referente ao 1\u00ba Trimestre de 2017.<\/a><\/td>\n<\/tr>\n<tr>\n<td>013<\/td>\n<td><a href=\"..\/..\/wp-content\/uploads\/documentos\/atos-normativos\/resolucoes\/2017\/Res013-2017.pdf\" target=\"_blank\" rel=\"noopener\">Disp\u00f5e sobre Tratamento Especial Dispensado em Fun\u00e7\u00e3o da Idade no CORECON-SE.<\/a><\/td>\n<\/tr>\n<tr>\n<td>014<\/td>\n<td><a href=\"..\/..\/wp-content\/uploads\/documentos\/atos-normativos\/resolucoes\/2017\/Res014-2017.pdf\" target=\"_blank\" rel=\"noopener\">Disp\u00f5e sobre a forma de realiza\u00e7\u00e3o das elei\u00e7\u00f5es, em 2017, do CORECON-SE.<\/a><\/td>\n<\/tr>\n<tr>\n<td>015<\/td>\n<td><a href=\"..\/..\/wp-content\/uploads\/documentos\/atos-normativos\/resolucoes\/2017\/Res015-2017.pdf\" target=\"_blank\" rel=\"noopener\">Nomeia Comiss\u00e3o Eleitoral para renova\u00e7\u00e3o de Ter\u00e7o do CORECON-SE.<\/a><\/td>\n<\/tr>\n<tr>\n<td>016<\/td>\n<td><a href=\"..\/..\/wp-content\/uploads\/documentos\/atos-normativos\/resolucoes\/2017\/Res016-2017.pdf\" target=\"_blank\" rel=\"noopener\">Disp\u00f5e sobre Tratamento Especial Dispensado em Fun\u00e7\u00e3o da Idade no CORECON-SE.<\/a><\/td>\n<\/tr>\n<tr>\n<td>017<\/td>\n<td><a href=\"..\/..\/wp-content\/uploads\/documentos\/atos-normativos\/resolucoes\/2017\/Res017-2017.pdf\" target=\"_blank\" rel=\"noopener\">Disp\u00f5e sobre Cancelamento de Registro Definitivo de Pessoa F\u00edsica do CORECON-SE.<\/a><\/td>\n<\/tr>\n<tr>\n<td>018<\/td>\n<td><a href=\"..\/..\/wp-content\/uploads\/documentos\/atos-normativos\/resolucoes\/2017\/Res018-2017.pdf\" target=\"_blank\" rel=\"noopener\">Aprova Balancete e demais pe\u00e7as cont\u00e1beis, referente ao 2\u00ba Trimestre de 2017 do CORECON-SE.<\/a><\/td>\n<\/tr>\n<tr>\n<td>019<\/td>\n<td><a href=\"..\/..\/wp-content\/uploads\/documentos\/atos-normativos\/resolucoes\/2017\/Res019-2017.pdf\" target=\"_blank\" rel=\"noopener\">Confere medalha do M\u00e9rito Econ\u00f4mico a Gis\u00e9lia Maria Santos Bezerra.<\/a><\/td>\n<\/tr>\n<tr>\n<td>020<\/td>\n<td><a href=\"..\/..\/wp-content\/uploads\/documentos\/atos-normativos\/resolucoes\/2017\/Res020-2017.pdf\" target=\"_blank\" rel=\"noopener\">Confere medalha do M\u00e9rito Econ\u00f4mico a Elmer Nascimento Matos.<\/a><\/td>\n<\/tr>\n<tr>\n<td>021<\/td>\n<td><a href=\"..\/..\/wp-content\/uploads\/documentos\/atos-normativos\/resolucoes\/2017\/Res021-2017.pdf\" target=\"_blank\" rel=\"noopener\">Confere medalha do M\u00e9rito Econ\u00f4mico a Elizi\u00e1rio Silveira Sobral.<\/a><\/td>\n<\/tr>\n<tr>\n<td>022<\/td>\n<td><a href=\"..\/..\/wp-content\/uploads\/documentos\/atos-normativos\/resolucoes\/2017\/Res022-2017.pdf\" target=\"_blank\" rel=\"noopener\">Disp\u00f5e sobre Tratamento Especial em Fun\u00e7\u00e3o da Idade no CORECON-SE.<\/a><\/td>\n<\/tr>\n<tr>\n<td>023<\/td>\n<td><a href=\"..\/..\/wp-content\/uploads\/documentos\/atos-normativos\/resolucoes\/2017\/Res023-2017.pdf\" target=\"_blank\" rel=\"noopener\">Disp\u00f5e sobre Cancelamento de Registro Definitivo de Pessoa F\u00edsica do CORECON-SE.<\/a><\/td>\n<\/tr>\n<tr>\n<td>024<\/td>\n<td><a href=\"..\/..\/wp-content\/uploads\/documentos\/atos-normativos\/resolucoes\/2017\/Res024-2017.pdf\" target=\"_blank\" rel=\"noopener\">Institui o VII Programa Nacional de Recupera\u00e7\u00e3o de Cr\u00e9ditos no Sistema Cofecon\/Corecons e d\u00e1 outras provid\u00eancias.<\/a><\/td>\n<\/tr>\n<tr>\n<td>025<\/td>\n<td><a href=\"..\/..\/wp-content\/uploads\/documentos\/atos-normativos\/resolucoes\/2017\/Res025-2017.pdf\" target=\"_blank\" rel=\"noopener\">Disp\u00f5e sobre Cancelamento de Registro Definitivo de Pessoa F\u00edsica do CORECON-SE.<\/a><\/td>\n<\/tr>\n<tr>\n<td>026<\/td>\n<td><a href=\"..\/..\/wp-content\/uploads\/documentos\/atos-normativos\/resolucoes\/2017\/Res026-2017.pdf\" target=\"_blank\" rel=\"noopener\">Estabelece crit\u00e9rios, no \u00e2mbito do CORECON\u2013SE, para aprova\u00e7\u00e3o do pedido de inclus\u00e3o no Cadastro Nacional de Peritos de Economia e Finan\u00e7as (CNPEF).<\/a><\/td>\n<\/tr>\n<tr>\n<td>027<\/td>\n<td><a href=\"..\/..\/wp-content\/uploads\/documentos\/atos-normativos\/resolucoes\/2017\/Res027-2017.pdf\" target=\"_blank\" rel=\"noopener\">Aprova Balancete e demais pe\u00e7as cont\u00e1beis, referente ao 3\u00ba Trimestre de 2017 do CORECON-SE.<\/a><\/td>\n<\/tr>\n<tr>\n<td>028<\/td>\n<td><a href=\"..\/..\/wp-content\/uploads\/documentos\/atos-normativos\/resolucoes\/2017\/Res028-2017.pdf\" target=\"_blank\" rel=\"noopener\">Aprova Proposta Or\u00e7ament\u00e1ria para 2018 do CORECON-SE.<\/a><\/td>\n<\/tr>\n<tr>\n<td>029<\/td>\n<td><a href=\"..\/..\/wp-content\/uploads\/documentos\/atos-normativos\/resolucoes\/2017\/Res029-2017.pdf\" target=\"_blank\" rel=\"noopener\">Fixa os valores e formas de pagamento das anuidades.<\/a><\/td>\n<\/tr>\n<tr>\n<td>030<\/td>\n<td><a href=\"..\/..\/wp-content\/uploads\/documentos\/atos-normativos\/resolucoes\/2017\/Res030-2017.pdf\" target=\"_blank\" rel=\"noopener\">Disp\u00f5e sobre Cancelamento de Registro Definitivo de Pessoa F\u00edsica do CORECON-SE.<\/a><\/td>\n<\/tr>\n<tr>\n<td>031<\/td>\n<td><a href=\"..\/..\/wp-content\/uploads\/documentos\/atos-normativos\/resolucoes\/2017\/Res031-2017.pdf\" target=\"_blank\" rel=\"noopener\">Disp\u00f5e sobre Tratamento Especial em Fun\u00e7\u00e3o da Idade no CORECON-SE.<\/a><\/td>\n<\/tr>\n<tr>\n<td>032<\/td>\n<td><a href=\"..\/..\/wp-content\/uploads\/documentos\/atos-normativos\/resolucoes\/2017\/Res032-2017.pdf\" target=\"_blank\" rel=\"noopener\">Disp\u00f5e sobre Cancelamento de Registro Definitivo de Pessoa F\u00edsica do CORECON-SE.<\/a><\/td>\n<\/tr>\n<tr>\n<td>033<\/td>\n<td><a href=\"..\/..\/wp-content\/uploads\/documentos\/atos-normativos\/resolucoes\/2017\/Res033-2017.pdf\" target=\"_blank\" rel=\"noopener\">Disp\u00f5e sobre Registro Definitivo de Pessoa F\u00edsica do CORECON-SE.<\/a><\/td>\n<\/tr>\n<tr>\n<td>034<\/td>\n<td><a href=\"..\/..\/wp-content\/uploads\/documentos\/atos-normativos\/resolucoes\/2017\/Res034-2017.pdf\" target=\"_blank\" rel=\"noopener\">Aprova abertura de Cr\u00e9dito Suplementar do CORECON-SE.<\/a><\/td>\n<\/tr>\n<tr>\n<td>035<\/td>\n<td><a href=\"..\/..\/wp-content\/uploads\/documentos\/atos-normativos\/resolucoes\/2017\/Res035-2017.pdf\" target=\"_blank\" rel=\"noopener\">Disp\u00f5e sobre Cancelamento de Registro Definitivo de Pessoa F\u00edsica do CORECON-SE.<\/a><\/td>\n<\/tr>\n<\/tbody>\n<\/table>\n<\/td>\n<\/tr>\n<\/tbody>\n<\/table>\n","protected":false},"excerpt":{"rendered":"<p>&nbsp; RESOLU\u00c7\u00d5ES 2017 N\u00b0 Descri\u00e7\u00e3o 001 Renova\u00e7\u00e3o de Ter\u00e7o de Conselheiros e Composi\u00e7\u00e3o do Plen\u00e1rio do CORECON-SE. 002 Disp\u00f5e sobre a Administra\u00e7\u00e3o do CORECON-SE. 003 Disp\u00f5e sobre o Tratamento Especial Dispensado em Fun\u00e7\u00e3o da Idade de Pessoa F\u00edsica do CORECON-SE. 004 Disp\u00f5e sobre Cancelamento de Registro Definitivo de Pessoa F\u00edsica do CORECON-SE. 005 Disp\u00f5e sobre &hellip; <a href=\"https:\/\/corecon-se.org.br\/transparencia\/atos-normativos\/resolucoes-2017\/\" class=\"more-link\">Continue reading <span class=\"screen-reader-text\">Resolu\u00e7\u00f5es 2017<\/span><\/a><\/p>\n","protected":false},"author":2,"featured_media":0,"parent":34,"menu_order":0,"comment_status":"closed","ping_status":"closed","template":"","meta":{"footnotes":""},"class_list":["post-219","page","type-page","status-publish","hentry"],"_links":{"self":[{"href":"https:\/\/corecon-se.org.br\/transparencia\/wp-json\/wp\/v2\/pages\/219","targetHints":{"allow":["GET"]}}],"collection":[{"href":"https:\/\/corecon-se.org.br\/transparencia\/wp-json\/wp\/v2\/pages"}],"about":[{"href":"https:\/\/corecon-se.org.br\/transparencia\/wp-json\/wp\/v2\/types\/page"}],"author":[{"embeddable":true,"href":"https:\/\/corecon-se.org.br\/transparencia\/wp-json\/wp\/v2\/users\/2"}],"replies":[{"embeddable":true,"href":"https:\/\/corecon-se.org.br\/transparencia\/wp-json\/wp\/v2\/comments?post=219"}],"version-history":[{"count":5,"href":"https:\/\/corecon-se.org.br\/transparencia\/wp-json\/wp\/v2\/pages\/219\/revisions"}],"predecessor-version":[{"id":1966,"href":"https:\/\/corecon-se.org.br\/transparencia\/wp-json\/wp\/v2\/pages\/219\/revisions\/1966"}],"up":[{"embeddable":true,"href":"https:\/\/corecon-se.org.br\/transparencia\/wp-json\/wp\/v2\/pages\/34"}],"wp:attachment":[{"href":"https:\/\/corecon-se.org.br\/transparencia\/wp-json\/wp\/v2\/media?parent=219"}],"curies":[{"name":"wp","href":"https:\/\/api.w.org\/{rel}","templated":true}]}}