{"id":225,"date":"2018-04-13T13:54:31","date_gmt":"2018-04-13T16:54:31","guid":{"rendered":"http:\/\/corecon-se.org.br\/transparencia\/?page_id=225"},"modified":"2018-04-13T14:46:12","modified_gmt":"2018-04-13T17:46:12","slug":"portarias-2015","status":"publish","type":"page","link":"https:\/\/corecon-se.org.br\/transparencia\/atos-normativos\/portarias-2015\/","title":{"rendered":"Portarias 2015"},"content":{"rendered":"<p>&nbsp;<\/p>\n<table style=\"width: 100%;\" border=\"0\" align=\"center\">\n<tbody>\n<tr style=\"height: 70px;\">\n<th style=\"background-color: #333399; color: #ffffff; height: 70px; text-align: center;\">\n<p align=\"center\"><strong>PORTARIAS<\/strong><\/p>\n<\/th>\n<\/tr>\n<tr style=\"height: 486px;\">\n<td style=\"height: 486px; background-color: #f5f5f5; vertical-align: text-top;\">\n<p align=\"center\"><span style=\"color: #008080;\"><strong>2015<\/strong><\/span><\/p>\n<table style=\"height: 626px;\">\n<tbody>\n<tr>\n<td style=\"width: 70px;\"><strong><span style=\"color: #666699;\">N\u00b0<\/span><\/strong><\/td>\n<td><span style=\"color: #666699;\"><strong>Descri\u00e7\u00e3o<\/strong><\/span><\/td>\n<\/tr>\n<tr>\n<td>001<\/td>\n<td><a href=\"http:\/\/corecon-se.org.br\/documentos\/atosnormativos\/portarias\/2015\/1.pdf\" target=\"_blank\" rel=\"noopener\">Nomeia Gerente Executiva.<\/a><\/td>\n<\/tr>\n<tr>\n<td>002<\/td>\n<td><a href=\"http:\/\/corecon-se.org.br\/documentos\/atosnormativos\/portarias\/2015\/2.pdf\" target=\"_blank\" rel=\"noopener\">Designa a funcion\u00e1ria Artemisa Ribeiro Batista para responder pela Tesouraria em 2016.<\/a><\/td>\n<\/tr>\n<tr>\n<td>003<\/td>\n<td><a href=\"http:\/\/corecon-se.org.br\/documentos\/atosnormativos\/portarias\/2015\/3.pdf\" target=\"_blank\" rel=\"noopener\">Disp\u00f5e sobre a Designa\u00e7\u00e3o da Comiss\u00e3o de Tomada de Contas.<\/a><\/td>\n<\/tr>\n<tr>\n<td>004<\/td>\n<td><a href=\"http:\/\/corecon-se.org.br\/documentos\/atosnormativos\/portarias\/2015\/4.pdf\" target=\"_blank\" rel=\"noopener\">Nomeia Comiss\u00e3o Permanente de Licita\u00e7\u00e3o.<\/a><\/td>\n<\/tr>\n<tr>\n<td>005<\/td>\n<td><a href=\"http:\/\/corecon-se.org.br\/documentos\/atosnormativos\/portarias\/2015\/5.pdf\" target=\"_blank\" rel=\"noopener\">Nomeia Comiss\u00e3o Permanente de Pol\u00edtica Econ\u00f4mica.<\/a><\/td>\n<\/tr>\n<tr>\n<td>006<\/td>\n<td><a href=\"http:\/\/corecon-se.org.br\/documentos\/atosnormativos\/portarias\/2015\/6.pdf\" target=\"_blank\" rel=\"noopener\">Designa Representantes do Conselho Regional de Economia da 16a Regi\u00e3o \u2013 Sergipe, junto \u00e0 Universidade Federal de Sergipe.<\/a><\/td>\n<\/tr>\n<tr>\n<td>007<\/td>\n<td><a href=\"http:\/\/corecon-se.org.br\/documentos\/atosnormativos\/portarias\/2015\/7.pdf\" target=\"_blank\" rel=\"noopener\">Nomeia Comiss\u00e3o de Excel\u00eancia em Gest\u00e3o do Conselho Regional de Economia &#8211; 16a Regi\u00e3o\/SE.<\/a><\/td>\n<\/tr>\n<tr>\n<td>008<\/td>\n<td><a href=\"http:\/\/corecon-se.org.br\/documentos\/atosnormativos\/portarias\/2015\/8.pdf\" target=\"_blank\" rel=\"noopener\">Nomeia Comiss\u00e3o de Avalia\u00e7\u00e3o do Plano de Cargos e Sal\u00e1rios &#8211; PCS.<\/a><\/td>\n<\/tr>\n<tr>\n<td>009<\/td>\n<td><a href=\"http:\/\/corecon-se.org.br\/documentos\/atosnormativos\/portarias\/2015\/9.pdf\" target=\"_blank\" rel=\"noopener\">Nomeia Comiss\u00e3o de para Arrecada\u00e7\u00e3o de Recursos destinados \u00e0 Constru\u00e7\u00e3o do Audit\u00f3rio do Conselho Regional de Economia &#8211; 16a Regi\u00e3o\/SE.<\/a><\/td>\n<\/tr>\n<tr>\n<td>010<\/td>\n<td><a href=\"http:\/\/corecon-se.org.br\/documentos\/atosnormativos\/portarias\/2015\/10.pdf\" target=\"_blank\" rel=\"noopener\">Autoriza o reajuste salarial para os servidores do Conselho Regional de Economia &#8211; 16a Regi\u00e3o\/SE.<\/a><\/td>\n<\/tr>\n<tr>\n<td>011<\/td>\n<td><a href=\"http:\/\/corecon-se.org.br\/documentos\/atosnormativos\/portarias\/2015\/11.pdf\" target=\"_blank\" rel=\"noopener\">Altera o valor do Aux\u00edlio Alimenta\u00e7\u00e3o concedido mensalmente aos servidores do Conselho.<\/a><\/td>\n<\/tr>\n<tr>\n<td>012<\/td>\n<td><a href=\"http:\/\/corecon-se.org.br\/documentos\/atosnormativos\/portarias\/2015\/12.pdf\" target=\"_blank\" rel=\"noopener\">Nomeia Coordenador do XVIII PR\u00caMIO SERGIPE DE ECONOMIA.<\/a><\/td>\n<\/tr>\n<tr>\n<td>013<\/td>\n<td><a href=\"http:\/\/corecon-se.org.br\/documentos\/atosnormativos\/portarias\/2015\/13.pdf\" target=\"_blank\" rel=\"noopener\">Nomeia Comiss\u00e3o Julgadora do XVIII PR\u00caMIO SERGIPE DE ECONOMIA.<\/a><\/td>\n<\/tr>\n<tr>\n<td>014<\/td>\n<td><a href=\"http:\/\/corecon-se.org.br\/documentos\/atosnormativos\/portarias\/2015\/14.pdf\" target=\"_blank\" rel=\"noopener\">Autoriza a mudan\u00e7a de n\u00edvel para os servidores do Conselho Regional de Economia &#8211; 16a Regi\u00e3o\/SE, em virtude da avalia\u00e7\u00e3o do PCS.<\/a><\/td>\n<\/tr>\n<\/tbody>\n<\/table>\n<\/td>\n<\/tr>\n<\/tbody>\n<\/table>\n","protected":false},"excerpt":{"rendered":"<p>&nbsp; PORTARIAS 2015 N\u00b0 Descri\u00e7\u00e3o 001 Nomeia Gerente Executiva. 002 Designa a funcion\u00e1ria Artemisa Ribeiro Batista para responder pela Tesouraria em 2016. 003 Disp\u00f5e sobre a Designa\u00e7\u00e3o da Comiss\u00e3o de Tomada de Contas. 004 Nomeia Comiss\u00e3o Permanente de Licita\u00e7\u00e3o. 005 Nomeia Comiss\u00e3o Permanente de Pol\u00edtica Econ\u00f4mica. 006 Designa Representantes do Conselho Regional de Economia da &hellip; <a href=\"https:\/\/corecon-se.org.br\/transparencia\/atos-normativos\/portarias-2015\/\" class=\"more-link\">Continue reading <span class=\"screen-reader-text\">Portarias 2015<\/span><\/a><\/p>\n","protected":false},"author":5,"featured_media":0,"parent":34,"menu_order":0,"comment_status":"closed","ping_status":"closed","template":"","meta":{"footnotes":""},"class_list":["post-225","page","type-page","status-publish","hentry"],"_links":{"self":[{"href":"https:\/\/corecon-se.org.br\/transparencia\/wp-json\/wp\/v2\/pages\/225","targetHints":{"allow":["GET"]}}],"collection":[{"href":"https:\/\/corecon-se.org.br\/transparencia\/wp-json\/wp\/v2\/pages"}],"about":[{"href":"https:\/\/corecon-se.org.br\/transparencia\/wp-json\/wp\/v2\/types\/page"}],"author":[{"embeddable":true,"href":"https:\/\/corecon-se.org.br\/transparencia\/wp-json\/wp\/v2\/users\/5"}],"replies":[{"embeddable":true,"href":"https:\/\/corecon-se.org.br\/transparencia\/wp-json\/wp\/v2\/comments?post=225"}],"version-history":[{"count":5,"href":"https:\/\/corecon-se.org.br\/transparencia\/wp-json\/wp\/v2\/pages\/225\/revisions"}],"predecessor-version":[{"id":230,"href":"https:\/\/corecon-se.org.br\/transparencia\/wp-json\/wp\/v2\/pages\/225\/revisions\/230"}],"up":[{"embeddable":true,"href":"https:\/\/corecon-se.org.br\/transparencia\/wp-json\/wp\/v2\/pages\/34"}],"wp:attachment":[{"href":"https:\/\/corecon-se.org.br\/transparencia\/wp-json\/wp\/v2\/media?parent=225"}],"curies":[{"name":"wp","href":"https:\/\/api.w.org\/{rel}","templated":true}]}}