{"id":250,"date":"2018-04-19T21:10:21","date_gmt":"2018-04-20T00:10:21","guid":{"rendered":"http:\/\/corecon-se.org.br\/transparencia\/?page_id=250"},"modified":"2018-04-19T21:19:20","modified_gmt":"2018-04-20T00:19:20","slug":"atas-2017","status":"publish","type":"page","link":"https:\/\/corecon-se.org.br\/transparencia\/atas\/atas-2017\/","title":{"rendered":"Atas 2017"},"content":{"rendered":"<p><a href=\"..\/..\/wp-content\/uploads\/documentos\/atas\/2017\/AtaEleicaoDiretoria2017.pdf\" target=\"_blank\" rel=\"noopener\">Ata de Posse da Diretoria<\/a><\/p>\n<p><a href=\"..\/..\/wp-content\/uploads\/documentos\/atas\/2017\/AtaPosseConselheiros.pdf\" target=\"_blank\" rel=\"noopener\">Ata de Posse do Ter\u00e7o Eleito do Conselho<\/a><\/p>\n<p><a href=\"..\/..\/wp-content\/uploads\/documentos\/atas\/2017\/AtaJan-2017.pdf\" target=\"_blank\" rel=\"noopener\">Ata da 1\u00aa Sess\u00e3o Plen\u00e1ria Ordin\u00e1ria 2017<\/a><\/p>\n<p><a href=\"..\/..\/wp-content\/uploads\/documentos\/atas\/2017\/AtaFev-2017.pdf\" target=\"_blank\" rel=\"noopener\">Ata da 2\u00aa Sess\u00e3o Plen\u00e1ria Ordin\u00e1ria 2017<\/a><\/p>\n<p><a href=\"..\/..\/wp-content\/uploads\/documentos\/atas\/2017\/AtaMar-2017.pdf\" target=\"_blank\" rel=\"noopener\">Ata da 3\u00aa Sess\u00e3o Plen\u00e1ria Ordin\u00e1ria 2017<\/a><\/p>\n<p><a href=\"..\/..\/wp-content\/uploads\/documentos\/atas\/2017\/AtaAbr-2017.pdf\" target=\"_blank\" rel=\"noopener\">Ata da 4\u00aa Sess\u00e3o Plen\u00e1ria Ordin\u00e1ria 2017<\/a><\/p>\n<p><a href=\"..\/..\/wp-content\/uploads\/documentos\/atas\/2017\/AtaMai-2017.pdf\" target=\"_blank\" rel=\"noopener\">Ata da 5\u00aa Sess\u00e3o Plen\u00e1ria Ordin\u00e1ria 2017<\/a><\/p>\n<p><a href=\"..\/..\/wp-content\/uploads\/documentos\/atas\/2017\/AtaJun-2017.pdf\" target=\"_blank\" rel=\"noopener\">Ata da 6\u00aa Sess\u00e3o Plen\u00e1ria Ordin\u00e1ria 2017<\/a><\/p>\n<p><a href=\"..\/..\/wp-content\/uploads\/documentos\/atas\/2017\/AtaJul-2017.pdf\" target=\"_blank\" rel=\"noopener\">Ata da 7\u00aa Sess\u00e3o Plen\u00e1ria Ordin\u00e1ria 2017<\/a><\/p>\n<p><a href=\"..\/..\/wp-content\/uploads\/documentos\/atas\/2017\/AtaAgo-2017.pdf\" target=\"_blank\" rel=\"noopener\">Ata da 8\u00aa Sess\u00e3o Plen\u00e1ria Ordin\u00e1ria 2017<\/a><\/p>\n<p><a href=\"..\/..\/wp-content\/uploads\/documentos\/atas\/2017\/AtaSet-2017.pdf\" target=\"_blank\" rel=\"noopener\">Ata da 9\u00aa Sess\u00e3o Plen\u00e1ria Ordin\u00e1ria 2017<\/a><\/p>\n<p><a href=\"..\/..\/wp-content\/uploads\/documentos\/atas\/2017\/AtaOut-2017.pdf\" target=\"_blank\" rel=\"noopener\">Ata da 10\u00aa Sess\u00e3o Plen\u00e1ria Ordin\u00e1ria 2017<\/a><\/p>\n<p><a href=\"..\/..\/wp-content\/uploads\/documentos\/atas\/2017\/AtaNov-2017.pdf\" target=\"_blank\" rel=\"noopener\">Ata da 11\u00aa Sess\u00e3o Plen\u00e1ria Ordin\u00e1ria 2017<\/a><\/p>\n","protected":false},"excerpt":{"rendered":"<p>Ata de Posse da Diretoria Ata de Posse do Ter\u00e7o Eleito do Conselho Ata da 1\u00aa Sess\u00e3o Plen\u00e1ria Ordin\u00e1ria 2017 Ata da 2\u00aa Sess\u00e3o Plen\u00e1ria Ordin\u00e1ria 2017 Ata da 3\u00aa Sess\u00e3o Plen\u00e1ria Ordin\u00e1ria 2017 Ata da 4\u00aa Sess\u00e3o Plen\u00e1ria Ordin\u00e1ria 2017 Ata da 5\u00aa Sess\u00e3o Plen\u00e1ria Ordin\u00e1ria 2017 Ata da 6\u00aa Sess\u00e3o Plen\u00e1ria Ordin\u00e1ria 2017 &hellip; <a href=\"https:\/\/corecon-se.org.br\/transparencia\/atas\/atas-2017\/\" class=\"more-link\">Continue reading <span class=\"screen-reader-text\">Atas 2017<\/span><\/a><\/p>\n","protected":false},"author":2,"featured_media":0,"parent":32,"menu_order":0,"comment_status":"closed","ping_status":"closed","template":"","meta":{"footnotes":""},"class_list":["post-250","page","type-page","status-publish","hentry"],"_links":{"self":[{"href":"https:\/\/corecon-se.org.br\/transparencia\/wp-json\/wp\/v2\/pages\/250","targetHints":{"allow":["GET"]}}],"collection":[{"href":"https:\/\/corecon-se.org.br\/transparencia\/wp-json\/wp\/v2\/pages"}],"about":[{"href":"https:\/\/corecon-se.org.br\/transparencia\/wp-json\/wp\/v2\/types\/page"}],"author":[{"embeddable":true,"href":"https:\/\/corecon-se.org.br\/transparencia\/wp-json\/wp\/v2\/users\/2"}],"replies":[{"embeddable":true,"href":"https:\/\/corecon-se.org.br\/transparencia\/wp-json\/wp\/v2\/comments?post=250"}],"version-history":[{"count":4,"href":"https:\/\/corecon-se.org.br\/transparencia\/wp-json\/wp\/v2\/pages\/250\/revisions"}],"predecessor-version":[{"id":255,"href":"https:\/\/corecon-se.org.br\/transparencia\/wp-json\/wp\/v2\/pages\/250\/revisions\/255"}],"up":[{"embeddable":true,"href":"https:\/\/corecon-se.org.br\/transparencia\/wp-json\/wp\/v2\/pages\/32"}],"wp:attachment":[{"href":"https:\/\/corecon-se.org.br\/transparencia\/wp-json\/wp\/v2\/media?parent=250"}],"curies":[{"name":"wp","href":"https:\/\/api.w.org\/{rel}","templated":true}]}}