{"id":259,"date":"2018-04-20T13:12:04","date_gmt":"2018-04-20T16:12:04","guid":{"rendered":"http:\/\/corecon-se.org.br\/transparencia\/?page_id=259"},"modified":"2018-04-20T13:22:50","modified_gmt":"2018-04-20T16:22:50","slug":"atas-2015","status":"publish","type":"page","link":"https:\/\/corecon-se.org.br\/transparencia\/atas\/atas-2015\/","title":{"rendered":"Atas 2015"},"content":{"rendered":"<p><a href=\"..\/..\/wp-content\/uploads\/documentos\/atas\/2015\/AtaEleicaoDiretoria2015.pdf\" target=\"_blank\" rel=\"noopener\">Ata de Posse da Diretoria<\/a><\/p>\n<p><a href=\"..\/..\/wp-content\/uploads\/documentos\/atas\/2015\/AtaPosseConselheiros2015.pdf\" target=\"_blank\" rel=\"noopener\">Ata de Posse do Ter\u00e7o Eleito do Conselho<\/a><\/p>\n<p><a href=\"..\/..\/wp-content\/uploads\/documentos\/atas\/2015\/AtaJan-15.pdf\" target=\"_blank\" rel=\"noopener\">Ata da 1\u00aa Sess\u00e3o Plen\u00e1ria Ordin\u00e1ria 2015<\/a><\/p>\n<p><a href=\"..\/..\/wp-content\/uploads\/documentos\/atas\/2015\/AtaFev-15.pdf\" target=\"_blank\" rel=\"noopener\">Ata da 2\u00aa Sess\u00e3o Plen\u00e1ria Ordin\u00e1ria 2015<\/a><\/p>\n<p><a href=\"..\/..\/wp-content\/uploads\/documentos\/atas\/2015\/AtaMar-15.pdf\" target=\"_blank\" rel=\"noopener\">Ata da 3\u00aa Sess\u00e3o Plen\u00e1ria Ordin\u00e1ria 2015<\/a><\/p>\n<p><a href=\"..\/..\/wp-content\/uploads\/documentos\/atas\/2015\/AtaAbr-15.pdf\" target=\"_blank\" rel=\"noopener\">Ata da 4\u00aa Sess\u00e3o Plen\u00e1ria Ordin\u00e1ria 2015<\/a><\/p>\n<p><a href=\"..\/..\/wp-content\/uploads\/documentos\/atas\/2015\/AtaMai-15.pdf\" target=\"_blank\" rel=\"noopener\">Ata da 5\u00aa Sess\u00e3o Plen\u00e1ria Ordin\u00e1ria 2015<\/a><\/p>\n<p><a href=\"..\/..\/wp-content\/uploads\/documentos\/atas\/2015\/AtaJul-15.pdf\" target=\"_blank\" rel=\"noopener\">Ata da 6\u00aa Sess\u00e3o Plen\u00e1ria Ordin\u00e1ria 2015<\/a><\/p>\n<p><a href=\"..\/..\/wp-content\/uploads\/documentos\/atas\/2015\/AtaAgo-15.pdf\" target=\"_blank\" rel=\"noopener\">Ata da 7\u00aa Sess\u00e3o Plen\u00e1ria Ordin\u00e1ria 2015<\/a><\/p>\n<p><a href=\"..\/..\/wp-content\/uploads\/documentos\/atas\/2015\/AtaSet-15.pdf\" target=\"_blank\" rel=\"noopener\">Ata da 8\u00aa Sess\u00e3o Plen\u00e1ria Ordin\u00e1ria 2015<\/a><\/p>\n<p><a href=\"..\/..\/wp-content\/uploads\/documentos\/atas\/2015\/AtaOut-15.pdf\" target=\"_blank\" rel=\"noopener\">Ata da 9\u00aa Sess\u00e3o Plen\u00e1ria Ordin\u00e1ria 2015<\/a><\/p>\n<p><a href=\"..\/..\/wp-content\/uploads\/documentos\/atas\/2015\/AtaDez-15.pdf\" target=\"_blank\" rel=\"noopener\">Ata da 10\u00aa Sess\u00e3o Plen\u00e1ria Ordin\u00e1ria 2015<\/a><\/p>\n","protected":false},"excerpt":{"rendered":"<p>Ata de Posse da Diretoria Ata de Posse do Ter\u00e7o Eleito do Conselho Ata da 1\u00aa Sess\u00e3o Plen\u00e1ria Ordin\u00e1ria 2015 Ata da 2\u00aa Sess\u00e3o Plen\u00e1ria Ordin\u00e1ria 2015 Ata da 3\u00aa Sess\u00e3o Plen\u00e1ria Ordin\u00e1ria 2015 Ata da 4\u00aa Sess\u00e3o Plen\u00e1ria Ordin\u00e1ria 2015 Ata da 5\u00aa Sess\u00e3o Plen\u00e1ria Ordin\u00e1ria 2015 Ata da 6\u00aa Sess\u00e3o Plen\u00e1ria Ordin\u00e1ria 2015 &hellip; <a href=\"https:\/\/corecon-se.org.br\/transparencia\/atas\/atas-2015\/\" class=\"more-link\">Continue reading <span class=\"screen-reader-text\">Atas 2015<\/span><\/a><\/p>\n","protected":false},"author":2,"featured_media":0,"parent":32,"menu_order":0,"comment_status":"closed","ping_status":"closed","template":"","meta":{"footnotes":""},"class_list":["post-259","page","type-page","status-publish","hentry"],"_links":{"self":[{"href":"https:\/\/corecon-se.org.br\/transparencia\/wp-json\/wp\/v2\/pages\/259","targetHints":{"allow":["GET"]}}],"collection":[{"href":"https:\/\/corecon-se.org.br\/transparencia\/wp-json\/wp\/v2\/pages"}],"about":[{"href":"https:\/\/corecon-se.org.br\/transparencia\/wp-json\/wp\/v2\/types\/page"}],"author":[{"embeddable":true,"href":"https:\/\/corecon-se.org.br\/transparencia\/wp-json\/wp\/v2\/users\/2"}],"replies":[{"embeddable":true,"href":"https:\/\/corecon-se.org.br\/transparencia\/wp-json\/wp\/v2\/comments?post=259"}],"version-history":[{"count":2,"href":"https:\/\/corecon-se.org.br\/transparencia\/wp-json\/wp\/v2\/pages\/259\/revisions"}],"predecessor-version":[{"id":264,"href":"https:\/\/corecon-se.org.br\/transparencia\/wp-json\/wp\/v2\/pages\/259\/revisions\/264"}],"up":[{"embeddable":true,"href":"https:\/\/corecon-se.org.br\/transparencia\/wp-json\/wp\/v2\/pages\/32"}],"wp:attachment":[{"href":"https:\/\/corecon-se.org.br\/transparencia\/wp-json\/wp\/v2\/media?parent=259"}],"curies":[{"name":"wp","href":"https:\/\/api.w.org\/{rel}","templated":true}]}}