{"id":262,"date":"2018-04-20T13:21:57","date_gmt":"2018-04-20T16:21:57","guid":{"rendered":"http:\/\/corecon-se.org.br\/transparencia\/?page_id=262"},"modified":"2018-04-20T13:21:57","modified_gmt":"2018-04-20T16:21:57","slug":"atas-2014","status":"publish","type":"page","link":"https:\/\/corecon-se.org.br\/transparencia\/atas\/atas-2014\/","title":{"rendered":"Atas 2014"},"content":{"rendered":"<p><a href=\"..\/..\/wp-content\/uploads\/documentos\/atas\/2014\/AtaEleicaoDiretoria2014.pdf\" target=\"_blank\" rel=\"noopener\">Ata de Posse da Diretoria<\/a><\/p>\n<p><a href=\"..\/..\/wp-content\/uploads\/documentos\/atas\/2014\/AtaPosseConselheiros2014.pdf\" target=\"_blank\" rel=\"noopener\">Ata de Posse do Ter\u00e7o Eleito do Conselho<\/a><\/p>\n<p><a href=\"..\/..\/wp-content\/uploads\/documentos\/atas\/2014\/AtaJan-14.pdf\" target=\"_blank\" rel=\"noopener\">Ata da 1\u00aa Sess\u00e3o Plen\u00e1ria Ordin\u00e1ria 2014<\/a><\/p>\n<p><a href=\"..\/..\/wp-content\/uploads\/documentos\/atas\/2014\/AtaFev-14.pdf\" target=\"_blank\" rel=\"noopener\">Ata da 2\u00aa Sess\u00e3o Plen\u00e1ria Ordin\u00e1ria 2014<\/a><\/p>\n<p><a href=\"..\/..\/wp-content\/uploads\/documentos\/atas\/2014\/AtaMar-14.pdf\" target=\"_blank\" rel=\"noopener\">Ata da 3\u00aa Sess\u00e3o Plen\u00e1ria Ordin\u00e1ria 2014<\/a><\/p>\n<p><a href=\"..\/..\/wp-content\/uploads\/documentos\/atas\/2014\/AtaAbr-14.pdf\" target=\"_blank\" rel=\"noopener\">Ata da 4\u00aa Sess\u00e3o Plen\u00e1ria Ordin\u00e1ria 2014<\/a><\/p>\n<p><a href=\"..\/..\/wp-content\/uploads\/documentos\/atas\/2014\/AtaMai-14.pdf\" target=\"_blank\" rel=\"noopener\">Ata da 5\u00aa Sess\u00e3o Plen\u00e1ria Ordin\u00e1ria 2014<\/a><\/p>\n<p><a href=\"..\/..\/wp-content\/uploads\/documentos\/atas\/2014\/AtaJun-14.pdf\" target=\"_blank\" rel=\"noopener\">Ata da 6\u00aa Sess\u00e3o Plen\u00e1ria Ordin\u00e1ria 2016<\/a><\/p>\n<p><a href=\"..\/..\/wp-content\/uploads\/documentos\/atas\/2014\/AtaJul-14.pdf\" target=\"_blank\" rel=\"noopener\">Ata da 7\u00aa Sess\u00e3o Plen\u00e1ria Ordin\u00e1ria 2014<\/a><\/p>\n<p><a href=\"..\/..\/wp-content\/uploads\/documentos\/atas\/2014\/AtaAgo-14.pdf\" target=\"_blank\" rel=\"noopener\">Ata da 8\u00aa Sess\u00e3o Plen\u00e1ria Ordin\u00e1ria 2014<\/a><\/p>\n<p><a href=\"..\/..\/wp-content\/uploads\/documentos\/atas\/2014\/AtaSet-14.pdf\" target=\"_blank\" rel=\"noopener\">Ata da 9\u00aa Sess\u00e3o Plen\u00e1ria Ordin\u00e1ria 2014<\/a><\/p>\n<p><a href=\"..\/..\/wp-content\/uploads\/documentos\/atas\/2014\/AtaOut-14.pdf\" target=\"_blank\" rel=\"noopener\">Ata da 10\u00aa Sess\u00e3o Plen\u00e1ria Ordin\u00e1ria 2014<\/a><\/p>\n<p><a href=\"..\/..\/wp-content\/uploads\/documentos\/atas\/2014\/AtaNov-14.pdf\" target=\"_blank\" rel=\"noopener\">Ata da 11\u00aa Sess\u00e3o Plen\u00e1ria Ordin\u00e1ria 2014<\/a><\/p>\n<p><a href=\"..\/..\/wp-content\/uploads\/documentos\/atas\/2014\/AtaDez-14.pdf\" target=\"_blank\" rel=\"noopener\">Ata da 12\u00aa Sess\u00e3o Plen\u00e1ria Ordin\u00e1ria 2014<\/a><\/p>\n","protected":false},"excerpt":{"rendered":"<p>Ata de Posse da Diretoria Ata de Posse do Ter\u00e7o Eleito do Conselho Ata da 1\u00aa Sess\u00e3o Plen\u00e1ria Ordin\u00e1ria 2014 Ata da 2\u00aa Sess\u00e3o Plen\u00e1ria Ordin\u00e1ria 2014 Ata da 3\u00aa Sess\u00e3o Plen\u00e1ria Ordin\u00e1ria 2014 Ata da 4\u00aa Sess\u00e3o Plen\u00e1ria Ordin\u00e1ria 2014 Ata da 5\u00aa Sess\u00e3o Plen\u00e1ria Ordin\u00e1ria 2014 Ata da 6\u00aa Sess\u00e3o Plen\u00e1ria Ordin\u00e1ria 2016 &hellip; <a href=\"https:\/\/corecon-se.org.br\/transparencia\/atas\/atas-2014\/\" class=\"more-link\">Continue reading <span class=\"screen-reader-text\">Atas 2014<\/span><\/a><\/p>\n","protected":false},"author":2,"featured_media":0,"parent":32,"menu_order":0,"comment_status":"closed","ping_status":"closed","template":"","meta":{"footnotes":""},"class_list":["post-262","page","type-page","status-publish","hentry"],"_links":{"self":[{"href":"https:\/\/corecon-se.org.br\/transparencia\/wp-json\/wp\/v2\/pages\/262","targetHints":{"allow":["GET"]}}],"collection":[{"href":"https:\/\/corecon-se.org.br\/transparencia\/wp-json\/wp\/v2\/pages"}],"about":[{"href":"https:\/\/corecon-se.org.br\/transparencia\/wp-json\/wp\/v2\/types\/page"}],"author":[{"embeddable":true,"href":"https:\/\/corecon-se.org.br\/transparencia\/wp-json\/wp\/v2\/users\/2"}],"replies":[{"embeddable":true,"href":"https:\/\/corecon-se.org.br\/transparencia\/wp-json\/wp\/v2\/comments?post=262"}],"version-history":[{"count":1,"href":"https:\/\/corecon-se.org.br\/transparencia\/wp-json\/wp\/v2\/pages\/262\/revisions"}],"predecessor-version":[{"id":263,"href":"https:\/\/corecon-se.org.br\/transparencia\/wp-json\/wp\/v2\/pages\/262\/revisions\/263"}],"up":[{"embeddable":true,"href":"https:\/\/corecon-se.org.br\/transparencia\/wp-json\/wp\/v2\/pages\/32"}],"wp:attachment":[{"href":"https:\/\/corecon-se.org.br\/transparencia\/wp-json\/wp\/v2\/media?parent=262"}],"curies":[{"name":"wp","href":"https:\/\/api.w.org\/{rel}","templated":true}]}}