{"id":279,"date":"2018-05-27T22:25:44","date_gmt":"2018-05-28T01:25:44","guid":{"rendered":"http:\/\/corecon-se.org.br\/transparencia\/?page_id=279"},"modified":"2021-01-09T23:40:28","modified_gmt":"2021-01-10T02:40:28","slug":"apresentacao","status":"publish","type":"page","link":"https:\/\/corecon-se.org.br\/transparencia\/apresentacao\/","title":{"rendered":"Apresenta\u00e7\u00e3o"},"content":{"rendered":"<p style=\"text-align: left;\">O Conselho Regional de Economia da 16\u00aa Regi\u00e3o (CORECON-SE), criado pela Resolu\u00e7\u00e3o n\u00ba 562, de 09 de dezembro de 1971, institu\u00eddo pela Lei n\u00ba 1.411, de 13 de agosto de 1951, e regulamentado pelo Decreto n\u00ba 31.794, de 17 de novembro de 1952, com sede e foro na cidade de Aracaju e jurisdi\u00e7\u00e3o em todo o Estado de Sergipe, \u00e9 Autarquia Federal dotada de personalidade jur\u00eddica de direito p\u00fablico, com autonomia administrativa e financeira, e pertencente ao sistema CORECONs\/COFECON, legalmente constitu\u00eddo para registrar, disciplinar e exercer a fiscaliza\u00e7\u00e3o das Pessoas F\u00edsicas e Jur\u00eddicas que atuam no campo profissional do Economista.<\/p>\n<p style=\"text-align: left;\"><strong>Miss\u00e3o: <\/strong>Orientar, supervisionar, disciplinar e fiscalizar o exerc\u00edcio da profiss\u00e3o de economista em todo territ\u00f3rio sergipano e contribuir para o desenvolvimento econ\u00f4mico do Estado, de forma \u00e9tica e respons\u00e1vel.<\/p>\n<p style=\"text-align: left;\"><strong>Vis\u00e3o: <\/strong>Ser visto pelo economista sergipano como um \u00d3rg\u00e3o de atua\u00e7\u00e3o e valoriza\u00e7\u00e3o da profiss\u00e3o de economista.<\/p>\n<p style=\"text-align: left;\"><strong>Valores: <\/strong>Respeitar e valorizar as compet\u00eancias e possibilidades dos colaboradores; respeitar e valorizar o profissional de economia; atuar com, \u00e9tica, transpar\u00eancia, responsabilidade social e ambiental; ter compromisso com o desenvolvimento econ\u00f4mico e social do Estado; defender e preservar o campo de atua\u00e7\u00e3o profissional do economista; promover continuamente a capacita\u00e7\u00e3o do economista.<\/p>\n","protected":false},"excerpt":{"rendered":"<p>O Conselho Regional de Economia da 16\u00aa Regi\u00e3o (CORECON-SE), criado pela Resolu\u00e7\u00e3o n\u00ba 562, de 09 de dezembro de 1971, institu\u00eddo pela Lei n\u00ba 1.411, de 13 de agosto de 1951, e regulamentado pelo Decreto n\u00ba 31.794, de 17 de novembro de 1952, com sede e foro na cidade de Aracaju e jurisdi\u00e7\u00e3o em todo &hellip; <a href=\"https:\/\/corecon-se.org.br\/transparencia\/apresentacao\/\" class=\"more-link\">Continue reading <span class=\"screen-reader-text\">Apresenta\u00e7\u00e3o<\/span><\/a><\/p>\n","protected":false},"author":5,"featured_media":0,"parent":0,"menu_order":0,"comment_status":"closed","ping_status":"closed","template":"","meta":{"footnotes":""},"class_list":["post-279","page","type-page","status-publish","hentry"],"_links":{"self":[{"href":"https:\/\/corecon-se.org.br\/transparencia\/wp-json\/wp\/v2\/pages\/279","targetHints":{"allow":["GET"]}}],"collection":[{"href":"https:\/\/corecon-se.org.br\/transparencia\/wp-json\/wp\/v2\/pages"}],"about":[{"href":"https:\/\/corecon-se.org.br\/transparencia\/wp-json\/wp\/v2\/types\/page"}],"author":[{"embeddable":true,"href":"https:\/\/corecon-se.org.br\/transparencia\/wp-json\/wp\/v2\/users\/5"}],"replies":[{"embeddable":true,"href":"https:\/\/corecon-se.org.br\/transparencia\/wp-json\/wp\/v2\/comments?post=279"}],"version-history":[{"count":8,"href":"https:\/\/corecon-se.org.br\/transparencia\/wp-json\/wp\/v2\/pages\/279\/revisions"}],"predecessor-version":[{"id":761,"href":"https:\/\/corecon-se.org.br\/transparencia\/wp-json\/wp\/v2\/pages\/279\/revisions\/761"}],"wp:attachment":[{"href":"https:\/\/corecon-se.org.br\/transparencia\/wp-json\/wp\/v2\/media?parent=279"}],"curies":[{"name":"wp","href":"https:\/\/api.w.org\/{rel}","templated":true}]}}