{"id":2841,"date":"2024-01-09T21:52:37","date_gmt":"2024-01-10T00:52:37","guid":{"rendered":"https:\/\/corecon-se.org.br\/transparencia\/?page_id=2841"},"modified":"2025-01-13T16:06:04","modified_gmt":"2025-01-13T19:06:04","slug":"atas-2024","status":"publish","type":"page","link":"https:\/\/corecon-se.org.br\/transparencia\/atas\/atas-2024\/","title":{"rendered":"Atas 2024"},"content":{"rendered":"<p><a href=\"https:\/\/corecon-se.org.br\/transparencia\/wp-content\/uploads\/2024\/01\/Termo-de-Posse-Consel-04012024.pdf\">Ata de Posse 3\u00ba Ter\u00e7o Conselheiros &#8211; 04.01.2024<\/a><\/p>\n<p><a href=\"https:\/\/corecon-se.org.br\/transparencia\/wp-content\/uploads\/2024\/01\/Termo-de-Posse-Diretoria-04012024.pdf\">Ata de Elei\u00e7\u00e3o e Posse Diretoria &#8211; 04.01.2024<\/a><\/p>\n<p><a href=\"https:\/\/corecon-se.org.br\/transparencia\/wp-content\/uploads\/2024\/01\/Ata-1a-Sessao-Extraordinaria-04012024-Site.pdf\">Ata 1\u00aa Sess\u00e3o Extraordin\u00e1ria &#8211; 04.01.2024<\/a><\/p>\n<p><a href=\"https:\/\/corecon-se.org.br\/transparencia\/wp-content\/uploads\/2024\/03\/Ata-1a-Sessao-Ordinaria-30012024.pdf\">Ata 1\u00aa Sess\u00e3o Ordin\u00e1ria &#8211; 30.01.2024<\/a><\/p>\n<p><a href=\"https:\/\/corecon-se.org.br\/transparencia\/wp-content\/uploads\/2024\/03\/Ata-2a-Sessao-Ordinaria-27022024.pdf\">Ata 2\u00aa Sess\u00e3o Ordin\u00e1ria &#8211; 27.02.2024<\/a><\/p>\n<p><a href=\"https:\/\/corecon-se.org.br\/transparencia\/wp-content\/uploads\/2024\/06\/Ata-3a-Sessao-Ordinaria-Revisada.pdf\">Ata 3\u00aa Sess\u00e3o Ordin\u00e1ria &#8211; 10.04.2024<\/a><\/p>\n<p><a href=\"https:\/\/corecon-se.org.br\/transparencia\/wp-content\/uploads\/2024\/06\/Ata-4a-Sessao-Ordinaria-25042024.pdf\">Ata 4\u00aa Sess\u00e3o Ordin\u00e1ria &#8211; 25.04.2024<\/a><\/p>\n<p><a href=\"https:\/\/corecon-se.org.br\/transparencia\/wp-content\/uploads\/2024\/09\/Ata-5a-Sessao-Ordinaria-19062024-Corrigida.pdf\">Ata 5\u00aa Sess\u00e3o Ordin\u00e1ria &#8211; 19.06.2024<\/a><\/p>\n<p><a href=\"https:\/\/corecon-se.org.br\/transparencia\/wp-content\/uploads\/2024\/08\/Ata-6a-Sessao-Ordinaria-11072024.pdf\">Ata 6\u00aa Sess\u00e3o Ordin\u00e1ria &#8211; 11.07.2024<\/a><\/p>\n<p><a href=\"https:\/\/corecon-se.org.br\/transparencia\/wp-content\/uploads\/2024\/10\/Ata-7a-Sessao-Ordinaria-01082024.pdf\">Ata 7\u00aa Sess\u00e3o Ordin\u00e1ria &#8211; 11.08.2024<\/a><\/p>\n<p><a href=\"https:\/\/corecon-se.org.br\/transparencia\/wp-content\/uploads\/2024\/11\/Ata-8a-Sessao-Ordinaria-12092024.pdf\">Ata 8\u00aa Sess\u00e3o Ordin\u00e1ria &#8211; 12.09.2024<\/a><\/p>\n<p><a href=\"https:\/\/corecon-se.org.br\/transparencia\/wp-content\/uploads\/2024\/11\/Ata-9a-Sessao-Ordinaria-03102024.pdf\">Ata 9\u00aa Sess\u00e3o Ordin\u00e1ria &#8211; 03.10.2024<\/a><\/p>\n<p><a href=\"https:\/\/corecon-se.org.br\/transparencia\/wp-content\/uploads\/2025\/01\/Ata-10a-Sessao-Ordinaria-05112024-Alterada.pdf\">Ata 10\u00aa Sess\u00e3o Ordin\u00e1ria &#8211; 05.11.2024<\/a><\/p>\n<p>Ata 11\u00aa Sess\u00e3o Ordin\u00e1ria &#8211; 18.12.2024<\/p>\n","protected":false},"excerpt":{"rendered":"<p>Ata de Posse 3\u00ba Ter\u00e7o Conselheiros &#8211; 04.01.2024 Ata de Elei\u00e7\u00e3o e Posse Diretoria &#8211; 04.01.2024 Ata 1\u00aa Sess\u00e3o Extraordin\u00e1ria &#8211; 04.01.2024 Ata 1\u00aa Sess\u00e3o Ordin\u00e1ria &#8211; 30.01.2024 Ata 2\u00aa Sess\u00e3o Ordin\u00e1ria &#8211; 27.02.2024 Ata 3\u00aa Sess\u00e3o Ordin\u00e1ria &#8211; 10.04.2024 Ata 4\u00aa Sess\u00e3o Ordin\u00e1ria &#8211; 25.04.2024 Ata 5\u00aa Sess\u00e3o Ordin\u00e1ria &#8211; 19.06.2024 Ata 6\u00aa Sess\u00e3o &hellip; <a href=\"https:\/\/corecon-se.org.br\/transparencia\/atas\/atas-2024\/\" class=\"more-link\">Continue reading <span class=\"screen-reader-text\">Atas 2024<\/span><\/a><\/p>\n","protected":false},"author":2,"featured_media":0,"parent":32,"menu_order":0,"comment_status":"closed","ping_status":"closed","template":"","meta":{"footnotes":""},"class_list":["post-2841","page","type-page","status-publish","hentry"],"_links":{"self":[{"href":"https:\/\/corecon-se.org.br\/transparencia\/wp-json\/wp\/v2\/pages\/2841","targetHints":{"allow":["GET"]}}],"collection":[{"href":"https:\/\/corecon-se.org.br\/transparencia\/wp-json\/wp\/v2\/pages"}],"about":[{"href":"https:\/\/corecon-se.org.br\/transparencia\/wp-json\/wp\/v2\/types\/page"}],"author":[{"embeddable":true,"href":"https:\/\/corecon-se.org.br\/transparencia\/wp-json\/wp\/v2\/users\/2"}],"replies":[{"embeddable":true,"href":"https:\/\/corecon-se.org.br\/transparencia\/wp-json\/wp\/v2\/comments?post=2841"}],"version-history":[{"count":15,"href":"https:\/\/corecon-se.org.br\/transparencia\/wp-json\/wp\/v2\/pages\/2841\/revisions"}],"predecessor-version":[{"id":3602,"href":"https:\/\/corecon-se.org.br\/transparencia\/wp-json\/wp\/v2\/pages\/2841\/revisions\/3602"}],"up":[{"embeddable":true,"href":"https:\/\/corecon-se.org.br\/transparencia\/wp-json\/wp\/v2\/pages\/32"}],"wp:attachment":[{"href":"https:\/\/corecon-se.org.br\/transparencia\/wp-json\/wp\/v2\/media?parent=2841"}],"curies":[{"name":"wp","href":"https:\/\/api.w.org\/{rel}","templated":true}]}}