{"id":2844,"date":"2024-01-09T21:57:22","date_gmt":"2024-01-10T00:57:22","guid":{"rendered":"https:\/\/corecon-se.org.br\/transparencia\/?page_id=2844"},"modified":"2025-01-13T23:42:19","modified_gmt":"2025-01-14T02:42:19","slug":"resolucoes-2024","status":"publish","type":"page","link":"https:\/\/corecon-se.org.br\/transparencia\/atos-normativos\/resolucoes-2024\/","title":{"rendered":"Resolu\u00e7\u00f5es 2024"},"content":{"rendered":"<p>&nbsp;<\/p>\n<table style=\"width: 100%;\" border=\"0\" align=\"center\">\n<tbody>\n<tr style=\"height: 70px;\">\n<th style=\"background-color: #333399; color: #ffffff; height: 70px; text-align: center;\">\n<p align=\"center\"><strong>RESOLU\u00c7\u00d5ES<\/strong><\/p>\n<\/th>\n<\/tr>\n<tr style=\"height: 486px;\">\n<td style=\"height: 486px; background-color: #f5f5f5; vertical-align: text-top;\">\n<p align=\"center\"><span style=\"color: #008080;\"><strong>2024<\/strong><\/span><\/p>\n<table style=\"height: 626px;\">\n<tbody>\n<tr>\n<td style=\"width: 70px;\"><strong><span style=\"color: #666699;\">N\u00b0<\/span><\/strong><\/td>\n<td><span style=\"color: #666699;\"><strong>Descri\u00e7\u00e3o<\/strong><\/span><\/td>\n<\/tr>\n<tr>\n<td>001<\/td>\n<td><a href=\"https:\/\/corecon-se.org.br\/transparencia\/wp-content\/uploads\/2024\/01\/Resolucao-001-2024.pdf\">Renova\u00e7\u00e3o de Ter\u00e7o de Conselheiros e Composi\u00e7\u00e3o do Plen\u00e1rio do Corecon-SE.<\/a><\/td>\n<\/tr>\n<tr>\n<td>002<\/td>\n<td><a href=\"https:\/\/corecon-se.org.br\/transparencia\/wp-content\/uploads\/2024\/01\/Resolucao-002-2024.pdf\">Disp\u00f5e sobre a Administra\u00e7\u00e3o do Corecon-SE.<\/a><\/td>\n<\/tr>\n<tr>\n<td>003<\/td>\n<td><a href=\"https:\/\/corecon-se.org.br\/transparencia\/wp-content\/uploads\/2024\/02\/Resolucao-003-2024-Prorrogacao-IX-Recred.pdf\">Prorroga o IX Programa Nacional de Recupera\u00e7\u00e3o de Cr\u00e9ditos &#8211; Recred.<\/a><\/td>\n<\/tr>\n<tr>\n<td>004<\/td>\n<td><a href=\"https:\/\/corecon-se.org.br\/transparencia\/wp-content\/uploads\/2024\/04\/Resolucao-004-2024-Ativo-com-desconto.pdf\">Disp\u00f5e sobre Tratamento Especial em Fun\u00e7\u00e3o da Idade de Pessoa F\u00edsica.<\/a><\/td>\n<\/tr>\n<tr>\n<td>005<\/td>\n<td><a href=\"https:\/\/corecon-se.org.br\/transparencia\/wp-content\/uploads\/2024\/04\/Resolucao-005-2024-Registro-Definitivo.pdf\">Disp\u00f5e sobre Registro Definitivo de Pessoa F\u00edsica.<\/a><\/td>\n<\/tr>\n<tr>\n<td>006<\/td>\n<td><a href=\"https:\/\/corecon-se.org.br\/transparencia\/wp-content\/uploads\/2024\/04\/RESOLUCAO-006-2024.pdf\">Disp\u00f5e sobre Reativa\u00e7\u00e3o de Registro Definitivo de Pessoa F\u00edsica.<\/a><\/td>\n<\/tr>\n<tr>\n<td>007<\/td>\n<td><a href=\"https:\/\/corecon-se.org.br\/transparencia\/wp-content\/uploads\/2024\/06\/RESOLUCAO-007-2024-Registro-Definitivo.pdf\">Dip\u00f5e sobre Registro Definitivo de Pessoa F\u00edsica.<\/a><\/td>\n<\/tr>\n<tr>\n<td>008<\/td>\n<td><a href=\"https:\/\/corecon-se.org.br\/transparencia\/wp-content\/uploads\/2024\/04\/RESOLUCAO-008-2024.pdf\">Disp\u00f5e sobre Transfer\u00eancia de Pessoa F\u00edsica.<\/a><\/td>\n<\/tr>\n<tr>\n<td>009<\/td>\n<td><a href=\"https:\/\/corecon-se.org.br\/transparencia\/wp-content\/uploads\/2024\/03\/Resolucao-009-2024-Prestacao-de-Contas.pdf\">Aprova Presta\u00e7\u00e3o de Contas de 2023.<\/a><\/td>\n<\/tr>\n<tr>\n<td>010<\/td>\n<td><a href=\"https:\/\/corecon-se.org.br\/transparencia\/wp-content\/uploads\/2024\/04\/Resolucao-010-2024.pdf\">Disp\u00f5e sobre Registro Definitivo de Pessoa F\u00edsica.<\/a><\/td>\n<\/tr>\n<tr>\n<td>011<\/td>\n<td><a href=\"https:\/\/corecon-se.org.br\/transparencia\/wp-content\/uploads\/2024\/03\/Resolucao-011-2024-Registro-PJ.pdf\">Disp\u00f5e sobre Reativa\u00e7\u00e3o de Registro Definitivo de Pessoa Jur\u00eddica.<\/a><\/td>\n<\/tr>\n<tr>\n<td>012<\/td>\n<td><a href=\"https:\/\/corecon-se.org.br\/transparencia\/wp-content\/uploads\/2024\/06\/RESOLUCAO-012-2024-Registro-Definitivo.pdf\">Disp\u00f5e sobre Registro Definitivo de Pessoa F\u00edsica.<\/a><\/td>\n<\/tr>\n<tr>\n<td>013<\/td>\n<td><a href=\"https:\/\/corecon-se.org.br\/transparencia\/wp-content\/uploads\/2024\/06\/RESOLUCAO-013-2024-Cancelamento.pdf\">Disp\u00f5e sobre Cancelamento Registro Definitivo de Pessoa F\u00edsica.<\/a><\/td>\n<\/tr>\n<tr>\n<td>014<\/td>\n<td><a href=\"https:\/\/corecon-se.org.br\/transparencia\/wp-content\/uploads\/2024\/04\/Resolucao-014-2024-Balancete-1o-Trimestre.pdf\">Aprova Balancete do 1\u00ba Trimestre de 2024.<\/a><\/td>\n<\/tr>\n<tr>\n<td>015<\/td>\n<td><a href=\"https:\/\/corecon-se.org.br\/transparencia\/wp-content\/uploads\/2024\/06\/Resolucao-015-2024-Alteracao-Ativo-com-Desconto.pdf\">Disp\u00f5e sobre altera\u00e7\u00e3o no percentual de desconto do Ativo com Desconto em Fun\u00e7\u00e3o da Idade de Pessoa F\u00edsica.<\/a><\/td>\n<\/tr>\n<tr>\n<td>016<\/td>\n<td><a href=\"https:\/\/corecon-se.org.br\/transparencia\/wp-content\/uploads\/2024\/06\/Resolucao-016-2024-Desconto-Doencas-Graves.pdf\">Disp\u00f5e sobre Tratamento Especial em Fun\u00e7\u00e3o de Doen\u00e7as Graves de Pessoa F\u00edsica.<\/a><\/td>\n<\/tr>\n<tr>\n<td>017<\/td>\n<td><a href=\"https:\/\/corecon-se.org.br\/transparencia\/wp-content\/uploads\/2024\/06\/RESOLUCAO-017-2024.pdf\">Disp\u00f5e sobre Cancelamento Registro Definitivo de Pessoa F\u00edsica.<\/a><\/td>\n<\/tr>\n<tr>\n<td>018<\/td>\n<td><a href=\"https:\/\/corecon-se.org.br\/transparencia\/wp-content\/uploads\/2024\/06\/RESOLUCAO-018-2024.pdf\">Disp\u00f5e sobre Registro Definitivo de Pessoa Jur\u00eddica.<\/a><\/td>\n<\/tr>\n<tr>\n<td>019<\/td>\n<td><a href=\"https:\/\/corecon-se.org.br\/transparencia\/wp-content\/uploads\/2024\/06\/RESOLUCAO-019-2024.pdf\">Disp\u00f5e sobre Tratamento Especial em Fun\u00e7\u00e3o da Idade de Pessoa F\u00edsica.<\/a><\/td>\n<\/tr>\n<tr>\n<td>020<\/td>\n<td><a href=\"https:\/\/corecon-se.org.br\/transparencia\/wp-content\/uploads\/2024\/07\/Resolucao-020-2024-Balancete-2o-Trimestre.pdf\">Aprova Balancete do 2\u00ba Trimestre de 2024<\/a><\/td>\n<\/tr>\n<tr>\n<td>021<\/td>\n<td><a href=\"https:\/\/corecon-se.org.br\/transparencia\/wp-content\/uploads\/2024\/08\/Resolucao-021-2024-Alteracao-Medalha-Merito-Economico.pdf\">Altera a Resolu\u00e7\u00e3o que instituiu a Medalha do M\u00e9rito Econ\u00f4mico concedida pelo Corecon-SE.<\/a><\/td>\n<\/tr>\n<tr>\n<td>022<\/td>\n<td><a href=\"https:\/\/corecon-se.org.br\/transparencia\/wp-content\/uploads\/2024\/08\/RESOLUCAO-022-2024.pdf\">Disp\u00f5e sobre Registro Definitivo de Pessoa F\u00edsica.<\/a><\/td>\n<\/tr>\n<tr>\n<td>023<\/td>\n<td><a href=\"https:\/\/corecon-se.org.br\/transparencia\/wp-content\/uploads\/2024\/08\/Resolucao-023-2024-Comissao-Eleitoral.pdf\">Nomeia Comiss\u00e3o Eleitoral para renova\u00e7\u00e3o de ter\u00e7o de Conselheiros Efetivos e Suplentes deste Corecon, e de Delegado Eleitor Efetivo e Suplente junto ao Conselho Federal de Economia.<\/a><\/td>\n<\/tr>\n<tr>\n<td>024<\/td>\n<td><a href=\"https:\/\/corecon-se.org.br\/transparencia\/wp-content\/uploads\/2024\/08\/RESOLUCAO-024-2024.pdf\">Disp\u00f5e sobre Cancelamento Registro Definitivo de Pessoa F\u00edsica, sem perd\u00e3o de d\u00e9bito.<\/a><\/td>\n<\/tr>\n<tr>\n<td>025<\/td>\n<td><a href=\"https:\/\/corecon-se.org.br\/transparencia\/wp-content\/uploads\/2024\/08\/RESOLUCAO-025-2024.pdf\">Disp\u00f5e sobre Registro Definitivo de Pessoa F\u00edsica.<\/a><\/td>\n<\/tr>\n<tr>\n<td>026<\/td>\n<td><a href=\"https:\/\/corecon-se.org.br\/transparencia\/wp-content\/uploads\/2024\/08\/RESOLUCAO-026-2024.pdf\">Disp\u00f5e sobre Cancelamento Registro Definitivo de Pessoa F\u00edsica.<\/a><\/td>\n<\/tr>\n<tr>\n<td>027<\/td>\n<td><a href=\"https:\/\/corecon-se.org.br\/transparencia\/wp-content\/uploads\/2024\/08\/RESOLUCAO-027-2024-1.pdf\">Disp\u00f5e sobre Cancelamento Registro Definitivo de Pessoa Jur\u00eddica.<\/a><\/td>\n<\/tr>\n<tr>\n<td>028<\/td>\n<td><a href=\"https:\/\/corecon-se.org.br\/transparencia\/wp-content\/uploads\/2024\/08\/Resolucao-028-2024-Medalha-do-Merito-Economico.pdf\">Confere Medalha do M\u00e9rito Econ\u00f4mico \u00e0 personalidade indicada, Econ. Sarah Tarsila Ara\u00fajo Andreozzi.<\/a><\/td>\n<\/tr>\n<tr>\n<td>029<\/td>\n<td><a href=\"https:\/\/corecon-se.org.br\/transparencia\/wp-content\/uploads\/2024\/08\/Resolucao-029-2024-Medalha-do-Merito-Economico.pdf\">Confere Medalha do M\u00e9rito Econ\u00f4mico \u00e0 personalidade indicada, Econ. Rubens Mendon\u00e7a Alves.<\/a><\/td>\n<\/tr>\n<tr>\n<td>030<\/td>\n<td><a href=\"https:\/\/corecon-se.org.br\/transparencia\/wp-content\/uploads\/2024\/08\/Resolucao-030-2024-Medalha-do-Merito-Economico.pdf\">Confere Medalha do M\u00e9rito Econ\u00f4mico \u00e0 personalidade jur\u00eddica indicada, o Banco do Estado de Sergipe.<\/a><\/td>\n<\/tr>\n<tr>\n<td>031<\/td>\n<td><a href=\"https:\/\/corecon-se.org.br\/transparencia\/wp-content\/uploads\/2024\/11\/Resolucao-031-2024-Anuidades-e-Emolumentos-2025.pdf\">Fixa os valores e formas de pagamento das anuidades, bem como dos emolumentos e multas devidos pelas pessoas f\u00edsicas e jur\u00eddicas inscritas no Corecon-SE, para o exerc\u00edcio de 2025, e d\u00e1 outras provid\u00eancias.<\/a><\/td>\n<\/tr>\n<tr>\n<td>032<\/td>\n<td><a href=\"https:\/\/corecon-se.org.br\/transparencia\/wp-content\/uploads\/2024\/11\/Resolucao-032-2024-Balancete-3o-Trimestre.pdf\">Aprova Balancete 3\u00ba Trimestre de 2024.<\/a><\/td>\n<\/tr>\n<tr>\n<td>033<\/td>\n<td><a href=\"https:\/\/corecon-se.org.br\/transparencia\/wp-content\/uploads\/2024\/11\/Resolucao-033-2024-Proposta-Orcamentaria-2025.pdf\">Aprova a Proposta Or\u00e7ament\u00e1ria do Corecon-SE, para o exerc\u00edcio de 2025.<\/a><\/td>\n<\/tr>\n<tr>\n<td>034<\/td>\n<td><a href=\"https:\/\/corecon-se.org.br\/transparencia\/wp-content\/uploads\/2024\/11\/Resolucao-034-2024-Dossie-Eleitoral-2024.pdf\">Aprova o Dossi\u00ea Eleitoral de 2024 relativo ao pleito realizado de 29 a 31 de outubro de 2024, do Corecon-SE.<\/a><\/td>\n<\/tr>\n<tr>\n<td>035<\/td>\n<td><\/td>\n<\/tr>\n<tr>\n<td>036<\/td>\n<td><\/td>\n<\/tr>\n<tr>\n<td>037<\/td>\n<td><\/td>\n<\/tr>\n<tr>\n<td>038<\/td>\n<td><\/td>\n<\/tr>\n<tr>\n<td>039<\/td>\n<td><\/td>\n<\/tr>\n<tr>\n<td>040<\/td>\n<td><\/td>\n<\/tr>\n<\/tbody>\n<\/table>\n<\/td>\n<\/tr>\n<\/tbody>\n<\/table>\n","protected":false},"excerpt":{"rendered":"<p>&nbsp; RESOLU\u00c7\u00d5ES 2024 N\u00b0 Descri\u00e7\u00e3o 001 Renova\u00e7\u00e3o de Ter\u00e7o de Conselheiros e Composi\u00e7\u00e3o do Plen\u00e1rio do Corecon-SE. 002 Disp\u00f5e sobre a Administra\u00e7\u00e3o do Corecon-SE. 003 Prorroga o IX Programa Nacional de Recupera\u00e7\u00e3o de Cr\u00e9ditos &#8211; Recred. 004 Disp\u00f5e sobre Tratamento Especial em Fun\u00e7\u00e3o da Idade de Pessoa F\u00edsica. 005 Disp\u00f5e sobre Registro Definitivo de Pessoa &hellip; <a href=\"https:\/\/corecon-se.org.br\/transparencia\/atos-normativos\/resolucoes-2024\/\" class=\"more-link\">Continue reading <span class=\"screen-reader-text\">Resolu\u00e7\u00f5es 2024<\/span><\/a><\/p>\n","protected":false},"author":2,"featured_media":0,"parent":34,"menu_order":0,"comment_status":"closed","ping_status":"closed","template":"","meta":{"footnotes":""},"class_list":["post-2844","page","type-page","status-publish","hentry"],"_links":{"self":[{"href":"https:\/\/corecon-se.org.br\/transparencia\/wp-json\/wp\/v2\/pages\/2844","targetHints":{"allow":["GET"]}}],"collection":[{"href":"https:\/\/corecon-se.org.br\/transparencia\/wp-json\/wp\/v2\/pages"}],"about":[{"href":"https:\/\/corecon-se.org.br\/transparencia\/wp-json\/wp\/v2\/types\/page"}],"author":[{"embeddable":true,"href":"https:\/\/corecon-se.org.br\/transparencia\/wp-json\/wp\/v2\/users\/2"}],"replies":[{"embeddable":true,"href":"https:\/\/corecon-se.org.br\/transparencia\/wp-json\/wp\/v2\/comments?post=2844"}],"version-history":[{"count":45,"href":"https:\/\/corecon-se.org.br\/transparencia\/wp-json\/wp\/v2\/pages\/2844\/revisions"}],"predecessor-version":[{"id":3616,"href":"https:\/\/corecon-se.org.br\/transparencia\/wp-json\/wp\/v2\/pages\/2844\/revisions\/3616"}],"up":[{"embeddable":true,"href":"https:\/\/corecon-se.org.br\/transparencia\/wp-json\/wp\/v2\/pages\/34"}],"wp:attachment":[{"href":"https:\/\/corecon-se.org.br\/transparencia\/wp-json\/wp\/v2\/media?parent=2844"}],"curies":[{"name":"wp","href":"https:\/\/api.w.org\/{rel}","templated":true}]}}