{"id":2846,"date":"2024-01-09T22:03:43","date_gmt":"2024-01-10T01:03:43","guid":{"rendered":"https:\/\/corecon-se.org.br\/transparencia\/?page_id=2846"},"modified":"2025-01-13T23:37:01","modified_gmt":"2025-01-14T02:37:01","slug":"portarias-2024","status":"publish","type":"page","link":"https:\/\/corecon-se.org.br\/transparencia\/atos-normativos\/portarias-2024\/","title":{"rendered":"Portarias 2024"},"content":{"rendered":"<table style=\"width: 100%;\" border=\"0\" align=\"center\">\r\n<tbody>\r\n<tr style=\"height: 70px;\">\r\n<th style=\"background-color: #333399; color: #ffffff; height: 70px; text-align: center;\">\r\n<p align=\"center\"><strong>PORTARIAS<\/strong><\/p>\r\n<\/th>\r\n<\/tr>\r\n<tr style=\"height: 486px;\">\r\n<td style=\"height: 486px; background-color: #f5f5f5; vertical-align: text-top;\">\r\n<p align=\"center\"><span style=\"color: #008080;\"><strong>2024<\/strong><\/span><\/p>\r\n\r\n<table style=\"height: 626px;\">\r\n<tbody>\r\n<tr>\r\n<td style=\"width: 70px;\"><strong><span style=\"color: #666699;\">N\u00b0<\/span><\/strong><\/td>\r\n<td><span style=\"color: #666699;\"><strong>Descri\u00e7\u00e3o<\/strong><\/span><\/td>\r\n<\/tr>\r\n<tr>\r\n<td>001<\/td>\r\n<td><a href=\"https:\/\/corecon-se.org.br\/transparencia\/wp-content\/uploads\/2024\/01\/Portaria-001-2024.pdf\">Nomeia Gerente Executiva.<\/a><\/td>\r\n<\/tr>\r\n<tr>\r\n<td>002<\/td>\r\n<td><a href=\"https:\/\/corecon-se.org.br\/transparencia\/wp-content\/uploads\/2024\/01\/Portaria-002-2024-Assinada.pdf\">Designa funcion\u00e1rio respons\u00e1vel pela tesouraria em 2024.<\/a><\/td>\r\n<\/tr>\r\n<tr>\r\n<td>003<\/td>\r\n<td>.<a href=\"https:\/\/corecon-se.org.br\/transparencia\/wp-content\/uploads\/2024\/03\/Portaria-003-2024.pdf\">Disp\u00f5e sobre a Designa\u00e7\u00e3o da Comiss\u00e3o de Tomada de Contas.<\/a><\/td>\r\n<\/tr>\r\n<tr>\r\n<td>004<\/td>\r\n<td><a href=\"https:\/\/corecon-se.org.br\/transparencia\/wp-content\/uploads\/2024\/03\/Portaria-004-2024.pdf\">Nomeia Comiss\u00e3o de Licita\u00e7\u00e3o.<\/a><\/td>\r\n<\/tr>\r\n<tr>\r\n<td>005<\/td>\r\n<td><a href=\"https:\/\/corecon-se.org.br\/transparencia\/wp-content\/uploads\/2024\/03\/Portaria-005-2024.pdf\">Nomeia Comiss\u00e3o Especial para Levantamento de Materiais e Equipamentos Inserv\u00edveis.<\/a><\/td>\r\n<\/tr>\r\n<tr>\r\n<td>006<\/td>\r\n<td><a href=\"https:\/\/corecon-se.org.br\/transparencia\/wp-content\/uploads\/2024\/03\/Portaria-006-2024-1.pdf\">Nomeia Comiss\u00e3o de Fiscaliza\u00e7\u00e3o e Registro.<\/a><\/td>\r\n<\/tr>\r\n<tr>\r\n<td>007<\/td>\r\n<td><a href=\"https:\/\/corecon-se.org.br\/transparencia\/wp-content\/uploads\/2024\/03\/Portaria-007-2024-1.pdf\">Nomeia Comiss\u00e3o do N\u00facleo de Per\u00edcia Econ\u00f4mico-Financeira, Media\u00e7\u00e3o e Arbitragem.<\/a><\/td>\r\n<\/tr>\r\n<tr>\r\n<td>008<\/td>\r\n<td><a href=\"https:\/\/corecon-se.org.br\/transparencia\/wp-content\/uploads\/2024\/03\/Portaria-008-2024.pdf\">Nomeia Comiss\u00e3o de Apura\u00e7\u00e3o Preliminar.<\/a><\/td>\r\n<\/tr>\r\n<tr>\r\n<td>009<\/td>\r\n<td><a href=\"https:\/\/corecon-se.org.br\/transparencia\/wp-content\/uploads\/2024\/04\/Portaria-009-2024.pdf\">Nomeia Coordenadora do XXIII Pr\u00eamio Sergipe de Economia \u201cProf. Jos\u00e9 Alo\u00edsio de Campos\u201d \u2013 vers\u00e3o 2024.<\/a><\/td>\r\n<\/tr>\r\n<tr>\r\n<td>010<\/td>\r\n<td><a href=\"https:\/\/corecon-se.org.br\/transparencia\/wp-content\/uploads\/2024\/04\/Portaria-010-2024.pdf\">Nomeia Comiss\u00e3o Julgadora do XXIII Pr\u00eamio Sergipe de Economia \u201cProf. Jos\u00e9 Alo\u00edsio de Campos\u201d \u2013 vers\u00e3o 2024.<\/a><\/td>\r\n<\/tr>\r\n<tr>\r\n<td>011<\/td>\r\n<td><a href=\"https:\/\/corecon-se.org.br\/transparencia\/wp-content\/uploads\/2024\/06\/Portaria-011-2024.pdf\">Concede, a pedido, licen\u00e7a do cargo de Conselheiro Titular do Corecon-SE ao Econ. Saum\u00edneo da Silva Nascimento.<\/a><\/td>\r\n<\/tr>\r\n<tr>\r\n<td>012<\/td>\r\n<td><a href=\"https:\/\/corecon-se.org.br\/transparencia\/wp-content\/uploads\/2025\/01\/Portaria-012-2024.pdf\">Nomeia Comiss\u00e3o de An\u00e1lise de implanta\u00e7\u00e3o do Programa de Demiss\u00e3o Volunt\u00e1ria 2024 do Corecon-SE.<\/a><\/td>\r\n<\/tr>\r\n<tr>\r\n<td>013<\/td>\r\n<td><a href=\"https:\/\/corecon-se.org.br\/transparencia\/wp-content\/uploads\/2024\/08\/Portaria-013-2024.pdf\">Autoriza o reajuste salarial para os servidores do Corecon-SE.<\/a><\/td>\r\n<\/tr>\r\n<tr>\r\n<td>014<\/td>\r\n<td><a href=\"https:\/\/corecon-se.org.br\/transparencia\/wp-content\/uploads\/2024\/11\/Portaria-014-2024.pdf\">Designa a Vice-Presidente para o exerc\u00edcio interino da Presid\u00eancia do Corecon-SE.<\/a><\/td>\r\n<\/tr>\r\n<tr>\r\n<td>015<\/td>\r\n<td><a href=\"https:\/\/corecon-se.org.br\/transparencia\/wp-content\/uploads\/2025\/01\/Portaria-015-2024.pdf\">Disp\u00f5e sobre o recesso relativo \u00e0 comemora\u00e7\u00e3o das festas de final de ano do Corecon-SE.<\/a><\/td>\r\n<\/tr>\r\n<\/tbody>\r\n<\/table>\r\n<\/td>\r\n<\/tr>\r\n<\/tbody>\r\n<\/table><!-- \/wp:post-content -->","protected":false},"excerpt":{"rendered":"<p>PORTARIAS 2024 N\u00b0 Descri\u00e7\u00e3o 001 Nomeia Gerente Executiva. 002 Designa funcion\u00e1rio respons\u00e1vel pela tesouraria em 2024. 003 .Disp\u00f5e sobre a Designa\u00e7\u00e3o da Comiss\u00e3o de Tomada de Contas. 004 Nomeia Comiss\u00e3o de Licita\u00e7\u00e3o. 005 Nomeia Comiss\u00e3o Especial para Levantamento de Materiais e Equipamentos Inserv\u00edveis. 006 Nomeia Comiss\u00e3o de Fiscaliza\u00e7\u00e3o e Registro. 007 Nomeia Comiss\u00e3o do N\u00facleo &hellip; <a href=\"https:\/\/corecon-se.org.br\/transparencia\/atos-normativos\/portarias-2024\/\" class=\"more-link\">Continue reading <span class=\"screen-reader-text\">Portarias 2024<\/span><\/a><\/p>\n","protected":false},"author":2,"featured_media":0,"parent":34,"menu_order":0,"comment_status":"closed","ping_status":"closed","template":"","meta":{"footnotes":""},"class_list":["post-2846","page","type-page","status-publish","hentry"],"_links":{"self":[{"href":"https:\/\/corecon-se.org.br\/transparencia\/wp-json\/wp\/v2\/pages\/2846","targetHints":{"allow":["GET"]}}],"collection":[{"href":"https:\/\/corecon-se.org.br\/transparencia\/wp-json\/wp\/v2\/pages"}],"about":[{"href":"https:\/\/corecon-se.org.br\/transparencia\/wp-json\/wp\/v2\/types\/page"}],"author":[{"embeddable":true,"href":"https:\/\/corecon-se.org.br\/transparencia\/wp-json\/wp\/v2\/users\/2"}],"replies":[{"embeddable":true,"href":"https:\/\/corecon-se.org.br\/transparencia\/wp-json\/wp\/v2\/comments?post=2846"}],"version-history":[{"count":24,"href":"https:\/\/corecon-se.org.br\/transparencia\/wp-json\/wp\/v2\/pages\/2846\/revisions"}],"predecessor-version":[{"id":3613,"href":"https:\/\/corecon-se.org.br\/transparencia\/wp-json\/wp\/v2\/pages\/2846\/revisions\/3613"}],"up":[{"embeddable":true,"href":"https:\/\/corecon-se.org.br\/transparencia\/wp-json\/wp\/v2\/pages\/34"}],"wp:attachment":[{"href":"https:\/\/corecon-se.org.br\/transparencia\/wp-json\/wp\/v2\/media?parent=2846"}],"curies":[{"name":"wp","href":"https:\/\/api.w.org\/{rel}","templated":true}]}}