{"id":299,"date":"2018-05-28T08:54:29","date_gmt":"2018-05-28T11:54:29","guid":{"rendered":"http:\/\/corecon-se.org.br\/transparencia\/?page_id=299"},"modified":"2025-08-30T11:44:49","modified_gmt":"2025-08-30T14:44:49","slug":"editais","status":"publish","type":"page","link":"https:\/\/corecon-se.org.br\/transparencia\/concursos\/editais\/","title":{"rendered":"Editais de Concurso P\u00fablico &#8211; Contrata\u00e7\u00e3o de Pessoal"},"content":{"rendered":"<p>2025 &#8211; At\u00e9 a presente data n\u00e3o foram realizados concursos p\u00fablicos<\/p>\n<p>2011 a 2024 &#8211; N\u00e3o foram realizados concursos p\u00fablicos<\/p>\n<p>2010<br \/>\n<a href=\"http:\/\/corecon-se.org.br\/transparencia\/wp-content\/uploads\/documentos\/editais\/2010-homologacao.pdf\">Edital 07 &#8211; Homologa\u00e7\u00e3o Concurso P\u00fablico 1\/2009<\/a><br \/>\n<a href=\"http:\/\/corecon-se.org.br\/transparencia\/wp-content\/uploads\/documentos\/editais\/2010-resultados.pdf\">Resultados Prova Objetiva Concurso P\u00fablico 1\/2009<\/a><\/p>\n<p>2009<br \/>\n<a href=\"http:\/\/corecon-se.org.br\/transparencia\/wp-content\/uploads\/documentos\/editais\/2009-concurso.pdf\">Edital 01 &#8211; Concurso P\u00fablico 1\/2009<\/a><\/p>\n<p>2005<br \/>\n<a href=\"http:\/\/corecon-se.org.br\/transparencia\/wp-content\/uploads\/documentos\/editais\/2005-concurso.pdf\">Edital 01 &#8211; Concurso P\u00fablico 01\/2005<\/a><br \/>\n<a href=\"http:\/\/corecon-se.org.br\/transparencia\/wp-content\/uploads\/documentos\/editais\/2005-homologacao.pdf\">Edital 02 &#8211; Homologa\u00e7\u00e3o Concurso P\u00fablico 01\/2005<\/a><\/p>\n","protected":false},"excerpt":{"rendered":"<p>2025 &#8211; At\u00e9 a presente data n\u00e3o foram realizados concursos p\u00fablicos 2011 a 2024 &#8211; N\u00e3o foram realizados concursos p\u00fablicos 2010 Edital 07 &#8211; Homologa\u00e7\u00e3o Concurso P\u00fablico 1\/2009 Resultados Prova Objetiva Concurso P\u00fablico 1\/2009 2009 Edital 01 &#8211; Concurso P\u00fablico 1\/2009 2005 Edital 01 &#8211; Concurso P\u00fablico 01\/2005 Edital 02 &#8211; Homologa\u00e7\u00e3o Concurso P\u00fablico 01\/2005<\/p>\n","protected":false},"author":5,"featured_media":0,"parent":297,"menu_order":0,"comment_status":"closed","ping_status":"closed","template":"","meta":{"footnotes":""},"class_list":["post-299","page","type-page","status-publish","hentry"],"_links":{"self":[{"href":"https:\/\/corecon-se.org.br\/transparencia\/wp-json\/wp\/v2\/pages\/299","targetHints":{"allow":["GET"]}}],"collection":[{"href":"https:\/\/corecon-se.org.br\/transparencia\/wp-json\/wp\/v2\/pages"}],"about":[{"href":"https:\/\/corecon-se.org.br\/transparencia\/wp-json\/wp\/v2\/types\/page"}],"author":[{"embeddable":true,"href":"https:\/\/corecon-se.org.br\/transparencia\/wp-json\/wp\/v2\/users\/5"}],"replies":[{"embeddable":true,"href":"https:\/\/corecon-se.org.br\/transparencia\/wp-json\/wp\/v2\/comments?post=299"}],"version-history":[{"count":15,"href":"https:\/\/corecon-se.org.br\/transparencia\/wp-json\/wp\/v2\/pages\/299\/revisions"}],"predecessor-version":[{"id":3782,"href":"https:\/\/corecon-se.org.br\/transparencia\/wp-json\/wp\/v2\/pages\/299\/revisions\/3782"}],"up":[{"embeddable":true,"href":"https:\/\/corecon-se.org.br\/transparencia\/wp-json\/wp\/v2\/pages\/297"}],"wp:attachment":[{"href":"https:\/\/corecon-se.org.br\/transparencia\/wp-json\/wp\/v2\/media?parent=299"}],"curies":[{"name":"wp","href":"https:\/\/api.w.org\/{rel}","templated":true}]}}