{"id":350,"date":"2019-01-09T12:43:20","date_gmt":"2019-01-09T14:43:20","guid":{"rendered":"http:\/\/corecon-se.org.br\/transparencia\/?page_id=350"},"modified":"2021-04-01T18:30:39","modified_gmt":"2021-04-01T21:30:39","slug":"atas-2019","status":"publish","type":"page","link":"https:\/\/corecon-se.org.br\/transparencia\/atas\/atas-2019\/","title":{"rendered":"Atas 2019"},"content":{"rendered":"<p><a href=\"..\/..\/wp-content\/uploads\/documentos\/atas\/2019\/AtaEleicaoDiretoria.pdf\" target=\"_blank\" rel=\"noopener noreferrer\">Ata de Posse da Diretoria<\/a><\/p>\r\n<p><a href=\"..\/..\/wp-content\/uploads\/documentos\/atas\/2019\/AtaPosseTercoConselheiros.pdf\" target=\"_blank\" rel=\"noopener noreferrer\">Ata de Posse do Ter\u00e7o Eleito do Conselho<\/a><\/p>\r\n<p><a href=\"..\/..\/wp-content\/uploads\/documentos\/atas\/2019\/AtaJan-2019.pdf\" target=\"_blank\" rel=\"noopener noreferrer\">Ata da 1\u00aa Sess\u00e3o Plen\u00e1ria Extraordin\u00e1ria &#8211; 03.01.2019<\/a><\/p>\r\n<p><a href=\"..\/..\/wp-content\/uploads\/documentos\/atas\/2019\/AtaJan2-2019.pdf\" target=\"_blank\" rel=\"noopener noreferrer\">Ata da 1\u00aa Sess\u00e3o Plen\u00e1ria Ordin\u00e1ria &#8211; 29.01.2019<\/a><\/p>\r\n<p><a href=\"..\/..\/wp-content\/uploads\/documentos\/atas\/2019\/AtaFev-2019.pdf\" target=\"_blank\" rel=\"noopener noreferrer\">Ata da 2\u00aa Sess\u00e3o Plen\u00e1ria Ordin\u00e1ria &#8211; 27.02.2019<\/a><\/p>\r\n<p><a href=\"..\/..\/wp-content\/uploads\/documentos\/atas\/2019\/AtaMar-2019.pdf\" target=\"_blank\" rel=\"noopener noreferrer\">Ata da 3\u00aa Sess\u00e3o Plen\u00e1ria Ordin\u00e1ria &#8211; 27.03.2019<\/a><\/p>\r\n<p><a href=\"..\/..\/wp-content\/uploads\/documentos\/atas\/2019\/AtaAbr-2019.pdf\" target=\"_blank\" rel=\"noopener noreferrer\">Ata da 4\u00aa Sess\u00e3o Plen\u00e1ria Ordin\u00e1ria &#8211; 24.04.2019<\/a><\/p>\r\n<p><a href=\"https:\/\/corecon-se.org.br\/transparencia\/wp-content\/uploads\/2021\/04\/Ata-2a-Sessao-Extraordinaria-02052019.pdf\">Ata da 2\u00aa Sess\u00e3o Plen\u00e1ria Extraordin\u00e1ria &#8211; 02.05.2019<\/a><\/p>\r\n<p><a href=\"..\/..\/wp-content\/uploads\/documentos\/atas\/2019\/AtaMai-2019.pdf\" target=\"_blank\" rel=\"noopener noreferrer\">Ata da 5\u00aa Sess\u00e3o Plen\u00e1ria Ordin\u00e1ria &#8211; 29.05.2019<\/a><\/p>\r\n<p><a href=\"..\/..\/wp-content\/uploads\/documentos\/atas\/2019\/AtaJul-2019.pdf\" target=\"_blank\" rel=\"noopener noreferrer\">Ata da 6\u00aa Sess\u00e3o Plen\u00e1ria Ordin\u00e1ria &#8211; 03.07.2019<\/a><\/p>\r\n<p><a href=\"..\/..\/wp-content\/uploads\/documentos\/atas\/2019\/AtaJul2-2019.pdf\" target=\"_blank\" rel=\"noopener noreferrer\">Ata da 7\u00aa Sess\u00e3o Plen\u00e1ria Ordin\u00e1ria &#8211; 31.07.2019<\/a><\/p>\r\n<p><a href=\"..\/..\/wp-content\/uploads\/documentos\/atas\/2019\/AtaAgo-2019.pdf\" target=\"_blank\" rel=\"noopener noreferrer\">Ata da 8\u00aa Sess\u00e3o Plen\u00e1ria Ordin\u00e1ria &#8211; 29.08.2019<\/a><\/p>\r\n<p><a href=\"..\/..\/wp-content\/uploads\/documentos\/atas\/2019\/AtaSet-2019.pdf\" target=\"_blank\" rel=\"noopener noreferrer\">Ata da 9\u00aa Sess\u00e3o Plen\u00e1ria Ordin\u00e1ria &#8211; 25.09.2019<\/a><\/p>\r\n<p><a href=\"..\/..\/wp-content\/uploads\/documentos\/atas\/2019\/AtaOut-2019.pdf\" target=\"_blank\" rel=\"noopener noreferrer\">Ata da 10\u00aa Sess\u00e3o Plen\u00e1ria Ordin\u00e1ria &#8211; 30.10.2019<\/a><\/p>\r\n<p><a href=\"..\/..\/wp-content\/uploads\/documentos\/atas\/2019\/AtaNov2-2019.pdf\" target=\"_blank\" rel=\"noopener noreferrer\">Ata da 3\u00aa Sess\u00e3o Plen\u00e1ria Extraordin\u00e1ria &#8211; 12.11.2019<\/a><\/p>\r\n<p><a href=\"..\/..\/wp-content\/uploads\/documentos\/atas\/2019\/AtaDez-2019.pdf\" target=\"_blank\" rel=\"noopener noreferrer\">Ata da 11\u00aa Sess\u00e3o Plen\u00e1ria Ordin\u00e1ria &#8211; 04.12.2019<\/a><\/p>\r\n<p><a href=\"..\/..\/wp-content\/uploads\/documentos\/atas\/2019\/AtaDez2-2019.pdf\" target=\"_blank\" rel=\"noopener noreferrer\">Ata da 12\u00aa Sess\u00e3o Plen\u00e1ria Ordin\u00e1ria &#8211; 18.12.2019<\/a><\/p>\r\n","protected":false},"excerpt":{"rendered":"<p>Ata de Posse da Diretoria Ata de Posse do Ter\u00e7o Eleito do Conselho Ata da 1\u00aa Sess\u00e3o Plen\u00e1ria Extraordin\u00e1ria &#8211; 03.01.2019 Ata da 1\u00aa Sess\u00e3o Plen\u00e1ria Ordin\u00e1ria &#8211; 29.01.2019 Ata da 2\u00aa Sess\u00e3o Plen\u00e1ria Ordin\u00e1ria &#8211; 27.02.2019 Ata da 3\u00aa Sess\u00e3o Plen\u00e1ria Ordin\u00e1ria &#8211; 27.03.2019 Ata da 4\u00aa Sess\u00e3o Plen\u00e1ria Ordin\u00e1ria &#8211; 24.04.2019 Ata da &hellip; <a href=\"https:\/\/corecon-se.org.br\/transparencia\/atas\/atas-2019\/\" class=\"more-link\">Continue reading <span class=\"screen-reader-text\">Atas 2019<\/span><\/a><\/p>\n","protected":false},"author":2,"featured_media":0,"parent":32,"menu_order":0,"comment_status":"closed","ping_status":"closed","template":"","meta":{"footnotes":""},"class_list":["post-350","page","type-page","status-publish","hentry"],"_links":{"self":[{"href":"https:\/\/corecon-se.org.br\/transparencia\/wp-json\/wp\/v2\/pages\/350","targetHints":{"allow":["GET"]}}],"collection":[{"href":"https:\/\/corecon-se.org.br\/transparencia\/wp-json\/wp\/v2\/pages"}],"about":[{"href":"https:\/\/corecon-se.org.br\/transparencia\/wp-json\/wp\/v2\/types\/page"}],"author":[{"embeddable":true,"href":"https:\/\/corecon-se.org.br\/transparencia\/wp-json\/wp\/v2\/users\/2"}],"replies":[{"embeddable":true,"href":"https:\/\/corecon-se.org.br\/transparencia\/wp-json\/wp\/v2\/comments?post=350"}],"version-history":[{"count":10,"href":"https:\/\/corecon-se.org.br\/transparencia\/wp-json\/wp\/v2\/pages\/350\/revisions"}],"predecessor-version":[{"id":1016,"href":"https:\/\/corecon-se.org.br\/transparencia\/wp-json\/wp\/v2\/pages\/350\/revisions\/1016"}],"up":[{"embeddable":true,"href":"https:\/\/corecon-se.org.br\/transparencia\/wp-json\/wp\/v2\/pages\/32"}],"wp:attachment":[{"href":"https:\/\/corecon-se.org.br\/transparencia\/wp-json\/wp\/v2\/media?parent=350"}],"curies":[{"name":"wp","href":"https:\/\/api.w.org\/{rel}","templated":true}]}}