{"id":36,"date":"2018-02-01T19:11:04","date_gmt":"2018-02-01T21:11:04","guid":{"rendered":"https:\/\/corecon-se.org.br\/transparencia\/?page_id=36"},"modified":"2026-01-26T22:14:43","modified_gmt":"2026-01-27T01:14:43","slug":"composicao-do-conselho","status":"publish","type":"page","link":"https:\/\/corecon-se.org.br\/transparencia\/composicao-do-conselho\/","title":{"rendered":"Composi\u00e7\u00e3o do Plen\u00e1rio 2026"},"content":{"rendered":"<p><span style=\"font-size: 12pt;\"><strong>PRESID\u00caNCIA:<\/strong> <em>Antonio Porf\u00edrio de Matos Neto<\/em> (Registro Definitivo n\u00ba 1355)<br \/>\n<\/span><span style=\"font-size: 12pt;\"><strong>VICE-PRESID\u00caNCIA:<\/strong> <em>Fernando Monteiro Marcelino<\/em> (Registro Definitivo n\u00ba 980)<br \/>\n<\/span><span style=\"font-size: 12pt;\"><strong>CONSELHEIRA FEDERAL SUPLENTE:<\/strong> <em>Jos\u00e9lia Souza de Brito<\/em> (Registro Definitivo n\u00ba 1288)<\/span><strong><br \/>\n<\/strong><\/p>\n<table style=\"font-size: 14px; height: 554px;\" width=\"678\">\n<tbody>\n<tr>\n<th><strong>1\u00ba TER\u00c7O (2025-2027)<\/strong><\/th>\n<th><strong>2\u00ba TER\u00c7O (2026-2028)<\/strong><\/th>\n<th><strong>3\u00ba TER\u00c7O (2024-2026)<\/strong><\/th>\n<\/tr>\n<tr>\n<td style=\"text-align: left;\"><strong><span style=\"color: #333399;\"><u>TITULARES<\/u><\/span><br \/>\n<\/strong><em>Antonio Porf\u00edrio de M. Neto<\/em><br \/>\n(Registro Definitivo n\u00ba 1355)<br \/>\n<em>Aden\u00edsia C. de A. Vasconcelos<\/em><br \/>\n(Registro Definitivo n\u00ba 893)<br \/>\n<em>Rubens Dias<\/em><br \/>\n(Registro Definitivo n\u00ba 1278)<strong><span style=\"color: #333399;\"><u><br \/>\nSUPLENTES<\/u><\/span><\/strong><br \/>\n<em>Jussara Carvalho B. Esteves<\/em><br \/>\n(Registro Definitivo n\u00ba 1182)<strong><strong><br \/>\n<\/strong><\/strong><em>Rodrigo Rocha Pereira Lima<\/em><strong><strong><br \/>\n<\/strong><\/strong>(Registro Definitivo n\u00ba 1160)<br \/>\n<em>Jesuseli Ribeiro Ara\u00fajo<\/em><strong><br \/>\n<\/strong>(Registro Definitivo n\u00ba 933)<strong><strong><br \/>\n<\/strong><\/strong><\/td>\n<td><strong><span style=\"color: #333399;\"><u>TITULARES<\/u><\/span><br \/>\n<\/strong><em>Fernando M. Marcelino<\/em><br \/>\n(Registro Definitivo n\u00ba 980)<br \/>\n<em>Maria Auxiliadora Alves Mendon\u00e7a<\/em><br \/>\n(Registro Definitivo n\u00ba 1252)<br \/>\n<em>Wagner Nobrega<\/em><br \/>\n(Registro Definitivo n\u00ba 979)<strong><span style=\"color: #333399;\"><u><br \/>\nSUPLENTES<\/u><\/span><\/strong><br \/>\n<em>Ant\u00f4nio Marcos A. Nascimento<\/em><br \/>\n(Registro Definitivo n\u00ba 978)<br \/>\n<em>Jos\u00e9 Vitor Gabriel Santana Rodrigues<\/em><br \/>\n(Registro Definitivo n\u00ba 1345)<br \/>\n<em>Cleriston de Lima Ribeiro<\/em><br \/>\n(Registro Definitivo n\u00ba 1342)<strong><strong><br \/>\n<\/strong><\/strong><\/td>\n<td><strong><span style=\"color: #333399;\"><u>TITULARES<\/u><\/span><br \/>\n<\/strong><em>Alexsandra de O. S. Almeida<\/em><br \/>\n(Registro Definitivo n\u00ba 1048)<br \/>\n<em>Jos\u00e9 Roberto de L. Andrade<\/em><br \/>\n(Registro Definitivo n\u00ba 920)<br \/>\n<em>M\u00aa Auxiliadora S. Feitosa<\/em><br \/>\n(Registro Definitivo n\u00ba 770)<strong><span style=\"color: #333399;\"><u><br \/>\nSUPLENTES<\/u><\/span><\/strong><br \/>\n<em>Ana Geni Paes Freitas<\/em><br \/>\n(Registro Definitivo n\u00ba 279)<br \/>\n<em>Jo\u00e3o Bosco S. de Oliveira<\/em><br \/>\n(Registro Definitivo n\u00ba 889)<br \/>\n<em>M\u00e1rcio da Rocha Santos<\/em><br \/>\n(Registro Definitivo n\u00ba 1340)<strong><strong><br \/>\n<\/strong><\/strong><\/td>\n<\/tr>\n<\/tbody>\n<\/table>\n","protected":false},"excerpt":{"rendered":"<p>PRESID\u00caNCIA: Antonio Porf\u00edrio de Matos Neto (Registro Definitivo n\u00ba 1355) VICE-PRESID\u00caNCIA: Fernando Monteiro Marcelino (Registro Definitivo n\u00ba 980) CONSELHEIRA FEDERAL SUPLENTE: Jos\u00e9lia Souza de Brito (Registro Definitivo n\u00ba 1288) 1\u00ba TER\u00c7O (2025-2027) 2\u00ba TER\u00c7O (2026-2028) 3\u00ba TER\u00c7O (2024-2026) TITULARES Antonio Porf\u00edrio de M. Neto (Registro Definitivo n\u00ba 1355) Aden\u00edsia C. de A. Vasconcelos (Registro Definitivo &hellip; <a href=\"https:\/\/corecon-se.org.br\/transparencia\/composicao-do-conselho\/\" class=\"more-link\">Continue reading <span class=\"screen-reader-text\">Composi\u00e7\u00e3o do Plen\u00e1rio 2026<\/span><\/a><\/p>\n","protected":false},"author":2,"featured_media":0,"parent":0,"menu_order":0,"comment_status":"closed","ping_status":"closed","template":"","meta":{"footnotes":""},"class_list":["post-36","page","type-page","status-publish","hentry"],"_links":{"self":[{"href":"https:\/\/corecon-se.org.br\/transparencia\/wp-json\/wp\/v2\/pages\/36","targetHints":{"allow":["GET"]}}],"collection":[{"href":"https:\/\/corecon-se.org.br\/transparencia\/wp-json\/wp\/v2\/pages"}],"about":[{"href":"https:\/\/corecon-se.org.br\/transparencia\/wp-json\/wp\/v2\/types\/page"}],"author":[{"embeddable":true,"href":"https:\/\/corecon-se.org.br\/transparencia\/wp-json\/wp\/v2\/users\/2"}],"replies":[{"embeddable":true,"href":"https:\/\/corecon-se.org.br\/transparencia\/wp-json\/wp\/v2\/comments?post=36"}],"version-history":[{"count":82,"href":"https:\/\/corecon-se.org.br\/transparencia\/wp-json\/wp\/v2\/pages\/36\/revisions"}],"predecessor-version":[{"id":3831,"href":"https:\/\/corecon-se.org.br\/transparencia\/wp-json\/wp\/v2\/pages\/36\/revisions\/3831"}],"wp:attachment":[{"href":"https:\/\/corecon-se.org.br\/transparencia\/wp-json\/wp\/v2\/media?parent=36"}],"curies":[{"name":"wp","href":"https:\/\/api.w.org\/{rel}","templated":true}]}}