{"id":3604,"date":"2025-01-13T21:27:56","date_gmt":"2025-01-14T00:27:56","guid":{"rendered":"https:\/\/corecon-se.org.br\/transparencia\/?page_id=3604"},"modified":"2026-01-14T14:28:42","modified_gmt":"2026-01-14T17:28:42","slug":"atas-2025","status":"publish","type":"page","link":"https:\/\/corecon-se.org.br\/transparencia\/atas\/atas-2025\/","title":{"rendered":"Atas 2025"},"content":{"rendered":"<p><a href=\"\/transparencia\/wp-content\/uploads\/documentos\/atas\/2025\/12.pdf\" target=\"_blank\" rel=\"noopener noreferrer\">Ata 12\u00aa Sess\u00e3o Plen\u00e1ria<\/a> | <a href=\"\/transparencia\/wp-content\/uploads\/documentos\/atas\/2025\/lista12.pdf\" target=\"_blank\" rel=\"noopener noreferrer\">Lista de presen\u00e7a &#8211; 12\u00aa Sess\u00e3o Plen\u00e1ria<\/a><\/p>\n<p><a href=\"\/transparencia\/wp-content\/uploads\/documentos\/atas\/2025\/11.pdf\" target=\"_blank\" rel=\"noopener noreferrer\">Ata 11\u00aa Sess\u00e3o Plen\u00e1ria<\/a> | <a href=\"\/transparencia\/wp-content\/uploads\/documentos\/atas\/2025\/lista11.pdf\" target=\"_blank\" rel=\"noopener noreferrer\">Lista de presen\u00e7a &#8211; 11\u00aa Sess\u00e3o Plen\u00e1ria<\/a><\/p>\n<p><a href=\"\/transparencia\/wp-content\/uploads\/documentos\/atas\/2025\/10.pdf\" target=\"_blank\" rel=\"noopener noreferrer\">Ata 10\u00aa Sess\u00e3o Plen\u00e1ria<\/a> | <a href=\"\/transparencia\/wp-content\/uploads\/documentos\/atas\/2025\/lista10.pdf\" target=\"_blank\" rel=\"noopener noreferrer\">Lista de presen\u00e7a &#8211; 10\u00aa Sess\u00e3o Plen\u00e1ria<\/a><\/p>\n<p><a href=\"\/transparencia\/wp-content\/uploads\/documentos\/atas\/2025\/09.pdf\" target=\"_blank\" rel=\"noopener noreferrer\">Ata 9\u00aa Sess\u00e3o Plen\u00e1ria<\/a> | <a href=\"\/transparencia\/wp-content\/uploads\/documentos\/atas\/2025\/lista09.pdf\" target=\"_blank\" rel=\"noopener noreferrer\">Lista de presen\u00e7a &#8211; 9\u00aa Sess\u00e3o Plen\u00e1ria<\/a><\/p>\n<p><a href=\"\/transparencia\/wp-content\/uploads\/documentos\/atas\/2025\/08.pdf\" target=\"_blank\" rel=\"noopener noreferrer\">Ata 8\u00aa Sess\u00e3o Plen\u00e1ria<\/a> | <a href=\"\/transparencia\/wp-content\/uploads\/documentos\/atas\/2025\/lista08.pdf\" target=\"_blank\" rel=\"noopener noreferrer\">Lista de presen\u00e7a &#8211; 8\u00aa Sess\u00e3o Plen\u00e1ria<\/a><\/p>\n<p><a href=\"\/transparencia\/wp-content\/uploads\/documentos\/atas\/2025\/07.pdf\" target=\"_blank\" rel=\"noopener noreferrer\">Ata 7\u00aa Sess\u00e3o Plen\u00e1ria<\/a> | <a href=\"\/transparencia\/wp-content\/uploads\/documentos\/atas\/2025\/lista07.pdf\" target=\"_blank\" rel=\"noopener noreferrer\">Lista de presen\u00e7a &#8211; 7\u00aa Sess\u00e3o Plen\u00e1ria<\/a><\/p>\n<p><a href=\"\/transparencia\/wp-content\/uploads\/documentos\/atas\/2025\/06.pdf\" target=\"_blank\" rel=\"noopener noreferrer\">Ata 6\u00aa Sess\u00e3o Plen\u00e1ria<\/a> | <a href=\"\/transparencia\/wp-content\/uploads\/documentos\/atas\/2025\/lista06.pdf\" target=\"_blank\" rel=\"noopener noreferrer\">Lista de presen\u00e7a &#8211; 6\u00aa Sess\u00e3o Plen\u00e1ria<\/a><\/p>\n<p><a href=\"\/transparencia\/wp-content\/uploads\/documentos\/atas\/2025\/05.pdf\" target=\"_blank\" rel=\"noopener noreferrer\">Ata 5\u00aa Sess\u00e3o Plen\u00e1ria<\/a> | <a href=\"\/transparencia\/wp-content\/uploads\/documentos\/atas\/2025\/lista05.pdf\" target=\"_blank\" rel=\"noopener noreferrer\">Lista de presen\u00e7a &#8211; 5\u00aa Sess\u00e3o Plen\u00e1ria<\/a><\/p>\n<p><a href=\"\/transparencia\/wp-content\/uploads\/documentos\/atas\/2025\/04.pdf\" target=\"_blank\" rel=\"noopener noreferrer\">Ata 4\u00aa Sess\u00e3o Plen\u00e1ria<\/a> | <a href=\"\/transparencia\/wp-content\/uploads\/documentos\/atas\/2025\/lista04.pdf\" target=\"_blank\" rel=\"noopener noreferrer\">Lista de presen\u00e7a &#8211; 4\u00aa Sess\u00e3o Plen\u00e1ria<\/a><\/p>\n<p><a href=\"\/transparencia\/wp-content\/uploads\/documentos\/atas\/2025\/03.pdf\" target=\"_blank\" rel=\"noopener noreferrer\">Ata 3\u00aa Sess\u00e3o Plen\u00e1ria<\/a> | <a href=\"\/transparencia\/wp-content\/uploads\/documentos\/atas\/2025\/lista03.pdf\" target=\"_blank\" rel=\"noopener noreferrer\">Lista de presen\u00e7a &#8211; 3\u00aa Sess\u00e3o Plen\u00e1ria<\/a><\/p>\n<p><a href=\"\/transparencia\/wp-content\/uploads\/documentos\/atas\/2025\/02.pdf\" target=\"_blank\" rel=\"noopener noreferrer\">Ata 2\u00aa Sess\u00e3o Plen\u00e1ria<\/a> | <a href=\"\/transparencia\/wp-content\/uploads\/documentos\/atas\/2025\/lista02.pdf\" target=\"_blank\" rel=\"noopener noreferrer\">Lista de presen\u00e7a &#8211; 2\u00aa Sess\u00e3o Plen\u00e1ria<\/a><\/p>\n<p><a href=\"\/transparencia\/wp-content\/uploads\/documentos\/atas\/2025\/01.pdf\" target=\"_blank\" rel=\"noopener noreferrer\">Ata 1\u00aa Sess\u00e3o Plen\u00e1ria<\/a><\/p>\n<p><a href=\"https:\/\/corecon-se.org.br\/transparencia\/wp-content\/uploads\/2025\/01\/Termo-de-Posse-Terco-Conselheiros-06012025-2.pdf\" target=\"_blank\" rel=\"noopener noreferrer\">Ata de Posse 1\u00ba Ter\u00e7o Conselheiros &#8211; 06.01.2025<\/a><\/p>\n<p><a href=\"https:\/\/corecon-se.org.br\/transparencia\/wp-content\/uploads\/2025\/01\/Termo-de-Eleicao-Diretoria-06012025-2.pdf\" target=\"_blank\" rel=\"noopener noreferrer\">Ata de Elei\u00e7\u00e3o e Posse Diretoria &#8211; 06.01.2025<\/a><\/p>\n<p><a href=\"https:\/\/corecon-se.org.br\/transparencia\/wp-content\/uploads\/2025\/02\/Ata-1a-Sessao-Extraordinaria-06012025-Site.pdf\" target=\"_blank\" rel=\"noopener noreferrer\">Ata 1\u00aa Sess\u00e3o Extraordin\u00e1ria &#8211; 06.01.2025<\/a><\/p>\n","protected":false},"excerpt":{"rendered":"<p>Ata 12\u00aa Sess\u00e3o Plen\u00e1ria | Lista de presen\u00e7a &#8211; 12\u00aa Sess\u00e3o Plen\u00e1ria Ata 11\u00aa Sess\u00e3o Plen\u00e1ria | Lista de presen\u00e7a &#8211; 11\u00aa Sess\u00e3o Plen\u00e1ria Ata 10\u00aa Sess\u00e3o Plen\u00e1ria | Lista de presen\u00e7a &#8211; 10\u00aa Sess\u00e3o Plen\u00e1ria Ata 9\u00aa Sess\u00e3o Plen\u00e1ria | Lista de presen\u00e7a &#8211; 9\u00aa Sess\u00e3o Plen\u00e1ria Ata 8\u00aa Sess\u00e3o Plen\u00e1ria | Lista de &hellip; <a href=\"https:\/\/corecon-se.org.br\/transparencia\/atas\/atas-2025\/\" class=\"more-link\">Continue reading <span class=\"screen-reader-text\">Atas 2025<\/span><\/a><\/p>\n","protected":false},"author":2,"featured_media":0,"parent":32,"menu_order":0,"comment_status":"closed","ping_status":"closed","template":"","meta":{"footnotes":""},"class_list":["post-3604","page","type-page","status-publish","hentry"],"_links":{"self":[{"href":"https:\/\/corecon-se.org.br\/transparencia\/wp-json\/wp\/v2\/pages\/3604","targetHints":{"allow":["GET"]}}],"collection":[{"href":"https:\/\/corecon-se.org.br\/transparencia\/wp-json\/wp\/v2\/pages"}],"about":[{"href":"https:\/\/corecon-se.org.br\/transparencia\/wp-json\/wp\/v2\/types\/page"}],"author":[{"embeddable":true,"href":"https:\/\/corecon-se.org.br\/transparencia\/wp-json\/wp\/v2\/users\/2"}],"replies":[{"embeddable":true,"href":"https:\/\/corecon-se.org.br\/transparencia\/wp-json\/wp\/v2\/comments?post=3604"}],"version-history":[{"count":14,"href":"https:\/\/corecon-se.org.br\/transparencia\/wp-json\/wp\/v2\/pages\/3604\/revisions"}],"predecessor-version":[{"id":3813,"href":"https:\/\/corecon-se.org.br\/transparencia\/wp-json\/wp\/v2\/pages\/3604\/revisions\/3813"}],"up":[{"embeddable":true,"href":"https:\/\/corecon-se.org.br\/transparencia\/wp-json\/wp\/v2\/pages\/32"}],"wp:attachment":[{"href":"https:\/\/corecon-se.org.br\/transparencia\/wp-json\/wp\/v2\/media?parent=3604"}],"curies":[{"name":"wp","href":"https:\/\/api.w.org\/{rel}","templated":true}]}}