{"id":3609,"date":"2025-01-13T23:34:12","date_gmt":"2025-01-14T02:34:12","guid":{"rendered":"https:\/\/corecon-se.org.br\/transparencia\/?page_id=3609"},"modified":"2025-06-22T17:00:30","modified_gmt":"2025-06-22T20:00:30","slug":"portarias-2025","status":"publish","type":"page","link":"https:\/\/corecon-se.org.br\/transparencia\/atos-normativos\/portarias-2025\/","title":{"rendered":"Portarias 2025"},"content":{"rendered":"<table style=\"width: 100%;\" border=\"0\" align=\"center\">\r\n<tbody>\r\n<tr style=\"height: 70px;\">\r\n<th style=\"background-color: #333399; color: #ffffff; height: 70px; text-align: center;\">\r\n<p align=\"center\"><strong>PORTARIAS<\/strong><\/p>\r\n<\/th>\r\n<\/tr>\r\n<tr style=\"height: 486px;\">\r\n<td style=\"height: 486px; background-color: #f5f5f5; vertical-align: text-top;\">\r\n<p align=\"center\"><span style=\"color: #008080;\"><strong>2025<\/strong><\/span><\/p>\r\n\r\n<table style=\"height: 626px;\">\r\n<tbody>\r\n<tr>\r\n<td style=\"width: 70px;\"><strong><span style=\"color: #666699;\">N\u00b0<\/span><\/strong><\/td>\r\n<td><span style=\"color: #666699;\"><strong>Descri\u00e7\u00e3o<\/strong><\/span><\/td>\r\n<\/tr>\r\n<tr>\r\n<td>001<\/td>\r\n<td><a href=\"https:\/\/corecon-se.org.br\/transparencia\/wp-content\/uploads\/2025\/01\/Portaria-001-2025.pdf\">Nomeia Gerente Executiva.<\/a><\/td>\r\n<\/tr>\r\n<tr>\r\n<td>002<\/td>\r\n<td><a href=\"https:\/\/corecon-se.org.br\/transparencia\/wp-content\/uploads\/2025\/01\/Portaria-002-2025.pdf\">Designa funcion\u00e1rio respons\u00e1vel pela tesouraria em 2025.<\/a><\/td>\r\n<\/tr>\r\n<tr>\r\n<td>003<\/td>\r\n<td><a href=\"https:\/\/corecon-se.org.br\/transparencia\/wp-content\/uploads\/2025\/02\/Portaria-003-2025.pdf\">Disp\u00f5e sobre a Designa\u00e7\u00e3o da Comiss\u00e3o de Tomada de Contas.<\/a><\/td>\r\n<\/tr>\r\n<tr>\r\n<td>004<\/td>\r\n<td><a href=\"https:\/\/corecon-se.org.br\/transparencia\/wp-content\/uploads\/2025\/02\/Portaria-004-2025.pdf\">Nomeia Comiss\u00e3o de Licita\u00e7\u00e3o.<\/a><\/td>\r\n<\/tr>\r\n<tr>\r\n<td>005<\/td>\r\n<td><a href=\"https:\/\/corecon-se.org.br\/transparencia\/wp-content\/uploads\/2025\/02\/Portaria-005-2025.pdf\">Nomeia Comiss\u00e3o de Fiscaliza\u00e7\u00e3o e Registro.<\/a><\/td>\r\n<\/tr>\r\n<tr>\r\n<td>006<\/td>\r\n<td><a href=\"https:\/\/corecon-se.org.br\/transparencia\/wp-content\/uploads\/2025\/02\/Portaria-006-2025.pdf\">Disp\u00f5e sobre a exonera\u00e7\u00e3o de empregado p\u00fablico efetivo por aderir ao Programa de Demiss\u00e3o Volunt\u00e1ria \u2013 PDV.<\/a><\/td>\r\n<\/tr>\r\n<tr>\r\n<td>007<\/td>\r\n<td><a href=\"\/transparencia\/wp-content\/uploads\/documentos\/atos-normativos\/portarias\/2025\/7.pdf\" target=\"_blank\" rel=\"noreferrer noopener\">Designa funcion\u00e1rio respons\u00e1vel pela tesouraria em 2025.<\/a><\/td>\r\n<\/tr>\r\n<tr>\r\n<td>008<\/td>\r\n<td><a href=\"\/transparencia\/wp-content\/uploads\/documentos\/atos-normativos\/portarias\/2025\/8.pdf\" target=\"_blank\" rel=\"noreferrer noopener\">Nomeia Comiss\u00e3o da Mulher Economista.<\/a><\/td>\r\n<\/tr>\r\n<tr>\r\n<td>009<\/td>\r\n<td><a href=\"\/transparencia\/wp-content\/uploads\/documentos\/atos-normativos\/portarias\/2025\/9.pdf\" target=\"_blank\" rel=\"noreferrer noopener\">Nomeia Comiss\u00e3o de Avalia\u00e7\u00e3o do Acordo Coletivo.<\/a><\/td>\r\n<\/tr>\r\n<\/tbody>\r\n<\/table>\r\n<\/td>\r\n<\/tr>\r\n<\/tbody>\r\n<\/table><!-- \/wp:post-content -->","protected":false},"excerpt":{"rendered":"<p>PORTARIAS 2025 N\u00b0 Descri\u00e7\u00e3o 001 Nomeia Gerente Executiva. 002 Designa funcion\u00e1rio respons\u00e1vel pela tesouraria em 2025. 003 Disp\u00f5e sobre a Designa\u00e7\u00e3o da Comiss\u00e3o de Tomada de Contas. 004 Nomeia Comiss\u00e3o de Licita\u00e7\u00e3o. 005 Nomeia Comiss\u00e3o de Fiscaliza\u00e7\u00e3o e Registro. 006 Disp\u00f5e sobre a exonera\u00e7\u00e3o de empregado p\u00fablico efetivo por aderir ao Programa de Demiss\u00e3o Volunt\u00e1ria &hellip; <a href=\"https:\/\/corecon-se.org.br\/transparencia\/atos-normativos\/portarias-2025\/\" class=\"more-link\">Continue reading <span class=\"screen-reader-text\">Portarias 2025<\/span><\/a><\/p>\n","protected":false},"author":2,"featured_media":0,"parent":34,"menu_order":0,"comment_status":"closed","ping_status":"closed","template":"","meta":{"footnotes":""},"class_list":["post-3609","page","type-page","status-publish","hentry"],"_links":{"self":[{"href":"https:\/\/corecon-se.org.br\/transparencia\/wp-json\/wp\/v2\/pages\/3609","targetHints":{"allow":["GET"]}}],"collection":[{"href":"https:\/\/corecon-se.org.br\/transparencia\/wp-json\/wp\/v2\/pages"}],"about":[{"href":"https:\/\/corecon-se.org.br\/transparencia\/wp-json\/wp\/v2\/types\/page"}],"author":[{"embeddable":true,"href":"https:\/\/corecon-se.org.br\/transparencia\/wp-json\/wp\/v2\/users\/2"}],"replies":[{"embeddable":true,"href":"https:\/\/corecon-se.org.br\/transparencia\/wp-json\/wp\/v2\/comments?post=3609"}],"version-history":[{"count":15,"href":"https:\/\/corecon-se.org.br\/transparencia\/wp-json\/wp\/v2\/pages\/3609\/revisions"}],"predecessor-version":[{"id":3754,"href":"https:\/\/corecon-se.org.br\/transparencia\/wp-json\/wp\/v2\/pages\/3609\/revisions\/3754"}],"up":[{"embeddable":true,"href":"https:\/\/corecon-se.org.br\/transparencia\/wp-json\/wp\/v2\/pages\/34"}],"wp:attachment":[{"href":"https:\/\/corecon-se.org.br\/transparencia\/wp-json\/wp\/v2\/media?parent=3609"}],"curies":[{"name":"wp","href":"https:\/\/api.w.org\/{rel}","templated":true}]}}