{"id":361,"date":"2019-01-14T20:32:23","date_gmt":"2019-01-14T22:32:23","guid":{"rendered":"http:\/\/corecon-se.org.br\/transparencia\/?page_id=361"},"modified":"2021-04-01T18:13:43","modified_gmt":"2021-04-01T21:13:43","slug":"portarias-2019","status":"publish","type":"page","link":"https:\/\/corecon-se.org.br\/transparencia\/atos-normativos\/portarias-2019\/","title":{"rendered":"Portarias 2019"},"content":{"rendered":"\r\n<p>&nbsp;<\/p>\r\n<table style=\"width: 100%;\" border=\"0\" align=\"center\">\r\n<tbody>\r\n<tr style=\"height: 70px;\">\r\n<th style=\"background-color: #333399; color: #ffffff; height: 70px; text-align: center;\">\r\n<p align=\"center\"><strong>PORTARIAS<\/strong><\/p>\r\n<\/th>\r\n<\/tr>\r\n<tr style=\"height: 486px;\">\r\n<td style=\"height: 486px; background-color: #f5f5f5; vertical-align: text-top;\">\r\n<p align=\"center\"><span style=\"color: #008080;\"><strong>2019<\/strong><\/span><\/p>\r\n<table style=\"height: 927px;\" width=\"645\">\r\n<tbody>\r\n<tr>\r\n<td style=\"width: 70px;\"><strong><span style=\"color: #666699;\">N\u00b0<\/span><\/strong><\/td>\r\n<td><span style=\"color: #666699;\"><strong>Descri\u00e7\u00e3o<\/strong><\/span><\/td>\r\n<\/tr>\r\n<tr>\r\n<td>001<\/td>\r\n<td><a href=\"http:\/\/corecon-se.org.br\/documentos\/atosnormativos\/portarias\/2019\/1.pdf\" target=\"_blank\" rel=\"noopener noreferrer\">Nomeia Gerente Executiva.<\/a><\/td>\r\n<\/tr>\r\n<tr>\r\n<td>002<\/td>\r\n<td><a href=\"http:\/\/corecon-se.org.br\/documentos\/atosnormativos\/portarias\/2019\/2.pdf\" target=\"_blank\" rel=\"noopener noreferrer\">Designa a funcion\u00e1ria Artemisa Ribeiro Batista para responder pela Tesouraria em 2019.<\/a><\/td>\r\n<\/tr>\r\n<tr>\r\n<td>003<\/td>\r\n<td><a href=\"http:\/\/corecon-se.org.br\/documentos\/atosnormativos\/portarias\/2019\/3.pdf\" target=\"_blank\" rel=\"noopener noreferrer\">Disp\u00f5e sobre a Designa\u00e7\u00e3o da Comiss\u00e3o de Tomada de Contas.<\/a><\/td>\r\n<\/tr>\r\n<tr>\r\n<td>004<\/td>\r\n<td><a href=\"http:\/\/corecon-se.org.br\/documentos\/atosnormativos\/portarias\/2019\/4.pdf\" target=\"_blank\" rel=\"noopener noreferrer\">Nomeia Comiss\u00e3o Permanente de Licita\u00e7\u00e3o.<\/a><\/td>\r\n<\/tr>\r\n<tr>\r\n<td>005<\/td>\r\n<td><a href=\"http:\/\/corecon-se.org.br\/documentos\/atosnormativos\/portarias\/2019\/5.pdf\" target=\"_blank\" rel=\"noopener noreferrer\">Nomeia Comiss\u00e3o Permanente de Pol\u00edtica Econ\u00f4mica.<\/a><\/td>\r\n<\/tr>\r\n<tr>\r\n<td>006<\/td>\r\n<td><a href=\"http:\/\/corecon-se.org.br\/documentos\/atosnormativos\/portarias\/2019\/6.pdf\" target=\"_blank\" rel=\"noopener noreferrer\">Nomeia Comiss\u00e3o de Avalia\u00e7\u00e3o do Plano de Cargos e Sal\u00e1rios &#8211; PCS.<\/a><\/td>\r\n<\/tr>\r\n<tr>\r\n<td>007<\/td>\r\n<td><a href=\"http:\/\/corecon-se.org.br\/documentos\/atosnormativos\/portarias\/2019\/7.pdf\" target=\"_blank\" rel=\"noopener noreferrer\">Nomeia Comiss\u00e3o de Fiscaliza\u00e7\u00e3o e Registro.<\/a><\/td>\r\n<\/tr>\r\n<tr>\r\n<td>008<\/td>\r\n<td><a href=\"http:\/\/corecon-se.org.br\/documentos\/atosnormativos\/portarias\/2019\/8.pdf\" target=\"_blank\" rel=\"noopener noreferrer\">Nomeia Comiss\u00e3o de Educa\u00e7\u00e3o.<\/a><\/td>\r\n<\/tr>\r\n<tr>\r\n<td>009<\/td>\r\n<td><a href=\"http:\/\/corecon-se.org.br\/documentos\/atosnormativos\/portarias\/2019\/9.pdf\" target=\"_blank\" rel=\"noopener noreferrer\">Autoriza o reajuste salarial para os servidores do CORECON-SE<\/a><\/td>\r\n<\/tr>\r\n<tr>\r\n<td>010<\/td>\r\n<td><a href=\"http:\/\/corecon-se.org.br\/documentos\/atosnormativos\/portarias\/2019\/10.pdf\" target=\"_blank\" rel=\"noopener noreferrer\">Nomeia Comiss\u00e3o da Mulher Economista.<\/a><\/td>\r\n<\/tr>\r\n<tr>\r\n<td>011<\/td>\r\n<td><a href=\"http:\/\/corecon-se.org.br\/documentos\/atosnormativos\/portarias\/2019\/11.pdf\" target=\"_blank\" rel=\"noopener noreferrer\">Conceder, a pedido, licen\u00e7a a Econ. Cl\u00e1udia Virg\u00ednia Santos, do cargo de Conselheira Efetiva do CORECON-SE.<\/a><\/td>\r\n<\/tr>\r\n<tr>\r\n<td>012<\/td>\r\n<td><a href=\"http:\/\/corecon-se.org.br\/documentos\/atosnormativos\/portarias\/2019\/12.pdf\" target=\"_blank\" rel=\"noopener noreferrer\">Concede a Vantagem Pecuni\u00e1ria Individual (VPI) aos servidores do CORECON-SE.<\/a><\/td>\r\n<\/tr>\r\n<tr>\r\n<td>013<\/td>\r\n<td><a href=\"http:\/\/corecon-se.org.br\/documentos\/atosnormativos\/portarias\/2019\/13.pdf\" target=\"_blank\" rel=\"noopener noreferrer\">Designa o Vice-Presidente para o exerc\u00edcio interino da Presid\u00eancia do CORECON-SE.<\/a><\/td>\r\n<\/tr>\r\n<tr>\r\n<td>014<\/td>\r\n<td><a href=\"http:\/\/corecon-se.org.br\/documentos\/atosnormativos\/portarias\/2019\/14.pdf\" target=\"_blank\" rel=\"noopener noreferrer\">Altera o valor do Aux\u00edlio Alimenta\u00e7\u00e3o concedido mensalmente aos servidores do CORECON-SE.<\/a><\/td>\r\n<\/tr>\r\n<tr>\r\n<td>015<\/td>\r\n<td><a href=\"http:\/\/corecon-se.org.br\/documentos\/atosnormativos\/portarias\/2019\/15.pdf\" target=\"_blank\" rel=\"noopener noreferrer\">Altera a Comiss\u00e3o de Fiscaliza\u00e7\u00e3o e Registro do CORECON-SE.<\/a><\/td>\r\n<\/tr>\r\n<tr>\r\n<td>016<\/td>\r\n<td><a href=\"http:\/\/corecon-se.org.br\/documentos\/atosnormativos\/portarias\/2019\/16.pdf\" target=\"_blank\" rel=\"noopener noreferrer\">Designa o Vice-Presidente para o exerc\u00edcio interino da Presid\u00eancia do CORECON-SE.<\/a><\/td>\r\n<\/tr>\r\n<tr>\r\n<td>017<\/td>\r\n<td><a href=\"http:\/\/corecon-se.org.br\/documentos\/atosnormativos\/portarias\/2019\/17.pdf\" target=\"_blank\" rel=\"noopener noreferrer\">Altera a composi\u00e7\u00e3o da Comiss\u00e3o Permanente de Licita\u00e7\u00e3o do CORECON-SE.<\/a><\/td>\r\n<\/tr>\r\n<tr>\r\n<td>\u00a0<\/td>\r\n<td>\u00a0<\/td>\r\n<\/tr>\r\n<\/tbody>\r\n<\/table>\r\n<\/td>\r\n<\/tr>\r\n<\/tbody>\r\n<\/table>\r\n","protected":false},"excerpt":{"rendered":"<p>&nbsp; PORTARIAS 2019 N\u00b0 Descri\u00e7\u00e3o 001 Nomeia Gerente Executiva. 002 Designa a funcion\u00e1ria Artemisa Ribeiro Batista para responder pela Tesouraria em 2019. 003 Disp\u00f5e sobre a Designa\u00e7\u00e3o da Comiss\u00e3o de Tomada de Contas. 004 Nomeia Comiss\u00e3o Permanente de Licita\u00e7\u00e3o. 005 Nomeia Comiss\u00e3o Permanente de Pol\u00edtica Econ\u00f4mica. 006 Nomeia Comiss\u00e3o de Avalia\u00e7\u00e3o do Plano de Cargos &hellip; <a href=\"https:\/\/corecon-se.org.br\/transparencia\/atos-normativos\/portarias-2019\/\" class=\"more-link\">Continue reading <span class=\"screen-reader-text\">Portarias 2019<\/span><\/a><\/p>\n","protected":false},"author":2,"featured_media":0,"parent":34,"menu_order":0,"comment_status":"closed","ping_status":"closed","template":"","meta":{"footnotes":""},"class_list":["post-361","page","type-page","status-publish","hentry"],"_links":{"self":[{"href":"https:\/\/corecon-se.org.br\/transparencia\/wp-json\/wp\/v2\/pages\/361","targetHints":{"allow":["GET"]}}],"collection":[{"href":"https:\/\/corecon-se.org.br\/transparencia\/wp-json\/wp\/v2\/pages"}],"about":[{"href":"https:\/\/corecon-se.org.br\/transparencia\/wp-json\/wp\/v2\/types\/page"}],"author":[{"embeddable":true,"href":"https:\/\/corecon-se.org.br\/transparencia\/wp-json\/wp\/v2\/users\/2"}],"replies":[{"embeddable":true,"href":"https:\/\/corecon-se.org.br\/transparencia\/wp-json\/wp\/v2\/comments?post=361"}],"version-history":[{"count":13,"href":"https:\/\/corecon-se.org.br\/transparencia\/wp-json\/wp\/v2\/pages\/361\/revisions"}],"predecessor-version":[{"id":1012,"href":"https:\/\/corecon-se.org.br\/transparencia\/wp-json\/wp\/v2\/pages\/361\/revisions\/1012"}],"up":[{"embeddable":true,"href":"https:\/\/corecon-se.org.br\/transparencia\/wp-json\/wp\/v2\/pages\/34"}],"wp:attachment":[{"href":"https:\/\/corecon-se.org.br\/transparencia\/wp-json\/wp\/v2\/media?parent=361"}],"curies":[{"name":"wp","href":"https:\/\/api.w.org\/{rel}","templated":true}]}}