{"id":3614,"date":"2025-01-13T23:40:34","date_gmt":"2025-01-14T02:40:34","guid":{"rendered":"https:\/\/corecon-se.org.br\/transparencia\/?page_id=3614"},"modified":"2026-01-09T16:56:23","modified_gmt":"2026-01-09T19:56:23","slug":"resolucoes-2025","status":"publish","type":"page","link":"https:\/\/corecon-se.org.br\/transparencia\/atos-normativos\/resolucoes-2025\/","title":{"rendered":"Resolu\u00e7\u00f5es 2025"},"content":{"rendered":"<table style=\"width: 100%;\" border=\"0\" align=\"center\">\n<tbody>\n<tr style=\"height: 70px;\">\n<th style=\"background-color: #333399; color: #ffffff; height: 70px; text-align: center;\">\n<p align=\"center\"><strong>RESOLU\u00c7\u00d5ES<\/strong><\/p>\n<\/th>\n<\/tr>\n<tr style=\"height: 486px;\">\n<td style=\"height: 486px; background-color: #f5f5f5; vertical-align: text-top;\">\n<p align=\"center\"><span style=\"color: #008080;\"><strong>2025<\/strong><\/span><\/p>\n<table style=\"height: 170px;\" width=\"641\">\n<tbody>\n<tr>\n<td style=\"width: 70px;\"><strong><span style=\"color: #666699;\">N\u00b0<\/span><\/strong><\/td>\n<td><span style=\"color: #666699;\"><strong>Descri\u00e7\u00e3o<\/strong><\/span><\/td>\n<\/tr>\n<tr>\n<td>001<\/td>\n<td><a href=\"https:\/\/corecon-se.org.br\/transparencia\/wp-content\/uploads\/2025\/01\/Resolucao-001-2025-1.pdf\" target=\"_blank\" rel=\"noreferrer noopener\">Renova\u00e7\u00e3o de Ter\u00e7o de Conselheiros e Composi\u00e7\u00e3o do Plen\u00e1rio do Corecon-SE.<\/a><\/td>\n<\/tr>\n<tr>\n<td>002<\/td>\n<td><a href=\"https:\/\/corecon-se.org.br\/transparencia\/wp-content\/uploads\/2025\/01\/Resolucao-002-2025.pdf\" target=\"_blank\" rel=\"noreferrer noopener\">Disp\u00f5e sobre a Administra\u00e7\u00e3o do Corecon-SE.<\/a><\/td>\n<\/tr>\n<tr>\n<td>004<\/td>\n<td><a href=\"\/transparencia\/wp-content\/uploads\/documentos\/atos-normativos\/resolucoes\/2025\/4.pdf\" target=\"_blank\" rel=\"noreferrer noopener\">Disp\u00f5e sobre Pedido de Registro no Cadastro Nacional de Peritos de Economia e Finan\u00e7as.<\/a><\/td>\n<\/tr>\n<tr>\n<td>005<\/td>\n<td><a href=\"\/transparencia\/wp-content\/uploads\/documentos\/atos-normativos\/resolucoes\/2025\/5.pdf\" target=\"_blank\" rel=\"noreferrer noopener\">Disp\u00f5e sobre Cancelamento de Registro Definitivo de Pessoa F\u00edsica.<\/a><\/td>\n<\/tr>\n<tr>\n<td>006<\/td>\n<td><a href=\"\/transparencia\/wp-content\/uploads\/documentos\/atos-normativos\/resolucoes\/2025\/6.pdf\" target=\"_blank\" rel=\"noreferrer noopener\">Disp\u00f5e sobre Reativa\u00e7\u00e3o de Registro Definitivo de Pessoa F\u00edsica.<\/a><\/td>\n<\/tr>\n<tr>\n<td>009<\/td>\n<td><a href=\"\/transparencia\/wp-content\/uploads\/documentos\/atos-normativos\/resolucoes\/2025\/9.pdf\" target=\"_blank\" rel=\"noreferrer noopener\">Disp\u00f5e sobre Pedido de Registro no Cadastro Nacional de Peritos de Economia e Finan\u00e7as.<\/a><\/td>\n<\/tr>\n<tr>\n<td>010<\/td>\n<td><a href=\"\/transparencia\/wp-content\/uploads\/documentos\/atos-normativos\/resolucoes\/2025\/10.pdf\" target=\"_blank\" rel=\"noreferrer noopener\">Nomeia coordenador do XXIV Pr\u00eamio Sergipe de Economia.<\/a><\/td>\n<\/tr>\n<tr>\n<td>011<\/td>\n<td><a href=\"\/transparencia\/wp-content\/uploads\/documentos\/atos-normativos\/resolucoes\/2025\/11.pdf\" target=\"_blank\" rel=\"noreferrer noopener\">Nomeia comiss\u00e3o julgadora do XXIV Pr\u00eamio Sergipe de Economia.<\/a><\/td>\n<\/tr>\n<tr>\n<td>012<\/td>\n<td><a href=\"\/transparencia\/wp-content\/uploads\/documentos\/atos-normativos\/resolucoes\/2025\/12.pdf\" target=\"_blank\" rel=\"noreferrer noopener\">Disp\u00f5e sobre Cancelamento de Registro Definitivo.<\/a><\/td>\n<\/tr>\n<tr>\n<td>015<\/td>\n<td><a href=\"\/transparencia\/wp-content\/uploads\/documentos\/atos-normativos\/resolucoes\/2025\/15.pdf\" target=\"_blank\" rel=\"noreferrer noopener\">Disp\u00f5e sobre Cancelamento de Registro Definitivo.<\/a><\/td>\n<\/tr>\n<tr>\n<td>016<\/td>\n<td><a href=\"\/transparencia\/wp-content\/uploads\/documentos\/atos-normativos\/resolucoes\/2025\/16.pdf\" target=\"_blank\" rel=\"noreferrer noopener\">Disp\u00f5e sobre Registro Definitivo de Pessoa F\u00edsica.<\/a><\/td>\n<\/tr>\n<tr>\n<td>019<\/td>\n<td><a href=\"\/transparencia\/wp-content\/uploads\/documentos\/atos-normativos\/resolucoes\/2025\/19.pdf\" target=\"_blank\" rel=\"noreferrer noopener\">Disp\u00f5e sobre Cancelamento de Registro Definitivo.<\/a><\/td>\n<\/tr>\n<tr>\n<td>021<\/td>\n<td><a href=\"\/transparencia\/wp-content\/uploads\/documentos\/atos-normativos\/resolucoes\/2025\/21.pdf\" target=\"_blank\" rel=\"noreferrer noopener\">Disp\u00f5e sobre Tratamento Especial Dispensado em Fun\u00e7\u00e3o da Idade.<\/a><\/td>\n<\/tr>\n<tr>\n<td>025<\/td>\n<td><a href=\"\/transparencia\/wp-content\/uploads\/documentos\/atos-normativos\/resolucoes\/2025\/25.pdf\" target=\"_blank\" rel=\"noreferrer noopener\">Nomeia Comiss\u00e3o Eleitoral.<\/a><\/td>\n<\/tr>\n<tr>\n<td>026<\/td>\n<td><a href=\"\/transparencia\/wp-content\/uploads\/documentos\/atos-normativos\/resolucoes\/2025\/26.pdf\" target=\"_blank\" rel=\"noreferrer noopener\">Disp\u00f5e sobre Cancelamento de Registro.<\/a><\/td>\n<\/tr>\n<tr>\n<td>029<\/td>\n<td><a href=\"\/transparencia\/wp-content\/uploads\/documentos\/atos-normativos\/resolucoes\/2025\/29.pdf\" target=\"_blank\" rel=\"noreferrer noopener\">Disp\u00f5e sobre Cancelamento de Registro.<\/a><\/td>\n<\/tr>\n<tr>\n<td>030<\/td>\n<td><a href=\"\/transparencia\/wp-content\/uploads\/documentos\/atos-normativos\/resolucoes\/2025\/30.pdf\" target=\"_blank\" rel=\"noreferrer noopener\">Disp\u00f5e sobre Registro Definitivo de Pessoa Jur\u00eddica.<\/a><\/td>\n<\/tr>\n<tr>\n<td>031<\/td>\n<td><a href=\"\/transparencia\/wp-content\/uploads\/documentos\/atos-normativos\/resolucoes\/2025\/31.pdf\" target=\"_blank\" rel=\"noreferrer noopener\">Aprova dossi\u00ea eleitoral 2025.<\/a><\/td>\n<\/tr>\n<tr>\n<td>032<\/td>\n<td><a href=\"\/transparencia\/wp-content\/uploads\/documentos\/atos-normativos\/resolucoes\/2025\/32.pdf\" target=\"_blank\" rel=\"noreferrer noopener\">Disp\u00f5e sobre cancelamento de registro.<\/a><\/td>\n<\/tr>\n<tr>\n<td>033<\/td>\n<td><a href=\"\/transparencia\/wp-content\/uploads\/documentos\/atos-normativos\/resolucoes\/2025\/33.pdf\" target=\"_blank\" rel=\"noreferrer noopener\">Disp\u00f5e sobre Registro Definitivo de Pessoa F\u00edsica.<\/a><\/td>\n<\/tr>\n<tr>\n<td>034<\/td>\n<td><a href=\"\/transparencia\/wp-content\/uploads\/documentos\/atos-normativos\/resolucoes\/2025\/34.pdf\" target=\"_blank\" rel=\"noreferrer noopener\">Disp\u00f5e sobre Registro Definitivo de Pessoa F\u00edsica.<\/a><\/td>\n<\/tr>\n<tr>\n<td>035<\/td>\n<td><a href=\"\/transparencia\/wp-content\/uploads\/documentos\/atos-normativos\/resolucoes\/2025\/35.pdf\" target=\"_blank\" rel=\"noreferrer noopener\">Disp\u00f5e sobre cancelamento de registro.<\/a><\/td>\n<\/tr>\n<\/tbody>\n<\/table>\n<\/td>\n<\/tr>\n<\/tbody>\n<\/table>\n","protected":false},"excerpt":{"rendered":"<p>RESOLU\u00c7\u00d5ES 2025 N\u00b0 Descri\u00e7\u00e3o 001 Renova\u00e7\u00e3o de Ter\u00e7o de Conselheiros e Composi\u00e7\u00e3o do Plen\u00e1rio do Corecon-SE. 002 Disp\u00f5e sobre a Administra\u00e7\u00e3o do Corecon-SE. 004 Disp\u00f5e sobre Pedido de Registro no Cadastro Nacional de Peritos de Economia e Finan\u00e7as. 005 Disp\u00f5e sobre Cancelamento de Registro Definitivo de Pessoa F\u00edsica. 006 Disp\u00f5e sobre Reativa\u00e7\u00e3o de Registro Definitivo &hellip; <a href=\"https:\/\/corecon-se.org.br\/transparencia\/atos-normativos\/resolucoes-2025\/\" class=\"more-link\">Continue reading <span class=\"screen-reader-text\">Resolu\u00e7\u00f5es 2025<\/span><\/a><\/p>\n","protected":false},"author":2,"featured_media":0,"parent":34,"menu_order":0,"comment_status":"closed","ping_status":"closed","template":"","meta":{"footnotes":""},"class_list":["post-3614","page","type-page","status-publish","hentry"],"_links":{"self":[{"href":"https:\/\/corecon-se.org.br\/transparencia\/wp-json\/wp\/v2\/pages\/3614","targetHints":{"allow":["GET"]}}],"collection":[{"href":"https:\/\/corecon-se.org.br\/transparencia\/wp-json\/wp\/v2\/pages"}],"about":[{"href":"https:\/\/corecon-se.org.br\/transparencia\/wp-json\/wp\/v2\/types\/page"}],"author":[{"embeddable":true,"href":"https:\/\/corecon-se.org.br\/transparencia\/wp-json\/wp\/v2\/users\/2"}],"replies":[{"embeddable":true,"href":"https:\/\/corecon-se.org.br\/transparencia\/wp-json\/wp\/v2\/comments?post=3614"}],"version-history":[{"count":11,"href":"https:\/\/corecon-se.org.br\/transparencia\/wp-json\/wp\/v2\/pages\/3614\/revisions"}],"predecessor-version":[{"id":3812,"href":"https:\/\/corecon-se.org.br\/transparencia\/wp-json\/wp\/v2\/pages\/3614\/revisions\/3812"}],"up":[{"embeddable":true,"href":"https:\/\/corecon-se.org.br\/transparencia\/wp-json\/wp\/v2\/pages\/34"}],"wp:attachment":[{"href":"https:\/\/corecon-se.org.br\/transparencia\/wp-json\/wp\/v2\/media?parent=3614"}],"curies":[{"name":"wp","href":"https:\/\/api.w.org\/{rel}","templated":true}]}}