{"id":3817,"date":"2026-01-22T09:00:53","date_gmt":"2026-01-22T12:00:53","guid":{"rendered":"https:\/\/corecon-se.org.br\/transparencia\/?page_id=3817"},"modified":"2026-04-12T12:19:56","modified_gmt":"2026-04-12T15:19:56","slug":"atas-2026","status":"publish","type":"page","link":"https:\/\/corecon-se.org.br\/transparencia\/atas\/atas-2026\/","title":{"rendered":"Atas 2026"},"content":{"rendered":"<p><!--a href=\"\/transparencia\/wp-content\/uploads\/documentos\/atas\/2026\/12.pdf\" target=\"_blank\" rel=\"noopener noreferrer\">Ata 12\u00aa Sess\u00e3o Plen\u00e1ria<\/a> | <a href=\"\/transparencia\/wp-content\/uploads\/documentos\/atas\/2026\/lista12.pdf\" target=\"_blank\" rel=\"noopener noreferrer\">Lista de presen\u00e7a - 12\u00aa Sess\u00e3o Plen\u00e1ria<\/a>\n\n<a href=\"\/transparencia\/wp-content\/uploads\/documentos\/atas\/2026\/11.pdf\" target=\"_blank\" rel=\"noopener noreferrer\">Ata 11\u00aa Sess\u00e3o Plen\u00e1ria<\/a> | <a href=\"\/transparencia\/wp-content\/uploads\/documentos\/atas\/2026\/lista11.pdf\" target=\"_blank\" rel=\"noopener noreferrer\">Lista de presen\u00e7a - 11\u00aa Sess\u00e3o Plen\u00e1ria<\/a>\n\n<a href=\"\/transparencia\/wp-content\/uploads\/documentos\/atas\/2026\/10.pdf\" target=\"_blank\" rel=\"noopener noreferrer\">Ata 10\u00aa Sess\u00e3o Plen\u00e1ria<\/a> | <a href=\"\/transparencia\/wp-content\/uploads\/documentos\/atas\/2026\/lista10.pdf\" target=\"_blank\" rel=\"noopener noreferrer\">Lista de presen\u00e7a - 10\u00aa Sess\u00e3o Plen\u00e1ria<\/a>\n\n<a href=\"\/transparencia\/wp-content\/uploads\/documentos\/atas\/2026\/09.pdf\" target=\"_blank\" rel=\"noopener noreferrer\">Ata 9\u00aa Sess\u00e3o Plen\u00e1ria<\/a> | <a href=\"\/transparencia\/wp-content\/uploads\/documentos\/atas\/2026\/lista09.pdf\" target=\"_blank\" rel=\"noopener noreferrer\">Lista de presen\u00e7a - 9\u00aa Sess\u00e3o Plen\u00e1ria<\/a>\n\n<a href=\"\/transparencia\/wp-content\/uploads\/documentos\/atas\/2026\/08.pdf\" target=\"_blank\" rel=\"noopener noreferrer\">Ata 8\u00aa Sess\u00e3o Plen\u00e1ria<\/a> | <a href=\"\/transparencia\/wp-content\/uploads\/documentos\/atas\/2026\/lista08.pdf\" target=\"_blank\" rel=\"noopener noreferrer\">Lista de presen\u00e7a - 8\u00aa Sess\u00e3o Plen\u00e1ria<\/a>\n\n<a href=\"\/transparencia\/wp-content\/uploads\/documentos\/atas\/2026\/07.pdf\" target=\"_blank\" rel=\"noopener noreferrer\">Ata 7\u00aa Sess\u00e3o Plen\u00e1ria<\/a> | <a href=\"\/transparencia\/wp-content\/uploads\/documentos\/atas\/2026\/lista07.pdf\" target=\"_blank\" rel=\"noopener noreferrer\">Lista de presen\u00e7a - 7\u00aa Sess\u00e3o Plen\u00e1ria<\/a>\n\n<a href=\"\/transparencia\/wp-content\/uploads\/documentos\/atas\/2026\/06.pdf\" target=\"_blank\" rel=\"noopener noreferrer\">Ata 6\u00aa Sess\u00e3o Plen\u00e1ria<\/a> | <a href=\"\/transparencia\/wp-content\/uploads\/documentos\/atas\/2026\/lista06.pdf\" target=\"_blank\" rel=\"noopener noreferrer\">Lista de presen\u00e7a - 6\u00aa Sess\u00e3o Plen\u00e1ria<\/a>\n\n<a href=\"\/transparencia\/wp-content\/uploads\/documentos\/atas\/2026\/05.pdf\" target=\"_blank\" rel=\"noopener noreferrer\">Ata 5\u00aa Sess\u00e3o Plen\u00e1ria<\/a> | <a href=\"\/transparencia\/wp-content\/uploads\/documentos\/atas\/2026\/lista05.pdf\" target=\"_blank\" rel=\"noopener noreferrer\">Lista de presen\u00e7a - 5\u00aa Sess\u00e3o Plen\u00e1ria<\/a>\n\n<a href=\"\/transparencia\/wp-content\/uploads\/documentos\/atas\/2026\/04.pdf\" target=\"_blank\" rel=\"noopener noreferrer\">Ata 4\u00aa Sess\u00e3o Plen\u00e1ria<\/a> | <a href=\"\/transparencia\/wp-content\/uploads\/documentos\/atas\/2026\/lista04.pdf\" target=\"_blank\" rel=\"noopener noreferrer\">Lista de presen\u00e7a - 4\u00aa Sess\u00e3o Plen\u00e1ria<\/a--><\/p>\n<p><a href=\"\/transparencia\/wp-content\/uploads\/documentos\/atas\/2026\/03.pdf\" target=\"_blank\" rel=\"noopener noreferrer\">Ata 3\u00aa Sess\u00e3o Plen\u00e1ria<\/a> | <a href=\"\/transparencia\/wp-content\/uploads\/documentos\/atas\/2026\/lista03.pdf\" target=\"_blank\" rel=\"noopener noreferrer\">Lista de presen\u00e7a &#8211; 3\u00aa Sess\u00e3o Plen\u00e1ria<\/a><\/p>\n<p><a href=\"\/transparencia\/wp-content\/uploads\/documentos\/atas\/2026\/02.pdf\" target=\"_blank\" rel=\"noopener noreferrer\">Ata 2\u00aa Sess\u00e3o Plen\u00e1ria<\/a> | <a href=\"\/transparencia\/wp-content\/uploads\/documentos\/atas\/2026\/lista02.pdf\" target=\"_blank\" rel=\"noopener noreferrer\">Lista de presen\u00e7a &#8211; 2\u00aa Sess\u00e3o Plen\u00e1ria<\/a><\/p>\n<p><a href=\"\/transparencia\/wp-content\/uploads\/documentos\/atas\/2026\/01.pdf\" target=\"_blank\" rel=\"noopener noreferrer\">Ata 1\u00aa Sess\u00e3o Plen\u00e1ria<\/a> | <a href=\"\/transparencia\/wp-content\/uploads\/documentos\/atas\/2026\/lista01.pdf\" target=\"_blank\" rel=\"noopener noreferrer\">Lista de presen\u00e7a &#8211; 1\u00aa Sess\u00e3o Plen\u00e1ria<\/a><\/p>\n<p><a href=\"\/transparencia\/wp-content\/uploads\/documentos\/atas\/2026\/are2026.pdf\" target=\"_blank\" rel=\"noopener noreferrer\">Aviso Resultado de Elei\u00e7\u00e3o 2026<\/a><\/p>\n<p><a href=\"\/transparencia\/wp-content\/uploads\/documentos\/atas\/2026\/Termo-de-Posse-Terco-Conselheiros-06012026.pdf\" target=\"_blank\" rel=\"noopener noreferrer\">Ata de Posse 2\u00ba Ter\u00e7o Conselheiros &#8211; 06.01.2026<\/a><\/p>\n<p><a href=\"\/transparencia\/wp-content\/uploads\/documentos\/atas\/2026\/Termo-de-Eleicao-Diretoria-06012026.pdf\" target=\"_blank\" rel=\"noopener noreferrer\">Ata de Elei\u00e7\u00e3o e Posse Diretoria &#8211; 06.01.2026<\/a><\/p>\n<p><a href=\"\/transparencia\/wp-content\/uploads\/documentos\/atas\/2026\/Ata-1a-Sessao-Extraordinaria-06012026-Site.pdf\" target=\"_blank\" rel=\"noopener noreferrer\">Ata 1\u00aa Sess\u00e3o Extraordin\u00e1ria &#8211; 06.01.2026<\/a> | <a href=\"\/transparencia\/wp-content\/uploads\/documentos\/atas\/2026\/lista1ex.pdf\" target=\"_blank\" rel=\"noopener noreferrer\">Lista de presen\u00e7a &#8211; 1\u00aa Sess\u00e3o Extraordin\u00e1ria<\/a><\/p>\n","protected":false},"excerpt":{"rendered":"<p>Ata 3\u00aa Sess\u00e3o Plen\u00e1ria | Lista de presen\u00e7a &#8211; 3\u00aa Sess\u00e3o Plen\u00e1ria Ata 2\u00aa Sess\u00e3o Plen\u00e1ria | Lista de presen\u00e7a &#8211; 2\u00aa Sess\u00e3o Plen\u00e1ria Ata 1\u00aa Sess\u00e3o Plen\u00e1ria | Lista de presen\u00e7a &#8211; 1\u00aa Sess\u00e3o Plen\u00e1ria Aviso Resultado de Elei\u00e7\u00e3o 2026 Ata de Posse 2\u00ba Ter\u00e7o Conselheiros &#8211; 06.01.2026 Ata de Elei\u00e7\u00e3o e Posse Diretoria &hellip; <a href=\"https:\/\/corecon-se.org.br\/transparencia\/atas\/atas-2026\/\" class=\"more-link\">Continue reading <span class=\"screen-reader-text\">Atas 2026<\/span><\/a><\/p>\n","protected":false},"author":2,"featured_media":0,"parent":32,"menu_order":0,"comment_status":"closed","ping_status":"closed","template":"","meta":{"footnotes":""},"class_list":["post-3817","page","type-page","status-publish","hentry"],"_links":{"self":[{"href":"https:\/\/corecon-se.org.br\/transparencia\/wp-json\/wp\/v2\/pages\/3817","targetHints":{"allow":["GET"]}}],"collection":[{"href":"https:\/\/corecon-se.org.br\/transparencia\/wp-json\/wp\/v2\/pages"}],"about":[{"href":"https:\/\/corecon-se.org.br\/transparencia\/wp-json\/wp\/v2\/types\/page"}],"author":[{"embeddable":true,"href":"https:\/\/corecon-se.org.br\/transparencia\/wp-json\/wp\/v2\/users\/2"}],"replies":[{"embeddable":true,"href":"https:\/\/corecon-se.org.br\/transparencia\/wp-json\/wp\/v2\/comments?post=3817"}],"version-history":[{"count":8,"href":"https:\/\/corecon-se.org.br\/transparencia\/wp-json\/wp\/v2\/pages\/3817\/revisions"}],"predecessor-version":[{"id":3872,"href":"https:\/\/corecon-se.org.br\/transparencia\/wp-json\/wp\/v2\/pages\/3817\/revisions\/3872"}],"up":[{"embeddable":true,"href":"https:\/\/corecon-se.org.br\/transparencia\/wp-json\/wp\/v2\/pages\/32"}],"wp:attachment":[{"href":"https:\/\/corecon-se.org.br\/transparencia\/wp-json\/wp\/v2\/media?parent=3817"}],"curies":[{"name":"wp","href":"https:\/\/api.w.org\/{rel}","templated":true}]}}