{"id":3820,"date":"2026-01-22T09:04:33","date_gmt":"2026-01-22T12:04:33","guid":{"rendered":"https:\/\/corecon-se.org.br\/transparencia\/?page_id=3820"},"modified":"2026-02-12T08:19:30","modified_gmt":"2026-02-12T11:19:30","slug":"portarias-2026","status":"publish","type":"page","link":"https:\/\/corecon-se.org.br\/transparencia\/atos-normativos\/portarias-2026\/","title":{"rendered":"Portarias 2026"},"content":{"rendered":"<table style=\"width: 100%;\" border=\"0\" align=\"center\">\r\n<tbody>\r\n<tr style=\"height: 70px;\">\r\n<th style=\"background-color: #333399; color: #ffffff; height: 70px; text-align: center;\">\r\n<p align=\"center\"><strong>PORTARIAS<\/strong><\/p>\r\n<\/th>\r\n<\/tr>\r\n<tr style=\"height: 486px;\">\r\n<td style=\"height: 486px; background-color: #f5f5f5; vertical-align: text-top;\">\r\n<p align=\"center\"><span style=\"color: #008080;\"><strong>2026<\/strong><\/span><\/p>\r\n\r\n<table style=\"height: 626px;\">\r\n<tbody>\r\n<tr>\r\n<td style=\"width: 70px;\"><strong><span style=\"color: #666699;\">N\u00b0<\/span><\/strong><\/td>\r\n<td><span style=\"color: #666699;\"><strong>Descri\u00e7\u00e3o<\/strong><\/span><\/td>\r\n<\/tr>\r\n<tr>\r\n<td>001<\/td>\r\n<td><a href=\"\/transparencia\/wp-content\/uploads\/documentos\/atos-normativos\/portarias\/2026\/1.pdf\" target=\"_blank\" rel=\"noopener noreferrer\">Designa funcion\u00e1rio respons\u00e1vel pela tesouraria em 2026.<\/a><\/td>\r\n<\/tr>\r\n<tr>\r\n<td>002<\/td>\r\n<td><a href=\"\/transparencia\/wp-content\/uploads\/documentos\/atos-normativos\/portarias\/2026\/2.pdf\" target=\"_blank\" rel=\"noopener noreferrer\">Disp\u00f5e sobre a Designa\u00e7\u00e3o da Comiss\u00e3o de Tomada de Contas<\/a><\/td>\r\n<\/tr>\r\n<tr>\r\n<td>003<\/td>\r\n<td><a href=\"\/transparencia\/wp-content\/uploads\/documentos\/atos-normativos\/portarias\/2026\/3.pdf\" target=\"_blank\" rel=\"noopener noreferrer\">Nomeia Comiss\u00e3o de Licita\u00e7\u00e3o<\/a><\/td>\r\n<\/tr>\r\n<tr>\r\n<td>004<\/td>\r\n<td><a href=\"\/transparencia\/wp-content\/uploads\/documentos\/atos-normativos\/portarias\/2026\/4.pdf\" target=\"_blank\" rel=\"noopener noreferrer\">Nomeia Comiss\u00e3o de Fiscaliza\u00e7\u00e3o e Registro<\/a><\/td>\r\n<\/tr>\r\n<tr>\r\n<td>005<\/td>\r\n<td><a href=\"\/transparencia\/wp-content\/uploads\/documentos\/atos-normativos\/portarias\/2026\/5.pdf\" target=\"_blank\" rel=\"noopener noreferrer\">Nomeia Comiss\u00e3o da Mulher Economista<\/a><\/td>\r\n<\/tr>\r\n<tr>\r\n<td>006<\/td>\r\n<td><a href=\"#\">&#8211;<\/a><\/td>\r\n<\/tr>\r\n<tr>\r\n<td>007<\/td>\r\n<td><a href=\"#\">&#8211;<\/a><\/td>\r\n<\/tr>\r\n<tr>\r\n<td>008<\/td>\r\n<td><a href=\"#\">&#8211;<\/a><\/td>\r\n<\/tr>\r\n<\/tbody>\r\n<\/table>\r\n<\/td>\r\n<\/tr>\r\n<\/tbody>\r\n<\/table><!-- \/wp:post-content -->","protected":false},"excerpt":{"rendered":"<p>PORTARIAS 2026 N\u00b0 Descri\u00e7\u00e3o 001 Designa funcion\u00e1rio respons\u00e1vel pela tesouraria em 2026. 002 Disp\u00f5e sobre a Designa\u00e7\u00e3o da Comiss\u00e3o de Tomada de Contas 003 Nomeia Comiss\u00e3o de Licita\u00e7\u00e3o 004 Nomeia Comiss\u00e3o de Fiscaliza\u00e7\u00e3o e Registro 005 Nomeia Comiss\u00e3o da Mulher Economista 006 &#8211; 007 &#8211; 008 &#8211;<\/p>\n","protected":false},"author":2,"featured_media":0,"parent":34,"menu_order":0,"comment_status":"closed","ping_status":"closed","template":"","meta":{"footnotes":""},"class_list":["post-3820","page","type-page","status-publish","hentry"],"_links":{"self":[{"href":"https:\/\/corecon-se.org.br\/transparencia\/wp-json\/wp\/v2\/pages\/3820","targetHints":{"allow":["GET"]}}],"collection":[{"href":"https:\/\/corecon-se.org.br\/transparencia\/wp-json\/wp\/v2\/pages"}],"about":[{"href":"https:\/\/corecon-se.org.br\/transparencia\/wp-json\/wp\/v2\/types\/page"}],"author":[{"embeddable":true,"href":"https:\/\/corecon-se.org.br\/transparencia\/wp-json\/wp\/v2\/users\/2"}],"replies":[{"embeddable":true,"href":"https:\/\/corecon-se.org.br\/transparencia\/wp-json\/wp\/v2\/comments?post=3820"}],"version-history":[{"count":6,"href":"https:\/\/corecon-se.org.br\/transparencia\/wp-json\/wp\/v2\/pages\/3820\/revisions"}],"predecessor-version":[{"id":3837,"href":"https:\/\/corecon-se.org.br\/transparencia\/wp-json\/wp\/v2\/pages\/3820\/revisions\/3837"}],"up":[{"embeddable":true,"href":"https:\/\/corecon-se.org.br\/transparencia\/wp-json\/wp\/v2\/pages\/34"}],"wp:attachment":[{"href":"https:\/\/corecon-se.org.br\/transparencia\/wp-json\/wp\/v2\/media?parent=3820"}],"curies":[{"name":"wp","href":"https:\/\/api.w.org\/{rel}","templated":true}]}}