{"id":3823,"date":"2026-01-22T09:10:08","date_gmt":"2026-01-22T12:10:08","guid":{"rendered":"https:\/\/corecon-se.org.br\/transparencia\/?page_id=3823"},"modified":"2026-04-03T16:56:31","modified_gmt":"2026-04-03T19:56:31","slug":"resolucoes-2026","status":"publish","type":"page","link":"https:\/\/corecon-se.org.br\/transparencia\/atos-normativos\/resolucoes-2026\/","title":{"rendered":"Resolu\u00e7\u00f5es 2026"},"content":{"rendered":"<table style=\"width: 100%;\" border=\"0\" align=\"center\">\n<tbody>\n<tr style=\"height: 70px;\">\n<th style=\"background-color: #333399; color: #ffffff; height: 70px; text-align: center;\">\n<p align=\"center\"><strong>RESOLU\u00c7\u00d5ES<\/strong><\/p>\n<\/th>\n<\/tr>\n<tr style=\"height: 486px;\">\n<td style=\"height: 486px; background-color: #f5f5f5; vertical-align: text-top;\">\n<p align=\"center\"><span style=\"color: #008080;\"><strong>2026<\/strong><\/span><\/p>\n<table style=\"height: 170px;\" width=\"641\">\n<tbody>\n<tr>\n<td style=\"width: 70px;\"><strong><span style=\"color: #666699;\">N\u00b0<\/span><\/strong><\/td>\n<td><span style=\"color: #666699;\"><strong>Descri\u00e7\u00e3o<\/strong><\/span><\/td>\n<\/tr>\n<tr>\n<td>001<\/td>\n<td><a href=\"\/transparencia\/wp-content\/uploads\/documentos\/atos-normativos\/resolucoes\/2026\/1.pdf\" target=\"_blank\" rel=\"noreferrer noopener\">Renova\u00e7\u00e3o de Ter\u00e7o de Conselheiros e Composi\u00e7\u00e3o do Plen\u00e1rio do Corecon-SE.<\/a><\/td>\n<\/tr>\n<tr>\n<td>002<\/td>\n<td><a href=\"\/transparencia\/wp-content\/uploads\/documentos\/atos-normativos\/resolucoes\/2026\/2.pdf\" target=\"_blank\" rel=\"noreferrer noopener\">Disp\u00f5e sobre a Administra\u00e7\u00e3o do Corecon-SE.<\/a><\/td>\n<\/tr>\n<tr>\n<td>003<\/td>\n<td><a href=\"\/transparencia\/wp-content\/uploads\/documentos\/atos-normativos\/resolucoes\/2026\/3.pdf\" target=\"_blank\" rel=\"noreferrer noopener\">Disp\u00f5e sobre Cancelamento de Registro<\/a><\/td>\n<\/tr>\n<tr>\n<td>004<\/td>\n<td><a href=\"\/transparencia\/wp-content\/uploads\/documentos\/atos-normativos\/resolucoes\/2026\/4.pdf\" target=\"_blank\" rel=\"noreferrer noopener\">Disp\u00f5e sobre Registro Definitivo<\/a><\/td>\n<\/tr>\n<tr>\n<td>005<\/td>\n<td><a href=\"\/transparencia\/wp-content\/uploads\/documentos\/atos-normativos\/resolucoes\/2026\/5.pdf\" target=\"_blank\" rel=\"noreferrer noopener\">Disp\u00f5e sobre de Tratamento Especial em Fun\u00e7\u00e3o da Idade<\/a><\/td>\n<\/tr>\n<tr>\n<td>006<\/td>\n<td><a href=\"#\" target=\"_blank\" rel=\"noreferrer noopener\">&#8211;<\/a><\/td>\n<\/tr>\n<tr>\n<td>007<\/td>\n<td><a href=\"#\" target=\"_blank\" rel=\"noreferrer noopener\">&#8211;<\/a><\/td>\n<\/tr>\n<tr>\n<td>008<\/td>\n<td><a href=\"#\" target=\"_blank\" rel=\"noreferrer noopener\">&#8211;<\/a><\/td>\n<\/tr>\n<\/tbody>\n<\/table>\n<\/td>\n<\/tr>\n<\/tbody>\n<\/table>\n","protected":false},"excerpt":{"rendered":"<p>RESOLU\u00c7\u00d5ES 2026 N\u00b0 Descri\u00e7\u00e3o 001 Renova\u00e7\u00e3o de Ter\u00e7o de Conselheiros e Composi\u00e7\u00e3o do Plen\u00e1rio do Corecon-SE. 002 Disp\u00f5e sobre a Administra\u00e7\u00e3o do Corecon-SE. 003 Disp\u00f5e sobre Cancelamento de Registro 004 Disp\u00f5e sobre Registro Definitivo 005 Disp\u00f5e sobre de Tratamento Especial em Fun\u00e7\u00e3o da Idade 006 &#8211; 007 &#8211; 008 &#8211;<\/p>\n","protected":false},"author":2,"featured_media":0,"parent":34,"menu_order":0,"comment_status":"closed","ping_status":"closed","template":"","meta":{"footnotes":""},"class_list":["post-3823","page","type-page","status-publish","hentry"],"_links":{"self":[{"href":"https:\/\/corecon-se.org.br\/transparencia\/wp-json\/wp\/v2\/pages\/3823","targetHints":{"allow":["GET"]}}],"collection":[{"href":"https:\/\/corecon-se.org.br\/transparencia\/wp-json\/wp\/v2\/pages"}],"about":[{"href":"https:\/\/corecon-se.org.br\/transparencia\/wp-json\/wp\/v2\/types\/page"}],"author":[{"embeddable":true,"href":"https:\/\/corecon-se.org.br\/transparencia\/wp-json\/wp\/v2\/users\/2"}],"replies":[{"embeddable":true,"href":"https:\/\/corecon-se.org.br\/transparencia\/wp-json\/wp\/v2\/comments?post=3823"}],"version-history":[{"count":4,"href":"https:\/\/corecon-se.org.br\/transparencia\/wp-json\/wp\/v2\/pages\/3823\/revisions"}],"predecessor-version":[{"id":3871,"href":"https:\/\/corecon-se.org.br\/transparencia\/wp-json\/wp\/v2\/pages\/3823\/revisions\/3871"}],"up":[{"embeddable":true,"href":"https:\/\/corecon-se.org.br\/transparencia\/wp-json\/wp\/v2\/pages\/34"}],"wp:attachment":[{"href":"https:\/\/corecon-se.org.br\/transparencia\/wp-json\/wp\/v2\/media?parent=3823"}],"curies":[{"name":"wp","href":"https:\/\/api.w.org\/{rel}","templated":true}]}}