{"id":471,"date":"2019-01-19T11:57:54","date_gmt":"2019-01-19T13:57:54","guid":{"rendered":"http:\/\/corecon-se.org.br\/transparencia\/?page_id=471"},"modified":"2023-01-09T09:37:55","modified_gmt":"2023-01-09T12:37:55","slug":"resolucoes-2019","status":"publish","type":"page","link":"https:\/\/corecon-se.org.br\/transparencia\/atos-normativos\/resolucoes-2019\/","title":{"rendered":"Resolu\u00e7\u00f5es 2019"},"content":{"rendered":"\r\n<p>&nbsp;<\/p>\r\n<table style=\"width: 100%;\" border=\"0\" align=\"center\">\r\n<tbody>\r\n<tr style=\"height: 70px;\">\r\n<th style=\"background-color: #333399; color: #ffffff; height: 70px; text-align: center;\">\r\n<p align=\"center\"><strong>RESOLU\u00c7\u00d5ES<\/strong><\/p>\r\n<\/th>\r\n<\/tr>\r\n<tr style=\"height: 486px;\">\r\n<td style=\"height: 486px; background-color: #f5f5f5; vertical-align: text-top;\">\r\n<p align=\"center\"><span style=\"color: #008080;\"><strong>2019<\/strong><\/span><\/p>\r\n<table style=\"height: 626px;\">\r\n<tbody>\r\n<tr>\r\n<td style=\"width: 70px;\"><strong><span style=\"color: #666699;\">N\u00b0<\/span><\/strong><\/td>\r\n<td><span style=\"color: #666699;\"><strong>Descri\u00e7\u00e3o<\/strong><\/span><\/td>\r\n<\/tr>\r\n<tr>\r\n<td>001<\/td>\r\n<td><a href=\"..\/..\/wp-content\/uploads\/documentos\/atos-normativos\/resolucoes\/2019\/Res001-2019.pdf\" target=\"_blank\" rel=\"noopener noreferrer\">Renova\u00e7\u00e3o de Ter\u00e7o de Conselheiros e Composi\u00e7\u00e3o do Plen\u00e1rio do CORECON-SE.<\/a><\/td>\r\n<\/tr>\r\n<tr>\r\n<td>002<\/td>\r\n<td><a href=\"..\/..\/wp-content\/uploads\/documentos\/atos-normativos\/resolucoes\/2019\/Res002-2019.pdf\" target=\"_blank\" rel=\"noopener noreferrer\">Disp\u00f5e sobre a Administra\u00e7\u00e3o do CORECON-SE.<\/a><\/td>\r\n<\/tr>\r\n<tr>\r\n<td>003<\/td>\r\n<td><a href=\"..\/..\/wp-content\/uploads\/documentos\/atos-normativos\/resolucoes\/2019\/Res003-2019.pdf\" target=\"_blank\" rel=\"noopener noreferrer\">Disp\u00f5e sobre Tratamento Especial Dispensado em Fun\u00e7\u00e3o da Idade de Pessoa F\u00edsica.<\/a><\/td>\r\n<\/tr>\r\n<tr>\r\n<td>004<\/td>\r\n<td><a href=\"..\/..\/wp-content\/uploads\/documentos\/atos-normativos\/resolucoes\/2019\/Res004-2019.pdf\" target=\"_blank\" rel=\"noopener noreferrer\">Disp\u00f5e sobre Cancelamento de Registro Definitivo de Pessoa F\u00edsica.<\/a><\/td>\r\n<\/tr>\r\n<tr>\r\n<td>005<\/td>\r\n<td><a href=\"..\/..\/wp-content\/uploads\/documentos\/atos-normativos\/resolucoes\/2019\/Res005-2019.pdf\" target=\"_blank\" rel=\"noopener noreferrer\">Disp\u00f5e sobre Registro Definitivo de Pessoa Jur\u00eddica.<\/a><\/td>\r\n<\/tr>\r\n<tr>\r\n<td>006<\/td>\r\n<td><a href=\"..\/..\/wp-content\/uploads\/documentos\/atos-normativos\/resolucoes\/2019\/Res006-2019.pdf\" target=\"_blank\" rel=\"noopener noreferrer\">Disp\u00f5e sobre Cancelamento de Registro Definitivo de Pessoa F\u00edsica.<\/a><\/td>\r\n<\/tr>\r\n<tr>\r\n<td>007<\/td>\r\n<td><a href=\"..\/..\/wp-content\/uploads\/documentos\/atos-normativos\/resolucoes\/2019\/Res007-2019.pdf\" target=\"_blank\" rel=\"noopener noreferrer\">Aprova Presta\u00e7\u00e3o de Contas referente ao exerc\u00edcio de 2018.<\/a><\/td>\r\n<\/tr>\r\n<tr>\r\n<td>008<\/td>\r\n<td><a href=\"..\/..\/wp-content\/uploads\/documentos\/atos-normativos\/resolucoes\/2019\/Res008-2019.pdf\" target=\"_blank\" rel=\"noopener noreferrer\">Disp\u00f5e sobre Tratamento Especial Dispensado em Fun\u00e7\u00e3o da Idade.<\/a><\/td>\r\n<\/tr>\r\n<tr>\r\n<td>009<\/td>\r\n<td><a href=\"..\/..\/wp-content\/uploads\/documentos\/atos-normativos\/resolucoes\/2019\/Res009-2019.pdf\" target=\"_blank\" rel=\"noopener noreferrer\">Disp\u00f5e sobre Cancelamento de Registro Definitivo de Pessoa F\u00edsica.<\/a><\/td>\r\n<\/tr>\r\n<tr>\r\n<td>010<\/td>\r\n<td><a href=\"..\/..\/wp-content\/uploads\/documentos\/atos-normativos\/resolucoes\/2019\/Res010-2019.pdf\" target=\"_blank\" rel=\"noopener noreferrer\">Disp\u00f5e sobre Registro Definitivo de Pessoa F\u00edsica.<\/a><\/td>\r\n<\/tr>\r\n<tr>\r\n<td>011<\/td>\r\n<td><a href=\"..\/..\/wp-content\/uploads\/documentos\/atos-normativos\/resolucoes\/2019\/Res011-2019.pdf\" target=\"_blank\" rel=\"noopener noreferrer\">Disp\u00f5e sobre Cancelamento de Registro Definitivo de Pessoa F\u00edsica.<\/a><\/td>\r\n<\/tr>\r\n<tr>\r\n<td>012<\/td>\r\n<td><a href=\"..\/..\/wp-content\/uploads\/documentos\/atos-normativos\/resolucoes\/2019\/Res012-2019.pdf\" target=\"_blank\" rel=\"noopener noreferrer\">Disp\u00f5e sobre Registro Definitivo de Pessoa F\u00edsica.<\/a><\/td>\r\n<\/tr>\r\n<tr>\r\n<td>013<\/td>\r\n<td><a href=\"..\/..\/wp-content\/uploads\/documentos\/atos-normativos\/resolucoes\/2019\/Res013-2019.pdf\" target=\"_blank\" rel=\"noopener noreferrer\">Disp\u00f5e sobre Tratamento Especial Dispensado em Fun\u00e7\u00e3o da Idade Registro Definitivo.<\/a><\/td>\r\n<\/tr>\r\n<tr>\r\n<td>014<\/td>\r\n<td><a href=\"..\/..\/wp-content\/uploads\/documentos\/atos-normativos\/resolucoes\/2019\/Res014-2019.pdf\" target=\"_blank\" rel=\"noopener noreferrer\">Aprova Balancete e demais pe\u00e7as cont\u00e1beis, referente ao 1\u00ba Trimestre de 2019.<\/a><\/td>\r\n<\/tr>\r\n<tr>\r\n<td>015<\/td>\r\n<td><a href=\"..\/..\/wp-content\/uploads\/documentos\/atos-normativos\/resolucoes\/2019\/Res015-2019.pdf\" target=\"_blank\" rel=\"noopener noreferrer\">Disp\u00f5e sobre Registro Definitivo de Pessoa F\u00edsica.<\/a><\/td>\r\n<\/tr>\r\n<tr>\r\n<td>016<\/td>\r\n<td><a href=\"..\/..\/wp-content\/uploads\/documentos\/atos-normativos\/resolucoes\/2019\/Res016-2019.pdf\" target=\"_blank\" rel=\"noopener noreferrer\">Regulamentar a possibilidade de repactua\u00e7\u00e3o de d\u00e9bito pelo economista inadimplente, pela segunda vez, a Balancete e demais pe\u00e7as cont\u00e1beis.<\/a><\/td>\r\n<\/tr>\r\n<tr>\r\n<td>017<\/td>\r\n<td><a href=\"..\/..\/wp-content\/uploads\/documentos\/atos-normativos\/resolucoes\/2019\/Res017-2019.pdf\" target=\"_blank\" rel=\"noopener noreferrer\">Disp\u00f5e sobre Cancelamento de Registro Definitivo de Pessoa F\u00edsica.<\/a><\/td>\r\n<\/tr>\r\n<tr>\r\n<td>018<\/td>\r\n<td><a href=\"..\/..\/wp-content\/uploads\/documentos\/atos-normativos\/resolucoes\/2019\/Res018-2019.pdf\" target=\"_blank\" rel=\"noopener noreferrer\">Disp\u00f5e sobre Registro Definitivo de Pessoa F\u00edsica.<\/a><\/td>\r\n<\/tr>\r\n<tr>\r\n<td>019<\/td>\r\n<td>\u00a0<\/td>\r\n<\/tr>\r\n<tr>\r\n<td>020<\/td>\r\n<td><a href=\"https:\/\/corecon-se.org.br\/transparencia\/wp-content\/uploads\/2021\/03\/Resolucao-020-2019.pdf\">Aprova Balancete e demais pe\u00e7as cont\u00e1beis, referente ao 2\u00ba Trimestre de 2019.<\/a><\/td>\r\n<\/tr>\r\n<tr>\r\n<td>021<\/td>\r\n<td>\u00a0<\/td>\r\n<\/tr>\r\n<tr>\r\n<td>022<\/td>\r\n<td><a href=\"https:\/\/corecon-se.org.br\/transparencia\/wp-content\/uploads\/2021\/03\/Resolucao-022-2019.pdf\">Disp\u00f5e sobre a forma de realiza\u00e7\u00e3o das elei\u00e7\u00f5es em 2019.<\/a><\/td>\r\n<\/tr>\r\n<tr>\r\n<td>023<\/td>\r\n<td><a href=\"https:\/\/corecon-se.org.br\/transparencia\/wp-content\/uploads\/2021\/03\/Resolucao-023-2019.pdf\">Nomeia Comiss\u00e3o Eleitoral de 2019.<\/a><\/td>\r\n<\/tr>\r\n<tr>\r\n<td>024<\/td>\r\n<td><a href=\"https:\/\/corecon-se.org.br\/transparencia\/wp-content\/uploads\/2021\/03\/Resolucao-024-2019.pdf\">Confere Medalha do M\u00e9rito Econ\u00f4mico ao Econ. Ivandro Mendes de Oliveira.<\/a><\/td>\r\n<\/tr>\r\n<tr>\r\n<td>025<\/td>\r\n<td><a href=\"https:\/\/corecon-se.org.br\/transparencia\/wp-content\/uploads\/2021\/03\/Resolucao-025-2019.pdf\">Confere Medalha do M\u00e9rito Econ\u00f4mico \u00e0 Prof\u00aa Dra. Den\u00edsia Ara\u00fajo C. Guerato.<\/a><\/td>\r\n<\/tr>\r\n<tr>\r\n<td>026<\/td>\r\n<td><a href=\"https:\/\/corecon-se.org.br\/transparencia\/wp-content\/uploads\/2021\/03\/Resolucao-026-2019.pdf\">Confere Medalha do M\u00e9rito Econ\u00f4mico ao Adm. George da Trindade G\u00f3is.<\/a><\/td>\r\n<\/tr>\r\n<tr>\r\n<td>027<\/td>\r\n<td>\u00a0<\/td>\r\n<\/tr>\r\n<tr>\r\n<td>028<\/td>\r\n<td>\u00a0<\/td>\r\n<\/tr>\r\n<tr>\r\n<td>029<\/td>\r\n<td>\u00a0<\/td>\r\n<\/tr>\r\n<tr>\r\n<td>030<\/td>\r\n<td><a href=\"https:\/\/corecon-se.org.br\/transparencia\/wp-content\/uploads\/2021\/03\/Resolucao-030-2019.pdf\">Disp\u00f5e sobre Cancelamento de Registro Definitivo de Pessoa F\u00edsica.<\/a><\/td>\r\n<\/tr>\r\n<tr>\r\n<td>031<\/td>\r\n<td><a href=\"https:\/\/corecon-se.org.br\/transparencia\/wp-content\/uploads\/2021\/03\/Resolucao-031-2019.pdf\">Designa o Conselheiro portador do registro mais antigo, dentre os Ter\u00e7os Remanescentes deste Colegiado, para o exerc\u00edcio interino da Vice-Presid\u00eancia.<\/a><\/td>\r\n<\/tr>\r\n<tr>\r\n<td>032<\/td>\r\n<td>\u00a0<\/td>\r\n<\/tr>\r\n<tr>\r\n<td>033<\/td>\r\n<td><a href=\"https:\/\/corecon-se.org.br\/transparencia\/wp-content\/uploads\/2021\/03\/Resolucao-033-2019.pdf\">Aprova abertura de cr\u00e9dito suplementar.<\/a><\/td>\r\n<\/tr>\r\n<tr>\r\n<td>034<\/td>\r\n<td><a href=\"https:\/\/corecon-se.org.br\/transparencia\/wp-content\/uploads\/2021\/03\/Resolucao-034-2019.pdf\">Aprovar 1\u00aa Retifica\u00e7\u00e3o Or\u00e7ament\u00e1ria para o exerc\u00edcio de 2019.<\/a><\/td>\r\n<\/tr>\r\n<tr>\r\n<td>035<\/td>\r\n<td><a href=\"https:\/\/corecon-se.org.br\/transparencia\/wp-content\/uploads\/2021\/03\/Resolucao-035-2019.pdf\">Aprovar Proposta Or\u00e7ament\u00e1ria para o exerc\u00edcio de 2020.<\/a><\/td>\r\n<\/tr>\r\n<tr>\r\n<td>036<\/td>\r\n<td><a href=\"https:\/\/corecon-se.org.br\/transparencia\/wp-content\/uploads\/2021\/03\/Resolucao-036-2019.pdf\">Aprovar Balancete e demais pe\u00e7as cont\u00e1beis, referente ao 3\u00ba Trimestre de 2019.<\/a><\/td>\r\n<\/tr>\r\n<tr>\r\n<td>037<\/td>\r\n<td><a href=\"https:\/\/corecon-se.org.br\/transparencia\/wp-content\/uploads\/2021\/03\/Resolucao-037-2019.pdf\">Disp\u00f5e sobre Registro Definitivo de Pessoa F\u00edsica.<\/a><\/td>\r\n<\/tr>\r\n<tr>\r\n<td>038<\/td>\r\n<td><a href=\"https:\/\/corecon-se.org.br\/transparencia\/wp-content\/uploads\/2021\/03\/Resolucao-038-2019.pdf\">Disp\u00f5e sobre Cancelamento de Registro Definitivo de Pessoa F\u00edsica.<\/a><\/td>\r\n<\/tr>\r\n<tr>\r\n<td>039<\/td>\r\n<td>\u00a0<\/td>\r\n<\/tr>\r\n<tr>\r\n<td>040<\/td>\r\n<td><a href=\"https:\/\/corecon-se.org.br\/transparencia\/wp-content\/uploads\/2021\/03\/Resolucao-040-2019.pdf\">Disp\u00f5e sobre Cancelamento de Registro Definitivo de Pessoa F\u00edsica.<\/a><\/td>\r\n<\/tr>\r\n<tr>\r\n<td>041<\/td>\r\n<td><a href=\"https:\/\/corecon-se.org.br\/transparencia\/wp-content\/uploads\/2021\/03\/Resolucao-041-2019.pdf\">Aprovar o Dossi\u00ea do Conselho Regional de Economia da 16\u00aa Regi\u00e3o &#8211; SE, relativo ao Processo Eleitoral de 2019.<\/a><\/td>\r\n<\/tr>\r\n<tr>\r\n<td>042<\/td>\r\n<td><a href=\"https:\/\/corecon-se.org.br\/transparencia\/wp-content\/uploads\/2021\/03\/Resolucao-042-2019.pdf\">Fixa os valores e formas de pagamento das anuidades, bem como dos emolumentos e multas devidos pelas pessoas f\u00edsicas e jur\u00eddicas inscritas no CORECON-SE, para o exerc\u00edcio de 2020.<\/a><\/td>\r\n<\/tr>\r\n<\/tbody>\r\n<\/table>\r\n<\/td>\r\n<\/tr>\r\n<\/tbody>\r\n<\/table>\r\n","protected":false},"excerpt":{"rendered":"<p>&nbsp; RESOLU\u00c7\u00d5ES 2019 N\u00b0 Descri\u00e7\u00e3o 001 Renova\u00e7\u00e3o de Ter\u00e7o de Conselheiros e Composi\u00e7\u00e3o do Plen\u00e1rio do CORECON-SE. 002 Disp\u00f5e sobre a Administra\u00e7\u00e3o do CORECON-SE. 003 Disp\u00f5e sobre Tratamento Especial Dispensado em Fun\u00e7\u00e3o da Idade de Pessoa F\u00edsica. 004 Disp\u00f5e sobre Cancelamento de Registro Definitivo de Pessoa F\u00edsica. 005 Disp\u00f5e sobre Registro Definitivo de Pessoa Jur\u00eddica. &hellip; <a href=\"https:\/\/corecon-se.org.br\/transparencia\/atos-normativos\/resolucoes-2019\/\" class=\"more-link\">Continue reading <span class=\"screen-reader-text\">Resolu\u00e7\u00f5es 2019<\/span><\/a><\/p>\n","protected":false},"author":2,"featured_media":0,"parent":34,"menu_order":0,"comment_status":"closed","ping_status":"closed","template":"","meta":{"footnotes":""},"class_list":["post-471","page","type-page","status-publish","hentry"],"_links":{"self":[{"href":"https:\/\/corecon-se.org.br\/transparencia\/wp-json\/wp\/v2\/pages\/471","targetHints":{"allow":["GET"]}}],"collection":[{"href":"https:\/\/corecon-se.org.br\/transparencia\/wp-json\/wp\/v2\/pages"}],"about":[{"href":"https:\/\/corecon-se.org.br\/transparencia\/wp-json\/wp\/v2\/types\/page"}],"author":[{"embeddable":true,"href":"https:\/\/corecon-se.org.br\/transparencia\/wp-json\/wp\/v2\/users\/2"}],"replies":[{"embeddable":true,"href":"https:\/\/corecon-se.org.br\/transparencia\/wp-json\/wp\/v2\/comments?post=471"}],"version-history":[{"count":15,"href":"https:\/\/corecon-se.org.br\/transparencia\/wp-json\/wp\/v2\/pages\/471\/revisions"}],"predecessor-version":[{"id":1964,"href":"https:\/\/corecon-se.org.br\/transparencia\/wp-json\/wp\/v2\/pages\/471\/revisions\/1964"}],"up":[{"embeddable":true,"href":"https:\/\/corecon-se.org.br\/transparencia\/wp-json\/wp\/v2\/pages\/34"}],"wp:attachment":[{"href":"https:\/\/corecon-se.org.br\/transparencia\/wp-json\/wp\/v2\/media?parent=471"}],"curies":[{"name":"wp","href":"https:\/\/api.w.org\/{rel}","templated":true}]}}