{"id":51,"date":"2018-02-17T18:54:19","date_gmt":"2018-02-17T20:54:19","guid":{"rendered":"https:\/\/corecon-se.org.br\/transparencia\/?page_id=51"},"modified":"2026-02-21T01:06:22","modified_gmt":"2026-02-21T04:06:22","slug":"agenda","status":"publish","type":"page","link":"https:\/\/corecon-se.org.br\/transparencia\/agenda\/","title":{"rendered":"Agenda"},"content":{"rendered":"<table style=\"width: 742px; height: 543px;\">\n<tbody>\n<tr style=\"height: 60px;\">\n<th style=\"width: 749px; text-align: center; height: 54px;\" colspan=\"3\">\n<h3>CALEND\u00c1RIO DE PLEN\u00c1RIAS &#8211; 2026<\/h3>\n<\/th>\n<\/tr>\n<tr style=\"height: 60px;\">\n<td style=\"background-color: #9ac0cd; color: #ffffff; text-align: left; width: 250px; height: 80px;\"><span style=\"color: #ffffff;\"><strong>JANEIRO<\/strong><\/span><br \/>\nDia 06 (Ter\u00e7a-feira) \u2013 Sess\u00e3o Extraordin\u00e1ria<\/td>\n<td style=\"width: 250px; height: 80px;\"><span style=\"color: #333399;\"><strong>FEVEREIRO<br \/>\n<\/strong><\/span>Dia 3 (Ter\u00e7a-feira)<br \/>\nDia 24 (Ter\u00e7a-feira)<\/td>\n<td style=\"background-color: #9ac0cd; color: #ffffff; text-align: left; width: 250px; height: 80px;\"><strong>MAR\u00c7O<\/strong><br \/>\nDia 26 (Quinta-feira)<\/td>\n<\/tr>\n<tr style=\"height: 60px;\">\n<td style=\"width: 250px; height: 80px;\"><span style=\"color: #333399;\"><strong>ABRIL<\/strong><\/span><br \/>\nDia 30 (Quinta-feira)<\/td>\n<td style=\"background-color: #9ac0cd; color: #ffffff; text-align: left; width: 250px; height: 80px;\"><strong>MAIO<\/strong><br \/>\nDia 28 (Quinta-feira)<\/td>\n<td style=\"width: 250px; height: 80px;\"><span style=\"color: #333399;\"><strong>JUNHO<\/strong><\/span><br \/>\nDia 25 (Quinta-feira)<\/td>\n<\/tr>\n<tr style=\"height: 60px;\">\n<td style=\"background-color: #9ac0cd; color: #ffffff; text-align: left; width: 250px; height: 80px;\"><strong>JULHO<\/strong><br \/>\nDia 30 (Quinta-feira)<\/td>\n<td style=\"width: 250px; height: 80px;\"><span style=\"color: #333399;\"><strong>AGOSTO<\/strong><\/span><br \/>\nDia 27 (Quinta-feira)<\/td>\n<td style=\"background-color: #9ac0cd; color: #ffffff; text-align: left; width: 250px; height: 80px;\"><strong>SETEMBRO<\/strong><br \/>\nDia 24 (Quinta-feira)<\/td>\n<\/tr>\n<tr style=\"height: 60px;\">\n<td style=\"width: 250px; height: 80px;\"><span style=\"color: #333399;\"><strong>OUTUBRO<\/strong><\/span><br \/>\nDia 29 (Quinta-feira)<\/td>\n<td style=\"background-color: #9ac0cd; color: #ffffff; text-align: left; width: 250px; height: 80px;\"><strong>NOVEMBRO<\/strong><br \/>\nDia 26 (Quinta-feira)<\/td>\n<td style=\"width: 250px; height: 80px;\"><span style=\"color: #333399;\"><strong>DEZEMBRO<\/strong><\/span><br \/>\nDia 31 (Quinta-feira)<\/td>\n<\/tr>\n<tr style=\"height: 60px;\">\n<td style=\"width: 749px; height: 44px;\" colspan=\"3\"><\/td>\n<\/tr>\n<\/tbody>\n<\/table>\n","protected":false},"excerpt":{"rendered":"<p>CALEND\u00c1RIO DE PLEN\u00c1RIAS &#8211; 2026 JANEIRO Dia 06 (Ter\u00e7a-feira) \u2013 Sess\u00e3o Extraordin\u00e1ria FEVEREIRO Dia 3 (Ter\u00e7a-feira) Dia 24 (Ter\u00e7a-feira) MAR\u00c7O Dia 26 (Quinta-feira) ABRIL Dia 30 (Quinta-feira) MAIO Dia 28 (Quinta-feira) JUNHO Dia 25 (Quinta-feira) JULHO Dia 30 (Quinta-feira) AGOSTO Dia 27 (Quinta-feira) SETEMBRO Dia 24 (Quinta-feira) OUTUBRO Dia 29 (Quinta-feira) NOVEMBRO Dia 26 (Quinta-feira) &hellip; <a href=\"https:\/\/corecon-se.org.br\/transparencia\/agenda\/\" class=\"more-link\">Continue reading <span class=\"screen-reader-text\">Agenda<\/span><\/a><\/p>\n","protected":false},"author":2,"featured_media":0,"parent":0,"menu_order":0,"comment_status":"closed","ping_status":"closed","template":"","meta":{"footnotes":""},"class_list":["post-51","page","type-page","status-publish","hentry"],"_links":{"self":[{"href":"https:\/\/corecon-se.org.br\/transparencia\/wp-json\/wp\/v2\/pages\/51","targetHints":{"allow":["GET"]}}],"collection":[{"href":"https:\/\/corecon-se.org.br\/transparencia\/wp-json\/wp\/v2\/pages"}],"about":[{"href":"https:\/\/corecon-se.org.br\/transparencia\/wp-json\/wp\/v2\/types\/page"}],"author":[{"embeddable":true,"href":"https:\/\/corecon-se.org.br\/transparencia\/wp-json\/wp\/v2\/users\/2"}],"replies":[{"embeddable":true,"href":"https:\/\/corecon-se.org.br\/transparencia\/wp-json\/wp\/v2\/comments?post=51"}],"version-history":[{"count":20,"href":"https:\/\/corecon-se.org.br\/transparencia\/wp-json\/wp\/v2\/pages\/51\/revisions"}],"predecessor-version":[{"id":3843,"href":"https:\/\/corecon-se.org.br\/transparencia\/wp-json\/wp\/v2\/pages\/51\/revisions\/3843"}],"wp:attachment":[{"href":"https:\/\/corecon-se.org.br\/transparencia\/wp-json\/wp\/v2\/media?parent=51"}],"curies":[{"name":"wp","href":"https:\/\/api.w.org\/{rel}","templated":true}]}}