{"id":52,"date":"2018-02-01T19:58:18","date_gmt":"2018-02-01T21:58:18","guid":{"rendered":"https:\/\/corecon-se.org.br\/transparencia\/?page_id=52"},"modified":"2024-08-23T13:48:24","modified_gmt":"2024-08-23T16:48:24","slug":"contratos-e-convenios","status":"publish","type":"page","link":"https:\/\/corecon-se.org.br\/transparencia\/contratos-e-convenios\/","title":{"rendered":"Contratos e Conv\u00eanios"},"content":{"rendered":"<h3><strong>2024<\/strong><strong><br \/>\n<\/strong><\/h3>\n<p><strong>Contratada:<\/strong> VFS SISTEMA ELETR\u00d4NICO DE ALARME LTDA. (GRUPO SEG)<strong><br \/>\nCNPJ:<\/strong> 16.693.500\/0001-96<strong><br \/>\nObjeto:<\/strong> Contrato para execu\u00e7\u00e3o de servi\u00e7os t\u00e9cnicos profissionais especializados de monitoramento do sistema de alarme eletr\u00f4nico e servi\u00e7o de pronto atendimento.<strong><br \/>\nModalidade:<\/strong> Dispensa<strong><br \/>\nTipo de Contrato:<\/strong> Presta\u00e7\u00e3o de servi\u00e7os<strong><br \/>\nValor mensal:<\/strong> R$ 209,00 (valor reajustado em 1,86% pelo IGP-M, a partir de 01\/12\/2023)<strong><br \/>\nVig\u00eancia:<\/strong> 02\/12\/2022 a 01\/12\/2025<\/p>\n<p><strong>Contratada:<\/strong> ROSA MARIA MATEUS FEITOSA &#8211; RM CONTABILIDADE<br \/>\n<strong>CNPJ:<\/strong> 07.161.756\/0001-61 (ME)<br \/>\n<strong>Objeto:<\/strong> Contrato para execu\u00e7\u00e3o de servi\u00e7os t\u00e9cnicos profissionais especializados de contabilidade.<br \/>\n<strong>Modalidade:<\/strong> Dispensa<br \/>\n<strong>Tipo de Contrato:<\/strong> Presta\u00e7\u00e3o de servi\u00e7os<br \/>\n<strong>Valor mensal:<\/strong> R$ 1.297,76 (valor reajustado em 3,76% pelo Inpc, a partir de 15\/02\/2024.)<br \/>\n<strong>Vig\u00eancia:<\/strong> 15\/02\/2023 a 14\/02\/2024<\/p>\n<p><strong>Contratada:<\/strong> TELES CAVALCANTE BARRETO ADVOGADOS ASSOCIADOS<br \/>\n<strong>CNPJ:<\/strong> 29.067.385\/0001-96<strong><br \/>\nObjeto:<\/strong> Contrato para execu\u00e7\u00e3o de servi\u00e7os t\u00e9cnicos profissionais especializados de assessoria jur\u00eddica.<br \/>\n<strong>Modalidade:<\/strong> Carta Convite n\u00ba 01\/2019<br \/>\n<strong>Tipo de Contrato:<\/strong> Presta\u00e7\u00e3o de servi\u00e7o<br \/>\n<strong>Valor mensal:<\/strong> R$ 697,37 (valor reajustado em 3,79% pelo Inpc, a partir de 02\/12\/2023.)<br \/>\n<strong>Vig\u00eancia:<\/strong> 02\/12\/2023 a 30\/11\/2024<\/p>\n<p><strong>Contratada:<\/strong> EMPRESA BRASILEIRA DE CORREIOS E TEL\u00c9GRAFOS \u2013 ECT\/DR-SE<br \/>\n<strong>CNPJ:<\/strong> 34.028.316\/0032-00<br \/>\n<strong>Objeto:<\/strong> Contrato m\u00faltiplo de presta\u00e7\u00e3o de servi\u00e7os e venda de produtos n\u00ba 9912327658 (valor mensal a ser pago conforme servi\u00e7o utilizado).<br \/>\n<strong>Modalidade:<\/strong> Dispensa<br \/>\n<strong>Tipo de Contrato:<\/strong> Presta\u00e7\u00e3o de servi\u00e7o<br \/>\n<strong>Valor global anual estimado:<\/strong> R$ 3.000,00<br \/>\n<strong>Vig\u00eancia:<\/strong> 21\/09\/2020 a 20\/09\/2025<\/p>\n<p><strong>Contratada:<\/strong> BANCO DO BRASIL S\/A<br \/>\n<strong>CNPJ:<\/strong> 00.000.000\/5103-94<br \/>\n<strong>Objeto:<\/strong> Contrato \u00fanico de presta\u00e7\u00e3o de servi\u00e7os de cobran\u00e7a e recebimentos em favor do Contratante, pagamentos efetuados e centraliza\u00e7\u00e3o de saldos (valor a ser pago relativo a despesas banc\u00e1rias conforme servi\u00e7o utilizado).<br \/>\n<strong>Modalidade:<\/strong> Dispensa<br \/>\n<strong>Valor global anual estimado:<\/strong> 2.500,00<br \/>\n<strong>Vig\u00eancia:<\/strong> 30\/05\/2023 a 29\/05\/2024<\/p>\n<p><strong>Contratada:<\/strong> RQH SOLU\u00c7\u00d5ES<br \/>\n<strong>CNPJ:<\/strong> 33.894.381\/0001-59 (MEI)<br \/>\n<strong>Objeto:<\/strong> Contrato para execu\u00e7\u00e3o de servi\u00e7os de manuten\u00e7\u00e3o no website e e-mail corporativo do Corecon-SE.<br \/>\n<strong>Modalidade:<\/strong> Dispensa<br \/>\n<strong>Tipo de Contrato:<\/strong> Presta\u00e7\u00e3o de servi\u00e7o<br \/>\n<strong>Valor mensal:<\/strong> R$ 185,00 (contrato n\u00e3o reajustado, ficando o mesmo valor desde 15\/03\/2023)<br \/>\n<strong>Vig\u00eancia:<\/strong> 26\/01\/2024 a 25\/01\/2025<\/p>\n<p><strong>Contratada:<\/strong> SERVDONTO &#8211; Plano de Assist\u00eancia Odontol\u00f3gica Ltda.<br \/>\n<strong>CNPJ:<\/strong> 05.774.975\/0001-90 (ME)<br \/>\n<strong>Objeto:<\/strong> Contrato de cobertura de servi\u00e7os de assist\u00eancia odontol\u00f3gica (Contrato n\u00ba 02204 ANS N\u00ba 41.470-1).<br \/>\n<strong>Modalidade:<\/strong> Dispensa<br \/>\n<strong>Tipo de Contrato:<\/strong> Presta\u00e7\u00e3o de servi\u00e7o<br \/>\n<strong>Valor global anual estimado:<\/strong> R$ 900,00<br \/>\n<strong>Vig\u00eancia:<\/strong> 22\/06\/2022 a 21\/06\/2023<strong><br \/>\n<\/strong><\/p>\n<p><strong>Contratada:<\/strong> VR BENEF\u00cdCIOS E SERVI\u00c7OS DE PROCESSAMENTO LTDA.<br \/>\n<strong>CNPJ:<\/strong> 02.535.864\/0001-33<strong><br \/>\n<\/strong><strong>Objeto:<\/strong> Contrato de presta\u00e7\u00e3o de servi\u00e7os pela VR Benef\u00edcios ao Contratante, no segmento de refei\u00e7\u00e3o e\/ou alimenta\u00e7\u00e3o, para o fornecimento de cart\u00f5es VR Benef\u00edcios Refei\u00e7\u00e3o e\/ou Alimenta\u00e7\u00e3o (modalidade cart\u00e3o inteligente).<br \/>\n<strong>Modalidade:<\/strong> Dispensa<br \/>\n<strong>Fundamento Legal:<\/strong> Art. 23, inciso II, \u201ca\u201d da Lei n\u00ba 8.666\/93.<br \/>\n<strong>Tipo de Contrato:<\/strong> Presta\u00e7\u00e3o de servi\u00e7o<br \/>\n<strong>Valor global anual estimado:<\/strong> R$ 15.840,00<br \/>\n<strong>Vig\u00eancia:<\/strong> 22\/02\/2023 a 21\/02\/2024 (contrato suspenso a partir de 02\/2024))<\/p>\n<h3><strong>2023<\/strong><strong><br \/>\n<\/strong><\/h3>\n<p><strong>Contratada:<\/strong> VFS SISTEMA ELETR\u00d4NICO DE ALARME LTDA. (GRUPO SEG)<strong><br \/>\nCNPJ:<\/strong> 16.693.500\/0001-96<strong><br \/>\nObjeto:<\/strong> Contrato para execu\u00e7\u00e3o de servi\u00e7os t\u00e9cnicos profissionais especializados de monitoramento do sistema de alarme eletr\u00f4nico e servi\u00e7o de pronto atendimento.<strong><br \/>\nModalidade:<\/strong> Dispensa<strong><br \/>\nTipo de Contrato:<\/strong> Presta\u00e7\u00e3o de servi\u00e7os<strong><br \/>\nValor mensal:<\/strong> R$ 205,00<strong><br \/>\nVig\u00eancia:<\/strong> 02\/12\/2022 a 01\/12\/2025<\/p>\n<p><strong>Contratada:<\/strong> ROSA MARIA MATEUS FEITOSA &#8211; RM CONTABILIDADE<br \/>\n<strong>CNPJ:<\/strong> 07.161.756\/0001-61 (ME)<br \/>\n<strong>Objeto:<\/strong> Contrato para execu\u00e7\u00e3o de servi\u00e7os t\u00e9cnicos profissionais especializados de contabilidade.<br \/>\n<strong>Modalidade:<\/strong> Dispensa<br \/>\n<strong>Tipo de Contrato:<\/strong> Presta\u00e7\u00e3o de servi\u00e7os<br \/>\n<strong>Valor mensal:<\/strong> R$ 1.250,00<br \/>\n<strong>Vig\u00eancia:<\/strong> 15\/02\/2023 a 14\/02\/2024<\/p>\n<p><strong>Contratada:<\/strong> TELES CAVALCANTE BARRETO ADVOGADOS ASSOCIADOS<br \/>\n<strong>CNPJ:<\/strong> 29.067.385\/0001-96<strong><br \/>\nObjeto:<\/strong> Contrato para execu\u00e7\u00e3o de servi\u00e7os t\u00e9cnicos profissionais especializados de assessoria jur\u00eddica.<br \/>\n<strong>Modalidade:<\/strong> Carta Convite n\u00ba 01\/2019<br \/>\n<strong>Tipo de Contrato:<\/strong> Presta\u00e7\u00e3o de servi\u00e7o<br \/>\n<strong>Valor mensal:<\/strong> R$ 668,05<br \/>\n<strong>Vig\u00eancia:<\/strong> 02\/12\/2022 a 30\/11\/2023<\/p>\n<p><strong>Contratada:<\/strong> EMPRESA BRASILEIRA DE CORREIOS E TEL\u00c9GRAFOS \u2013 ECT\/DR-SE<br \/>\n<strong>CNPJ:<\/strong> 34.028.316\/0032-00<br \/>\n<strong>Objeto:<\/strong> Contrato m\u00faltiplo de presta\u00e7\u00e3o de servi\u00e7os e venda de produtos n\u00ba 9912327658.<br \/>\n<strong>Modalidade:<\/strong> Dispensa<br \/>\n<strong>Tipo de Contrato:<\/strong> Presta\u00e7\u00e3o de servi\u00e7o<br \/>\n<strong>Valor global anual estimado:<\/strong> R$ 4.500,00<br \/>\n<strong>Vig\u00eancia:<\/strong> 21\/09\/2020 a 20\/09\/2025<\/p>\n<p><strong>Contratada:<\/strong> BANCO DO BRASIL S\/A<br \/>\n<strong>CNPJ:<\/strong> 00.000.000\/5103-94<br \/>\n<strong>Objeto:<\/strong> Contrato \u00fanico de presta\u00e7\u00e3o de servi\u00e7os de cobran\u00e7a e recebimentos em favor do Contratante, pagamentos efetuados e centraliza\u00e7\u00e3o de saldos.<br \/>\n<strong>Modalidade:<\/strong> Dispensa<br \/>\n<strong>Valor global anual estimado:<\/strong> 3.500,00<br \/>\n<strong>Vig\u00eancia:<\/strong> 30\/05\/2022 a 29\/05\/2023<\/p>\n<p><strong>Contratada:<\/strong> RQH SOLU\u00c7\u00d5ES<br \/>\n<strong>CNPJ:<\/strong> 33.894.381\/0001-59 (MEI)<br \/>\n<strong>Objeto:<\/strong> Contrato para execu\u00e7\u00e3o de servi\u00e7os de manuten\u00e7\u00e3o no website e e-mail corporativo do Corecon-SE.<br \/>\n<strong>Modalidade:<\/strong> Dispensa<br \/>\n<strong>Tipo de Contrato:<\/strong> Presta\u00e7\u00e3o de servi\u00e7o<br \/>\n<strong>Valor mensal:<\/strong> R$ 185,00<br \/>\n<strong>Vig\u00eancia:<\/strong> 26\/01\/2023 a 25\/01\/2024<\/p>\n<p><strong>Contratada:<\/strong> SERVDONTO &#8211; Plano de Assist\u00eancia Odontol\u00f3gica Ltda.<br \/>\n<strong>CNPJ:<\/strong> 05.774.975\/0001-90 (ME)<br \/>\n<strong>Objeto:<\/strong> Contrato de cobertura de servi\u00e7os de assist\u00eancia odontol\u00f3gica (Contrato n\u00ba 02204 ANS N\u00ba 41.470-1).<br \/>\n<strong>Modalidade:<\/strong> Dispensa<br \/>\n<strong>Tipo de Contrato:<\/strong> Presta\u00e7\u00e3o de servi\u00e7o<br \/>\n<strong>Valor global anual estimado:<\/strong> R$ 2.745,12<br \/>\n<strong>Vig\u00eancia:<\/strong> 22\/06\/2022 a 21\/06\/2023<strong><br \/>\n<\/strong><\/p>\n<p><strong>Contratada:<\/strong> VR BENEF\u00cdCIOS E SERVI\u00c7OS DE PROCESSAMENTO LTDA.<br \/>\n<strong>CNPJ:<\/strong> 02.535.864\/0001-33<strong><br \/>\n<\/strong><strong>Objeto:<\/strong> Contrato de presta\u00e7\u00e3o de servi\u00e7os pela VR Benef\u00edcios ao Contratante, no segmento de refei\u00e7\u00e3o e\/ou alimenta\u00e7\u00e3o, para o fornecimento de cart\u00f5es VR Benef\u00edcios Refei\u00e7\u00e3o e\/ou Alimenta\u00e7\u00e3o (modalidade cart\u00e3o inteligente).<br \/>\n<strong>Modalidade:<\/strong> Dispensa<br \/>\n<strong>Fundamento Legal:<\/strong> Art. 23, inciso II, \u201ca\u201d da Lei n\u00ba 8.666\/93.<br \/>\n<strong>Tipo de Contrato:<\/strong> Presta\u00e7\u00e3o de servi\u00e7o<br \/>\n<strong>Valor global anual estimado:<\/strong> R$ 14.400,00<br \/>\n<strong>Vig\u00eancia:<\/strong> 22\/02\/2022 a 21\/02\/2023<\/p>\n<h3><strong>2022<\/strong><strong><br \/>\n<\/strong><\/h3>\n<p><strong>Contratada:<\/strong> VFS SISTEMA ELETR\u00d4NICO DE ALARME LTDA. (GRUPO SEG)<strong><br \/>\nCNPJ:<\/strong> 16.693.500\/0001-96<strong><br \/>\nObjeto: <\/strong>Contrato para execu\u00e7\u00e3o de servi\u00e7os t\u00e9cnicos profissionais especializados de monitoramento do sistema de alarme eletr\u00f4nico e servi\u00e7o de pronto atendimento.<strong><br \/>\nModalidade:<\/strong> Dispensa<strong><br \/>\nTipo de Contrato:<\/strong> Presta\u00e7\u00e3o de servi\u00e7os<strong><br \/>\nValor mensal:<\/strong> R$ 205,00<strong><br \/>\nVig\u00eancia:<\/strong> 02\/12\/2022 a 01\/12\/2023<\/p>\n<p><strong>Contratada:<\/strong> ROSA MARIA MATEUS FEITOSA &#8211; RM CONTABILIDADE<br \/>\n<strong>CNPJ:<\/strong> 07.161.756\/0001-61 (ME)<br \/>\n<strong>Objeto:<\/strong> Contrato para execu\u00e7\u00e3o de servi\u00e7os t\u00e9cnicos profissionais especializados de contabilidade.<br \/>\n<strong>Modalidade:<\/strong> Dispensa<br \/>\n<strong>Tipo de Contrato:<\/strong> Presta\u00e7\u00e3o de servi\u00e7os<br \/>\n<strong>Valor mensal:<\/strong> R$ 1.150,00<br \/>\n<strong>Vig\u00eancia:<\/strong> 15\/02\/2021 a 14\/02\/2022<\/p>\n<p><strong>Contratada:<\/strong> TELES CAVALCANTE BARRETO ADVOGADOS ASSOCIADOS<br \/>\n<strong>CNPJ:<\/strong> 29.067.385\/0001-96<strong><br \/>\nObjeto:<\/strong> Contrato para execu\u00e7\u00e3o de servi\u00e7os t\u00e9cnicos profissionais especializados de assessoria jur\u00eddica.<br \/>\n<strong>Modalidade:<\/strong> Carta Convite n\u00ba 01\/2019<br \/>\n<strong>Tipo de Contrato:<\/strong> Presta\u00e7\u00e3o de servi\u00e7o<br \/>\n<strong>Valor mensal:<\/strong> R$ 631,19<br \/>\n<strong>Vig\u00eancia:<\/strong> 02\/12\/2021 a 30\/11\/2022<\/p>\n<p><strong>Contratada:<\/strong> EMPRESA BRASILEIRA DE CORREIOS E TEL\u00c9GRAFOS \u2013 ECT\/DR-SE<br \/>\n<strong>CNPJ:<\/strong> 34.028.316\/0032-00<br \/>\n<strong>Objeto:<\/strong> Contrato m\u00faltiplo de presta\u00e7\u00e3o de servi\u00e7os e venda de produtos n\u00ba 9912327658.<br \/>\n<strong>Modalidade:<\/strong> Dispensa<br \/>\n<strong>Tipo de Contrato:<\/strong> Presta\u00e7\u00e3o de servi\u00e7o<br \/>\n<strong>Valor global anual estimado:<\/strong> R$ 4.500,00<br \/>\n<strong>Vig\u00eancia:<\/strong> 16\/07\/2021 a 15\/07\/2022<\/p>\n<p><strong>Contratada:<\/strong> BANCO DO BRASIL S\/A<br \/>\n<strong>CNPJ:<\/strong> 00.000.000\/5103-94<br \/>\n<strong>Objeto:<\/strong> Contrato \u00fanico de presta\u00e7\u00e3o de servi\u00e7os de cobran\u00e7a e recebimentos em favor do Contratante, pagamentos efetuados e centraliza\u00e7\u00e3o de saldos.<br \/>\n<strong>Modalidade:<\/strong> Dispensa<br \/>\n<strong>Valor global anual estimado:<\/strong> 3.500,00<br \/>\n<strong>Vig\u00eancia:<\/strong> 30\/05\/2022 a 29\/05\/2023<\/p>\n<p><strong>Contratada:<\/strong> UNIMED SERGIPE<br \/>\n<strong>CNPJ:<\/strong> 13.360.276\/0001-22<br \/>\n<strong>Objeto:<\/strong> Contrato de presta\u00e7\u00e3o de servi\u00e7os m\u00e9dicos e hospitalares.<br \/>\n<strong>Modalidade:<\/strong> Dispensa<br \/>\n<strong>Tipo de Contrato:<\/strong> Presta\u00e7\u00e3o de servi\u00e7o<br \/>\n<strong>Valor global anual estimado:<\/strong> 20.000,00<br \/>\n<strong>Vig\u00eancia:<\/strong> 01\/04\/2021 a 31\/03\/2022 (Contrato rescindido a partir de 01\/02\/2022)<\/p>\n<p><strong>Contratada:<\/strong> RQH SOLU\u00c7\u00d5ES<br \/>\n<strong>CNPJ:<\/strong> 33.894.381\/0001-59 (MEI)<br \/>\n<strong>Objeto:<\/strong> Contrato para execu\u00e7\u00e3o de servi\u00e7os de manuten\u00e7\u00e3o no website e e-mail corporativo do Corecon-SE.<br \/>\n<strong>Modalidade:<\/strong> Dispensa<br \/>\n<strong>Tipo de Contrato:<\/strong> Presta\u00e7\u00e3o de servi\u00e7o<br \/>\n<strong>Valor mensal:<\/strong> R$ 175,00<br \/>\n<strong>Vig\u00eancia:<\/strong> 26\/01\/2022 a 25\/01\/2023<\/p>\n<p><strong>Contratada:<\/strong> SERVDONTO &#8211; Plano de Assist\u00eancia Odontol\u00f3gica Ltda.<br \/>\n<strong>CNPJ:<\/strong> 05.774.975\/0001-90 (ME)<br \/>\n<strong>Objeto:<\/strong> Contrato de cobertura de servi\u00e7os de assist\u00eancia odontol\u00f3gica (Contrato n\u00ba 02204 ANS N\u00ba 41.470-1).<br \/>\n<strong>Modalidade:<\/strong> Dispensa<br \/>\n<strong>Tipo de Contrato:<\/strong> Presta\u00e7\u00e3o de servi\u00e7o<br \/>\n<strong>Valor global anual estimado:<\/strong> R$ 2.745,12<br \/>\n<strong>Vig\u00eancia:<\/strong> 22\/06\/2022 a 21\/06\/2023<strong><br \/>\n<\/strong><\/p>\n<p><strong>Contratada:<\/strong> VR BENEF\u00cdCIOS E SERVI\u00c7OS DE PROCESSAMENTO LTDA.<br \/>\n<strong>CNPJ:<\/strong> 02.535.864\/0001-33<strong><br \/>\n<\/strong><strong>Objeto:<\/strong> Contrato de presta\u00e7\u00e3o de servi\u00e7os pela VR Benef\u00edcios ao Contratante, no segmento de refei\u00e7\u00e3o e\/ou alimenta\u00e7\u00e3o, para o fornecimento de cart\u00f5es VR Benef\u00edcios Refei\u00e7\u00e3o e\/ou Alimenta\u00e7\u00e3o (modalidade cart\u00e3o inteligente).<br \/>\n<strong>Modalidade:<\/strong> Dispensa<br \/>\n<strong>Fundamento Legal:<\/strong> Art. 23, inciso II, \u201ca\u201d da Lei n\u00ba 8.666\/93.<br \/>\n<strong>Tipo de Contrato:<\/strong> Presta\u00e7\u00e3o de servi\u00e7o<br \/>\n<strong>Valor global anual estimado:<\/strong> R$ 14.400,00<br \/>\n<strong>Vig\u00eancia:<\/strong> 22\/02\/2022 a 21\/02\/2023<\/p>\n<h3><strong>2021<\/strong><strong>\u00a0<\/strong><\/h3>\n<p><strong>Contratada:<\/strong> VFS SISTEMA ELETR\u00d4NICO DE ALARME LTDA. (GRUPO SEG)<strong><br \/>\nCNPJ:<\/strong> 16.693.500\/0001-96<strong><br \/>\nObjeto:<\/strong> Contrato para execu\u00e7\u00e3o de servi\u00e7os t\u00e9cnicos profissionais especializados de monitoramento do sistema de alarme eletr\u00f4nico e servi\u00e7o de pronto atendimento.<strong><br \/>\nModalidade:<\/strong> Dispensa<strong><br \/>\nTipo de Contrato:<\/strong> Presta\u00e7\u00e3o de servi\u00e7os<strong><br \/>\nValor mensal:<\/strong> R$ 205,00<strong><br \/>\nVig\u00eancia:<\/strong> 02\/12\/2021 a 01\/12\/2022<\/p>\n<p><strong>Contratada:<\/strong> ROSA MARIA MATEUS FEITOSA &#8211; RM CONTABILIDADE<br \/>\n<strong>CNPJ:<\/strong> 07.161.756\/0001-61 (ME)<br \/>\n<strong>Objeto:<\/strong> Contrato para execu\u00e7\u00e3o de servi\u00e7os t\u00e9cnicos profissionais especializados de assessoria cont\u00e1bil.<br \/>\n<strong>Modalidade:<\/strong> Carta Convite n\u00ba 01\/2016<br \/>\n<strong>Tipo de Contrato:<\/strong> Presta\u00e7\u00e3o de servi\u00e7os<br \/>\n<strong>Valor mensal:<\/strong> R$ 1.074,06<br \/>\n<strong>Vig\u00eancia:<\/strong> 15\/02\/2020 a 14\/02\/2021<\/p>\n<p><strong>Contratada:<\/strong> TELES CAVALCANTE BARRETO ADVOGADOS ASSOCIADOS<br \/>\n<strong>CNPJ:<\/strong> 29.067.385\/0001-96<strong><br \/>\nObjeto:<\/strong> Contrato para execu\u00e7\u00e3o de servi\u00e7os t\u00e9cnicos profissionais especializados de assessoria jur\u00eddica.<br \/>\n<strong>Modalidade:<\/strong> Carta Convite n\u00ba 01\/2019<br \/>\n<strong>Assinatura inicial:<\/strong> 02\/12\/2019<br \/>\n<strong>Tipo de Contrato:<\/strong> Presta\u00e7\u00e3o de servi\u00e7o<br \/>\n<strong>Valor mensal:<\/strong> R$ 631,19<br \/>\n<strong>Vig\u00eancia:<\/strong> 02\/12\/2020 a 01\/11\/2021<\/p>\n<p><strong>Contratada:<\/strong> EMPRESA BRASILEIRA DE CORREIOS E TEL\u00c9GRAFOS \u2013 ECT\/DR-SE<br \/>\n<strong>CNPJ:<\/strong> 34.028.316\/0032-00<br \/>\n<strong>Objeto:<\/strong> Contrato m\u00faltiplo de presta\u00e7\u00e3o de servi\u00e7os e venda de produtos n\u00ba 9912327658.<br \/>\n<strong>Modalidade:<\/strong> Dispensa<br \/>\n<strong>Tipo de Contrato:<\/strong> Presta\u00e7\u00e3o de servi\u00e7o<br \/>\n<strong>Valor global anual estimado:<\/strong> R$ 4.500,00<br \/>\n<strong>Vig\u00eancia:<\/strong> 16\/07\/2020 a 15\/07\/2021<\/p>\n<p><strong>Contratada:<\/strong> BANCO DO BRASIL S\/A<br \/>\n<strong>CNPJ:<\/strong> 00.000.000\/5103-94<br \/>\n<strong>Objeto:<\/strong> Contrato \u00fanico de presta\u00e7\u00e3o de servi\u00e7os de cobran\u00e7a e recebimentos em favor do Contratante, pagamentos efetuados e centraliza\u00e7\u00e3o de saldos.<br \/>\n<strong>Modalidade:<\/strong> Dispensa<br \/>\n<strong>Valor global anual estimado:<\/strong> 3.500,00<br \/>\n<strong>Vig\u00eancia:<\/strong> 30\/05\/2021 a 29\/05\/2022<\/p>\n<p><strong>Contratada:<\/strong> UNIMED SERGIPE<br \/>\n<strong>CNPJ:<\/strong> 13.360.276\/0001-22<br \/>\n<strong>Objeto:<\/strong> Contrato de presta\u00e7\u00e3o de servi\u00e7os m\u00e9dicos e hospitalares.<br \/>\n<strong>Modalidade:<\/strong> Dispensa<br \/>\n<strong>Tipo de Contrato:<\/strong> Presta\u00e7\u00e3o de servi\u00e7o<br \/>\n<strong>Valor global anual estimado:<\/strong> 17.567,00<br \/>\n<strong>Vig\u00eancia:<\/strong> 01\/04\/2020 a 31\/03\/2021<\/p>\n<p><strong>Contratada:<\/strong> RQH SOLU\u00c7\u00d5ES<br \/>\n<strong>CNPJ:<\/strong> 33.894.381\/0001-59 (MEI)<br \/>\n<strong>Objeto:<\/strong> Contrato para execu\u00e7\u00e3o de servi\u00e7os de manuten\u00e7\u00e3o no website e e-mail corporativo do Corecon-SE.<br \/>\n<strong>Modalidade:<\/strong> Dispensa<br \/>\n<strong>Tipo de Contrato:<\/strong> Presta\u00e7\u00e3o de servi\u00e7o<br \/>\n<strong>Valor mensal:<\/strong> R$ 160,00<br \/>\n<strong>Vig\u00eancia:<\/strong> 26\/01\/2021 a 25\/01\/2022<\/p>\n<p><strong>Contratada:<\/strong> SERVDONTO &#8211; Plano de Assist\u00eancia Odontol\u00f3gica Ltda.<br \/>\n<strong>CNPJ:<\/strong> 05.774.975\/0001-90 (ME)<br \/>\n<strong>Objeto:<\/strong> Contrato de cobertura de servi\u00e7os de assist\u00eancia odontol\u00f3gica (Contrato n\u00ba 02204 ANS N\u00ba 41.470-1).<br \/>\n<strong>Modalidade:<\/strong> Dispensa<br \/>\n<strong>Tipo de Contrato:<\/strong> Presta\u00e7\u00e3o de servi\u00e7o<br \/>\n<strong>Valor global anual estimado:<\/strong> R$ 2.375,76<br \/>\n<strong>Vig\u00eancia:<\/strong> 22\/06\/2020 a 21\/06\/2021<strong><br \/>\n<\/strong><\/p>\n<p><strong>Contratada:<\/strong> VR BENEF\u00cdCIOS E SERVI\u00c7OS DE PROCESSAMENTO LTDA.<br \/>\n<strong>CNPJ:<\/strong> 02.535.864\/0001-33<strong><br \/>\n<\/strong><strong>Objeto:<\/strong> Contrato de presta\u00e7\u00e3o de servi\u00e7os pela VR Benef\u00edcios ao Contratante, no segmento de refei\u00e7\u00e3o e\/ou alimenta\u00e7\u00e3o, para o fornecimento de cart\u00f5es VR Benef\u00edcios Refei\u00e7\u00e3o e\/ou Alimenta\u00e7\u00e3o (modalidade cart\u00e3o inteligente).<br \/>\n<strong>Modalidade:<\/strong> Dispensa<br \/>\n<strong>Fundamento Legal:<\/strong> Art. 23, inciso II, \u201ca\u201d da Lei n\u00ba 8.666\/93.<br \/>\n<strong>Tipo de Contrato:<\/strong> Presta\u00e7\u00e3o de servi\u00e7o<br \/>\n<strong>Valor global anual estimado:<\/strong> R$ 14.424,00<br \/>\n<strong>Vig\u00eancia:<\/strong> 22\/02\/2021 a 21\/02\/2022<strong><br \/>\n<\/strong><\/p>\n<p><strong><u>CONV\u00caNIOS:<\/u><\/strong><\/p>\n<p><strong>Convenente:<\/strong> ESCOLA DE ADMINISTRA\u00c7\u00c3O P\u00daBLICA E GEST\u00c3O GOVERNAMENTAL DE SERGIPE \u2013 ESAPGESE\/SEAD<br \/>\n<strong>CNPJ:<\/strong> 03.635.910\/0001-39<strong><br \/>\n<\/strong><strong>Objeto:<\/strong> Estabelecimento de coopera\u00e7\u00e3o t\u00e9cnica e institucional, com vistas ao desenvolvimento de programas, projetos e a\u00e7\u00f5es de interesse comum, voltados \u00e0 realiza\u00e7\u00e3o de atividades de ensino, capacita\u00e7\u00e3o e pesquisa, nas \u00e1reas de gest\u00e3o organizacional e pol\u00edticas p\u00fablicas, na \u201cpr\u00e1xis\u201d das Ci\u00eancias Econ\u00f4micas, no interesse do povo sergipano, obedecendo as seguintes condi\u00e7\u00f5es: a) Os economistas se prop\u00f5em a interagir com os Servidores P\u00fablicos, atrav\u00e9s da Escola de Governo, ofertando cursos capazes de dotar os gestores e demais servidores, de ferramentas necess\u00e1rias ao bom funcionamento da m\u00e1quina estatal\u00a0 (TERMO DE COOPERA\u00c7\u00c3O T\u00c9CNICA N\u00ba 001\/2024).<br \/>\n<strong>Assinatura: <\/strong>16\/01\/2024<br \/>\n<strong>Tipo de Contrato:<\/strong> Presta\u00e7\u00e3o de servi\u00e7o<\/p>\n<p><strong>Convenente:<\/strong> INSTITUTO DE ESTUDOS DE PROTESTOS DE T\u00cdTULOS DO BRASIL \u2013 SE\u00c7\u00c3O SERGIPE (IEPTB-SE).<br \/>\n<strong>CNPJ:<\/strong> 20.929.420\/0001-64<strong><br \/>\n<\/strong><strong>Objeto:<\/strong> Contrato de presta\u00e7\u00e3o de servi\u00e7os de remessa para protesto (extrajudicial) das Certid\u00f5es de D\u00edvida Ativa (CDAs) do Conveniado (CONV\u00caNIO DE COOPERA\u00c7\u00c3O T\u00c9CNICA N\u00ba 001\/2017).<br \/>\n<strong>Assinatura:<\/strong> 20\/12\/2017<br \/>\n<strong>Tipo de Contrato:<\/strong> Presta\u00e7\u00e3o de servi\u00e7o<\/p>\n","protected":false},"excerpt":{"rendered":"<p>2024 Contratada: VFS SISTEMA ELETR\u00d4NICO DE ALARME LTDA. (GRUPO SEG) CNPJ: 16.693.500\/0001-96 Objeto: Contrato para execu\u00e7\u00e3o de servi\u00e7os t\u00e9cnicos profissionais especializados de monitoramento do sistema de alarme eletr\u00f4nico e servi\u00e7o de pronto atendimento. Modalidade: Dispensa Tipo de Contrato: Presta\u00e7\u00e3o de servi\u00e7os Valor mensal: R$ 209,00 (valor reajustado em 1,86% pelo IGP-M, a partir de 01\/12\/2023) &hellip; <a href=\"https:\/\/corecon-se.org.br\/transparencia\/contratos-e-convenios\/\" class=\"more-link\">Continue reading <span class=\"screen-reader-text\">Contratos e Conv\u00eanios<\/span><\/a><\/p>\n","protected":false},"author":2,"featured_media":0,"parent":0,"menu_order":0,"comment_status":"closed","ping_status":"closed","template":"","meta":{"footnotes":""},"class_list":["post-52","page","type-page","status-publish","hentry"],"_links":{"self":[{"href":"https:\/\/corecon-se.org.br\/transparencia\/wp-json\/wp\/v2\/pages\/52","targetHints":{"allow":["GET"]}}],"collection":[{"href":"https:\/\/corecon-se.org.br\/transparencia\/wp-json\/wp\/v2\/pages"}],"about":[{"href":"https:\/\/corecon-se.org.br\/transparencia\/wp-json\/wp\/v2\/types\/page"}],"author":[{"embeddable":true,"href":"https:\/\/corecon-se.org.br\/transparencia\/wp-json\/wp\/v2\/users\/2"}],"replies":[{"embeddable":true,"href":"https:\/\/corecon-se.org.br\/transparencia\/wp-json\/wp\/v2\/comments?post=52"}],"version-history":[{"count":39,"href":"https:\/\/corecon-se.org.br\/transparencia\/wp-json\/wp\/v2\/pages\/52\/revisions"}],"predecessor-version":[{"id":3411,"href":"https:\/\/corecon-se.org.br\/transparencia\/wp-json\/wp\/v2\/pages\/52\/revisions\/3411"}],"wp:attachment":[{"href":"https:\/\/corecon-se.org.br\/transparencia\/wp-json\/wp\/v2\/media?parent=52"}],"curies":[{"name":"wp","href":"https:\/\/api.w.org\/{rel}","templated":true}]}}