{"id":54,"date":"2018-02-01T19:59:05","date_gmt":"2018-02-01T21:59:05","guid":{"rendered":"https:\/\/corecon-se.org.br\/transparencia\/?page_id=54"},"modified":"2025-01-07T23:27:16","modified_gmt":"2025-01-08T02:27:16","slug":"diarias-e-ajuda-de-custo","status":"publish","type":"page","link":"https:\/\/corecon-se.org.br\/transparencia\/diarias-e-ajuda-de-custo\/","title":{"rendered":"Passagens e Di\u00e1rias"},"content":{"rendered":"<p>Passagens e Di\u00e1rias &#8211; 2024 (de 01.01 a 31.12.2024 n\u00e3o foram realizadas despesas relacionadas a passagens e di\u00e1rias)<\/p>\n<p>Passagens e Di\u00e1rias &#8211; 2023 (de 01.01 a 31.12.2023 n\u00e3o foram realizadas despesas relacionadas a passagens e di\u00e1rias)<\/p>\n<p>Passagens e Di\u00e1rias &#8211; 2022 (de 01.01 a 31.12.2022 n\u00e3o foram realizadas despesas relacionadas a passagens e di\u00e1rias)<\/p>\n<p>Passagens e Di\u00e1rias &#8211; 2021 (de 01.01 a 31.12.2021 n\u00e3o foram realizadas despesas relacionadas a passagens e di\u00e1rias)<\/p>\n<p>Passagens e Di\u00e1rias &#8211; 2020 (de 01.01 a 31.12.2020 n\u00e3o foram realizadas despesas relacionadas a passagens e di\u00e1rias)<\/p>\n<p><a href=\"https:\/\/corecon-se.org.br\/transparencia\/wp-content\/uploads\/2023\/06\/Demonstrativo-de-Diarias-de-Conselheiros-e-Funcionarios-2018-e-2019.xls\">Passagens e Di\u00e1rias.xls &#8211; 2018 e 2019<\/a><\/p>\n","protected":false},"excerpt":{"rendered":"<p>Passagens e Di\u00e1rias &#8211; 2024 (de 01.01 a 31.12.2024 n\u00e3o foram realizadas despesas relacionadas a passagens e di\u00e1rias) Passagens e Di\u00e1rias &#8211; 2023 (de 01.01 a 31.12.2023 n\u00e3o foram realizadas despesas relacionadas a passagens e di\u00e1rias) Passagens e Di\u00e1rias &#8211; 2022 (de 01.01 a 31.12.2022 n\u00e3o foram realizadas despesas relacionadas a passagens e di\u00e1rias) Passagens &hellip; <a href=\"https:\/\/corecon-se.org.br\/transparencia\/diarias-e-ajuda-de-custo\/\" class=\"more-link\">Continue reading <span class=\"screen-reader-text\">Passagens e Di\u00e1rias<\/span><\/a><\/p>\n","protected":false},"author":2,"featured_media":0,"parent":0,"menu_order":0,"comment_status":"closed","ping_status":"closed","template":"","meta":{"footnotes":""},"class_list":["post-54","page","type-page","status-publish","hentry"],"_links":{"self":[{"href":"https:\/\/corecon-se.org.br\/transparencia\/wp-json\/wp\/v2\/pages\/54","targetHints":{"allow":["GET"]}}],"collection":[{"href":"https:\/\/corecon-se.org.br\/transparencia\/wp-json\/wp\/v2\/pages"}],"about":[{"href":"https:\/\/corecon-se.org.br\/transparencia\/wp-json\/wp\/v2\/types\/page"}],"author":[{"embeddable":true,"href":"https:\/\/corecon-se.org.br\/transparencia\/wp-json\/wp\/v2\/users\/2"}],"replies":[{"embeddable":true,"href":"https:\/\/corecon-se.org.br\/transparencia\/wp-json\/wp\/v2\/comments?post=54"}],"version-history":[{"count":20,"href":"https:\/\/corecon-se.org.br\/transparencia\/wp-json\/wp\/v2\/pages\/54\/revisions"}],"predecessor-version":[{"id":3513,"href":"https:\/\/corecon-se.org.br\/transparencia\/wp-json\/wp\/v2\/pages\/54\/revisions\/3513"}],"wp:attachment":[{"href":"https:\/\/corecon-se.org.br\/transparencia\/wp-json\/wp\/v2\/media?parent=54"}],"curies":[{"name":"wp","href":"https:\/\/api.w.org\/{rel}","templated":true}]}}