{"id":574,"date":"2019-11-10T12:42:32","date_gmt":"2019-11-10T15:42:32","guid":{"rendered":"http:\/\/corecon-se.org.br\/transparencia\/?page_id=574"},"modified":"2024-10-17T15:29:32","modified_gmt":"2024-10-17T18:29:32","slug":"editais-e-resultados","status":"publish","type":"page","link":"https:\/\/corecon-se.org.br\/transparencia\/editais-e-resultados\/","title":{"rendered":"Editais e Resultados"},"content":{"rendered":"\r\n<h3>Confira os editais abaixo das licita\u00e7\u00f5es de compra de materiais e contrata\u00e7\u00e3o de servi\u00e7os realizados pelo Corecon-SE e todos os requisitos exigidos para a participa\u00e7\u00e3o.<br \/><br \/>2024 &#8211; At\u00e9 o momento n\u00e3o foram realizadas licita\u00e7\u00f5es<br \/><br \/><span style=\"font-size: 18pt;\">2023<\/span><span style=\"font-size: 18pt;\"> &#8211; N\u00e3o foram realizadas licita\u00e7\u00f5es<br \/><br \/><\/span><strong><span style=\"font-size: 18pt;\">2022:<br \/><\/span><\/strong><span style=\"font-size: 14pt;\">Carta Convite n\u00b0 1\/2022 &#8211; Contrata\u00e7\u00e3o de Servi\u00e7os de Assessoria Cont\u00e1bil<\/span><strong><span style=\"font-size: 14pt;\"><br \/><\/span><\/strong><span style=\"font-size: 14pt;\"><a href=\"https:\/\/corecon-se.org.br\/transparencia\/wp-content\/uploads\/2022\/08\/Aviso-de-Licitacao-Contador-22082022.pdf\">Aviso de Licita\u00e7\u00e3o n\u00ba 1<\/a><br \/><\/span><a href=\"https:\/\/corecon-se.org.br\/transparencia\/wp-content\/uploads\/2022\/08\/Convite-Contratacao-Contador-22082022-Assinado.pdf\">Edital<\/a><br \/><a href=\"https:\/\/corecon-se.org.br\/transparencia\/wp-content\/uploads\/2022\/09\/Aviso-de-Licitacao-Contador-II-02092022.pdf\">Aviso de Licita\u00e7\u00e3o n\u00ba 2<\/a><br \/><a href=\"https:\/\/corecon-se.org.br\/transparencia\/wp-content\/uploads\/2022\/09\/Convite-Contratacao-Contador-02092022.pdf\">Edital<\/a><br \/><a href=\"https:\/\/corecon-se.org.br\/transparencia\/wp-content\/uploads\/2022\/09\/Ata-Licitacao-13092022.pdf\">Ata de Recebimento das Propostas &#8211; 2\u00aa Convoca\u00e7\u00e3o<\/a><br \/><a href=\"https:\/\/corecon-se.org.br\/transparencia\/wp-content\/uploads\/2022\/10\/convocacao-abertura-propostas.pdf\" target=\"_blank\" rel=\"noopener\">Aviso de Convoca\u00e7\u00e3o para Abertura de Propostas<\/a><br \/><a href=\"https:\/\/corecon-se.org.br\/transparencia\/wp-content\/uploads\/2022\/10\/resultadoLicitacao.pdf\" target=\"_blank\" rel=\"noopener\">Ata de Julgamento das Propostas<\/a><br \/><a href=\"https:\/\/corecon-se.org.br\/transparencia\/wp-content\/uploads\/2023\/05\/Resultado-do-Julgamento-do-Convite-001-2022.pdf\">Resultado da Licita\u00e7\u00e3o<\/a> (n\u00e3o homologado pela presid\u00eancia do Corecon)<br \/><br \/><strong>2021 &#8211; <\/strong>N\u00e3o foram realizadas licita\u00e7\u00f5es<strong><br \/><br \/><\/strong><strong>2020 &#8211; <\/strong>N\u00e3o foram realizadas licita\u00e7\u00f5es<strong><br \/><\/strong><strong><br \/><\/strong><span style=\"font-size: 18pt;\"><strong>2019:<br \/><\/strong><\/span><span style=\"font-size: 14pt;\">Carta Convite n\u00b0 1\/2019 &#8211; Contrata\u00e7\u00e3o de Servi\u00e7os de Assessoria Jur\u00eddica<br \/><\/span><a href=\"http:\/\/corecon-se.org.br\/transparencia\/wp-content\/uploads\/documentos\/licitacoes\/2019\/CC0119\/Aviso1CC0119.pdf\" target=\"_blank\" rel=\"noreferrer noopener\" aria-label=\"Aviso de licita\u00e7\u00e3o\u2028 (abre numa nova aba)\"><span style=\"font-size: 14pt;\">Aviso de licita\u00e7\u00e3o n\u00b01<\/span><\/a><br \/><span style=\"font-size: 14pt;\"><a href=\"http:\/\/corecon-se.org.br\/transparencia\/wp-content\/uploads\/documentos\/licitacoes\/2019\/CC0119\/EditalCC0119.pdf\" target=\"_blank\" rel=\"noreferrer noopener\" aria-label=\"Edital (abre numa nova aba)\">Edital<\/a><br \/><\/span><span style=\"font-size: 14pt;\"><a href=\"http:\/\/corecon-se.org.br\/transparencia\/wp-content\/uploads\/documentos\/licitacoes\/2019\/CC0119\/AtaRecebimenton1.pdf\" target=\"_blank\" rel=\"noreferrer noopener\" aria-label=\"Aviso de licita\u00e7\u00e3o\u2028 (abre numa nova aba)\">Ata de Recebimento das Propostas &#8211; 1\u00aa Convoca\u00e7\u00e3o<\/a><br \/><\/span><span style=\"font-size: 14pt;\"><a href=\"http:\/\/corecon-se.org.br\/transparencia\/wp-content\/uploads\/documentos\/licitacoes\/2019\/CC0119\/AvisoCC0119.pdf\" target=\"_blank\" rel=\"noreferrer noopener\" aria-label=\"Aviso de licita\u00e7\u00e3o\u2028 (abre numa nova aba)\">Aviso de Licita\u00e7\u00e3o n\u00b0 2<\/a><br \/><\/span><span style=\"font-size: 14pt;\"><a href=\"http:\/\/corecon-se.org.br\/transparencia\/wp-content\/uploads\/documentos\/licitacoes\/2019\/CC0119\/Aviso2SCC0119.pdf\" target=\"_blank\" rel=\"noreferrer noopener\" aria-label=\"Aviso de licita\u00e7\u00e3o\u2028 (abre numa nova aba)\">Edital<\/a><br \/><\/span><span style=\"font-size: 14pt;\"><a href=\"http:\/\/corecon-se.org.br\/transparencia\/wp-content\/uploads\/documentos\/licitacoes\/2019\/CC0119\/AtaRecebimento.pdf\" target=\"_blank\" rel=\"noreferrer noopener\" aria-label=\"Aviso de licita\u00e7\u00e3o\u2028 (abre numa nova aba)\">Ata de Recebimento das Propostas<\/a><br \/><\/span><span style=\"font-size: 14pt;\"><a href=\"http:\/\/corecon-se.org.br\/transparencia\/wp-content\/uploads\/documentos\/licitacoes\/2019\/CC0119\/AtaJulgamento.pdf\" target=\"_blank\" rel=\"noreferrer noopener\" aria-label=\"Aviso de licita\u00e7\u00e3o\u2028 (abre numa nova aba)\">Ata de Julgamento das Propostas<\/a><br \/><\/span><span style=\"font-size: 14pt;\"><a href=\"http:\/\/corecon-se.org.br\/transparencia\/wp-content\/uploads\/documentos\/licitacoes\/2019\/CC0119\/Resultado.pdf\" target=\"_blank\" rel=\"noreferrer noopener\" aria-label=\"Aviso de licita\u00e7\u00e3o\u2028 (abre numa nova aba)\">Resultado da Licita\u00e7\u00e3o<\/a><\/span><\/h3>\r\n\r\n\r\n\r\n<h2 class=\"wp-block-heading\"><span style=\"font-size: 10pt;\">\r\n\r\n<\/span><\/h2>\r\n<h2><span style=\"font-size: 10pt;\">\r\n\r\n<\/span><\/h2>\r\n\r\n\r\n","protected":false},"excerpt":{"rendered":"<p>Confira os editais abaixo das licita\u00e7\u00f5es de compra de materiais e contrata\u00e7\u00e3o de servi\u00e7os realizados pelo Corecon-SE e todos os requisitos exigidos para a participa\u00e7\u00e3o. 2024 &#8211; At\u00e9 o momento n\u00e3o foram realizadas licita\u00e7\u00f5es 2023 &#8211; N\u00e3o foram realizadas licita\u00e7\u00f5es 2022:Carta Convite n\u00b0 1\/2022 &#8211; Contrata\u00e7\u00e3o de Servi\u00e7os de Assessoria Cont\u00e1bilAviso de Licita\u00e7\u00e3o n\u00ba 1EditalAviso &hellip; <a href=\"https:\/\/corecon-se.org.br\/transparencia\/editais-e-resultados\/\" class=\"more-link\">Continue reading <span class=\"screen-reader-text\">Editais e Resultados<\/span><\/a><\/p>\n","protected":false},"author":2,"featured_media":0,"parent":0,"menu_order":0,"comment_status":"closed","ping_status":"closed","template":"","meta":{"footnotes":""},"class_list":["post-574","page","type-page","status-publish","hentry"],"_links":{"self":[{"href":"https:\/\/corecon-se.org.br\/transparencia\/wp-json\/wp\/v2\/pages\/574","targetHints":{"allow":["GET"]}}],"collection":[{"href":"https:\/\/corecon-se.org.br\/transparencia\/wp-json\/wp\/v2\/pages"}],"about":[{"href":"https:\/\/corecon-se.org.br\/transparencia\/wp-json\/wp\/v2\/types\/page"}],"author":[{"embeddable":true,"href":"https:\/\/corecon-se.org.br\/transparencia\/wp-json\/wp\/v2\/users\/2"}],"replies":[{"embeddable":true,"href":"https:\/\/corecon-se.org.br\/transparencia\/wp-json\/wp\/v2\/comments?post=574"}],"version-history":[{"count":38,"href":"https:\/\/corecon-se.org.br\/transparencia\/wp-json\/wp\/v2\/pages\/574\/revisions"}],"predecessor-version":[{"id":2495,"href":"https:\/\/corecon-se.org.br\/transparencia\/wp-json\/wp\/v2\/pages\/574\/revisions\/2495"}],"wp:attachment":[{"href":"https:\/\/corecon-se.org.br\/transparencia\/wp-json\/wp\/v2\/media?parent=574"}],"curies":[{"name":"wp","href":"https:\/\/api.w.org\/{rel}","templated":true}]}}