{"id":58,"date":"2018-02-01T21:14:44","date_gmt":"2018-02-01T23:14:44","guid":{"rendered":"https:\/\/corecon-se.org.br\/transparencia\/?page_id=58"},"modified":"2025-01-07T23:56:19","modified_gmt":"2025-01-08T02:56:19","slug":"orcamentos","status":"publish","type":"page","link":"https:\/\/corecon-se.org.br\/transparencia\/orcamentos\/","title":{"rendered":"Propostas Or\u00e7ament\u00e1rias"},"content":{"rendered":"<p><strong>2025<\/strong><br \/>\n<a href=\"https:\/\/corecon-se.org.br\/transparencia\/wp-content\/uploads\/2025\/01\/Proposta-Orcamentaria-CoreconSE-2025.xls\">Proposta Or\u00e7ament\u00e1ria.xls<\/a><br \/>\n<a href=\"https:\/\/corecon-se.org.br\/transparencia\/wp-content\/uploads\/2025\/01\/PROPOSTA-ORCAMENTARIA-2025.pdf\">Proposta Or\u00e7ament\u00e1ria.pdf<\/a><\/p>\n<p><strong>2024<\/strong><br \/>\n<a href=\"https:\/\/corecon-se.org.br\/transparencia\/wp-content\/uploads\/2024\/06\/Proposta-Orcamentaria-Corecon-2024.xls\">Proposta Or\u00e7ament\u00e1ria.xls<\/a><br \/>\n<a href=\"https:\/\/corecon-se.org.br\/transparencia\/wp-content\/uploads\/2024\/06\/Proposta-Orcamentaria-2024.pdf\">Proposta Or\u00e7ament\u00e1ria.pdf<\/a><\/p>\n<p><strong>2023<\/strong><br \/>\n<a href=\"https:\/\/corecon-se.org.br\/transparencia\/wp-content\/uploads\/2024\/06\/Proposta-Orcamentaria-2023.xls\">Proposta Or\u00e7ament\u00e1ria.xls<\/a><br \/>\n<a href=\"https:\/\/corecon-se.org.br\/transparencia\/wp-content\/uploads\/2024\/06\/Proposta-Orcamentaria-2023.pdf\">Proposta Or\u00e7ament\u00e1ria.pdf<\/a><\/p>\n<p><strong>2022<\/strong><br \/>\n<a href=\"https:\/\/corecon-se.org.br\/transparencia\/wp-content\/uploads\/2024\/06\/Proposta-Orcamentaria-2022.xls\">Proposta Or\u00e7ament\u00e1ria.xls<\/a><br \/>\n<a href=\"https:\/\/corecon-se.org.br\/transparencia\/wp-content\/uploads\/2024\/06\/Proposta-Orcamentaria-2022.pdf\">Proposta Or\u00e7ament\u00e1ria.pdf<\/a><\/p>\n<p><strong>2021<\/strong><br \/>\n<a href=\"https:\/\/corecon-se.org.br\/transparencia\/wp-content\/uploads\/2024\/06\/Proposta-Orcamentaria-2021.xls\">Proposta Or\u00e7ament\u00e1ria.xls<\/a><br \/>\n<a href=\"https:\/\/corecon-se.org.br\/transparencia\/wp-content\/uploads\/2024\/06\/Proposta-Orcamentaria-2021.pdf\">Proposta Or\u00e7ament\u00e1ria.pdf<\/a><\/p>\n<p><strong>2020<\/strong><br \/>\n<a href=\"https:\/\/corecon-se.org.br\/transparencia\/wp-content\/uploads\/2024\/06\/Proposta-Orcamentaria-2020.xls\">Proposta Or\u00e7ament\u00e1ria.xls<\/a><br \/>\n<a href=\"https:\/\/corecon-se.org.br\/transparencia\/wp-content\/uploads\/2024\/06\/Proposta-Orcamentaria-2020.pdf\">Proposta Or\u00e7ament\u00e1ria.pdf<\/a><\/p>\n<p><strong>2019<\/strong><br \/>\n<a href=\"https:\/\/corecon-se.org.br\/transparencia\/wp-content\/uploads\/2024\/06\/Proposta-Orcamentaria-2019.xls\">Proposta Or\u00e7ament\u00e1ria.xls<\/a><br \/>\n<a href=\"https:\/\/corecon-se.org.br\/transparencia\/wp-content\/uploads\/2024\/06\/Proposta-Orcamentaria-2019.pdf\">Proposta Or\u00e7ament\u00e1ria.pdf<\/a><\/p>\n","protected":false},"excerpt":{"rendered":"<p>2025 Proposta Or\u00e7ament\u00e1ria.xls Proposta Or\u00e7ament\u00e1ria.pdf 2024 Proposta Or\u00e7ament\u00e1ria.xls Proposta Or\u00e7ament\u00e1ria.pdf 2023 Proposta Or\u00e7ament\u00e1ria.xls Proposta Or\u00e7ament\u00e1ria.pdf 2022 Proposta Or\u00e7ament\u00e1ria.xls Proposta Or\u00e7ament\u00e1ria.pdf 2021 Proposta Or\u00e7ament\u00e1ria.xls Proposta Or\u00e7ament\u00e1ria.pdf 2020 Proposta Or\u00e7ament\u00e1ria.xls Proposta Or\u00e7ament\u00e1ria.pdf 2019 Proposta Or\u00e7ament\u00e1ria.xls Proposta Or\u00e7ament\u00e1ria.pdf<\/p>\n","protected":false},"author":2,"featured_media":0,"parent":0,"menu_order":0,"comment_status":"closed","ping_status":"closed","template":"","meta":{"footnotes":""},"class_list":["post-58","page","type-page","status-publish","hentry"],"_links":{"self":[{"href":"https:\/\/corecon-se.org.br\/transparencia\/wp-json\/wp\/v2\/pages\/58","targetHints":{"allow":["GET"]}}],"collection":[{"href":"https:\/\/corecon-se.org.br\/transparencia\/wp-json\/wp\/v2\/pages"}],"about":[{"href":"https:\/\/corecon-se.org.br\/transparencia\/wp-json\/wp\/v2\/types\/page"}],"author":[{"embeddable":true,"href":"https:\/\/corecon-se.org.br\/transparencia\/wp-json\/wp\/v2\/users\/2"}],"replies":[{"embeddable":true,"href":"https:\/\/corecon-se.org.br\/transparencia\/wp-json\/wp\/v2\/comments?post=58"}],"version-history":[{"count":36,"href":"https:\/\/corecon-se.org.br\/transparencia\/wp-json\/wp\/v2\/pages\/58\/revisions"}],"predecessor-version":[{"id":3518,"href":"https:\/\/corecon-se.org.br\/transparencia\/wp-json\/wp\/v2\/pages\/58\/revisions\/3518"}],"wp:attachment":[{"href":"https:\/\/corecon-se.org.br\/transparencia\/wp-json\/wp\/v2\/media?parent=58"}],"curies":[{"name":"wp","href":"https:\/\/api.w.org\/{rel}","templated":true}]}}