{"id":612,"date":"2020-02-24T14:16:19","date_gmt":"2020-02-24T17:16:19","guid":{"rendered":"http:\/\/corecon-se.org.br\/transparencia\/?page_id=612"},"modified":"2021-04-01T18:51:09","modified_gmt":"2021-04-01T21:51:09","slug":"atas-2020","status":"publish","type":"page","link":"https:\/\/corecon-se.org.br\/transparencia\/atas\/atas-2020\/","title":{"rendered":"Atas 2020"},"content":{"rendered":"\r\n<p><a href=\"..\/..\/wp-content\/uploads\/documentos\/atas\/2020\/AtaEleicaoDiretoria.pdf\" target=\"_blank\" rel=\"noopener noreferrer\">Ata de Posse da Diretoria &#8211; 07.01.2020<\/a><\/p>\r\n<p><a href=\"..\/..\/wp-content\/uploads\/documentos\/atas\/2020\/AtaPosseTercoConselheiros.pdf\" target=\"_blank\" rel=\"noopener noreferrer\">Ata de Posse do Ter\u00e7o Eleito do Conselho &#8211; 07.01.2020<\/a><\/p>\r\n<p><a href=\"http:\/\/corecon-se.org.br\/transparencia\/wp-content\/uploads\/2020\/10\/Ata-1a-Sessao-Plenaria-Extraordinaria-2020.pdf\">Ata 1\u00aa Sess\u00e3o Plen\u00e1ria Extraordin\u00e1ria 2020 &#8211; 07.01.2020<\/a><\/p>\r\n<p><a href=\"http:\/\/corecon-se.org.br\/transparencia\/wp-content\/uploads\/2020\/10\/Ata-1a-Sessao-Plenaria-Ordinaria-2020.pdf\">Ata 1\u00aa Sess\u00e3o Plen\u00e1ria Ordin\u00e1ria 2020 &#8211; 29.01.2020<\/a><\/p>\r\n<p><a href=\"http:\/\/corecon-se.org.br\/transparencia\/wp-content\/uploads\/2020\/10\/Ata-2a-Sessao-Plenaria-Ordinaria-2020.pdf\">Ata 2\u00aa Sess\u00e3o Plen\u00e1ria Ordin\u00e1ria 2020 &#8211; 04.03.2020<\/a><\/p>\r\n<p><a href=\"http:\/\/corecon-se.org.br\/transparencia\/wp-content\/uploads\/2020\/10\/Ata-3a-Sessao-Plenaria-Ordinaria-2020.pdf\">Ata 3\u00aa Sess\u00e3o Plen\u00e1ria Ordin\u00e1ria 2020 &#8211; 21.07.2020<\/a><\/p>\r\n<p><a href=\"http:\/\/corecon-se.org.br\/transparencia\/wp-content\/uploads\/2020\/10\/Ata-4a-Sessao-Plenaria-Ordinaria-2020.pdf\">Ata 4\u00aa Sess\u00e3o Plen\u00e1ria Ordin\u00e1ria 2020 &#8211; 26.08.2020<\/a><\/p>\r\n<p><a href=\"https:\/\/corecon-se.org.br\/transparencia\/wp-content\/uploads\/2021\/01\/Ata-5a-Sessao-Ordinaria-05102020.pdf\">Ata 5\u00aa Sess\u00e3o Plen\u00e1ria Ordin\u00e1ria 2020 &#8211; 05.10.2020<\/a><\/p>\r\n<p><a href=\"https:\/\/corecon-se.org.br\/transparencia\/wp-content\/uploads\/2021\/01\/Ata-6a-Sessao-Ordinaria-04112020.pdf\">Ata 6\u00aa Sess\u00e3o Plen\u00e1ria Ordin\u00e1ria 2020 &#8211; 04.11.2020<\/a><\/p>\r\n<p><a href=\"https:\/\/corecon-se.org.br\/transparencia\/wp-content\/uploads\/2021\/01\/Ata-7a-Sessao-Ordinaria-02122020.pdf\">Ata 7\u00aa Sess\u00e3o Plen\u00e1ria Ordin\u00e1ria 2020 &#8211; 02122020<\/a><\/p>\r\n<p><a href=\"https:\/\/corecon-se.org.br\/transparencia\/wp-content\/uploads\/2021\/03\/Ata-8a-Sessao-Ordinaria-21122020.pdf\">Ata 8\u00aa Sess\u00e3o Plen\u00e1ria Ordin\u00e1ria 2020 &#8211; 21.12.2020<\/a><\/p>\r\n<!-- p><a href=\"..\/..\/wp-content\/uploads\/documentos\/atas\/2019\/AtaJan-2019.pdf\" target=\"_blank\" rel=\"noopener noreferrer\">Ata da 1\u00aa Sess\u00e3o Plen\u00e1ria Extraordin\u00e1ria 2019<\/a><\/p -->","protected":false},"excerpt":{"rendered":"<p>Ata de Posse da Diretoria &#8211; 07.01.2020 Ata de Posse do Ter\u00e7o Eleito do Conselho &#8211; 07.01.2020 Ata 1\u00aa Sess\u00e3o Plen\u00e1ria Extraordin\u00e1ria 2020 &#8211; 07.01.2020 Ata 1\u00aa Sess\u00e3o Plen\u00e1ria Ordin\u00e1ria 2020 &#8211; 29.01.2020 Ata 2\u00aa Sess\u00e3o Plen\u00e1ria Ordin\u00e1ria 2020 &#8211; 04.03.2020 Ata 3\u00aa Sess\u00e3o Plen\u00e1ria Ordin\u00e1ria 2020 &#8211; 21.07.2020 Ata 4\u00aa Sess\u00e3o Plen\u00e1ria Ordin\u00e1ria 2020 &hellip; <a href=\"https:\/\/corecon-se.org.br\/transparencia\/atas\/atas-2020\/\" class=\"more-link\">Continue reading <span class=\"screen-reader-text\">Atas 2020<\/span><\/a><\/p>\n","protected":false},"author":2,"featured_media":0,"parent":32,"menu_order":0,"comment_status":"closed","ping_status":"closed","template":"","meta":{"footnotes":""},"class_list":["post-612","page","type-page","status-publish","hentry"],"_links":{"self":[{"href":"https:\/\/corecon-se.org.br\/transparencia\/wp-json\/wp\/v2\/pages\/612","targetHints":{"allow":["GET"]}}],"collection":[{"href":"https:\/\/corecon-se.org.br\/transparencia\/wp-json\/wp\/v2\/pages"}],"about":[{"href":"https:\/\/corecon-se.org.br\/transparencia\/wp-json\/wp\/v2\/types\/page"}],"author":[{"embeddable":true,"href":"https:\/\/corecon-se.org.br\/transparencia\/wp-json\/wp\/v2\/users\/2"}],"replies":[{"embeddable":true,"href":"https:\/\/corecon-se.org.br\/transparencia\/wp-json\/wp\/v2\/comments?post=612"}],"version-history":[{"count":7,"href":"https:\/\/corecon-se.org.br\/transparencia\/wp-json\/wp\/v2\/pages\/612\/revisions"}],"predecessor-version":[{"id":1017,"href":"https:\/\/corecon-se.org.br\/transparencia\/wp-json\/wp\/v2\/pages\/612\/revisions\/1017"}],"up":[{"embeddable":true,"href":"https:\/\/corecon-se.org.br\/transparencia\/wp-json\/wp\/v2\/pages\/32"}],"wp:attachment":[{"href":"https:\/\/corecon-se.org.br\/transparencia\/wp-json\/wp\/v2\/media?parent=612"}],"curies":[{"name":"wp","href":"https:\/\/api.w.org\/{rel}","templated":true}]}}