{"id":631,"date":"2020-05-25T21:23:17","date_gmt":"2020-05-26T00:23:17","guid":{"rendered":"http:\/\/corecon-se.org.br\/transparencia\/?page_id=631"},"modified":"2023-01-09T09:37:27","modified_gmt":"2023-01-09T12:37:27","slug":"resolucoes-2020","status":"publish","type":"page","link":"https:\/\/corecon-se.org.br\/transparencia\/atos-normativos\/resolucoes-2020\/","title":{"rendered":"Resolu\u00e7\u00f5es 2020"},"content":{"rendered":"<p>&nbsp;<\/p>\n<table style=\"width: 100%;\" border=\"0\" align=\"center\">\n<tbody>\n<tr style=\"height: 70px;\">\n<th style=\"background-color: #333399; color: #ffffff; height: 70px; text-align: center;\">\n<p align=\"center\"><strong>RESOLU\u00c7\u00d5ES<\/strong><\/p>\n<\/th>\n<\/tr>\n<tr style=\"height: 486px;\">\n<td style=\"height: 486px; background-color: #f5f5f5; vertical-align: text-top;\">\n<p align=\"center\"><span style=\"color: #008080;\"><strong>2020<\/strong><\/span><\/p>\n<table style=\"height: 1245px;\" width=\"653\">\n<tbody>\n<tr>\n<td style=\"width: 70px;\"><strong><span style=\"color: #666699;\">N\u00b0<\/span><\/strong><\/td>\n<td><span style=\"color: #666699;\"><strong>Descri\u00e7\u00e3o<\/strong><\/span><\/td>\n<\/tr>\n<tr>\n<td>001<\/td>\n<td><a href=\"https:\/\/corecon-se.org.br\/transparencia\/wp-content\/uploads\/2021\/01\/Resolucao-001-2020.pdf\">Renova\u00e7\u00e3o de Ter\u00e7o de Conselheiros e Composi\u00e7\u00e3o do Plen\u00e1rio do CORECON-SE.<\/a><\/td>\n<\/tr>\n<tr>\n<td>002<\/td>\n<td><a href=\"https:\/\/corecon-se.org.br\/transparencia\/wp-content\/uploads\/2021\/01\/Resolucao-002-2020.pdf\">Disp\u00f5e sobre a Administra\u00e7\u00e3o do CORECON-SE.<\/a><\/td>\n<\/tr>\n<tr>\n<td>003<\/td>\n<td><a href=\"https:\/\/corecon-se.org.br\/transparencia\/wp-content\/uploads\/2021\/01\/Resolucao-003-2020.pdf\">Disp\u00f5e sobre Registro Definitivo de Pessoa F\u00edsica.<\/a><\/td>\n<\/tr>\n<tr>\n<td>004<\/td>\n<td><a href=\"https:\/\/corecon-se.org.br\/transparencia\/wp-content\/uploads\/2021\/01\/Resolucao-004-2020.pdf\">Disp\u00f5e sobre Cancelamento de Registro Definitivo de Pessoa F\u00edsica.<\/a><\/td>\n<\/tr>\n<tr>\n<td>005<\/td>\n<td><a href=\"https:\/\/corecon-se.org.br\/transparencia\/wp-content\/uploads\/2021\/01\/Resolucao-005-2020.pdf\">Disp\u00f5e sobre Tratamento Especial Dispensado em Fun\u00e7\u00e3o da Idade Registro Definitivo.<\/a><\/td>\n<\/tr>\n<tr>\n<td>006<\/td>\n<td><a href=\"https:\/\/corecon-se.org.br\/transparencia\/wp-content\/uploads\/2021\/01\/Resolucao-006-2020.pdf\">Disp\u00f5e sobre Cancelamento de Registro Definitivo de Pessoa F\u00edsica.<\/a><\/td>\n<\/tr>\n<tr>\n<td>007<\/td>\n<td><a href=\"https:\/\/corecon-se.org.br\/transparencia\/wp-content\/uploads\/2021\/01\/Resolucao-007-2020.pdf\">Institui o VIII Programa Nacional de Recupera\u00e7\u00e3o de Cr\u00e9ditos no CORECON-SE.<\/a><\/td>\n<\/tr>\n<tr>\n<td>008<\/td>\n<td><a href=\"https:\/\/corecon-se.org.br\/transparencia\/wp-content\/uploads\/2021\/01\/Resolucao-008-2020.pdf\">Aprova Presta\u00e7\u00e3o de Contas do Exerc\u00edcio de 2019.<\/a><\/td>\n<\/tr>\n<tr>\n<td>009<\/td>\n<td><a href=\"https:\/\/corecon-se.org.br\/transparencia\/wp-content\/uploads\/2021\/01\/Resolucao-009-2020.pdf\">Disp\u00f5e sobre a forma de realiza\u00e7\u00e3o das elei\u00e7\u00f5es do CORECON-SE.<\/a><\/td>\n<\/tr>\n<tr>\n<td>010<\/td>\n<td><a href=\"https:\/\/corecon-se.org.br\/transparencia\/wp-content\/uploads\/2021\/01\/Resolucao-010-2020.pdf\">Nomeia Comiss\u00e3o Eleitoral para as elei\u00e7\u00f5es do CORECON-SE.<\/a><\/td>\n<\/tr>\n<tr>\n<td>011<\/td>\n<td><a href=\"https:\/\/corecon-se.org.br\/transparencia\/wp-content\/uploads\/2022\/02\/RESOLUCAO-011-2020.pdf\">Disp\u00f5e sobre Cancelamento de Registro Definitivo de Pessoa F\u00edsica.<\/a><\/td>\n<\/tr>\n<tr>\n<td>012<\/td>\n<td><a href=\"https:\/\/corecon-se.org.br\/transparencia\/wp-content\/uploads\/2022\/02\/RESOLUCAO-012-2020.pdf\">Disp\u00f5e sobre Tratamento Especial Dispensado em Fun\u00e7\u00e3o da Idade Registro Definitivo.<\/a><\/td>\n<\/tr>\n<tr>\n<td>013<\/td>\n<td><a href=\"https:\/\/corecon-se.org.br\/transparencia\/wp-content\/uploads\/2021\/01\/Resolucao-013-2020.pdf\">Aprova Balancete e demais pe\u00e7as cont\u00e1beis, referente ao 1\u00ba Trimestre de 2020.<\/a><\/td>\n<\/tr>\n<tr>\n<td>014<\/td>\n<td><a href=\"https:\/\/corecon-se.org.br\/transparencia\/wp-content\/uploads\/2021\/01\/Resolucao-014-2020.pdf\">Aprova Balancete e demais pe\u00e7as cont\u00e1beis, referente ao 2\u00ba Trimestre de 2020.<\/a><\/td>\n<\/tr>\n<tr>\n<td>015<\/td>\n<td><a href=\"https:\/\/corecon-se.org.br\/transparencia\/wp-content\/uploads\/2022\/05\/RESOLUCAO-015-2020-1.pdf\">Disp\u00f5e sobre Cancelamento de Registro Definitivo de Pessoa F\u00edsica do Conselho Regional de Economia \u2013 16\u00aa Regi\u00e3o\/SE.<\/a><\/td>\n<\/tr>\n<tr>\n<td>016<\/td>\n<td><a href=\"https:\/\/corecon-se.org.br\/transparencia\/wp-content\/uploads\/2022\/05\/RESOLUCAO-016-2020.pdf\">Disp\u00f5e sobre Registro Definitivo de Pessoa F\u00edsica do Conselho Regional de Economia \u2013 16\u00aa Regi\u00e3o\/SE.<\/a><\/td>\n<\/tr>\n<tr>\n<td>017<\/td>\n<td><a href=\"https:\/\/corecon-se.org.br\/transparencia\/wp-content\/uploads\/2022\/05\/RESOLUCAO-017-2020.pdf\">Disp\u00f5e sobre Tratamento Especial Dispensado em Fun\u00e7\u00e3o da Idade no Conselho Regional de Economia \u2013 16\u00aa Regi\u00e3o\/SE.<\/a><\/td>\n<\/tr>\n<tr>\n<td>018<\/td>\n<td><a href=\"https:\/\/corecon-se.org.br\/transparencia\/wp-content\/uploads\/2022\/05\/RESOLUCAO-018-2020.pdf\">Disp\u00f5e sobre Tratamento Especial Dispensado em Fun\u00e7\u00e3o da Idade no Conselho Regional de Economia \u2013 16\u00aa Regi\u00e3o\/SE.<\/a><\/td>\n<\/tr>\n<tr>\n<td>019<\/td>\n<td><a href=\"https:\/\/corecon-se.org.br\/transparencia\/wp-content\/uploads\/2022\/02\/Resolucao-019-2020-Altera-Comissao-Eleitoral-Assinada.pdf\">Altera a composi\u00e7\u00e3o da Comiss\u00e3o Eleitoral para renova\u00e7\u00e3o de ter\u00e7o de Conselheiros Efetivos e Suplentes deste CORECON, e de Delegado Eleitor Efetivo e Suplente junto ao Conselho Federal de Economia.<\/a><\/td>\n<\/tr>\n<tr>\n<td>020<\/td>\n<td><a href=\"https:\/\/corecon-se.org.br\/transparencia\/wp-content\/uploads\/2022\/02\/Resolucao-020-2020.pdf\">Aprova Balancete e demais pe\u00e7as cont\u00e1beis, referente ao 3\u00ba Trimestre de 2020.<\/a><\/td>\n<\/tr>\n<tr>\n<td>021<\/td>\n<td><a href=\"https:\/\/corecon-se.org.br\/transparencia\/wp-content\/uploads\/2022\/02\/Resolucao-021-2020-Proposta-Orcamentaria-2021-Assinada.pdf\">Aprova Proposta Or\u00e7ament\u00e1ria do Exerc\u00edcio de 2021.<\/a><\/td>\n<\/tr>\n<tr>\n<td>022<\/td>\n<td><a href=\"https:\/\/corecon-se.org.br\/transparencia\/wp-content\/uploads\/2022\/02\/Resolucao-022-2020-Dossie-Eleitoral-2020.pdf\">Aprova Dossi\u00ea Eleitoral relativo \u00e0s elei\u00e7\u00f5es de 2020.<\/a><\/td>\n<\/tr>\n<tr>\n<td>023<\/td>\n<td><a href=\"https:\/\/corecon-se.org.br\/transparencia\/wp-content\/uploads\/2022\/02\/Resolucao-023-2020-Anuidades-e-Emolumentos-2021.pdf\">Fixa os valores e formas de pagamento das anuidades, bem como dos emolumentos e multas devidos pelas pessoas f\u00edsicas e jur\u00eddicas inscritas no CORECON-SE, para o exerc\u00edcio de 2021.<\/a><\/td>\n<\/tr>\n<tr>\n<td>024<\/td>\n<td><a href=\"https:\/\/corecon-se.org.br\/transparencia\/wp-content\/uploads\/2022\/02\/Resolucao-024-2020-Altera-Regimento-Interno.pdf\">Altera Regimento Interno do Corecon-SE.<\/a><\/td>\n<\/tr>\n<tr>\n<td>025<\/td>\n<td><a href=\"https:\/\/corecon-se.org.br\/transparencia\/wp-content\/uploads\/2022\/02\/Resolucao-025-2020.pdf\">Disp\u00f5e sobre Cancelamento de Registro Definitivo de Pessoa F\u00edsica.<\/a><\/td>\n<\/tr>\n<\/tbody>\n<\/table>\n<\/td>\n<\/tr>\n<\/tbody>\n<\/table>\n","protected":false},"excerpt":{"rendered":"<p>&nbsp; RESOLU\u00c7\u00d5ES 2020 N\u00b0 Descri\u00e7\u00e3o 001 Renova\u00e7\u00e3o de Ter\u00e7o de Conselheiros e Composi\u00e7\u00e3o do Plen\u00e1rio do CORECON-SE. 002 Disp\u00f5e sobre a Administra\u00e7\u00e3o do CORECON-SE. 003 Disp\u00f5e sobre Registro Definitivo de Pessoa F\u00edsica. 004 Disp\u00f5e sobre Cancelamento de Registro Definitivo de Pessoa F\u00edsica. 005 Disp\u00f5e sobre Tratamento Especial Dispensado em Fun\u00e7\u00e3o da Idade Registro Definitivo. 006 &hellip; <a href=\"https:\/\/corecon-se.org.br\/transparencia\/atos-normativos\/resolucoes-2020\/\" class=\"more-link\">Continue reading <span class=\"screen-reader-text\">Resolu\u00e7\u00f5es 2020<\/span><\/a><\/p>\n","protected":false},"author":2,"featured_media":0,"parent":34,"menu_order":0,"comment_status":"closed","ping_status":"closed","template":"","meta":{"footnotes":""},"class_list":["post-631","page","type-page","status-publish","hentry"],"_links":{"self":[{"href":"https:\/\/corecon-se.org.br\/transparencia\/wp-json\/wp\/v2\/pages\/631","targetHints":{"allow":["GET"]}}],"collection":[{"href":"https:\/\/corecon-se.org.br\/transparencia\/wp-json\/wp\/v2\/pages"}],"about":[{"href":"https:\/\/corecon-se.org.br\/transparencia\/wp-json\/wp\/v2\/types\/page"}],"author":[{"embeddable":true,"href":"https:\/\/corecon-se.org.br\/transparencia\/wp-json\/wp\/v2\/users\/2"}],"replies":[{"embeddable":true,"href":"https:\/\/corecon-se.org.br\/transparencia\/wp-json\/wp\/v2\/comments?post=631"}],"version-history":[{"count":23,"href":"https:\/\/corecon-se.org.br\/transparencia\/wp-json\/wp\/v2\/pages\/631\/revisions"}],"predecessor-version":[{"id":1963,"href":"https:\/\/corecon-se.org.br\/transparencia\/wp-json\/wp\/v2\/pages\/631\/revisions\/1963"}],"up":[{"embeddable":true,"href":"https:\/\/corecon-se.org.br\/transparencia\/wp-json\/wp\/v2\/pages\/34"}],"wp:attachment":[{"href":"https:\/\/corecon-se.org.br\/transparencia\/wp-json\/wp\/v2\/media?parent=631"}],"curies":[{"name":"wp","href":"https:\/\/api.w.org\/{rel}","templated":true}]}}