{"id":78,"date":"2018-02-17T19:58:14","date_gmt":"2018-02-17T21:58:14","guid":{"rendered":"http:\/\/corecon-se.org.br\/transparencia\/?page_id=78"},"modified":"2018-07-19T00:49:06","modified_gmt":"2018-07-19T03:49:06","slug":"portarias-2018","status":"publish","type":"page","link":"https:\/\/corecon-se.org.br\/transparencia\/atos-normativos\/portarias-2018\/","title":{"rendered":"Portarias 2018"},"content":{"rendered":"<p>&nbsp;<\/p>\n<table style=\"width: 100%;\" border=\"0\" align=\"center\">\n<tbody>\n<tr style=\"height: 70px;\">\n<th style=\"background-color: #333399; color: #ffffff; height: 70px; text-align: center;\">\n<p align=\"center\"><strong>PORTARIAS<\/strong><\/p>\n<\/th>\n<\/tr>\n<tr style=\"height: 486px;\">\n<td style=\"height: 486px; background-color: #f5f5f5; vertical-align: text-top;\">\n<p align=\"center\"><span style=\"color: #008080;\"><strong>2018<\/strong><\/span><\/p>\n<table style=\"height: 626px;\">\n<tbody>\n<tr>\n<td style=\"width: 70px;\"><strong><span style=\"color: #666699;\">N\u00b0<\/span><\/strong><\/td>\n<td><span style=\"color: #666699;\"><strong>Descri\u00e7\u00e3o<\/strong><\/span><\/td>\n<\/tr>\n<tr>\n<td>001<\/td>\n<td><a href=\"http:\/\/corecon-se.org.br\/documentos\/atosnormativos\/portarias\/2018\/1.pdf\" target=\"_blank\" rel=\"noopener\">Nomeia Gerente Executiva.<\/a><\/td>\n<\/tr>\n<tr>\n<td>002<\/td>\n<td><a href=\"http:\/\/corecon-se.org.br\/documentos\/atosnormativos\/portarias\/2018\/2.pdf\" target=\"_blank\" rel=\"noopener\">Designa a funcion\u00e1ria Artemisa Ribeiro Batista para responder pela Tesouraria em 2018.<\/a><\/td>\n<\/tr>\n<tr>\n<td>003<\/td>\n<td><a href=\"http:\/\/corecon-se.org.br\/documentos\/atosnormativos\/portarias\/2018\/3.pdf\" target=\"_blank\" rel=\"noopener\">Disp\u00f5e sobre a Designa\u00e7\u00e3o da Comiss\u00e3o de Tomada de Contas.<\/a><\/td>\n<\/tr>\n<tr>\n<td>004<\/td>\n<td><a href=\"http:\/\/corecon-se.org.br\/documentos\/atosnormativos\/portarias\/2018\/4.pdf\" target=\"_blank\" rel=\"noopener\">Nomeia Comiss\u00e3o Permanente de Licita\u00e7\u00e3o.<\/a><\/td>\n<\/tr>\n<tr>\n<td>005<\/td>\n<td><a href=\"http:\/\/corecon-se.org.br\/documentos\/atosnormativos\/portarias\/2018\/5.pdf\" target=\"_blank\" rel=\"noopener\">Nomeia Comiss\u00e3o Permanente de Pol\u00edtica Econ\u00f4mica.<\/a><\/td>\n<\/tr>\n<tr>\n<td>006<\/td>\n<td><a href=\"http:\/\/corecon-se.org.br\/documentos\/atosnormativos\/portarias\/2018\/6.pdf\" target=\"_blank\" rel=\"noopener\">Nomeia Comiss\u00e3o de Avalia\u00e7\u00e3o do Plano de Cargos e Sal\u00e1rios &#8211; PCS.<\/a><\/td>\n<\/tr>\n<tr>\n<td>007<\/td>\n<td><a href=\"http:\/\/corecon-se.org.br\/documentos\/atosnormativos\/portarias\/2018\/7.pdf\" target=\"_blank\" rel=\"noopener\">Autoriza o reajuste salarial para os servidores do CORECON-SE.<\/a><\/td>\n<\/tr>\n<tr>\n<td>008<\/td>\n<td><a href=\"http:\/\/corecon-se.org.br\/documentos\/atosnormativos\/portarias\/2018\/8.pdf\" target=\"_blank\" rel=\"noopener\">Altera o valor do Aux\u00edlio Alimenta\u00e7\u00e3o dos servidores do CORECON-SE.<\/a><\/td>\n<\/tr>\n<tr>\n<td>009<\/td>\n<td><a href=\"..\/..\/wp-content\/uploads\/documentos\/atos-normativos\/portarias\/2018\/Port009-2018.pdf\" target=\"_blank\" rel=\"noopener\">Nomeia Comiss\u00e3o de Fiscaliza\u00e7\u00e3o e Registro do CORECON-SE.<\/a><\/td>\n<\/tr>\n<tr>\n<td>010<\/td>\n<td><a href=\"..\/..\/wp-content\/uploads\/documentos\/atos-normativos\/portarias\/2018\/Port010-2018.pdf\" target=\"_blank\" rel=\"noopener\">Nomeia Comiss\u00e3o de Educa\u00e7\u00e3o do CORECON-SE.<\/a><\/td>\n<\/tr>\n<tr>\n<td>011<\/td>\n<td><a href=\"..\/..\/wp-content\/uploads\/documentos\/atos-normativos\/portarias\/2018\/Port011-2018.pdf\" target=\"_blank\" rel=\"noopener\">Substitui economistas para integrarem a Comiss\u00e3o Julgadora do XIX PR\u00caMIO SERGIPE DE ECONOMIA .<\/a><\/td>\n<\/tr>\n<tr>\n<td>012<\/td>\n<td><a href=\"..\/..\/wp-content\/uploads\/documentos\/atos-normativos\/portarias\/2018\/Port012-2018.pdf\" target=\"_blank\" rel=\"noopener\">Alterar a composi\u00e7\u00e3o da Comiss\u00e3o de Tomada de Contas do CORECON-SE para o exerc\u00edcio de 2018.<\/a><\/td>\n<\/tr>\n<tr>\n<td>013<\/td>\n<td><a href=\"..\/..\/wp-content\/uploads\/documentos\/atos-normativos\/portarias\/2018\/Port013-2018.pdf\" target=\"_blank\" rel=\"noopener\">Designa a Vice-Presidente para o exerc\u00edcio interino da Presid\u00eancia do Corecon-SE.<\/a><\/td>\n<\/tr>\n<\/tbody>\n<\/table>\n<\/td>\n<\/tr>\n<\/tbody>\n<\/table>\n","protected":false},"excerpt":{"rendered":"<p>&nbsp; PORTARIAS 2018 N\u00b0 Descri\u00e7\u00e3o 001 Nomeia Gerente Executiva. 002 Designa a funcion\u00e1ria Artemisa Ribeiro Batista para responder pela Tesouraria em 2018. 003 Disp\u00f5e sobre a Designa\u00e7\u00e3o da Comiss\u00e3o de Tomada de Contas. 004 Nomeia Comiss\u00e3o Permanente de Licita\u00e7\u00e3o. 005 Nomeia Comiss\u00e3o Permanente de Pol\u00edtica Econ\u00f4mica. 006 Nomeia Comiss\u00e3o de Avalia\u00e7\u00e3o do Plano de Cargos &hellip; <a href=\"https:\/\/corecon-se.org.br\/transparencia\/atos-normativos\/portarias-2018\/\" class=\"more-link\">Continue reading <span class=\"screen-reader-text\">Portarias 2018<\/span><\/a><\/p>\n","protected":false},"author":2,"featured_media":0,"parent":34,"menu_order":0,"comment_status":"closed","ping_status":"closed","template":"","meta":{"footnotes":""},"class_list":["post-78","page","type-page","status-publish","hentry"],"_links":{"self":[{"href":"https:\/\/corecon-se.org.br\/transparencia\/wp-json\/wp\/v2\/pages\/78","targetHints":{"allow":["GET"]}}],"collection":[{"href":"https:\/\/corecon-se.org.br\/transparencia\/wp-json\/wp\/v2\/pages"}],"about":[{"href":"https:\/\/corecon-se.org.br\/transparencia\/wp-json\/wp\/v2\/types\/page"}],"author":[{"embeddable":true,"href":"https:\/\/corecon-se.org.br\/transparencia\/wp-json\/wp\/v2\/users\/2"}],"replies":[{"embeddable":true,"href":"https:\/\/corecon-se.org.br\/transparencia\/wp-json\/wp\/v2\/comments?post=78"}],"version-history":[{"count":33,"href":"https:\/\/corecon-se.org.br\/transparencia\/wp-json\/wp\/v2\/pages\/78\/revisions"}],"predecessor-version":[{"id":334,"href":"https:\/\/corecon-se.org.br\/transparencia\/wp-json\/wp\/v2\/pages\/78\/revisions\/334"}],"up":[{"embeddable":true,"href":"https:\/\/corecon-se.org.br\/transparencia\/wp-json\/wp\/v2\/pages\/34"}],"wp:attachment":[{"href":"https:\/\/corecon-se.org.br\/transparencia\/wp-json\/wp\/v2\/media?parent=78"}],"curies":[{"name":"wp","href":"https:\/\/api.w.org\/{rel}","templated":true}]}}