{"id":872,"date":"2021-08-03T23:57:43","date_gmt":"2021-08-04T02:57:43","guid":{"rendered":"https:\/\/corecon-se.org.br\/transparencia\/?page_id=872"},"modified":"2025-04-05T16:45:27","modified_gmt":"2025-04-05T19:45:27","slug":"relacao-de-bens","status":"publish","type":"page","link":"https:\/\/corecon-se.org.br\/transparencia\/relacao-de-bens\/","title":{"rendered":"Rela\u00e7\u00e3o de Bens"},"content":{"rendered":"<p><strong>2024<\/strong><br \/>\n<a href=\"https:\/\/corecon-se.org.br\/transparencia\/wp-content\/uploads\/documentos\/bens\/bi2024.pdf\" target=\"_blank\" rel=\"noopener noreferer\">Demonstrativo Bens Im\u00f3veis<\/a><br \/>\n<a href=\"https:\/\/corecon-se.org.br\/transparencia\/wp-content\/uploads\/documentos\/bens\/bm2024.pdf\" target=\"_blank\" rel=\"noopener noreferer\">Demonstrativo Bens M\u00f3veis<\/a><\/p>\n<p><strong>2023<\/strong><br \/>\n<a href=\"https:\/\/corecon-se.org.br\/transparencia\/wp-content\/uploads\/2024\/06\/Bens-Imoveis-2023.pdf\" target=\"_blank\" rel=\"noopener noreferer\">Demonstrativo Bens Im\u00f3veis<\/a><br \/>\n<a href=\"https:\/\/corecon-se.org.br\/transparencia\/wp-content\/uploads\/2024\/06\/Bens-Moveis-2023.pdf\" target=\"_blank\" rel=\"noopener noreferer\">Demonstrativo Bens M\u00f3veis<\/a><\/p>\n<p><strong>2022<br \/>\n<\/strong><a href=\"https:\/\/corecon-se.org.br\/transparencia\/wp-content\/uploads\/2024\/06\/Bens-Imoveis-2022.pdf\" target=\"_blank\" rel=\"noopener noreferer\">Demonstrativo Bens Im\u00f3veis<\/a><br \/>\n<a href=\"https:\/\/corecon-se.org.br\/transparencia\/wp-content\/uploads\/2024\/06\/Bens-Moveis-2022.pdf\" target=\"_blank\" rel=\"noopener noreferer\">Demonstrativo Bens M\u00f3veis<\/a><\/p>\n<p><strong>2021<\/strong><br \/>\n<a href=\"https:\/\/corecon-se.org.br\/transparencia\/wp-content\/uploads\/2024\/06\/Bens-Imoveis-2021.pdf\" target=\"_blank\" rel=\"noopener noreferer\">Demonstrativo Bens Im\u00f3veis<\/a><br \/>\n<a href=\"https:\/\/corecon-se.org.br\/transparencia\/wp-content\/uploads\/2024\/06\/Bens-Moveis-2021.pdf\" target=\"_blank\" rel=\"noopener noreferer\">Demonstrativo Bens M\u00f3veis<\/a><\/p>\n<p><strong>2020<\/strong><br \/>\n<a href=\"https:\/\/corecon-se.org.br\/transparencia\/wp-content\/uploads\/2024\/06\/Bens-Imoveis-2020.pdf\" target=\"_blank\" rel=\"noopener noreferer\">Demonstrativo Bens Im\u00f3veis<\/a><br \/>\n<a href=\"https:\/\/corecon-se.org.br\/transparencia\/wp-content\/uploads\/2024\/06\/Bens-Moveis-2020.pdf\" target=\"_blank\" rel=\"noopener noreferer\">Demonstrativo Bens M\u00f3veis<\/a><\/p>\n<p><strong>2019<\/strong><br \/>\n<a href=\"https:\/\/corecon-se.org.br\/transparencia\/wp-content\/uploads\/2024\/06\/Bens-Imoveis-2019.pdf\" target=\"_blank\" rel=\"noopener noreferer\">Demonstrativo Bens Im\u00f3veis<\/a><br \/>\n<a href=\"https:\/\/corecon-se.org.br\/transparencia\/wp-content\/uploads\/2024\/06\/Bens-Moveis-2019.pdf\" target=\"_blank\" rel=\"noopener noreferer\">Demonstrativo Bens M\u00f3veis<\/a><\/p>\n","protected":false},"excerpt":{"rendered":"<p>2024 Demonstrativo Bens Im\u00f3veis Demonstrativo Bens M\u00f3veis 2023 Demonstrativo Bens Im\u00f3veis Demonstrativo Bens M\u00f3veis 2022 Demonstrativo Bens Im\u00f3veis Demonstrativo Bens M\u00f3veis 2021 Demonstrativo Bens Im\u00f3veis Demonstrativo Bens M\u00f3veis 2020 Demonstrativo Bens Im\u00f3veis Demonstrativo Bens M\u00f3veis 2019 Demonstrativo Bens Im\u00f3veis Demonstrativo Bens M\u00f3veis<\/p>\n","protected":false},"author":4,"featured_media":0,"parent":0,"menu_order":0,"comment_status":"closed","ping_status":"closed","template":"","meta":{"footnotes":""},"class_list":["post-872","page","type-page","status-publish","hentry"],"_links":{"self":[{"href":"https:\/\/corecon-se.org.br\/transparencia\/wp-json\/wp\/v2\/pages\/872","targetHints":{"allow":["GET"]}}],"collection":[{"href":"https:\/\/corecon-se.org.br\/transparencia\/wp-json\/wp\/v2\/pages"}],"about":[{"href":"https:\/\/corecon-se.org.br\/transparencia\/wp-json\/wp\/v2\/types\/page"}],"author":[{"embeddable":true,"href":"https:\/\/corecon-se.org.br\/transparencia\/wp-json\/wp\/v2\/users\/4"}],"replies":[{"embeddable":true,"href":"https:\/\/corecon-se.org.br\/transparencia\/wp-json\/wp\/v2\/comments?post=872"}],"version-history":[{"count":29,"href":"https:\/\/corecon-se.org.br\/transparencia\/wp-json\/wp\/v2\/pages\/872\/revisions"}],"predecessor-version":[{"id":3742,"href":"https:\/\/corecon-se.org.br\/transparencia\/wp-json\/wp\/v2\/pages\/872\/revisions\/3742"}],"wp:attachment":[{"href":"https:\/\/corecon-se.org.br\/transparencia\/wp-json\/wp\/v2\/media?parent=872"}],"curies":[{"name":"wp","href":"https:\/\/api.w.org\/{rel}","templated":true}]}}