{"id":875,"date":"2021-01-14T13:43:20","date_gmt":"2021-01-14T16:43:20","guid":{"rendered":"https:\/\/corecon-se.org.br\/transparencia\/?page_id=875"},"modified":"2022-02-21T17:30:25","modified_gmt":"2022-02-21T20:30:25","slug":"atas-2021","status":"publish","type":"page","link":"https:\/\/corecon-se.org.br\/transparencia\/atas\/atas-2021\/","title":{"rendered":"Atas 2021"},"content":{"rendered":"<p><a href=\"https:\/\/corecon-se.org.br\/transparencia\/wp-content\/uploads\/2021\/01\/Ata-de-Posse-Terco-Conselheiros-04012021.pdf\">Ata de Posse do 3\u00ba Ter\u00e7o de Conselheiros &#8211; 04.01.2021<\/a><\/p>\n<p><a href=\"https:\/\/corecon-se.org.br\/transparencia\/wp-content\/uploads\/2021\/01\/Ata-de-Eleicao-Diretoria-04012021.pdf\">Ata de Elei\u00e7\u00e3o e Posse da Diretoria &#8211; 04.01.2021<\/a><\/p>\n<p><a href=\"https:\/\/corecon-se.org.br\/transparencia\/wp-content\/uploads\/2021\/03\/Ata-1a-Sessao-Extraordinaria-04012021.pdf\">Ata da 1\u00aa Sess\u00e3o Extraordin\u00e1ria &#8211; 04.01.2021<\/a><\/p>\n<p><a href=\"https:\/\/corecon-se.org.br\/transparencia\/wp-content\/uploads\/2021\/03\/Ata-1a-Sessao-Ordinaria-20012021.pdf\">Ata da 1\u00aa Sess\u00e3o Ordin\u00e1ria &#8211; 20.01.2021<\/a><\/p>\n<p><a href=\"https:\/\/corecon-se.org.br\/transparencia\/wp-content\/uploads\/2021\/04\/Ata-2a-Sessao-Ordinaria-03032021-Alterada-2.pdf\">Ata da 2\u00aa Sess\u00e3o Ordin\u00e1ria &#8211; 03.03.2021<\/a><\/p>\n<p><a href=\"https:\/\/corecon-se.org.br\/transparencia\/wp-content\/uploads\/2021\/04\/Ata-3a-Sessao-Ordinaria-24032021.pdf\">Ata da 3\u00aa Sess\u00e3o Ordin\u00e1ria &#8211; 24.03.2021<\/a><\/p>\n<p><a href=\"https:\/\/corecon-se.org.br\/transparencia\/wp-content\/uploads\/2021\/06\/Ata-4a-Sessao-Ordinaria-28042021-Alterada.pdf\">Ata 4\u00aa Sess\u00e3o Ordin\u00e1ria &#8211; 28.04.2021<\/a><\/p>\n<p><a href=\"https:\/\/corecon-se.org.br\/transparencia\/wp-content\/uploads\/2021\/08\/Ata-5a-Sessao-Ordinaria-26052021.pdf\">Ata 5\u00aa Sess\u00e3o Ordin\u00e1ria &#8211; 26.05.2021<\/a><\/p>\n<p><a href=\"https:\/\/corecon-se.org.br\/transparencia\/wp-content\/uploads\/2021\/08\/Ata-6a-Sessao-Ordinaria-30062021.pdf\">Ata 6\u00aa Sess\u00e3o Ordin\u00e1ria &#8211; 30.06.2021<\/a><\/p>\n<p><a href=\"https:\/\/corecon-se.org.br\/transparencia\/wp-content\/uploads\/2021\/11\/Ata-7a-Sessao-Ordinaria-28072021.pdf\">Ata 7\u00aa Sess\u00e3o Ordin\u00e1ria &#8211; 28.07.2021<\/a><\/p>\n<p><a href=\"https:\/\/corecon-se.org.br\/transparencia\/wp-content\/uploads\/2021\/11\/Ata-8a-Sessao-Ordinaria-15092021.pdf\">Ata 8\u00aa Sess\u00e3o Ordin\u00e1ria &#8211; 15.09.2021<\/a><\/p>\n<p><a href=\"https:\/\/corecon-se.org.br\/transparencia\/wp-content\/uploads\/2022\/02\/Ata-9a-Sessao-Ordinaria-29092021-alterada.pdf\">Ata 9\u00aa Sess\u00e3o Ordin\u00e1ria &#8211; 29.09.2021<\/a><\/p>\n<p><a href=\"https:\/\/corecon-se.org.br\/transparencia\/wp-content\/uploads\/2022\/02\/Ata-10a-Sessao-Ordinaria-27102021.pdf\">Ata 10\u00aa Sess\u00e3o Ordin\u00e1ria &#8211; 27.10.2021<\/a><\/p>\n<p><a href=\"https:\/\/corecon-se.org.br\/transparencia\/wp-content\/uploads\/2022\/02\/Ata-11a-Sessao-Ordinaria-30112021-Alterada.pdf\">Ata 11\u00aa Sess\u00e3o Ordin\u00e1ria &#8211; 30.11.2021<\/a><\/p>\n<p><a href=\"https:\/\/corecon-se.org.br\/transparencia\/wp-content\/uploads\/2022\/02\/Ata-12a-Sessao-Ordinaria-22122021.pdf\">Ata 12\u00aa Sess\u00e3o Ordin\u00e1ria &#8211; 22.12.2021<\/a><\/p>\n","protected":false},"excerpt":{"rendered":"<p>Ata de Posse do 3\u00ba Ter\u00e7o de Conselheiros &#8211; 04.01.2021 Ata de Elei\u00e7\u00e3o e Posse da Diretoria &#8211; 04.01.2021 Ata da 1\u00aa Sess\u00e3o Extraordin\u00e1ria &#8211; 04.01.2021 Ata da 1\u00aa Sess\u00e3o Ordin\u00e1ria &#8211; 20.01.2021 Ata da 2\u00aa Sess\u00e3o Ordin\u00e1ria &#8211; 03.03.2021 Ata da 3\u00aa Sess\u00e3o Ordin\u00e1ria &#8211; 24.03.2021 Ata 4\u00aa Sess\u00e3o Ordin\u00e1ria &#8211; 28.04.2021 Ata 5\u00aa &hellip; <a href=\"https:\/\/corecon-se.org.br\/transparencia\/atas\/atas-2021\/\" class=\"more-link\">Continue reading <span class=\"screen-reader-text\">Atas 2021<\/span><\/a><\/p>\n","protected":false},"author":2,"featured_media":0,"parent":32,"menu_order":0,"comment_status":"closed","ping_status":"closed","template":"","meta":{"footnotes":""},"class_list":["post-875","page","type-page","status-publish","hentry"],"_links":{"self":[{"href":"https:\/\/corecon-se.org.br\/transparencia\/wp-json\/wp\/v2\/pages\/875","targetHints":{"allow":["GET"]}}],"collection":[{"href":"https:\/\/corecon-se.org.br\/transparencia\/wp-json\/wp\/v2\/pages"}],"about":[{"href":"https:\/\/corecon-se.org.br\/transparencia\/wp-json\/wp\/v2\/types\/page"}],"author":[{"embeddable":true,"href":"https:\/\/corecon-se.org.br\/transparencia\/wp-json\/wp\/v2\/users\/2"}],"replies":[{"embeddable":true,"href":"https:\/\/corecon-se.org.br\/transparencia\/wp-json\/wp\/v2\/comments?post=875"}],"version-history":[{"count":10,"href":"https:\/\/corecon-se.org.br\/transparencia\/wp-json\/wp\/v2\/pages\/875\/revisions"}],"predecessor-version":[{"id":1279,"href":"https:\/\/corecon-se.org.br\/transparencia\/wp-json\/wp\/v2\/pages\/875\/revisions\/1279"}],"up":[{"embeddable":true,"href":"https:\/\/corecon-se.org.br\/transparencia\/wp-json\/wp\/v2\/pages\/32"}],"wp:attachment":[{"href":"https:\/\/corecon-se.org.br\/transparencia\/wp-json\/wp\/v2\/media?parent=875"}],"curies":[{"name":"wp","href":"https:\/\/api.w.org\/{rel}","templated":true}]}}